{"id":3158,"date":"2019-06-10T17:50:36","date_gmt":"2019-06-10T17:50:36","guid":{"rendered":"https:\/\/scholbach.de\/?page_id=3158"},"modified":"2020-04-05T14:12:11","modified_gmt":"2020-04-05T14:12:11","slug":"english-musculoskeletal-pecularities-of-female-puberty","status":"publish","type":"page","link":"https:\/\/scholbach.de\/pt\/wissenschaft\/deutsch-ultraschalldiagnostik\/deutsch-gefaskompressionen\/english-musculoskeletal-pecularities-of-female-puberty","title":{"rendered":"Particularidades musculoesquel\u00e9ticas da puberdade feminina"},"content":{"rendered":"<p>As s\u00edndromes de compress\u00e3o vascular do abd\u00f4men e pelve predominam nas mulheres. Na pr\u00e1tica di\u00e1ria, mais de 90% das pessoas afetadas s\u00e3o meninas ou mulheres pr\u00e9 e p\u00f3s-p\u00faberes.<\/p>\n<p>Isso se deve ao surto de crescimento pr\u00e9-p\u00fabere e \u00e0s altera\u00e7\u00f5es espec\u00edficas na pelve feminina durante a puberdade, que levam a uma pelve mais larga e profunda em compara\u00e7\u00e3o com os homens. As mulheres desenvolvem uma lordose lombar muito mais forte devido a uma variedade de altera\u00e7\u00f5es espec\u00edficas:<\/p>\n<p>Primeiro, a maior profundidade da pelve causa sua inclina\u00e7\u00e3o anterior,<\/p>\n<p>Em segundo lugar, as ancas mais largas esticam a base do tri\u00e2ngulo psoas, que consiste em ambos os m\u00fasculos psoas e numa linha virtual de liga\u00e7\u00e3o das suas liga\u00e7\u00f5es ao f\u00e9mur. A extens\u00e3o desta base a um comprimento constante de ambos os m\u00fasculos for\u00e7a uma redu\u00e7\u00e3o da altura deste tri\u00e2ngulo. Ambos os mecanismos acrescentam \u00e0 lordog\u00e9nese humana geral, que \u00e9 \u00fanica na evolu\u00e7\u00e3o e \u00e9 essencialmente uma consequ\u00eancia do estiramento excessivo &#8220;fisiol\u00f3gico&#8221; das articula\u00e7\u00f5es da anca.<\/p>\n<p>As articula\u00e7\u00f5es da anca humana, como todas as outras articula\u00e7\u00f5es da anca dos mam\u00edferos, t\u00eam uma amplitude de movimento limitada pelos ligamentos apertados e firmes da sua c\u00e1psula. Uma posi\u00e7\u00e3o da coxa de 90\u00b0 em rela\u00e7\u00e3o \u00e0 coluna lombar \u00e9 considerada a linha do p\u00eandulo de uma articula\u00e7\u00e3o do quadril em repouso. Por exemplo, um rec\u00e9m-nascido humano deitado de costas nunca poder\u00e1 tocar no colch\u00e3o com os joelhos, pois ainda n\u00e3o pode esticar demasiado as ancas. A posi\u00e7\u00e3o adulta das articula\u00e7\u00f5es da anca s\u00f3 \u00e9 gradualmente atingida &#8211; e definida como &#8220;normal&#8221; &#8211; com o in\u00edcio da marcha humana b\u00edpede ap\u00f3s cerca de 12 meses. No entanto, isto s\u00f3 pode ser conseguido se as articula\u00e7\u00f5es da anca forem esticadas mais de 45\u00b0 para baixo. Uma vez que um movimento articular puro n\u00e3o pode alcan\u00e7ar tal posi\u00e7\u00e3o devido \u00e0 liga\u00e7\u00e3o do f\u00e9mur pelo ligamento isquiofemoral da articula\u00e7\u00e3o da anca, a \u00fanica forma de alcan\u00e7ar uma posi\u00e7\u00e3o esticada do f\u00e9mur \u00e9 uma inclina\u00e7\u00e3o para a frente da p\u00e9lvis humana. Esta inclina\u00e7\u00e3o tamb\u00e9m inclui o sacro.<\/p>\n<p>A coluna lombar, que se liga ao sacro, deve compensar esta inclina\u00e7\u00e3o para a frente por uma curvatura igualmente forte para tr\u00e1s &#8211; esta \u00e9 a lordose lombar humana que n\u00e3o \u00e9 cong\u00eanita. Assim, a lordose lombar \u00e9 a \u00fanica resposta humana \u00e0 gravidade. \u00c9 muito mais pronunciado em mulheres do que em homens e causa uma s\u00e9rie de s\u00edndromes de compress\u00e3o vascular (MALS, s\u00edndrome do quebra-nozes, s\u00edndrome da art\u00e9ria mesent\u00e9rica superior, s\u00edndrome de May-Thurner, s\u00edndrome de Lumbalartery e outras), principalmente em mulheres.<\/p>","protected":false},"excerpt":{"rendered":"<p>As s\u00edndromes de compress\u00e3o vascular do abd\u00f4men e pelve predominam nas mulheres. Na pr\u00e1tica di\u00e1ria, mais de 90% das pessoas afetadas s\u00e3o meninas ou mulheres pr\u00e9 e p\u00f3s-p\u00faberes. Isso se deve ao surto de crescimento pr\u00e9-p\u00fabere e \u00e0s altera\u00e7\u00f5es espec\u00edficas na pelve feminina durante a puberdade, que levam a uma pelve mais larga e profunda [&hellip;]<\/p>\n","protected":false},"author":5,"featured_media":0,"parent":66,"menu_order":2,"comment_status":"closed","ping_status":"closed","template":"","meta":{"om_disable_all_campaigns":false,"footnotes":""},"class_list":["post-3158","page","type-page","status-publish","hentry"],"_links":{"self":[{"href":"https:\/\/scholbach.de\/pt\/wp-json\/wp\/v2\/pages\/3158","targetHints":{"allow":["GET"]}}],"collection":[{"href":"https:\/\/scholbach.de\/pt\/wp-json\/wp\/v2\/pages"}],"about":[{"href":"https:\/\/scholbach.de\/pt\/wp-json\/wp\/v2\/types\/page"}],"author":[{"embeddable":true,"href":"https:\/\/scholbach.de\/pt\/wp-json\/wp\/v2\/users\/5"}],"replies":[{"embeddable":true,"href":"https:\/\/scholbach.de\/pt\/wp-json\/wp\/v2\/comments?post=3158"}],"version-history":[{"count":8,"href":"https:\/\/scholbach.de\/pt\/wp-json\/wp\/v2\/pages\/3158\/revisions"}],"predecessor-version":[{"id":4422,"href":"https:\/\/scholbach.de\/pt\/wp-json\/wp\/v2\/pages\/3158\/revisions\/4422"}],"up":[{"embeddable":true,"href":"https:\/\/scholbach.de\/pt\/wp-json\/wp\/v2\/pages\/66"}],"wp:attachment":[{"href":"https:\/\/scholbach.de\/pt\/wp-json\/wp\/v2\/media?parent=3158"}],"curies":[{"name":"wp","href":"https:\/\/api.w.org\/{rel}","templated":true}]}}