{"id":3076,"date":"2019-03-06T19:50:44","date_gmt":"2019-03-06T19:50:44","guid":{"rendered":"https:\/\/scholbach.de\/?page_id=3076"},"modified":"2019-03-06T19:55:43","modified_gmt":"2019-03-06T19:55:43","slug":"terminstornierung","status":"publish","type":"page","link":"https:\/\/scholbach.de\/pt\/terminstornierung","title":{"rendered":"Your cancellation"},"content":{"rendered":"<p class=\"qtranxs-available-languages-message qtranxs-available-languages-message-pt\">Desculpe, este conte\u00fado s\u00f3 est\u00e1 dispon\u00edvel em <a href=\"https:\/\/scholbach.de\/en\/wp-json\/wp\/v2\/pages\/3076\" class=\"qtranxs-available-language-link qtranxs-available-language-link-en\" title=\"English\">English<\/a> e <a href=\"https:\/\/scholbach.de\/de\/wp-json\/wp\/v2\/pages\/3076\" class=\"qtranxs-available-language-link qtranxs-available-language-link-de\" title=\"Deutsch\">Deutsch<\/a>.<\/p><p>Thank you! You have just cancelled successfully your appointment with us.<\/p>\n<p>If you want to book anew &#8211; please click <a href=\"http:\/\/www.scholbach.de\">here<\/a><\/p>","protected":false},"excerpt":{"rendered":"<p>Desculpe, este conte\u00fado s\u00f3 est\u00e1 dispon\u00edvel em English e Deutsch.Thank you! You have just cancelled successfully your appointment with us. If you want to book anew &#8211; please click here<\/p>\n","protected":false},"author":5,"featured_media":0,"parent":0,"menu_order":0,"comment_status":"closed","ping_status":"closed","template":"","meta":{"om_disable_all_campaigns":false,"footnotes":""},"class_list":["post-3076","page","type-page","status-publish","hentry"],"_links":{"self":[{"href":"https:\/\/scholbach.de\/pt\/wp-json\/wp\/v2\/pages\/3076","targetHints":{"allow":["GET"]}}],"collection":[{"href":"https:\/\/scholbach.de\/pt\/wp-json\/wp\/v2\/pages"}],"about":[{"href":"https:\/\/scholbach.de\/pt\/wp-json\/wp\/v2\/types\/page"}],"author":[{"embeddable":true,"href":"https:\/\/scholbach.de\/pt\/wp-json\/wp\/v2\/users\/5"}],"replies":[{"embeddable":true,"href":"https:\/\/scholbach.de\/pt\/wp-json\/wp\/v2\/comments?post=3076"}],"version-history":[{"count":2,"href":"https:\/\/scholbach.de\/pt\/wp-json\/wp\/v2\/pages\/3076\/revisions"}],"predecessor-version":[{"id":3080,"href":"https:\/\/scholbach.de\/pt\/wp-json\/wp\/v2\/pages\/3076\/revisions\/3080"}],"wp:attachment":[{"href":"https:\/\/scholbach.de\/pt\/wp-json\/wp\/v2\/media?parent=3076"}],"curies":[{"name":"wp","href":"https:\/\/api.w.org\/{rel}","templated":true}]}}