{"id":24,"date":"2015-12-26T14:31:49","date_gmt":"2015-12-26T14:31:49","guid":{"rendered":"http:\/\/wp12612379.server-he.de\/?page_id=24"},"modified":"2024-11-18T13:19:59","modified_gmt":"2024-11-18T12:19:59","slug":"expertise","status":"publish","type":"page","link":"https:\/\/scholbach.de\/pt\/expertise","title":{"rendered":"Compet\u00eancia"},"content":{"rendered":"<p><strong>Qualifica\u00e7\u00e3o Acad\u00eamica<\/strong><br \/>\nLista de publica\u00e7\u00f5es pr\u00f3prias<\/p>\n<p>Especialista em pediatria e medicina adolescente<br \/>\nTese de doutorado sobre a detec\u00e7\u00e3o de mediadores de rea\u00e7\u00f5es imunes mediadas por c\u00e9lulas usando um teste NBT otimizado e espectrofotometricamente avaliado<br \/>\nHabilita\u00e7\u00e3o com o trabalho Duplexsonografische Untersuchungen der Nieren gesunden Kinder und von Kindern mit haemolytisch-ur\u00e4mischem Syndrom (Exames ultrassonogr\u00e1ficos duplex de rins de crian\u00e7as saud\u00e1veis e de crian\u00e7as com s\u00edndrome hemol\u00edtico-ur\u00e9mica)<br \/>\nVenia legendi da Universidade de Leipzig<br \/>\nProfessor da Universidade T\u00e9cnica de Dresden<br \/>\nChefe de Estudos Internacionais<br \/>\nMais de 100 publica\u00e7\u00f5es cient\u00edficas internacionais e contribui\u00e7\u00f5es de livros<\/p>\n<p>Introdu\u00e7\u00e3o do m\u00e9todo PixelFlux, a primeira medi\u00e7\u00e3o de perfus\u00e3o tecidual do mundo com ultra-som.<br \/>\ncertificados<br \/>\nAt\u00e9 \u00e0 sa\u00edda da DEGUM em 31.12.2023: Instrutor da Sociedade Alem\u00e3 para a Sociedade de Ultrassom em Medicina (DEGUM) N\u00edvel III (&#8220;compet\u00eancia profissional especializada, cientificamente orientada para quest\u00f5es especiais&#8221;)<\/p>\n<p><strong>Palestras<\/strong><\/p>\n<p>Palestras e apresenta\u00e7\u00f5es em<\/p>\n<p>Congressos Mundiais de Ultra-som e Ultra-som em Obstetr\u00edcia<br \/>\nCongressos Europeus do Rim<br \/>\nCongressos Ultrass\u00f4nicos Alem\u00e3es, Europeus e Internacionais<br \/>\nCongressos de medicina pedi\u00e1trica<br \/>\nConvite para palestras no exterior (China, Canad\u00e1, Su\u00ed\u00e7a, B\u00e9lgica, Noruega, Taiwan)<br \/>\npre\u00e7os<br \/>\nVencedor do European Ultrasound Society Award 2015 (EFSUMB)<br \/>\nPr\u00eamio m\u00faltiplo vencedor da Sociedade Alem\u00e3 de Ultrassom (DEGUM)<br \/>\nPr\u00e9mio Arthur Schlossmann e Pr\u00e9mios de Cartaz da Sociedade Sax\u00e3o-Tur\u00edngia de Medicina Pedi\u00e1trica e do Adolescente e Cirurgia Pedi\u00e1trica e.V.<\/p>","protected":false},"excerpt":{"rendered":"<p>Qualifica\u00e7\u00e3o Acad\u00eamica Lista de publica\u00e7\u00f5es pr\u00f3prias Especialista em pediatria e medicina adolescente Tese de doutorado sobre a detec\u00e7\u00e3o de mediadores de rea\u00e7\u00f5es imunes mediadas por c\u00e9lulas usando um teste NBT otimizado e espectrofotometricamente avaliado Habilita\u00e7\u00e3o com o trabalho Duplexsonografische Untersuchungen der Nieren gesunden Kinder und von Kindern mit haemolytisch-ur\u00e4mischem Syndrom (Exames ultrassonogr\u00e1ficos duplex de rins [&hellip;]<\/p>\n","protected":false},"author":4,"featured_media":0,"parent":0,"menu_order":6,"comment_status":"closed","ping_status":"closed","template":"","meta":{"om_disable_all_campaigns":false,"footnotes":""},"class_list":["post-24","page","type-page","status-publish","hentry"],"_links":{"self":[{"href":"https:\/\/scholbach.de\/pt\/wp-json\/wp\/v2\/pages\/24","targetHints":{"allow":["GET"]}}],"collection":[{"href":"https:\/\/scholbach.de\/pt\/wp-json\/wp\/v2\/pages"}],"about":[{"href":"https:\/\/scholbach.de\/pt\/wp-json\/wp\/v2\/types\/page"}],"author":[{"embeddable":true,"href":"https:\/\/scholbach.de\/pt\/wp-json\/wp\/v2\/users\/4"}],"replies":[{"embeddable":true,"href":"https:\/\/scholbach.de\/pt\/wp-json\/wp\/v2\/comments?post=24"}],"version-history":[{"count":52,"href":"https:\/\/scholbach.de\/pt\/wp-json\/wp\/v2\/pages\/24\/revisions"}],"predecessor-version":[{"id":8920,"href":"https:\/\/scholbach.de\/pt\/wp-json\/wp\/v2\/pages\/24\/revisions\/8920"}],"wp:attachment":[{"href":"https:\/\/scholbach.de\/pt\/wp-json\/wp\/v2\/media?parent=24"}],"curies":[{"name":"wp","href":"https:\/\/api.w.org\/{rel}","templated":true}]}}