{"id":2360,"date":"2018-09-19T17:33:39","date_gmt":"2018-09-19T17:33:39","guid":{"rendered":"http:\/\/scholbach.de\/?page_id=2360"},"modified":"2020-12-04T20:27:26","modified_gmt":"2020-12-04T20:27:26","slug":"quantifizierung-der-gefaesskompressionssyndrome-mit-der-pixelflux-technik","status":"publish","type":"page","link":"https:\/\/scholbach.de\/pt\/wissenschaft\/deutsch-ultraschalldiagnostik\/deutsch-gefaskompressionen\/nussknacker\/quantifizierung-der-gefaesskompressionssyndrome-mit-der-pixelflux-technik","title":{"rendered":"Quantifica\u00e7\u00e3o de s\u00edndromes de compress\u00e3o vascular com a t\u00e9cnica PixelFlux"},"content":{"rendered":"<p>As compress\u00f5es vasculares individuais na cavidade abdominal influenciam-se mutuamente atrav\u00e9s de colaterais. A enorme carga de volume destas circula\u00e7\u00f5es devido \u00e0 congest\u00e3o da veia renal esquerda s\u00f3 pode ser medida de forma confi\u00e1vel com a t\u00e9cnica PixelFlux, que tem uma influ\u00eancia decisiva em todo o conceito terap\u00eautico.<\/p>\n<p><a href=\"https:\/\/scholbach.de\/wp-content\/uploads\/2018\/09\/PixelFlux-Measurements-for-evaluation-of-left-renal-vein-compression-aka-Nutcracker-syndrome-EUROSON-September-2018.pptx\">PixelFlux Measurements for evaluation of left renal vein compression aka Nutcracker-syndrome EUROSON September 2018<\/a><\/p>","protected":false},"excerpt":{"rendered":"<p>As compress\u00f5es vasculares individuais na cavidade abdominal influenciam-se mutuamente atrav\u00e9s de colaterais. A enorme carga de volume destas circula\u00e7\u00f5es devido \u00e0 congest\u00e3o da veia renal esquerda s\u00f3 pode ser medida de forma confi\u00e1vel com a t\u00e9cnica PixelFlux, que tem uma influ\u00eancia decisiva em todo o conceito terap\u00eautico. PixelFlux Measurements for evaluation of left renal vein [&hellip;]<\/p>\n","protected":false},"author":5,"featured_media":0,"parent":225,"menu_order":2,"comment_status":"closed","ping_status":"closed","template":"","meta":{"om_disable_all_campaigns":false,"footnotes":""},"class_list":["post-2360","page","type-page","status-publish","hentry"],"_links":{"self":[{"href":"https:\/\/scholbach.de\/pt\/wp-json\/wp\/v2\/pages\/2360","targetHints":{"allow":["GET"]}}],"collection":[{"href":"https:\/\/scholbach.de\/pt\/wp-json\/wp\/v2\/pages"}],"about":[{"href":"https:\/\/scholbach.de\/pt\/wp-json\/wp\/v2\/types\/page"}],"author":[{"embeddable":true,"href":"https:\/\/scholbach.de\/pt\/wp-json\/wp\/v2\/users\/5"}],"replies":[{"embeddable":true,"href":"https:\/\/scholbach.de\/pt\/wp-json\/wp\/v2\/comments?post=2360"}],"version-history":[{"count":10,"href":"https:\/\/scholbach.de\/pt\/wp-json\/wp\/v2\/pages\/2360\/revisions"}],"predecessor-version":[{"id":6177,"href":"https:\/\/scholbach.de\/pt\/wp-json\/wp\/v2\/pages\/2360\/revisions\/6177"}],"up":[{"embeddable":true,"href":"https:\/\/scholbach.de\/pt\/wp-json\/wp\/v2\/pages\/225"}],"wp:attachment":[{"href":"https:\/\/scholbach.de\/pt\/wp-json\/wp\/v2\/media?parent=2360"}],"curies":[{"name":"wp","href":"https:\/\/api.w.org\/{rel}","templated":true}]}}