{"id":2335,"date":"2018-09-19T05:25:04","date_gmt":"2018-09-19T05:25:04","guid":{"rendered":"http:\/\/scholbach.de\/?page_id=2335"},"modified":"2022-01-19T17:37:24","modified_gmt":"2022-01-19T17:37:24","slug":"das-nussknacker-syndrom-ist-eine-fehlbezeichnung","status":"publish","type":"page","link":"https:\/\/scholbach.de\/pt\/wissenschaft\/deutsch-ultraschalldiagnostik\/deutsch-gefaskompressionen\/nussknacker\/das-nussknacker-syndrom-ist-eine-fehlbezeichnung","title":{"rendered":"A s\u00edndrome do Quebra-nozes \u00e9 um nome errado."},"content":{"rendered":"<p>O v\u00eddeo abaixo descreve porque n\u00e3o se deve falar de s\u00edndrome do quebra-nozes, mas sim de compress\u00e3o lordogen\u00e9tica da veia renal esquerda. Resume a minha apresenta\u00e7\u00e3o no Congresso Europeu de Ultrassom de 06.-08-09.2018 em Poznan.<\/p>\n<p><a href=\"https:\/\/scholbach.de\/wp-content\/uploads\/2018\/09\/The-Nutcracker-Syndrome-is-a-misnomer-Euroson-September-2018.wmv\">The Nutcracker Syndrome is a misnomer Euroson September 2018<\/a><\/p>","protected":false},"excerpt":{"rendered":"<p>O v\u00eddeo abaixo descreve porque n\u00e3o se deve falar de s\u00edndrome do quebra-nozes, mas sim de compress\u00e3o lordogen\u00e9tica da veia renal esquerda. Resume a minha apresenta\u00e7\u00e3o no Congresso Europeu de Ultrassom de 06.-08-09.2018 em Poznan. The Nutcracker Syndrome is a misnomer Euroson September 2018<\/p>\n","protected":false},"author":5,"featured_media":0,"parent":225,"menu_order":1,"comment_status":"closed","ping_status":"closed","template":"","meta":{"om_disable_all_campaigns":false,"footnotes":""},"class_list":["post-2335","page","type-page","status-publish","hentry"],"_links":{"self":[{"href":"https:\/\/scholbach.de\/pt\/wp-json\/wp\/v2\/pages\/2335","targetHints":{"allow":["GET"]}}],"collection":[{"href":"https:\/\/scholbach.de\/pt\/wp-json\/wp\/v2\/pages"}],"about":[{"href":"https:\/\/scholbach.de\/pt\/wp-json\/wp\/v2\/types\/page"}],"author":[{"embeddable":true,"href":"https:\/\/scholbach.de\/pt\/wp-json\/wp\/v2\/users\/5"}],"replies":[{"embeddable":true,"href":"https:\/\/scholbach.de\/pt\/wp-json\/wp\/v2\/comments?post=2335"}],"version-history":[{"count":12,"href":"https:\/\/scholbach.de\/pt\/wp-json\/wp\/v2\/pages\/2335\/revisions"}],"predecessor-version":[{"id":6987,"href":"https:\/\/scholbach.de\/pt\/wp-json\/wp\/v2\/pages\/2335\/revisions\/6987"}],"up":[{"embeddable":true,"href":"https:\/\/scholbach.de\/pt\/wp-json\/wp\/v2\/pages\/225"}],"wp:attachment":[{"href":"https:\/\/scholbach.de\/pt\/wp-json\/wp\/v2\/media?parent=2335"}],"curies":[{"name":"wp","href":"https:\/\/api.w.org\/{rel}","templated":true}]}}