{"id":2314,"date":"2018-07-07T14:19:00","date_gmt":"2018-07-07T14:19:00","guid":{"rendered":"http:\/\/scholbach.de\/?page_id=2314"},"modified":"2025-09-21T16:13:28","modified_gmt":"2025-09-21T14:13:28","slug":"ehlers-danlos-syndrom-als-beispiel-fuer-bindegewebserkrankungen-und-gefaesskompressionen","status":"publish","type":"page","link":"https:\/\/scholbach.de\/pt\/ehlers-danlos-syndrom-als-beispiel-fuer-bindegewebserkrankungen-und-gefaesskompressionen","title":{"rendered":"S\u00edndrome de Ehlers-Danlos como exemplo para doen\u00e7as do tecido conjuntivo e compress\u00f5es vasculares"},"content":{"rendered":"<p>Numerosas doen\u00e7as do tecido conjuntivo levam a um afrouxamento das estruturas do tecido conjuntivo. Estes incluem \u00f3rg\u00e3os como pulm\u00f5es, intestinos, vasos sangu\u00edneos, articula\u00e7\u00f5es e ligamentos.<br \/>\nAs veias cont\u00eam uma grande quantidade de tecido conjuntivo e, portanto, s\u00e3o afetadas por dist\u00farbios estruturais em doen\u00e7as do tecido conjuntivo, bem como nas art\u00e9rias. Uma vez que o sangue venoso est\u00e1 sob menor press\u00e3o que o sangue arterial, os efeitos de doen\u00e7as do tecido conjuntivo, como a s\u00edndrome de Ehlers-Danlos ou a s\u00edndrome de Marfan nas veias e art\u00e9rias, diferem.<br \/>\nOs fen\u00f4menos de compress\u00e3o vascular s\u00e3o, portanto, mais comuns nas veias do que nas art\u00e9rias que tendem a curvar a parede arterial, os chamados aneurismas.<br \/>\nA maior elasticidade das veias nas doen\u00e7as do tecido conjuntivo, que levam a um afrouxamento do tecido conjuntivo, \u00e9 tamb\u00e9m expressa no facto de as veias poderem ser mais facilmente comprimidas pelas estruturas circundantes. A sec\u00e7\u00e3o venosa a montante do local de compress\u00e3o, na qual o sangue venoso se acumula, \u00e9 particularmente propensa \u00e0 dilata\u00e7\u00e3o. Enquanto em uma veia mais apertada e saud\u00e1vel a press\u00e3o arterial aumenta na se\u00e7\u00e3o congestionada, em doen\u00e7as do tecido conjuntivo a parede da veia cede mais facilmente, de modo que, com a mesma compress\u00e3o, h\u00e1 uma tend\u00eancia a um menor aumento da press\u00e3o e a uma amplia\u00e7\u00e3o ainda maior da se\u00e7\u00e3o da veia a montante do local da compress\u00e3o.<br \/>\nO sangue bloqueado evade, portanto, em circuitos de bypass que tamb\u00e9m se expandem mais facilmente. As veias afetadas tendem a se torcer e formar varizes.<br \/>\nUm outro efeito do afrouxamento do tecido conjuntivo pode ser visto no fato de que pacientes com doen\u00e7as do tecido conjuntivo tendem a deformar a coluna vertebral porque os ligamentos que estabilizam a coluna vertebral produzem um ligeiro rendimento. Muitas vezes uma lordose pronunciada da coluna lombar e uma cifose mais forte da coluna tor\u00e1cica se desenvolvem primeiro. Isto \u00e9 seguido mais tarde por uma tend\u00eancia para a escoliose, ou seja, flex\u00e3o lateral da coluna vertebral. O mecanismo deste processo \u00e9 semelhante ao utilizado num berbequim. A curvatura da manivela forma um bra\u00e7o de alavanca que facilita o movimento lateral da manivela e a rota\u00e7\u00e3o da broca.\u00a0 A coluna lombar lord\u00f3tica comporta-se como a manivela de uma broca. A curvatura para a frente da coluna lombar (lordose) facilita a rota\u00e7\u00e3o lateral da coluna lombar, o que leva \u00e0 escoliose.<br \/>\nA lordose pronunciada, que se pode desenvolver na doen\u00e7a do tecido conjuntivo, facilita assim a compress\u00e3o vascular, conforme descrito nas sec\u00e7\u00f5es <a href=\"https:\/\/scholbach.de\/lordose-hohlkreuz\">Lordosis<\/a> e <a href=\"https:\/\/scholbach.de\/wissenschaft\/deutsch-ultraschalldiagnostik\/deutsch-gefaskompressionen\/lordogenetisches-mittellinensyndrom\">S\u00edndrome de Mittellinina Lordogen\u00e9tica<\/a> deste s\u00edtio web.<\/p>","protected":false},"excerpt":{"rendered":"<p>Numerosas doen\u00e7as do tecido conjuntivo levam a um afrouxamento das estruturas do tecido conjuntivo. Estes incluem \u00f3rg\u00e3os como pulm\u00f5es, intestinos, vasos sangu\u00edneos, articula\u00e7\u00f5es e ligamentos. As veias cont\u00eam uma grande quantidade de tecido conjuntivo e, portanto, s\u00e3o afetadas por dist\u00farbios estruturais em doen\u00e7as do tecido conjuntivo, bem como nas art\u00e9rias. Uma vez que o sangue [&hellip;]<\/p>\n","protected":false},"author":5,"featured_media":0,"parent":0,"menu_order":0,"comment_status":"closed","ping_status":"closed","template":"","meta":{"om_disable_all_campaigns":false,"footnotes":""},"class_list":["post-2314","page","type-page","status-publish","hentry"],"_links":{"self":[{"href":"https:\/\/scholbach.de\/pt\/wp-json\/wp\/v2\/pages\/2314","targetHints":{"allow":["GET"]}}],"collection":[{"href":"https:\/\/scholbach.de\/pt\/wp-json\/wp\/v2\/pages"}],"about":[{"href":"https:\/\/scholbach.de\/pt\/wp-json\/wp\/v2\/types\/page"}],"author":[{"embeddable":true,"href":"https:\/\/scholbach.de\/pt\/wp-json\/wp\/v2\/users\/5"}],"replies":[{"embeddable":true,"href":"https:\/\/scholbach.de\/pt\/wp-json\/wp\/v2\/comments?post=2314"}],"version-history":[{"count":42,"href":"https:\/\/scholbach.de\/pt\/wp-json\/wp\/v2\/pages\/2314\/revisions"}],"predecessor-version":[{"id":9689,"href":"https:\/\/scholbach.de\/pt\/wp-json\/wp\/v2\/pages\/2314\/revisions\/9689"}],"wp:attachment":[{"href":"https:\/\/scholbach.de\/pt\/wp-json\/wp\/v2\/media?parent=2314"}],"curies":[{"name":"wp","href":"https:\/\/api.w.org\/{rel}","templated":true}]}}