{"id":225,"date":"2016-01-24T22:03:08","date_gmt":"2016-01-24T22:03:08","guid":{"rendered":"http:\/\/wp12612379.server-he.de\/?page_id=225"},"modified":"2021-09-11T10:29:39","modified_gmt":"2021-09-11T10:29:39","slug":"nussknacker","status":"publish","type":"page","link":"https:\/\/scholbach.de\/pt\/wissenschaft\/deutsch-ultraschalldiagnostik\/deutsch-gefaskompressionen\/nussknacker","title":{"rendered":"Das sogenannte Nussknackerph\u00e4nomen"},"content":{"rendered":"<p>O fen\u00f3meno do quebra-nozes \u00e9 um fen\u00f3meno de compress\u00e3o vascular muito comum. Nos \u00faltimos vinte anos, diagnostiquei e tratei centenas de pacientes com esta doen\u00e7a.<\/p>\n<p>Ela surge &#8211; evolutivamente vista &#8211; da marcha reta do ser humano e da resultante curvatura (&#8220;lordose&#8221;) da coluna lombar. Dor abdominal, dor no flanco (muitas vezes \u00e0 esquerda), lordose convexa esquerda na regi\u00e3o lombar, dor abdominal (em mulheres e raparigas principalmente acima do ov\u00e1rio esquerdo), dor nas costas, dor de cabe\u00e7a, hemorr\u00f3idas e dor genital (dispareunia &#8211; dor durante a rela\u00e7\u00e3o sexual, dor testicular) s\u00e3o os sintomas mais comuns. O diagn\u00f3stico pode ser feito inequivocamente com a ajuda da ultrassonografia Doppler colorida funcional.<\/p>\n<p>S\u00edndrome do Quebra-nozes \u00e9 o termo utilizado quando estes sintomas s\u00e3o acompanhados por hemat\u00faria, ou seja, excre\u00e7\u00e3o de sangue na urina.<\/p>\n<p>A ilustra\u00e7\u00e3o a seguir mostra uma representa\u00e7\u00e3o esquem\u00e1tica de uma veia renal bloqueada entre a aorta e a art\u00e9ria mesent\u00e9rica superior: o c\u00edrculo azul maior \u00e9 a sec\u00e7\u00e3o transversal da aorta, o c\u00edrculo azul menor representa a art\u00e9ria mesent\u00e9rica. Vermelha \u00e9 a veia renal, que vem da direita e est\u00e1 presa entre as duas art\u00e9rias, resultando em congest\u00e3o:<\/p>\n<p>&nbsp;<\/p>\n<p><img decoding=\"async\" class=\"alignnone size-large wp-image-331\" src=\"http:\/\/wp12612379.server-he.de\/wp-content\/uploads\/2016\/06\/Folie40-1024x576.jpg\" alt=\"Folie40\" width=\"100%\" height=\"auto\" srcset=\"https:\/\/scholbach.de\/wp-content\/uploads\/2016\/06\/Folie40-1024x576.jpg 1024w, https:\/\/scholbach.de\/wp-content\/uploads\/2016\/06\/Folie40-300x169.jpg 300w, https:\/\/scholbach.de\/wp-content\/uploads\/2016\/06\/Folie40.jpg 1280w\" sizes=\"(max-width: 1024px) 100vw, 1024px\" \/><\/p>\n<p>A figura a seguir mostra a mesma situa\u00e7\u00e3o na imagem do ultrassom:<\/p>\n<p><img decoding=\"async\" class=\"alignnone size-large wp-image-403\" src=\"http:\/\/wp12612379.server-he.de\/wp-content\/uploads\/2016\/01\/nussknacker_01.jpg\" alt=\"nussknacker_01\" width=\"100%\" height=\"auto\" srcset=\"https:\/\/scholbach.de\/wp-content\/uploads\/2016\/01\/nussknacker_01.jpg 467w, https:\/\/scholbach.de\/wp-content\/uploads\/2016\/01\/nussknacker_01-300x279.jpg 300w\" sizes=\"(max-width: 467px) 100vw, 467px\" \/><\/p>\n<p><strong>Desvios circulat\u00f3rios e reclama\u00e7\u00f5es resultantes<\/strong><\/p>\n<p>Uma vez que a congest\u00e3o da veia renal esquerda obstrui o fluxo sangu\u00edneo normal, o fluxo sangu\u00edneo procura frequentemente circuitos de bypass. Isso muitas vezes leva \u00e0 congest\u00e3o dos \u00f3rg\u00e3os p\u00e9lvicos, resultando em disfun\u00e7\u00e3o e dor. As disfun\u00e7\u00f5es frequentes s\u00e3o o desejo de urinar com enchimento urin\u00e1rio baixo, c\u00f3licas menstruais, defeca\u00e7\u00e3o dolorosa em hemorr\u00f3idas, queixas genitais, congest\u00e3o da perna esquerda e veias perineais e trombose da perna esquerda.<\/p>\n<p>A veia ovariana esquerda \u00e9 um circuito de bypass frequente. Em contraste com o estado normal, a veia ovariana esquerda absorve sangue da veia renal esquerda bloqueada e direcciona este sangue para tr\u00e1s, atrav\u00e9s do ov\u00e1rio esquerdo, para as veias p\u00e9lvicas da esquerda, ou, uma vez que o fluxo de sa\u00edda tamb\u00e9m pode ser impedido aqui, atrav\u00e9s do \u00fatero para o lado direito da veia cava inferior. Na imagem ultrassonogr\u00e1fica, a veia ovariana esquerda aparece dilatada e frequentemente ondulada &#8211; resultado do aumento da press\u00e3o causada pela congest\u00e3o das veias renais. O resultado \u00e9 dor no abd\u00f3men inferior esquerdo.<\/p>\n<p>&nbsp;<\/p>\n<p><img decoding=\"async\" class=\"alignnone size-large wp-image-402\" src=\"http:\/\/wp12612379.server-he.de\/wp-content\/uploads\/2016\/01\/nussknacker_02.jpg\" alt=\"nussknacker_02\" width=\"100%\" height=\"auto\" srcset=\"https:\/\/scholbach.de\/wp-content\/uploads\/2016\/01\/nussknacker_02.jpg 824w, https:\/\/scholbach.de\/wp-content\/uploads\/2016\/01\/nussknacker_02-300x214.jpg 300w\" sizes=\"(max-width: 824px) 100vw, 824px\" \/><\/p>\n<p>Outro fen\u00f4meno que ocorre devido ao desvio de sangue da veia renal pela veia ovariana esquerda \u00e9 a varizes no \u00fatero. O resultado \u00e9 dor no abd\u00f4men e deixada ao redor da cavidade abdominal:<\/p>\n<p><img decoding=\"async\" class=\"alignnone size-full wp-image-401\" src=\"http:\/\/wp12612379.server-he.de\/wp-content\/uploads\/2016\/01\/nussknacker_03.jpg\" alt=\"nussknacker_03\" width=\"100%\" height=\"auto\" srcset=\"https:\/\/scholbach.de\/wp-content\/uploads\/2016\/01\/nussknacker_03.jpg 323w, https:\/\/scholbach.de\/wp-content\/uploads\/2016\/01\/nussknacker_03-300x211.jpg 300w\" sizes=\"(max-width: 323px) 100vw, 323px\" \/><\/p>\n<p>A anima\u00e7\u00e3o seguinte ilustra os obst\u00e1culos ao fluxo sangu\u00edneo do rim esquerdo na s\u00edndrome do quebra-nozes:<\/p>\n<div style=\"width: 640px;\" class=\"wp-video\"><video class=\"wp-video-shortcode\" id=\"video-225-9\" width=\"640\" height=\"360\" preload=\"metadata\" controls=\"controls\"><source type=\"video\/mp4\" src=\"http:\/\/wp12612379.server-he.de\/wp-content\/uploads\/2016\/01\/Nussknackerph\u00e4nomen.mp4?_=9\" \/><a href=\"http:\/\/wp12612379.server-he.de\/wp-content\/uploads\/2016\/01\/Nussknackerph\u00e4nomen.mp4\">http:\/\/wp12612379.server-he.de\/wp-content\/uploads\/2016\/01\/Nussknackerph\u00e4nomen.mp4<\/a><\/video><\/div>\n<p><strong>Possibilidades terap\u00eauticas<\/strong><\/p>\n<p>A terapia come\u00e7a com exerc\u00edcios para reduzir a lordose e pode ser complementada com medicamentos ou cirurgia vascular. O efeito de todas as terapias pode ser medido com precis\u00e3o por ultra-sonografia, com base no fluxo sangu\u00edneo para o rim esquerdo e para a veia renal esquerda, para que possam ser dadas recomenda\u00e7\u00f5es bem fundamentadas para a terapia.<\/p>\n<p>&nbsp;<\/p>","protected":false},"excerpt":{"rendered":"<p>O fen\u00f3meno do quebra-nozes \u00e9 um fen\u00f3meno de compress\u00e3o vascular muito comum. Nos \u00faltimos vinte anos, diagnostiquei e tratei centenas de pacientes com esta doen\u00e7a. Ela surge &#8211; evolutivamente vista &#8211; da marcha reta do ser humano e da resultante curvatura (&#8220;lordose&#8221;) da coluna lombar. Dor abdominal, dor no flanco (muitas vezes \u00e0 esquerda), lordose [&hellip;]<\/p>\n","protected":false},"author":4,"featured_media":0,"parent":66,"menu_order":1,"comment_status":"closed","ping_status":"closed","template":"","meta":{"om_disable_all_campaigns":false,"footnotes":""},"class_list":["post-225","page","type-page","status-publish","hentry"],"_links":{"self":[{"href":"https:\/\/scholbach.de\/pt\/wp-json\/wp\/v2\/pages\/225","targetHints":{"allow":["GET"]}}],"collection":[{"href":"https:\/\/scholbach.de\/pt\/wp-json\/wp\/v2\/pages"}],"about":[{"href":"https:\/\/scholbach.de\/pt\/wp-json\/wp\/v2\/types\/page"}],"author":[{"embeddable":true,"href":"https:\/\/scholbach.de\/pt\/wp-json\/wp\/v2\/users\/4"}],"replies":[{"embeddable":true,"href":"https:\/\/scholbach.de\/pt\/wp-json\/wp\/v2\/comments?post=225"}],"version-history":[{"count":76,"href":"https:\/\/scholbach.de\/pt\/wp-json\/wp\/v2\/pages\/225\/revisions"}],"predecessor-version":[{"id":6544,"href":"https:\/\/scholbach.de\/pt\/wp-json\/wp\/v2\/pages\/225\/revisions\/6544"}],"up":[{"embeddable":true,"href":"https:\/\/scholbach.de\/pt\/wp-json\/wp\/v2\/pages\/66"}],"wp:attachment":[{"href":"https:\/\/scholbach.de\/pt\/wp-json\/wp\/v2\/media?parent=225"}],"curies":[{"name":"wp","href":"https:\/\/api.w.org\/{rel}","templated":true}]}}