{"id":2246,"date":"2018-04-22T16:36:20","date_gmt":"2018-04-22T16:36:20","guid":{"rendered":"http:\/\/scholbach.de\/?page_id=2246"},"modified":"2022-02-14T14:24:11","modified_gmt":"2022-02-14T14:24:11","slug":"aortenaneurysma-diagnostik-mit-farbdopplerultraschall","status":"publish","type":"page","link":"https:\/\/scholbach.de\/pt\/wissenschaft\/deutsch-ultraschalldiagnostik\/aortenaneurysma-diagnostik-mit-farbdopplerultraschall","title":{"rendered":"Aneurisma da aorta &#8211; Diagn\u00f3stico com ultra-som Doppler colorido"},"content":{"rendered":"<p>Em crian\u00e7as com doen\u00e7as do tecido conjuntivo e com idade crescente, o risco de um aumento gradual da aorta aumenta. Esta doen\u00e7a \u00e9 chamada de aneurisma da aorta. Se a dilata\u00e7\u00e3o atingir um di\u00e2metro cr\u00edtico, por exemplo, 5,5 cm em adultos, a cirurgia deve ser realizada para evitar uma ruptura da aorta com risco de vida.<\/p>\n<p>Aproximadamente 2% de todos os homens entre 65 e 75 anos de idade s\u00e3o acometidos por um aneurisma a\u00f3rtico despercebido e, portanto, apresentam um risco significativamente maior do que outros grupos populacionais.<\/p>\n<p>Oferecemos o diagn\u00f3stico de aneurisma de aorta com Doppler colorido, em adultos como um servi\u00e7o auto-pagador. Ao contr\u00e1rio dos diagn\u00f3sticos de ultra-som convencionais, as perturba\u00e7\u00f5es do fluxo sangu\u00edneo s\u00e3o imediatamente vis\u00edveis.<\/p>","protected":false},"excerpt":{"rendered":"<p>Em crian\u00e7as com doen\u00e7as do tecido conjuntivo e com idade crescente, o risco de um aumento gradual da aorta aumenta. Esta doen\u00e7a \u00e9 chamada de aneurisma da aorta. Se a dilata\u00e7\u00e3o atingir um di\u00e2metro cr\u00edtico, por exemplo, 5,5 cm em adultos, a cirurgia deve ser realizada para evitar uma ruptura da aorta com risco de [&hellip;]<\/p>\n","protected":false},"author":5,"featured_media":0,"parent":93,"menu_order":4,"comment_status":"closed","ping_status":"closed","template":"","meta":{"om_disable_all_campaigns":false,"footnotes":""},"class_list":["post-2246","page","type-page","status-publish","hentry"],"_links":{"self":[{"href":"https:\/\/scholbach.de\/pt\/wp-json\/wp\/v2\/pages\/2246","targetHints":{"allow":["GET"]}}],"collection":[{"href":"https:\/\/scholbach.de\/pt\/wp-json\/wp\/v2\/pages"}],"about":[{"href":"https:\/\/scholbach.de\/pt\/wp-json\/wp\/v2\/types\/page"}],"author":[{"embeddable":true,"href":"https:\/\/scholbach.de\/pt\/wp-json\/wp\/v2\/users\/5"}],"replies":[{"embeddable":true,"href":"https:\/\/scholbach.de\/pt\/wp-json\/wp\/v2\/comments?post=2246"}],"version-history":[{"count":3,"href":"https:\/\/scholbach.de\/pt\/wp-json\/wp\/v2\/pages\/2246\/revisions"}],"predecessor-version":[{"id":7142,"href":"https:\/\/scholbach.de\/pt\/wp-json\/wp\/v2\/pages\/2246\/revisions\/7142"}],"up":[{"embeddable":true,"href":"https:\/\/scholbach.de\/pt\/wp-json\/wp\/v2\/pages\/93"}],"wp:attachment":[{"href":"https:\/\/scholbach.de\/pt\/wp-json\/wp\/v2\/media?parent=2246"}],"curies":[{"name":"wp","href":"https:\/\/api.w.org\/{rel}","templated":true}]}}