{"id":17,"date":"2015-12-26T12:26:58","date_gmt":"2015-12-26T12:26:58","guid":{"rendered":"http:\/\/wp12612379.server-he.de\/?page_id=17"},"modified":"2020-03-30T13:12:45","modified_gmt":"2020-03-30T13:12:45","slug":"philosophie","status":"publish","type":"page","link":"https:\/\/scholbach.de\/pt\/expertise\/philosophie","title":{"rendered":"Philosophy"},"content":{"rendered":"<p class=\"qtranxs-available-languages-message qtranxs-available-languages-message-pt\">Desculpe, este conte\u00fado s\u00f3 est\u00e1 dispon\u00edvel em <a href=\"https:\/\/scholbach.de\/en\/wp-json\/wp\/v2\/pages\/17\" class=\"qtranxs-available-language-link qtranxs-available-language-link-en\" title=\"English\">English<\/a>, <a href=\"https:\/\/scholbach.de\/de\/wp-json\/wp\/v2\/pages\/17\" class=\"qtranxs-available-language-link qtranxs-available-language-link-de\" title=\"Deutsch\">Deutsch<\/a>, <a href=\"https:\/\/scholbach.de\/pl\/wp-json\/wp\/v2\/pages\/17\" class=\"qtranxs-available-language-link qtranxs-available-language-link-pl\" title=\"Polski\">Polski<\/a>, <a href=\"https:\/\/scholbach.de\/ja\/wp-json\/wp\/v2\/pages\/17\" class=\"qtranxs-available-language-link qtranxs-available-language-link-ja\" title=\"\u65e5\u672c\u8a9e\">\u65e5\u672c\u8a9e<\/a> e <a href=\"https:\/\/scholbach.de\/ru\/wp-json\/wp\/v2\/pages\/17\" class=\"qtranxs-available-language-link qtranxs-available-language-link-ru\" title=\"\u0420\u0443\u0441\u0441\u043a\u0438\u0439\">\u0420\u0443\u0441\u0441\u043a\u0438\u0439<\/a>.<\/p><p>Modern medicine is individualized medicine. It goes beyond organ-centered thinking, roots therapeutic decisions in a sound basis of the patients\u2018 records, anamnesis and logic diagnostic steps. Modern medicine covers all aspects of personal life and suffering namely medical, social and psychological ones.<\/p>\n<p>This starts with personal commitment in a thorough diagnostic interview centered on all major and minor complaints, exceptional or far-flung. You are in the center of all efforts and decide as an informed patient in a communication on equal terms.<\/p>\n<p>Individualized treatment requires understanding on both sides. As soon as you understand the genesis of your complaints you will experience relief and trust. The knowledge already will de-demonize all sources of suffering that are fed by fear or vague and escalating imagination.<\/p>\n<p>Individualized diagnostic is built on a diversity of techniques and procedures. Among all diagnostic techniques, ultrasound imaging has a pivotal role. <\/p>","protected":false},"excerpt":{"rendered":"<p>Desculpe, este conte\u00fado s\u00f3 est\u00e1 dispon\u00edvel em English, Deutsch, Polski, \u65e5\u672c\u8a9e e \u0420\u0443\u0441\u0441\u043a\u0438\u0439.Modern medicine is individualized medicine. It goes beyond organ-centered thinking, roots therapeutic decisions in a sound basis of the patients\u2018 records, anamnesis and logic diagnostic steps. Modern medicine covers all aspects of personal life and suffering namely medical, social and psychological ones. This [&hellip;]<\/p>\n","protected":false},"author":4,"featured_media":0,"parent":24,"menu_order":1,"comment_status":"closed","ping_status":"closed","template":"","meta":{"om_disable_all_campaigns":false,"footnotes":""},"class_list":["post-17","page","type-page","status-publish","hentry"],"_links":{"self":[{"href":"https:\/\/scholbach.de\/pt\/wp-json\/wp\/v2\/pages\/17","targetHints":{"allow":["GET"]}}],"collection":[{"href":"https:\/\/scholbach.de\/pt\/wp-json\/wp\/v2\/pages"}],"about":[{"href":"https:\/\/scholbach.de\/pt\/wp-json\/wp\/v2\/types\/page"}],"author":[{"embeddable":true,"href":"https:\/\/scholbach.de\/pt\/wp-json\/wp\/v2\/users\/4"}],"replies":[{"embeddable":true,"href":"https:\/\/scholbach.de\/pt\/wp-json\/wp\/v2\/comments?post=17"}],"version-history":[{"count":12,"href":"https:\/\/scholbach.de\/pt\/wp-json\/wp\/v2\/pages\/17\/revisions"}],"predecessor-version":[{"id":4380,"href":"https:\/\/scholbach.de\/pt\/wp-json\/wp\/v2\/pages\/17\/revisions\/4380"}],"up":[{"embeddable":true,"href":"https:\/\/scholbach.de\/pt\/wp-json\/wp\/v2\/pages\/24"}],"wp:attachment":[{"href":"https:\/\/scholbach.de\/pt\/wp-json\/wp\/v2\/media?parent=17"}],"curies":[{"name":"wp","href":"https:\/\/api.w.org\/{rel}","templated":true}]}}