{"id":160,"date":"2016-01-23T16:25:40","date_gmt":"2016-01-23T16:25:40","guid":{"rendered":"http:\/\/wp12612379.server-he.de\/?page_id=160"},"modified":"2019-11-26T20:27:19","modified_gmt":"2019-11-26T20:27:19","slug":"deutsch-grundlagen-der-farbduplexsonografie","status":"publish","type":"page","link":"https:\/\/scholbach.de\/pt\/wissenschaft\/deutsch-ultraschalldiagnostik\/deutsch-grundlagen-der-farbduplexsonografie","title":{"rendered":"No\u00e7\u00f5es b\u00e1sicas de sonografia duplex a cores"},"content":{"rendered":"<p><strong>Torne os movimentos vis\u00edveis usando o efeito Doppler<\/strong><\/p>\n<p>Como descrito acima, imagens de ultra-som &#8220;simples&#8221; podem tornar vis\u00edveis as estruturas org\u00e2nicas. A sonografia duplex a cores vai ainda mais longe: tamb\u00e9m pode tornar os movimentos vis\u00edveis na imagem. A sonografia duplex a cores deve o seu nome a esta dupla informa\u00e7\u00e3o. A fim de obter esta informa\u00e7\u00e3o adicional, \u00e9 usado o efeito Doppler (nomeado ap\u00f3s seu descobridor Christian Doppler). O tom (frequ\u00eancia) do (ultra-)som reflectido muda quando a fonte sonora (o transdutor do aparelho de ultra-sons) e o objecto reflector de som (o sangue no corpo humano) est\u00e3o em movimento. (Este efeito pode ser observado no dia-a-dia, por exemplo, num ve\u00edculo que passa com uma sirene. Os dispositivos de radar tamb\u00e9m usam o efeito Doppler para determinar a velocidade dos carros no tr\u00e2nsito.)<\/p>\n<p>Como o sangue no corpo humano est\u00e1 em movimento enquanto \u00f3rg\u00e3os e tecidos est\u00e3o em repouso, a ultrassonografia duplex colorida pode ser usada para visualizar o fluxo sangu\u00edneo para vasos e tecidos.\u00a0Dispositivos de ultrassom codificam a velocidade e a dire\u00e7\u00e3o do movimento do sangue colorindo a imagem: Quanto mais r\u00e1pido o fluxo de sangue se mover na dire\u00e7\u00e3o do transdutor, mais vermelho brilhante ser\u00e1 exibido o pixel correspondente, quanto mais r\u00e1pido o fluxo de sangue se afastar do transdutor, mais azul brilhante ser\u00e1 colorido o pixel correspondente. Na ultrassonografia duplex colorida, se um \u00f3rg\u00e3o \u00e9 fortemente colorido, ele \u00e9 mais fortemente suprido com sangue do que um \u00f3rg\u00e3o com apenas uma colora\u00e7\u00e3o esparsa.<\/p>\n<p>A informa\u00e7\u00e3o de cor fornecida pela imagem de ultra-som duplex colorida, al\u00e9m da imagem de ultra-som &#8220;simples&#8221;, pode ser extremamente informativa para o exame. Um exemplo s\u00e3o as duas imagens seguintes de um \u00fatero. A imagem simples de ultra-som n\u00e3o mostra claramente se um embri\u00e3o tem ninho:<\/p>\n<p>&nbsp;<\/p>\n<p><img loading=\"lazy\" decoding=\"async\" class=\"alignnone wp-image-196\" src=\"http:\/\/wp12612379.server-he.de\/wp-content\/uploads\/2016\/01\/Fruchtblase-BB-8-SSW.jpg\" alt=\"Fruchtblase BB 8 SSW\" width=\"558\" height=\"458\" \/><\/p>\n<p>Um sinal pulsante \u00e9 claramente vis\u00edvel na imagem ultrassonogr\u00e1fica duplex colorida da mesma parte do corpo. Este \u00e9 o cora\u00e7\u00e3o a bater do embri\u00e3o:<\/p>\n<div class=\"alignnone\">\n<div style=\"width: 578px;\" class=\"wp-video\"><video class=\"wp-video-shortcode\" id=\"video-160-3\" width=\"578\" height=\"416\" preload=\"metadata\" controls=\"controls\"><source type=\"video\/mp4\" src=\"http:\/\/wp12612379.server-he.de\/wp-content\/uploads\/2016\/01\/Herzschlag-8-SSW.mp4?_=3\" \/><a href=\"http:\/\/wp12612379.server-he.de\/wp-content\/uploads\/2016\/01\/Herzschlag-8-SSW.mp4\">http:\/\/wp12612379.server-he.de\/wp-content\/uploads\/2016\/01\/Herzschlag-8-SSW.mp4<\/a><\/video><\/div>\n<p>&nbsp;<\/p>\n<\/div>\n<p><\/p>","protected":false},"excerpt":{"rendered":"<p>Torne os movimentos vis\u00edveis usando o efeito Doppler Como descrito acima, imagens de ultra-som &#8220;simples&#8221; podem tornar vis\u00edveis as estruturas org\u00e2nicas. A sonografia duplex a cores vai ainda mais longe: tamb\u00e9m pode tornar os movimentos vis\u00edveis na imagem. A sonografia duplex a cores deve o seu nome a esta dupla informa\u00e7\u00e3o. A fim de obter [&hellip;]<\/p>\n","protected":false},"author":4,"featured_media":0,"parent":93,"menu_order":2,"comment_status":"closed","ping_status":"closed","template":"","meta":{"om_disable_all_campaigns":false,"footnotes":""},"class_list":["post-160","page","type-page","status-publish","hentry"],"_links":{"self":[{"href":"https:\/\/scholbach.de\/pt\/wp-json\/wp\/v2\/pages\/160","targetHints":{"allow":["GET"]}}],"collection":[{"href":"https:\/\/scholbach.de\/pt\/wp-json\/wp\/v2\/pages"}],"about":[{"href":"https:\/\/scholbach.de\/pt\/wp-json\/wp\/v2\/types\/page"}],"author":[{"embeddable":true,"href":"https:\/\/scholbach.de\/pt\/wp-json\/wp\/v2\/users\/4"}],"replies":[{"embeddable":true,"href":"https:\/\/scholbach.de\/pt\/wp-json\/wp\/v2\/comments?post=160"}],"version-history":[{"count":27,"href":"https:\/\/scholbach.de\/pt\/wp-json\/wp\/v2\/pages\/160\/revisions"}],"predecessor-version":[{"id":3673,"href":"https:\/\/scholbach.de\/pt\/wp-json\/wp\/v2\/pages\/160\/revisions\/3673"}],"up":[{"embeddable":true,"href":"https:\/\/scholbach.de\/pt\/wp-json\/wp\/v2\/pages\/93"}],"wp:attachment":[{"href":"https:\/\/scholbach.de\/pt\/wp-json\/wp\/v2\/media?parent=160"}],"curies":[{"name":"wp","href":"https:\/\/api.w.org\/{rel}","templated":true}]}}