{"id":931,"date":"2016-12-26T15:36:51","date_gmt":"2016-12-26T15:36:51","guid":{"rendered":"http:\/\/scholbach.de\/?page_id=931"},"modified":"2020-04-05T14:11:57","modified_gmt":"2020-04-05T14:11:57","slug":"mittelliniensyndrom-mittellinien-stauungs-syndrom","status":"publish","type":"page","link":"https:\/\/scholbach.de\/pl\/wissenschaft\/deutsch-ultraschalldiagnostik\/deutsch-gefaskompressionen\/mittelliniensyndrom-mittellinien-stauungs-syndrom","title":{"rendered":"Zesp\u00f3\u0142 Midline (przeci\u0105\u017cenie narz\u0105d\u00f3w linii \u015brodkowej)"},"content":{"rendered":"<p>Zesp\u00f3\u0142 linii \u015brodkowej opisuje obraz kliniczny, kt\u00f3ry jest spowodowany zat\u0142oczeniem krwi w lewej po\u0142owie cia\u0142a w kr\u0119gos\u0142upie. Ze wzgl\u0119du na pionowy ch\u00f3d osoby, kr\u0119gos\u0142up l\u0119d\u017awiowy wybrzusza si\u0119 do przodu, w kierunku \u015bciany brzucha. Krew z lewej po\u0142owy cia\u0142a, np. z lewej po\u0142owy miednicy, lewej nogi lub lewej nerki, musi wlewa\u0107 si\u0119 do \u017cy\u0142y g\u0142\u00f3wnej dolnej, aby mog\u0142a wr\u00f3ci\u0107 do serca. \u017by\u0142a g\u0142\u00f3wna dolna znajduje si\u0119 po prawej stronie kr\u0119gos\u0142upa. \u00a0Dlatego \u017cy\u0142y z lewej strony cia\u0142a musz\u0105 przechodzi\u0107 przez kr\u0119gos\u0142up, aby m\u00f3c kierowa\u0107 przep\u0142ywem wstecznym do serca. Lordoza, przednia krzywizna (wydr\u0105\u017cony ty\u0142) kr\u0119gos\u0142upa w okolicy l\u0119d\u017awiowej, powoduje przekrwienie, szczeg\u00f3lnie u kobiet, poniewa\u017c kr\u0119gos\u0142up uciska naczynia krwiono\u015bne przecinaj\u0105ce go od lewej do prawej strony. Prowadzi to do znacznego zatoru krwi w \u017cy\u0142ach lewej nerki, lewej miednicy i lewej nodze.<\/p>\n<p>Powszechne objawy:<br \/>\nB\u00f3l brzucha (cz\u0119sto powy\u017cej p\u0119pka)<br \/>\nB\u00f3l w kr\u0119gos\u0142upie<br \/>\nB\u00f3l brzucha (w okolicy p\u0119cherza moczowego i macicy)<br \/>\nb\u00f3l w lewym j\u0105drze (z \u017cylakami)\/w lewych wargach sromowych z \u017cylakami sromowymi<br \/>\nB\u00f3l po wewn\u0119trznej stronie lewego uda<br \/>\nB\u00f3le g\u0142owy (cz\u0119sto w szyi)<br \/>\nUpo\u015bledzenie porannego oddechu z nosa<br \/>\nHemoroidy &#8211; krwawienie podczas defekacji<br \/>\npilno\u015b\u0107 i bolesne oddawanie moczu<\/p>\n<p>&nbsp;<\/p>\n<p>&nbsp;<\/p>\n<div style=\"width: 491px\" class=\"wp-caption aligncenter\"><img loading=\"lazy\" decoding=\"async\" class=\"wp-image-932 \" src=\"https:\/\/scholbach.de\/wp-content\/uploads\/2016\/12\/HB-stau.jpg\" width=\"481\" height=\"372\" srcset=\"https:\/\/scholbach.de\/wp-content\/uploads\/2016\/12\/HB-stau.jpg 425w, https:\/\/scholbach.de\/wp-content\/uploads\/2016\/12\/HB-stau-300x232.jpg 300w\" sizes=\"auto, (max-width: 481px) 100vw, 481px\" \/><p class=\"wp-caption-text\">Masywny zator \u017cylny \u015bciany p\u0119cherza: \u017b\u00f3\u0142to-zielony: rozszerzenie naczy\u0144 w \u015bcianie p\u0119cherza<\/p><\/div>\n<div id=\"attachment_933\" style=\"width: 494px\" class=\"wp-caption aligncenter\"><img loading=\"lazy\" decoding=\"async\" aria-describedby=\"caption-attachment-933\" class=\"wp-image-933 size-full\" src=\"https:\/\/scholbach.de\/wp-content\/uploads\/2016\/12\/REctum-MLS.jpg\" width=\"484\" height=\"407\" srcset=\"https:\/\/scholbach.de\/wp-content\/uploads\/2016\/12\/REctum-MLS.jpg 484w, https:\/\/scholbach.de\/wp-content\/uploads\/2016\/12\/REctum-MLS-300x252.jpg 300w\" sizes=\"auto, (max-width: 484px) 100vw, 484px\" \/><p id=\"caption-attachment-933\" class=\"wp-caption-text\">Ci\u0119\u017ckie zat\u0142oczenie \u017cylne odbytnicy: Niebiesko-czerwono-zielone: Rozszerzenie naczy\u0144 w \u015bcianie jelita.<\/p><\/div>\n<p>Das bedeutet, dass das ohnehin schon geringe Kaliber durch die Schwellung der Wand weiter drastisch reduziert wird und der Blutabstrom \u00fcber die Kollateralorgane zus\u00e4tzlich eingeschr\u00e4nkt wird.\u00a0 Eine Situation die zu weiteren Drucksteigerungen im Stromgebiet der linken Nierenvene und ihrer Kollateralen f\u00fchrt. Schlie\u00dflich entsteht ein Gleichgewicht zwischen erh\u00f6htem ven\u00f6sem Druck und Abflussm\u00f6glichkeiten, welche zu einem reduzierten Abfluss des unter hohem Druck stehenden Nierenvenenblutes \u00fcber die entz\u00fcndeten Gef\u00e4\u00dfwege der Kollateralorgane in der Lage ist. Das bedeutet jedoch auch, dass die Patienten h\u00e4ufig \u00fcber chronische und von k\u00f6rperlicher oder seelischer Belastung abh\u00e4ngigen Schmerzen in diesen Organen klagen. Der Zusammenhang zur k\u00f6rperlichen und seelischen Belastung besteht darin, dass in beiden F\u00e4llen eine erh\u00f6hte Herzfrequenz und eine st\u00e4rkere Auswurfleistung des Herzens dazu f\u00fchrt, dass mehr Blut in die linke Niere gepumpt wird, welches dann, da es nicht regelrecht abflie\u00dfen kann, zu einem zunehmenden Druck in den Kollateralkreisl\u00e4ufen und damit zu st\u00e4rkeren Schmerzen f\u00fchrt.<\/p>\n<p><img loading=\"lazy\" decoding=\"async\" class=\"wp-image-937 aligncenter\" src=\"https:\/\/scholbach.de\/wp-content\/uploads\/2016\/12\/Midlicne-congestion.jpg\" alt=\"\" width=\"579\" height=\"434\" srcset=\"https:\/\/scholbach.de\/wp-content\/uploads\/2016\/12\/Midlicne-congestion.jpg 1435w, https:\/\/scholbach.de\/wp-content\/uploads\/2016\/12\/Midlicne-congestion-300x225.jpg 300w, https:\/\/scholbach.de\/wp-content\/uploads\/2016\/12\/Midlicne-congestion-768x576.jpg 768w, https:\/\/scholbach.de\/wp-content\/uploads\/2016\/12\/Midlicne-congestion-1024x769.jpg 1024w\" sizes=\"auto, (max-width: 579px) 100vw, 579px\" \/><\/p>\n<p>Wymienione powy\u017cej organy linii \u015brodkowej to szczeg\u00f3\u0142owo kr\u0119gos\u0142up, w szerszym znaczeniu r\u00f3wnie\u017c czaszka i m\u00f3zg wraz z narz\u0105dami towarzysz\u0105cymi otoczonymi strukturami kostnymi, odbytnica, pochwa, penis, lewy jajnik, lewe j\u0105dro, p\u0119cherz, cewka moczowa, macica i prostata.\u00a0 Wszystkie te organy mog\u0105 by\u0107 bole\u015bnie chore, a ich funkcje mog\u0105 by\u0107 zaburzone. Wyja\u015bnia to bardzo zr\u00f3\u017cnicowany obraz dolegliwo\u015bci opisywanych przez pacjent\u00f3w. Z drugiej strony, jest to r\u00f3wnie\u017c cz\u0119ste \u017ar\u00f3d\u0142o nieporozumie\u0144, je\u015bli po\u0142\u0105czenia prowadz\u0105ce do skarg nie s\u0105 zrozumia\u0142e.<\/p>\n<p>Poniewa\u017c dolegliwo\u015bci mog\u0105 wyst\u0119powa\u0107 od st\u00f3p do g\u0142\u00f3w, za\u0142o\u017cenie nieorganicznej genezy dolegliwo\u015bci, a tym samym psychosomatycznego obrazu klinicznego jest oczywiste. W celu osi\u0105gni\u0119cia leczenia przyczynowego i wyeliminowania dolegliwo\u015bci konieczne jest jednak udowodnienie opisanych zmian, np. poprzez badanie ultrasonograficzne kolorowym Dopplerem z pomiarem ci\u015bnienia, aby nast\u0119pnie m\u00f3c rozpocz\u0105\u0107 ukierunkowan\u0105, tymczasow\u0105, ale trwale skuteczn\u0105 terapi\u0119 farmakologiczn\u0105.<\/p>\n<p>Mamy do\u015bwiadczenie z ponad 1000 pacjent\u00f3w ze zjawiskiem dziadka do orzech\u00f3w i zespo\u0142em dziadka do orzech\u00f3w oraz posiadamy specjalne procedury bada\u0144 i leczenia, dzi\u0119ki kt\u00f3rym praktycznie wszyscy pacjenci staj\u0105 si\u0119 wolni od objaw\u00f3w lub przynajmniej z niewieloma objawami. Poniewa\u017c obraz kliniczny jest generalnie ma\u0142o znany, mamy nadziej\u0119, \u017ce ta og\u00f3lnie zrozumia\u0142a prezentacja spodoba si\u0119 bezpo\u015brednio pacjentom, aby da\u0107 im mo\u017cliwo\u015b\u0107 zwr\u00f3cenia si\u0119 do swojego lekarza zaufania. Ch\u0119tnie pomo\u017cemy Pa\u0144stwu r\u00f3wnie\u017c diagnostycznie i terapeutycznie &#8211; dzieciom i doros\u0142ym pacjentom. Cz\u0119sto przez lata cierpi\u0105 na nierozpoznane wcze\u015bniej zjawisko \/ zesp\u00f3\u0142 dziadka do orzech\u00f3w, bez mo\u017cliwo\u015bci prawid\u0142owej interpretacji ich objaw\u00f3w.<\/p>\n<p>Prosimy o zapoznanie si\u0119 z naszymi uwagami dotycz\u0105cymi wyja\u015bnie\u0144 medycznych na tej stronie.<\/p>\n<p>&nbsp;<\/p>","protected":false},"excerpt":{"rendered":"<p>Zesp\u00f3\u0142 linii \u015brodkowej opisuje obraz kliniczny, kt\u00f3ry jest spowodowany zat\u0142oczeniem krwi w lewej po\u0142owie cia\u0142a w kr\u0119gos\u0142upie. Ze wzgl\u0119du na pionowy ch\u00f3d osoby, kr\u0119gos\u0142up l\u0119d\u017awiowy wybrzusza si\u0119 do przodu, w kierunku \u015bciany brzucha. Krew z lewej po\u0142owy cia\u0142a, np. z lewej po\u0142owy miednicy, lewej nogi lub lewej nerki, musi wlewa\u0107 si\u0119 do \u017cy\u0142y g\u0142\u00f3wnej dolnej, [&hellip;]<\/p>\n","protected":false},"author":5,"featured_media":0,"parent":66,"menu_order":2,"comment_status":"closed","ping_status":"closed","template":"","meta":{"om_disable_all_campaigns":false,"footnotes":""},"class_list":["post-931","page","type-page","status-publish","hentry"],"_links":{"self":[{"href":"https:\/\/scholbach.de\/pl\/wp-json\/wp\/v2\/pages\/931","targetHints":{"allow":["GET"]}}],"collection":[{"href":"https:\/\/scholbach.de\/pl\/wp-json\/wp\/v2\/pages"}],"about":[{"href":"https:\/\/scholbach.de\/pl\/wp-json\/wp\/v2\/types\/page"}],"author":[{"embeddable":true,"href":"https:\/\/scholbach.de\/pl\/wp-json\/wp\/v2\/users\/5"}],"replies":[{"embeddable":true,"href":"https:\/\/scholbach.de\/pl\/wp-json\/wp\/v2\/comments?post=931"}],"version-history":[{"count":34,"href":"https:\/\/scholbach.de\/pl\/wp-json\/wp\/v2\/pages\/931\/revisions"}],"predecessor-version":[{"id":4421,"href":"https:\/\/scholbach.de\/pl\/wp-json\/wp\/v2\/pages\/931\/revisions\/4421"}],"up":[{"embeddable":true,"href":"https:\/\/scholbach.de\/pl\/wp-json\/wp\/v2\/pages\/66"}],"wp:attachment":[{"href":"https:\/\/scholbach.de\/pl\/wp-json\/wp\/v2\/media?parent=931"}],"curies":[{"name":"wp","href":"https:\/\/api.w.org\/{rel}","templated":true}]}}