{"id":792,"date":"2016-12-03T14:04:19","date_gmt":"2016-12-03T14:04:19","guid":{"rendered":"http:\/\/scholbach.de\/?page_id=792"},"modified":"2020-04-05T14:06:40","modified_gmt":"2020-04-05T14:06:40","slug":"forschung","status":"publish","type":"page","link":"https:\/\/scholbach.de\/pl\/forschung","title":{"rendered":"Badania"},"content":{"rendered":"<p>Oferujemy naukowcom nasze wsparcie i wsp\u00f3\u0142prac\u0119 w zakresie pomiaru przep\u0142ywu krwi w narz\u0105dach i tkankach. Opracowana przez nas metoda PixelFlux jest \u015bwiatowym liderem w dziedzinie pomiaru perfuzji sonograficznej.<\/p>\n<p><a href=\"https:\/\/scholar.google.de\/scholar?q=PixelFlux++blood&amp;btnG=&amp;hl=de&amp;as_sdt=1%2C5&amp;as_vis=1\">Stale powi\u0119kszaj\u0105ca si\u0119 spo\u0142eczno\u015b\u0107 naukowc\u00f3w<\/a> z Europy, Azji, Australii oraz Ameryki P\u00f3\u0142nocnej i Po\u0142udniowej rozszerza granice swojej specjalizacji za pomoc\u0105 naszej metody, jak np. nefrologia, medycyna transplantacyjna, gastroentrologia, po\u0142o\u017cnictwo, medycyna reprodukcyjna, neurologia, diabetologia, neonatologia, pediatria, onkologia, medycyna sportowa, urologia, ginekologia, laryngologia i weterynaria.<\/p>\n<p>Nasza metoda zdoby\u0142a kilka nagr\u00f3d i jest stale rozwijana. PixelFlux pozwala teraz po raz pierwszy na tr\u00f3jwymiarowy pomiar perfuzji nawet z dwuwymiarowych obraz\u00f3w sonograficznych.<\/p>\n<p>Nasze najnowsze wyniki pomiar\u00f3w perfuzji nowotworowej zostan\u0105 zaprezentowane na Europejskim Kongresie <a href=\"http:\/\/www.euroson2017.org\/en\/\">Ultrasonograficznym 2017 w Lublanie<\/a>. Dzi\u0119ki ilo\u015bciowemu okre\u015bleniu perfuzji w guzach w\u0119z\u0142a ch\u0142onnego uda\u0142o nam si\u0119 odr\u00f3\u017cni\u0107 guzy \u0142agodne od z\u0142o\u015bliwych tylko za pomoc\u0105 USG przed zabiegiem.<\/p>\n<p>Ponadto, po raz pierwszy udowodnili\u015bmy, \u017ce perfuzja macicy u kobiet w ci\u0105\u017cy mo\u017ce by\u0107 dok\u0142adnie mierzona przy u\u017cyciu opracowanej przez nas techniki PixelFlux, kt\u00f3ra obecnie umo\u017cliwia tr\u00f3jwymiarowe pomiary przep\u0142ywu nawet w dwuwymiarowych filmach ultrasonograficznych. W Lublanie przedstawimy r\u00f3wnie\u017c koncepcj\u0119, kt\u00f3ra podsumowuje 9 r\u00f3\u017cnych zespo\u0142\u00f3w ucisku naczyniowego w jamie brzusznej pod k\u0105tem lordozy kr\u0119gos\u0142upa l\u0119d\u017awiowego jako g\u0142\u00f3wnego czynnika rozwoju ucisku naczyniowego.<\/p>\n<p>Je\u015bli jeste\u015b zainteresowany wsp\u00f3\u0142prac\u0105 lub chcia\u0142by\u015b u\u017cywa\u0107 tej metody w swoim \u015brodowisku klinicznym lub eksperymentalnym, wy\u015blij e-mail do <a href=\"contact@chameleon-software.de\">Chameleon-Software<\/a>. Czekamy na Pa\u0144stwa wymagania, pomys\u0142y i projekty.<\/p>","protected":false},"excerpt":{"rendered":"<p>Oferujemy naukowcom nasze wsparcie i wsp\u00f3\u0142prac\u0119 w zakresie pomiaru przep\u0142ywu krwi w narz\u0105dach i tkankach. Opracowana przez nas metoda PixelFlux jest \u015bwiatowym liderem w dziedzinie pomiaru perfuzji sonograficznej. Stale powi\u0119kszaj\u0105ca si\u0119 spo\u0142eczno\u015b\u0107 naukowc\u00f3w z Europy, Azji, Australii oraz Ameryki P\u00f3\u0142nocnej i Po\u0142udniowej rozszerza granice swojej specjalizacji za pomoc\u0105 naszej metody, jak np. nefrologia, medycyna transplantacyjna, [&hellip;]<\/p>\n","protected":false},"author":5,"featured_media":0,"parent":0,"menu_order":0,"comment_status":"closed","ping_status":"closed","template":"","meta":{"om_disable_all_campaigns":false,"footnotes":""},"class_list":["post-792","page","type-page","status-publish","hentry"],"_links":{"self":[{"href":"https:\/\/scholbach.de\/pl\/wp-json\/wp\/v2\/pages\/792","targetHints":{"allow":["GET"]}}],"collection":[{"href":"https:\/\/scholbach.de\/pl\/wp-json\/wp\/v2\/pages"}],"about":[{"href":"https:\/\/scholbach.de\/pl\/wp-json\/wp\/v2\/types\/page"}],"author":[{"embeddable":true,"href":"https:\/\/scholbach.de\/pl\/wp-json\/wp\/v2\/users\/5"}],"replies":[{"embeddable":true,"href":"https:\/\/scholbach.de\/pl\/wp-json\/wp\/v2\/comments?post=792"}],"version-history":[{"count":32,"href":"https:\/\/scholbach.de\/pl\/wp-json\/wp\/v2\/pages\/792\/revisions"}],"predecessor-version":[{"id":4407,"href":"https:\/\/scholbach.de\/pl\/wp-json\/wp\/v2\/pages\/792\/revisions\/4407"}],"wp:attachment":[{"href":"https:\/\/scholbach.de\/pl\/wp-json\/wp\/v2\/media?parent=792"}],"curies":[{"name":"wp","href":"https:\/\/api.w.org\/{rel}","templated":true}]}}