{"id":7907,"date":"2023-03-11T13:56:55","date_gmt":"2023-03-11T12:56:55","guid":{"rendered":"https:\/\/scholbach.de\/?page_id=7907"},"modified":"2023-03-20T13:02:16","modified_gmt":"2023-03-20T12:02:16","slug":"severe-neurologic-disorders-as-a-consequence-of-abdominal-compression-syndromes-complete-disappearance-after-decompression-of-the-left-renal-vein","status":"publish","type":"page","link":"https:\/\/scholbach.de\/pl\/severe-neurologic-disorders-as-a-consequence-of-abdominal-compression-syndromes-complete-disappearance-after-decompression-of-the-left-renal-vein","title":{"rendered":"Ci\u0119\u017cka ataksja u m\u0142odej kobiety z silnym przekrwieniem kr\u0119gos\u0142upa &#8211; ca\u0142kowite ust\u0105pienie po odbarczeniu lewej \u017cy\u0142y nerkowej"},"content":{"rendered":"<p class=\"qtranxs-available-languages-message qtranxs-available-languages-message-pl\">Przepraszamy, ten wpis jest dost\u0119pny tylko w j\u0119zyku <a href=\"https:\/\/scholbach.de\/en\/wp-json\/wp\/v2\/pages\/7907\" class=\"qtranxs-available-language-link qtranxs-available-language-link-en\" title=\"English\">English<\/a>, <a href=\"https:\/\/scholbach.de\/de\/wp-json\/wp\/v2\/pages\/7907\" class=\"qtranxs-available-language-link qtranxs-available-language-link-de\" title=\"Deutsch\">Deutsch<\/a>, <a href=\"https:\/\/scholbach.de\/fr\/wp-json\/wp\/v2\/pages\/7907\" class=\"qtranxs-available-language-link qtranxs-available-language-link-fr\" title=\"Fran\u00e7ais\">Fran\u00e7ais<\/a>, <a href=\"https:\/\/scholbach.de\/es\/wp-json\/wp\/v2\/pages\/7907\" class=\"qtranxs-available-language-link qtranxs-available-language-link-es\" title=\"Espa\u00f1ol\">Espa\u00f1ol<\/a>, <a href=\"https:\/\/scholbach.de\/it\/wp-json\/wp\/v2\/pages\/7907\" class=\"qtranxs-available-language-link qtranxs-available-language-link-it\" title=\"Italiano\">Italiano<\/a> i <a href=\"https:\/\/scholbach.de\/sv\/wp-json\/wp\/v2\/pages\/7907\" class=\"qtranxs-available-language-link qtranxs-available-language-link-sv\" title=\"Svenska\">Svenska<\/a>.<\/p><p>There are numerous consequences of a spinal cord congestion as a consequence of left renal vein and the left iliac vein compression in patients with midline congestion syndrome.<\/p>\n<p><a title=\"Neurological consequences of the midline congestion syndrome\" href=\"https:\/\/scholbach.de\/neurological-consequences-of-the-midline-congestion-syndrome\">The possible numerous clinical consequences are outlined on a separate page.<\/a><\/p>\n<p>I report here on a young woman developing severe vegetative symptoms, abdominal pain, convulsions and gynaecological problems due to multiple abdominal compression syndromes on the basis of a hypermobile Ehlers-Danlos syndrome.<\/p>\n<p>She became wheelchair bound due to extreme ataxia of the trunk, the head and the extremities. Routine neurological diagnostics an standard\u00a0 imaging\u00a0 procedures in her home country and abroad did not reveal any treatable reason for her suffering.<\/p>\n<p>Only functional colour Doppler sonography with quantification of all relevant abdominal and pelvic vessels could demonstrate the very reason of her ordeal &#8211; a massive venous congestion of the spinal cord fed by a high flow <a title=\"The tronc r\u00e9no-rachidi\u00e8n\" href=\"https:\/\/scholbach.de\/the-tronc-reno-rachidien\">tronc r\u00e9no-rachidi\u00e8n<\/a> connecting the congested because completely obstructed left renal vein with the epidural plexus within the spinal canal. This produced a neurological deficit the compression and subsequent venous congestion of the spinal cord.<\/p>\n<p>This video shows her miserable condition before the operation im May 2022<\/p>\n<div style=\"width: 320px;\" class=\"wp-video\"><video class=\"wp-video-shortcode\" id=\"video-7907-3\" width=\"320\" height=\"576\" loop autoplay preload=\"metadata\" controls=\"controls\"><source type=\"video\/mp4\" src=\"https:\/\/scholbach.de\/wp-content\/uploads\/2023\/03\/received_1376134703169370.mp4?_=3\" \/><a href=\"https:\/\/scholbach.de\/wp-content\/uploads\/2023\/03\/received_1376134703169370.mp4\">https:\/\/scholbach.de\/wp-content\/uploads\/2023\/03\/received_1376134703169370.mp4<\/a><\/video><\/div>\n<p>&nbsp;<\/p>\n<p>This video was taken in\u00a0 March 2023, 7,5 months after the successful decompression of the left renal vein and subsequent complete collapse of the tronc r\u00e9no-rachidi\u00e8n<\/p>\n<div style=\"width: 368px;\" class=\"wp-video\"><video class=\"wp-video-shortcode\" id=\"video-7907-4\" width=\"368\" height=\"640\" loop autoplay preload=\"auto\" controls=\"controls\"><source type=\"video\/mp4\" src=\"https:\/\/scholbach.de\/wp-content\/uploads\/2023\/03\/received_1406167236851234.mp4?_=4\" \/><a href=\"https:\/\/scholbach.de\/wp-content\/uploads\/2023\/03\/received_1406167236851234.mp4\">https:\/\/scholbach.de\/wp-content\/uploads\/2023\/03\/received_1406167236851234.mp4<\/a><\/video><\/div>\n<h2><\/h2>\n<h2>Medical history<\/h2>\n<p>January 2016<\/p>\n<ul>\n<li>Hyperexcitability, muscle cramps, weight gain due to edema of the legs<\/li>\n<\/ul>\n<p>January 2017<\/p>\n<ul>\n<li>Went to the emergency department because of severe muscle cramps and convulsions<\/li>\n<li>Arrhythmia, dizziness, vomiting, numbness in both hands and tremor of the trunk<\/li>\n<li>Presents several times to the emergency room of the psychiatric hospital because of general shakiness. There she <strong>was diagnosed with a mental disorder: anxiety disorder<\/strong><\/li>\n<\/ul>\n<p>February 2017<\/p>\n<ul>\n<li>Presenting to the emergency department with pain on the right side of her spine and a pollacisuria<\/li>\n<li>Taken to the psychiatric ward because of repeated generalised convulsions<\/li>\n<li><strong>Psychiatrist refuses the diagnosis of an anxiety disorder<\/strong><\/li>\n<li>Repeated convulsions<\/li>\n<\/ul>\n<p>May 2017<\/p>\n<ul>\n<li>Was diagnosed with syndrome of <strong>intestinal bacterial overgrowth and eosinophilic oesophagitis<\/strong><\/li>\n<\/ul>\n<p>May 2021<\/p>\n<ul>\n<li>Had seen many doctors within her home country and abroad without getting a proper diagnosis and treatment for her increasing truncal instability and convulsions<\/li>\n<li>Is suffering also from abdominal pain localised under the diaphragm radiating towards both sides increasing post-prandially<\/li>\n<li>Call allannot breathe properly<\/li>\n<li>Difficulties to swallow<\/li>\n<li>Chest pain<\/li>\n<li>Always agitated<\/li>\n<li>Severe brain fog, visual disturbance, migraine, dizziness, feels like being drunk, back pain, cold and bluish hands, weak feet and hands<\/li>\n<li>Increasing fatigue<\/li>\n<li>Hyperflexibility of joints<\/li>\n<\/ul>\n<p>&nbsp;<\/p>\n<h2>First presentation in my functional colour Doppler sonographic clinic in June 2021<\/h2>\n<p>The following diagnoses had been established during the first examination:<\/p>\n<ol>\n<li>Pelvic congestion syndrome as a consequence of<\/li>\n<li>A May- Thurner syndrome with a venous spur<\/li>\n<li>Severe lumbar lordosis as the main reason for all vascular compression syndromes of the patient<\/li>\n<li><strong>Complete lordogenetic compression of the left renal vein<\/strong> with a bypass via a<\/li>\n<li><strong><u>Tronc r\u00e9no-rachidi\u00e8n feeding the epidural plexus<\/u><\/strong> and an<\/li>\n<li><strong>Enlarged left ovarian vein transporting blood down towards the pelvis <\/strong><\/li>\n<li>Substantial venous pooling in an upright position as a sign of a clinically a relevant connective-tissue disorder &#8211; in accordance with certain clinical signs of such a disorder<\/li>\n<li>Severe median arcuate ligament syndrome with typical symptoms, the main symptoms of the patient<\/li>\n<li>Ptosis of both kidneys<\/li>\n<li>Severe strangulation of blood flow towards both kidneys, mainly on the left side due to renal ptosis while being in an upright posture &#8211; this is contributing substantially to the pooling of venous blood in the pelvis and in both legs<\/li>\n<li>Heavy reduction of the circulating blood volume inside the aorta while being upright<\/li>\n<li>Double uteri<\/li>\n<\/ol>\n<ol start=\"11\">\n<li style=\"list-style-type: none;\"><\/li>\n<\/ol>\n<p>&nbsp;<\/p>\n<p><a href=\"https:\/\/scholbach.de\/wp-content\/uploads\/2023\/03\/Folie5.jpg\"><img loading=\"lazy\" decoding=\"async\" class=\"aligncenter wp-image-7903 size-medium\" src=\"https:\/\/scholbach.de\/wp-content\/uploads\/2023\/03\/Folie5-300x169.jpg\" alt=\"\" width=\"300\" height=\"169\" srcset=\"https:\/\/scholbach.de\/wp-content\/uploads\/2023\/03\/Folie5-300x169.jpg 300w, https:\/\/scholbach.de\/wp-content\/uploads\/2023\/03\/Folie5-1024x576.jpg 1024w, https:\/\/scholbach.de\/wp-content\/uploads\/2023\/03\/Folie5-768x432.jpg 768w, https:\/\/scholbach.de\/wp-content\/uploads\/2023\/03\/Folie5-640x360.jpg 640w, https:\/\/scholbach.de\/wp-content\/uploads\/2023\/03\/Folie5.jpg 1280w\" sizes=\"auto, (max-width: 300px) 100vw, 300px\" \/><\/a><\/p>\n<p><a href=\"https:\/\/scholbach.de\/wp-content\/uploads\/2023\/03\/Folie2.jpg\"><img loading=\"lazy\" decoding=\"async\" class=\"aligncenter wp-image-7906 size-medium\" src=\"https:\/\/scholbach.de\/wp-content\/uploads\/2023\/03\/Folie2-300x169.jpg\" alt=\"\" width=\"300\" height=\"169\" srcset=\"https:\/\/scholbach.de\/wp-content\/uploads\/2023\/03\/Folie2-300x169.jpg 300w, https:\/\/scholbach.de\/wp-content\/uploads\/2023\/03\/Folie2-1024x576.jpg 1024w, https:\/\/scholbach.de\/wp-content\/uploads\/2023\/03\/Folie2-768x432.jpg 768w, https:\/\/scholbach.de\/wp-content\/uploads\/2023\/03\/Folie2-640x360.jpg 640w, https:\/\/scholbach.de\/wp-content\/uploads\/2023\/03\/Folie2.jpg 1280w\" sizes=\"auto, (max-width: 300px) 100vw, 300px\" \/><\/a><a href=\"https:\/\/scholbach.de\/wp-content\/uploads\/2023\/03\/Folie4.jpg\"><img loading=\"lazy\" decoding=\"async\" class=\"aligncenter wp-image-7904 size-medium\" src=\"https:\/\/scholbach.de\/wp-content\/uploads\/2023\/03\/Folie4-300x169.jpg\" alt=\"\" width=\"300\" height=\"169\" srcset=\"https:\/\/scholbach.de\/wp-content\/uploads\/2023\/03\/Folie4-300x169.jpg 300w, https:\/\/scholbach.de\/wp-content\/uploads\/2023\/03\/Folie4-1024x576.jpg 1024w, https:\/\/scholbach.de\/wp-content\/uploads\/2023\/03\/Folie4-768x432.jpg 768w, https:\/\/scholbach.de\/wp-content\/uploads\/2023\/03\/Folie4-640x360.jpg 640w, https:\/\/scholbach.de\/wp-content\/uploads\/2023\/03\/Folie4.jpg 1280w\" sizes=\"auto, (max-width: 300px) 100vw, 300px\" \/><\/a><\/p>\n<p><a href=\"https:\/\/scholbach.de\/wp-content\/uploads\/2023\/03\/Folie7.jpg\"><img loading=\"lazy\" decoding=\"async\" class=\"aligncenter wp-image-7901 size-medium\" src=\"https:\/\/scholbach.de\/wp-content\/uploads\/2023\/03\/Folie7-300x169.jpg\" alt=\"\" width=\"300\" height=\"169\" srcset=\"https:\/\/scholbach.de\/wp-content\/uploads\/2023\/03\/Folie7-300x169.jpg 300w, https:\/\/scholbach.de\/wp-content\/uploads\/2023\/03\/Folie7-1024x576.jpg 1024w, https:\/\/scholbach.de\/wp-content\/uploads\/2023\/03\/Folie7-768x432.jpg 768w, https:\/\/scholbach.de\/wp-content\/uploads\/2023\/03\/Folie7-640x360.jpg 640w, https:\/\/scholbach.de\/wp-content\/uploads\/2023\/03\/Folie7.jpg 1280w\" sizes=\"auto, (max-width: 300px) 100vw, 300px\" \/><\/a><\/p>\n<p><a href=\"https:\/\/scholbach.de\/wp-content\/uploads\/2023\/03\/Folie8.jpg\"><img loading=\"lazy\" decoding=\"async\" class=\"aligncenter wp-image-7900 size-medium\" src=\"https:\/\/scholbach.de\/wp-content\/uploads\/2023\/03\/Folie8-300x169.jpg\" alt=\"\" width=\"300\" height=\"169\" srcset=\"https:\/\/scholbach.de\/wp-content\/uploads\/2023\/03\/Folie8-300x169.jpg 300w, https:\/\/scholbach.de\/wp-content\/uploads\/2023\/03\/Folie8-1024x576.jpg 1024w, https:\/\/scholbach.de\/wp-content\/uploads\/2023\/03\/Folie8-768x432.jpg 768w, https:\/\/scholbach.de\/wp-content\/uploads\/2023\/03\/Folie8-640x360.jpg 640w, https:\/\/scholbach.de\/wp-content\/uploads\/2023\/03\/Folie8.jpg 1280w\" sizes=\"auto, (max-width: 300px) 100vw, 300px\" \/><\/a> <a href=\"https:\/\/scholbach.de\/wp-content\/uploads\/2023\/03\/Folie9.jpg\"><img loading=\"lazy\" decoding=\"async\" class=\"aligncenter wp-image-7899 size-medium\" src=\"https:\/\/scholbach.de\/wp-content\/uploads\/2023\/03\/Folie9-300x169.jpg\" alt=\"\" width=\"300\" height=\"169\" srcset=\"https:\/\/scholbach.de\/wp-content\/uploads\/2023\/03\/Folie9-300x169.jpg 300w, https:\/\/scholbach.de\/wp-content\/uploads\/2023\/03\/Folie9-1024x576.jpg 1024w, https:\/\/scholbach.de\/wp-content\/uploads\/2023\/03\/Folie9-768x432.jpg 768w, https:\/\/scholbach.de\/wp-content\/uploads\/2023\/03\/Folie9-640x360.jpg 640w, https:\/\/scholbach.de\/wp-content\/uploads\/2023\/03\/Folie9.jpg 1280w\" sizes=\"auto, (max-width: 300px) 100vw, 300px\" \/><\/a><\/p>\n<p>&nbsp;<\/p>\n<h2>Preoperative renal parenchymal perfusion measurement in June 2021<\/h2>\n<p><a href=\"https:\/\/scholbach.de\/wp-content\/uploads\/2023\/03\/Preop-PixelFlux-measurements-in-truncal-ataxia.jpg\"><img loading=\"lazy\" decoding=\"async\" class=\"aligncenter wp-image-7919 size-medium\" src=\"https:\/\/scholbach.de\/wp-content\/uploads\/2023\/03\/Preop-PixelFlux-measurements-in-truncal-ataxia-300x158.jpg\" alt=\"\" width=\"300\" height=\"158\" srcset=\"https:\/\/scholbach.de\/wp-content\/uploads\/2023\/03\/Preop-PixelFlux-measurements-in-truncal-ataxia-300x158.jpg 300w, https:\/\/scholbach.de\/wp-content\/uploads\/2023\/03\/Preop-PixelFlux-measurements-in-truncal-ataxia.jpg 605w\" sizes=\"auto, (max-width: 300px) 100vw, 300px\" \/><\/a><\/p>\n<p>The patient was operated in June 2021 and July performing a decompression of the celiac trunc (which was complex due to heavy scar tissue found \u00a0around the coeliac trunc), shielding the \u00a0left common iliac vein and the left renal vein by means of a ringenforced PTFE graft.<\/p>\n<p>The operation was performed by Professor Sandmann at the Clinic BelEtage in D\u00fcsseldorf (Germany). I&#8217;m very grateful for his open-minded cooperation and allownace to publish his intraoperative photos.<\/p>\n<div id=\"attachment_7893\" style=\"width: 235px\" class=\"wp-caption aligncenter\"><a href=\"https:\/\/scholbach.de\/wp-content\/uploads\/2023\/03\/Truncus-aus-Narbengewebe-ausgeschaelt-rotated.jpg\"><img loading=\"lazy\" decoding=\"async\" aria-describedby=\"caption-attachment-7893\" class=\"wp-image-7893 size-medium\" src=\"https:\/\/scholbach.de\/wp-content\/uploads\/2023\/03\/Truncus-aus-Narbengewebe-ausgeschaelt-225x300.jpg\" alt=\"\" width=\"225\" height=\"300\" srcset=\"https:\/\/scholbach.de\/wp-content\/uploads\/2023\/03\/Truncus-aus-Narbengewebe-ausgeschaelt-225x300.jpg 225w, https:\/\/scholbach.de\/wp-content\/uploads\/2023\/03\/Truncus-aus-Narbengewebe-ausgeschaelt-768x1024.jpg 768w, https:\/\/scholbach.de\/wp-content\/uploads\/2023\/03\/Truncus-aus-Narbengewebe-ausgeschaelt-1152x1536.jpg 1152w, https:\/\/scholbach.de\/wp-content\/uploads\/2023\/03\/Truncus-aus-Narbengewebe-ausgeschaelt-640x853.jpg 640w, https:\/\/scholbach.de\/wp-content\/uploads\/2023\/03\/Truncus-aus-Narbengewebe-ausgeschaelt-rotated.jpg 1512w\" sizes=\"auto, (max-width: 225px) 100vw, 225px\" \/><\/a><p id=\"caption-attachment-7893\" class=\"wp-caption-text\">Liberation of the coeliac trunk after the section of massive scar tissue compressing it<\/p><\/div>\n<p>&nbsp;<\/p>\n<div id=\"attachment_7896\" style=\"width: 235px\" class=\"wp-caption aligncenter\"><a href=\"https:\/\/scholbach.de\/wp-content\/uploads\/2023\/03\/May-Thurner-syndrome-rotated.jpg\"><img loading=\"lazy\" decoding=\"async\" aria-describedby=\"caption-attachment-7896\" class=\"wp-image-7896 size-medium\" src=\"https:\/\/scholbach.de\/wp-content\/uploads\/2023\/03\/May-Thurner-syndrome-225x300.jpg\" alt=\"\" width=\"225\" height=\"300\" srcset=\"https:\/\/scholbach.de\/wp-content\/uploads\/2023\/03\/May-Thurner-syndrome-225x300.jpg 225w, https:\/\/scholbach.de\/wp-content\/uploads\/2023\/03\/May-Thurner-syndrome-768x1024.jpg 768w, https:\/\/scholbach.de\/wp-content\/uploads\/2023\/03\/May-Thurner-syndrome-1152x1536.jpg 1152w, https:\/\/scholbach.de\/wp-content\/uploads\/2023\/03\/May-Thurner-syndrome-640x853.jpg 640w, https:\/\/scholbach.de\/wp-content\/uploads\/2023\/03\/May-Thurner-syndrome-rotated.jpg 1512w\" sizes=\"auto, (max-width: 225px) 100vw, 225px\" \/><\/a><p id=\"caption-attachment-7896\" class=\"wp-caption-text\">Severe compression of the left common iliac vein by the crossing right common iliac artery-the sonographically diagnosed May Thurner syndrome<\/p><\/div>\n<div id=\"attachment_7895\" style=\"width: 235px\" class=\"wp-caption aligncenter\"><a href=\"https:\/\/scholbach.de\/wp-content\/uploads\/2023\/03\/MTS-li-V.-Iliaca-com-hat-keine-normale-Wand-rotated.jpg\"><img loading=\"lazy\" decoding=\"async\" aria-describedby=\"caption-attachment-7895\" class=\"wp-image-7895 size-medium\" src=\"https:\/\/scholbach.de\/wp-content\/uploads\/2023\/03\/MTS-li-V.-Iliaca-com-hat-keine-normale-Wand-225x300.jpg\" alt=\"\" width=\"225\" height=\"300\" srcset=\"https:\/\/scholbach.de\/wp-content\/uploads\/2023\/03\/MTS-li-V.-Iliaca-com-hat-keine-normale-Wand-225x300.jpg 225w, https:\/\/scholbach.de\/wp-content\/uploads\/2023\/03\/MTS-li-V.-Iliaca-com-hat-keine-normale-Wand-768x1024.jpg 768w, https:\/\/scholbach.de\/wp-content\/uploads\/2023\/03\/MTS-li-V.-Iliaca-com-hat-keine-normale-Wand-1152x1536.jpg 1152w, https:\/\/scholbach.de\/wp-content\/uploads\/2023\/03\/MTS-li-V.-Iliaca-com-hat-keine-normale-Wand-640x853.jpg 640w, https:\/\/scholbach.de\/wp-content\/uploads\/2023\/03\/MTS-li-V.-Iliaca-com-hat-keine-normale-Wand-rotated.jpg 1512w\" sizes=\"auto, (max-width: 225px) 100vw, 225px\" \/><\/a><p id=\"caption-attachment-7895\" class=\"wp-caption-text\">Degenerated wall of the left common iliac vein at the crossing site with the right common iliac artery<\/p><\/div>\n<div id=\"attachment_7898\" style=\"width: 235px\" class=\"wp-caption aligncenter\"><a href=\"https:\/\/scholbach.de\/wp-content\/uploads\/2023\/03\/Li-Nierenvene-mit-tronc-reno-rachidien-rotated.jpg\"><img loading=\"lazy\" decoding=\"async\" aria-describedby=\"caption-attachment-7898\" class=\"wp-image-7898 size-medium\" src=\"https:\/\/scholbach.de\/wp-content\/uploads\/2023\/03\/Li-Nierenvene-mit-tronc-reno-rachidien-225x300.jpg\" alt=\"\" width=\"225\" height=\"300\" srcset=\"https:\/\/scholbach.de\/wp-content\/uploads\/2023\/03\/Li-Nierenvene-mit-tronc-reno-rachidien-225x300.jpg 225w, https:\/\/scholbach.de\/wp-content\/uploads\/2023\/03\/Li-Nierenvene-mit-tronc-reno-rachidien-768x1024.jpg 768w, https:\/\/scholbach.de\/wp-content\/uploads\/2023\/03\/Li-Nierenvene-mit-tronc-reno-rachidien-1152x1536.jpg 1152w, https:\/\/scholbach.de\/wp-content\/uploads\/2023\/03\/Li-Nierenvene-mit-tronc-reno-rachidien-640x853.jpg 640w, https:\/\/scholbach.de\/wp-content\/uploads\/2023\/03\/Li-Nierenvene-mit-tronc-reno-rachidien-rotated.jpg 1512w\" sizes=\"auto, (max-width: 225px) 100vw, 225px\" \/><\/a><p id=\"caption-attachment-7898\" class=\"wp-caption-text\">Liberated left renal vein with the tronc r\u00e9no-rachidi\u00e8n &#8211; yellow sling (blue sling: left suprarenal vein, red sling: left ovarian vein)<\/p><\/div>\n<div id=\"attachment_7897\" style=\"width: 235px\" class=\"wp-caption aligncenter\"><a href=\"https:\/\/scholbach.de\/wp-content\/uploads\/2023\/03\/Li-Nierevene-Mit-Rohrprothese-geschutzt-rotated.jpg\"><img loading=\"lazy\" decoding=\"async\" aria-describedby=\"caption-attachment-7897\" class=\"wp-image-7897 size-medium\" src=\"https:\/\/scholbach.de\/wp-content\/uploads\/2023\/03\/Li-Nierevene-Mit-Rohrprothese-geschutzt-225x300.jpg\" alt=\"\" width=\"225\" height=\"300\" srcset=\"https:\/\/scholbach.de\/wp-content\/uploads\/2023\/03\/Li-Nierevene-Mit-Rohrprothese-geschutzt-225x300.jpg 225w, https:\/\/scholbach.de\/wp-content\/uploads\/2023\/03\/Li-Nierevene-Mit-Rohrprothese-geschutzt-768x1024.jpg 768w, https:\/\/scholbach.de\/wp-content\/uploads\/2023\/03\/Li-Nierevene-Mit-Rohrprothese-geschutzt-1152x1536.jpg 1152w, https:\/\/scholbach.de\/wp-content\/uploads\/2023\/03\/Li-Nierevene-Mit-Rohrprothese-geschutzt-640x853.jpg 640w, https:\/\/scholbach.de\/wp-content\/uploads\/2023\/03\/Li-Nierevene-Mit-Rohrprothese-geschutzt-rotated.jpg 1512w\" sizes=\"auto, (max-width: 225px) 100vw, 225px\" \/><\/a><p id=\"caption-attachment-7897\" class=\"wp-caption-text\">PTFE shield around the left renal vein protecting it from the compression from the aorta<\/p><\/div>\n<h2>Post-operative renal parenchymal perfusion measurement in November 2022 after additional decompression of the left renal vein by a PTFE-shield in July 2022<\/h2>\n<p><a href=\"https:\/\/scholbach.de\/wp-content\/uploads\/2023\/03\/Postop-PixelFlux-measurements-in-truncal-ataxia.jpg\"><img loading=\"lazy\" decoding=\"async\" class=\"aligncenter wp-image-7920 size-medium\" src=\"https:\/\/scholbach.de\/wp-content\/uploads\/2023\/03\/Postop-PixelFlux-measurements-in-truncal-ataxia-300x155.jpg\" alt=\"\" width=\"300\" height=\"155\" srcset=\"https:\/\/scholbach.de\/wp-content\/uploads\/2023\/03\/Postop-PixelFlux-measurements-in-truncal-ataxia-300x155.jpg 300w, https:\/\/scholbach.de\/wp-content\/uploads\/2023\/03\/Postop-PixelFlux-measurements-in-truncal-ataxia.jpg 605w\" sizes=\"auto, (max-width: 300px) 100vw, 300px\" \/><\/a>In an upright posture the left to right renal perfusion ratio was 12% and is now 31%.<\/p>\n<p>Altogether a much better perfusion of the left kidney was achieved by the operation increasing the flow volume towards the left kidney by 87%<\/p>\n<p>At the same time no blood flow across the tronc r\u00e9no-rachidi\u00e8n was detectable anymore whereas preoperatively about 1000 mL\/min have been pushed via the tronc r\u00e9no-rachidi\u00e8n into the epidural plexus. This caused a substantial pressurization of the cerebral spinal fluid with a subsequent session of the spinal cord.<\/p>\n<p>The reopening of the left renal vein by wrapping it with a PTFE graft made the flow across the tronc r\u00e9no-rachidi\u00e8n the clinical result is a complete disappearance of all neurological symptoms of the patient!<\/p>\n<p>We (Prof. Sandmann and me) thank the patient for her permission to publish this report and her videos and especially for her steadfastness in not giving up hope for a cure in the face of a progressive, severe disease that couldn&#8217;t be clarified in her home country!<\/p>\n<p>&nbsp;<\/p>\n<p>&nbsp;<\/p>\n<p>&nbsp;<\/p>\n<p>&nbsp;<\/p>\n<p>&nbsp;<\/p>\n<p>&nbsp;<\/p>","protected":false},"excerpt":{"rendered":"<p>Przepraszamy, ten wpis jest dost\u0119pny tylko w j\u0119zyku English, Deutsch, Fran\u00e7ais, Espa\u00f1ol, Italiano i Svenska.There are numerous consequences of a spinal cord congestion as a consequence of left renal vein and the left iliac vein compression in patients with midline congestion syndrome. The possible numerous clinical consequences are outlined on a separate page. I report [&hellip;]<\/p>\n","protected":false},"author":5,"featured_media":0,"parent":0,"menu_order":0,"comment_status":"closed","ping_status":"closed","template":"","meta":{"om_disable_all_campaigns":false,"footnotes":""},"class_list":["post-7907","page","type-page","status-publish","hentry"],"_links":{"self":[{"href":"https:\/\/scholbach.de\/pl\/wp-json\/wp\/v2\/pages\/7907","targetHints":{"allow":["GET"]}}],"collection":[{"href":"https:\/\/scholbach.de\/pl\/wp-json\/wp\/v2\/pages"}],"about":[{"href":"https:\/\/scholbach.de\/pl\/wp-json\/wp\/v2\/types\/page"}],"author":[{"embeddable":true,"href":"https:\/\/scholbach.de\/pl\/wp-json\/wp\/v2\/users\/5"}],"replies":[{"embeddable":true,"href":"https:\/\/scholbach.de\/pl\/wp-json\/wp\/v2\/comments?post=7907"}],"version-history":[{"count":17,"href":"https:\/\/scholbach.de\/pl\/wp-json\/wp\/v2\/pages\/7907\/revisions"}],"predecessor-version":[{"id":7975,"href":"https:\/\/scholbach.de\/pl\/wp-json\/wp\/v2\/pages\/7907\/revisions\/7975"}],"wp:attachment":[{"href":"https:\/\/scholbach.de\/pl\/wp-json\/wp\/v2\/media?parent=7907"}],"curies":[{"name":"wp","href":"https:\/\/api.w.org\/{rel}","templated":true}]}}