{"id":7577,"date":"2022-11-01T19:10:20","date_gmt":"2022-11-01T19:10:20","guid":{"rendered":"https:\/\/scholbach.de\/?page_id=7577"},"modified":"2026-03-02T08:18:27","modified_gmt":"2026-03-02T07:18:27","slug":"description-of-your-symptoms","status":"publish","type":"page","link":"https:\/\/scholbach.de\/pl\/description-of-your-symptoms","title":{"rendered":"Description of your symptoms"},"content":{"rendered":"<p><\/p>\n<p style=\"padding-left: 80px;\">Prosz\u0119 wype\u0142ni\u0107 poni\u017csz\u0105 <a href=\"https:\/\/scholbach.de\/wp-content\/uploads\/2025\/12\/lista-objawow.xlsx\">liste objaw\u00f3w<\/a> i odes\u0142a\u0107.<\/p>\n<p><\/p>","protected":false},"excerpt":{"rendered":"<p>Prosz\u0119 wype\u0142ni\u0107 poni\u017csz\u0105 liste objaw\u00f3w i odes\u0142a\u0107.<\/p>\n","protected":false},"author":5,"featured_media":0,"parent":0,"menu_order":0,"comment_status":"closed","ping_status":"closed","template":"","meta":{"om_disable_all_campaigns":true,"footnotes":""},"class_list":["post-7577","page","type-page","status-publish","hentry"],"_links":{"self":[{"href":"https:\/\/scholbach.de\/pl\/wp-json\/wp\/v2\/pages\/7577","targetHints":{"allow":["GET"]}}],"collection":[{"href":"https:\/\/scholbach.de\/pl\/wp-json\/wp\/v2\/pages"}],"about":[{"href":"https:\/\/scholbach.de\/pl\/wp-json\/wp\/v2\/types\/page"}],"author":[{"embeddable":true,"href":"https:\/\/scholbach.de\/pl\/wp-json\/wp\/v2\/users\/5"}],"replies":[{"embeddable":true,"href":"https:\/\/scholbach.de\/pl\/wp-json\/wp\/v2\/comments?post=7577"}],"version-history":[{"count":24,"href":"https:\/\/scholbach.de\/pl\/wp-json\/wp\/v2\/pages\/7577\/revisions"}],"predecessor-version":[{"id":10053,"href":"https:\/\/scholbach.de\/pl\/wp-json\/wp\/v2\/pages\/7577\/revisions\/10053"}],"wp:attachment":[{"href":"https:\/\/scholbach.de\/pl\/wp-json\/wp\/v2\/media?parent=7577"}],"curies":[{"name":"wp","href":"https:\/\/api.w.org\/{rel}","templated":true}]}}