{"id":74,"date":"2015-12-26T18:33:09","date_gmt":"2015-12-26T18:33:09","guid":{"rendered":"http:\/\/wp12612379.server-he.de\/?page_id=74"},"modified":"2025-12-12T18:22:52","modified_gmt":"2025-12-12T17:22:52","slug":"deutsch-durchblutungsmessung","status":"publish","type":"page","link":"https:\/\/scholbach.de\/pl\/wissenschaft\/deutsch-ultraschalldiagnostik\/deutsch-durchblutungsmessung","title":{"rendered":"Pomiar przep\u0142ywu krwi: metoda PixelFlux"},"content":{"rendered":"<p><strong>Rola kr\u0105\u017cenia krwi w organizmie cz\u0142owieka<\/strong><\/p>\n<p>Kr\u0105\u017cenie krwi jest wa\u017cn\u0105 podstaw\u0105 dla wa\u017cnych funkcji \u017cyciowych organizmu. Poprzez kr\u0105\u017cenie krwi, organy i tkanki s\u0105 dostarczane mi\u0119dzy innymi z tlenem, hormonami i energi\u0105. Uk\u0142ad krwiono\u015bny odgrywa r\u00f3wnie\u017c wa\u017cn\u0105 rol\u0119 w odpowiedzi immunologicznej organizmu, poniewa\u017c transportuje on kom\u00f3rki obronne na przyk\u0142ad do miejsca zapalenia.<\/p>\n<p>Zaopatrzenie w krew organu zale\u017cy od wielu czynnik\u00f3w. W zdrowym stanie, kr\u0105\u017cenie krwi wzrasta szczeg\u00f3lnie wtedy, gdy organ potrzebuje wi\u0119cej energii. Na przyk\u0142ad, kr\u0105\u017cenie krwi w mi\u0119\u015bniach zwi\u0119ksza si\u0119, gdy mi\u0119\u015bnie pracuj\u0105, poniewa\u017c musz\u0105 by\u0107 zaopatrywane w wi\u0119cej tlenu. Podobnie, intensywne czynno\u015bci umys\u0142owe, na przyk\u0142ad, znajduj\u0105 odzwierciedlenie w zwi\u0119kszonym obiegu krwi w m\u00f3zgu.<\/p>\n<p>Ale tak\u017ce patologicznym zaburzeniom funkcji \u017cyciowych cz\u0119sto towarzyszy zmienione kr\u0105\u017cenie krwi. Dlatego te\u017c zmienione kr\u0105\u017cenie krwi cz\u0119sto wskazuje na pewne nieprawid\u0142owo\u015bci w funkcjonowaniu organizmu: zwi\u0119kszone kr\u0105\u017cenie krwi cz\u0119sto wskazuje na stan zapalny: Organizm pr\u00f3buje przeciwdzia\u0142a\u0107 zapaleniu poprzez transportowanie kom\u00f3rek odporno\u015bciowych na miejsce zdarzenia zapalnego w celu zwalczania przyczyny zapalenia (np. bakterii). Obni\u017cony przep\u0142yw krwi, z drugiej strony, cz\u0119sto wyst\u0119puje w przebiegu chor\u00f3b przewlek\u0142ych. Przewlek\u0142e zapalenie nerek, na przyk\u0142ad, powoduje stopniowe zacieranie si\u0119 drobnych naczy\u0144 nerkowych &#8211; co prowadzi do pogorszenia ukrwienia nerek.<\/p>\n<p><strong>Metoda Pixelflux &#8211; jak mierzone jest kr\u0105\u017cenie krwi?<\/strong><\/p>\n<p>Je\u015bli mo\u017cna zmierzy\u0107 kr\u0105\u017cenie krwi, mo\u017cna bardzo precyzyjnie okre\u015bli\u0107 stan narz\u0105d\u00f3w i przebieg wielu chor\u00f3b. Dlatego wsp\u00f3lnie z firm\u0105 Chameleon Software opracowa\u0142em metod\u0119 pomiaru kr\u0105\u017cenia krwi na podstawie kolorowych, dupleksowych zdj\u0119\u0107 ultrad\u017awi\u0119kowych. Oprogramowanie PixelFlux ocenia informacje kolorystyczne w filmach ultrasonograficznych i oblicza ilo\u015b\u0107 krwi przep\u0142ywaj\u0105cej przez naczynie w danym czasie (pr\u0119dko\u015b\u0107 obszaru czasowego = obj\u0119to\u015b\u0107 w czasie).<\/p>\n<p><strong>PixelFlux w por\u00f3wnaniu z innymi procedurami diagnostycznymi<\/strong><\/p>\n<p>Rozdzielczo\u015b\u0107 przestrzenna i czasowa obraz\u00f3w ultrad\u017awi\u0119kowych jest wy\u017csza ni\u017c w przypadku innych technik obrazowania, takich jak tomografia komputerowa (TK) lub rezonans magnetyczny (MRI). W rezultacie, w pewnych okoliczno\u015bciach mo\u017cna rozpozna\u0107 wi\u0119cej szczeg\u00f3\u0142\u00f3w, kt\u00f3re mog\u0105 by\u0107 istotne dla diagnostyki. Istniej\u0105 jednak granice ultrad\u017awi\u0119k\u00f3w, w kt\u00f3rych fale d\u017awi\u0119kowe uderzaj\u0105 w ko\u015b\u0107 lub powietrze.<\/p>\n<p>Badanie PixelFlux mo\u017ce mierzy\u0107 ostre i przewlek\u0142e stany zapalne, w przypadku gdy inne metody oparte na badaniach krwi cz\u0119sto nie dostarczaj\u0105 \u017cadnych informacji lub gdy nie jest jasne, gdzie znajduje si\u0119 ognisko choroby. Zosta\u0142o to udowodnione, by wymieni\u0107 tylko jeden z wielu przyk\u0142ad\u00f3w, dla przewlek\u0142ych zapalnych chor\u00f3b jelit, takich jak choroba Le\u015bniowskiego-Crohna i wrzodziej\u0105ce zapalenie jelita grubego.<\/p>\n<p>Medyczne obszary zastosowania pomiaru przep\u0142ywu krwi s\u0105 niezwykle zr\u00f3\u017cnicowane. Na przyk\u0142ad, przep\u0142yw krwi mo\u017ce by\u0107 u\u017cyty jako u\u017cyteczne kryterium oceny niekt\u00f3rych nowotwor\u00f3w. Stan przeszczepionej nerki mo\u017ce by\u0107 r\u00f3wnie\u017c dobrze monitorowany za pomoc\u0105 pomiaru przep\u0142ywu krwi &#8211; przep\u0142yw krwi w nerce zmienia si\u0119 nawet przed stopniowym spadkiem przeszczepionej nerki mo\u017ce by\u0107 wykryty w pr\u00f3bkach tkanek. Ze wzgl\u0119du na centraln\u0105 rol\u0119 kr\u0105\u017cenia krwi w ludzkim organizmie, mo\u017cna sobie wyobrazi\u0107 wiele innych obszar\u00f3w zastosowania.<\/p>\n<p>Kolejn\u0105 zalet\u0105 pomiaru przep\u0142ywu krwi przy u\u017cyciu PixelFlux w por\u00f3wnaniu z innymi procedurami diagnostycznymi jest du\u017cy komfort badania dla pacjent\u00f3w. Badanie ultrasonograficzne wykonuje si\u0119 bez znieczulenia, a nawet narkozy, bez nara\u017cenia na promieniowanie, bez interwencji, bez pobierania pr\u00f3bki krwi, a tak\u017ce bez innych uci\u0105\u017cliwych lub nieprzyjemnych preparat\u00f3w.<\/p>\n<p><strong>Korzy\u015bci p\u0142yn\u0105ce z pomiaru przep\u0142ywu krwi za pomoc\u0105 PixelFlux<\/strong><\/p>\n<p>Dzi\u0119ki pomiarowi przep\u0142ywu krwi (pomiar perfuzji) za pomoc\u0105 PixelFlux mo\u017cna wykry\u0107, opisa\u0107 i zaobserwowa\u0107 wiele chor\u00f3b. Dlatego te\u017c diagnoz\u0119 ka\u017cdego pacjenta mo\u017cna cz\u0119sto postawi\u0107 wcze\u015bniej, pewniej i dok\u0142adniej, ni\u017c by\u0142oby to mo\u017cliwe w innym przypadku. W ten spos\u00f3b skraca si\u0119 czas cierpienia, cz\u0119sto perspektywy wyleczenia s\u0105 lepsze, je\u015bli choroba mo\u017ce by\u0107 wykryta wcze\u015bniej.<\/p>\n<p>Jednak pomiar przep\u0142ywu krwi odgrywa r\u00f3wnie\u017c pewn\u0105 rol\u0119 w terapii: poniewa\u017c przy skutecznej terapii przep\u0142yw krwi normalizuje si\u0119. To r\u00f3wnie\u017c mo\u017ce by\u0107 mierzone tak dok\u0142adnie, \u017ce \u017cadna inna dost\u0119pna metoda nie jest w stanie zmierzy\u0107 go bezpo\u015brednio w tkance dotkni\u0119tej chorob\u0105. W ten spos\u00f3b w pewnych sytuacjach mo\u017cna \u015bci\u015ble monitorowa\u0107 efekt, ale tak\u017ce skutki uboczne danego leku. Ka\u017cdy pacjent inaczej reaguje na terapi\u0119. W metodzie PixelFlux efekt terapeutyczny mo\u017ce by\u0107 mierzony indywidualnie &#8211; zob.<br \/>\n*** Przet\u0142umacz z T\u0142umaczem DeepL (wersja darmowa). ***<\/p>","protected":false},"excerpt":{"rendered":"<p>Rola kr\u0105\u017cenia krwi w organizmie cz\u0142owieka Kr\u0105\u017cenie krwi jest wa\u017cn\u0105 podstaw\u0105 dla wa\u017cnych funkcji \u017cyciowych organizmu. Poprzez kr\u0105\u017cenie krwi, organy i tkanki s\u0105 dostarczane mi\u0119dzy innymi z tlenem, hormonami i energi\u0105. Uk\u0142ad krwiono\u015bny odgrywa r\u00f3wnie\u017c wa\u017cn\u0105 rol\u0119 w odpowiedzi immunologicznej organizmu, poniewa\u017c transportuje on kom\u00f3rki obronne na przyk\u0142ad do miejsca zapalenia. Zaopatrzenie w krew organu [&hellip;]<\/p>\n","protected":false},"author":4,"featured_media":0,"parent":93,"menu_order":3,"comment_status":"closed","ping_status":"closed","template":"","meta":{"om_disable_all_campaigns":false,"footnotes":""},"class_list":["post-74","page","type-page","status-publish","hentry"],"_links":{"self":[{"href":"https:\/\/scholbach.de\/pl\/wp-json\/wp\/v2\/pages\/74","targetHints":{"allow":["GET"]}}],"collection":[{"href":"https:\/\/scholbach.de\/pl\/wp-json\/wp\/v2\/pages"}],"about":[{"href":"https:\/\/scholbach.de\/pl\/wp-json\/wp\/v2\/types\/page"}],"author":[{"embeddable":true,"href":"https:\/\/scholbach.de\/pl\/wp-json\/wp\/v2\/users\/4"}],"replies":[{"embeddable":true,"href":"https:\/\/scholbach.de\/pl\/wp-json\/wp\/v2\/comments?post=74"}],"version-history":[{"count":39,"href":"https:\/\/scholbach.de\/pl\/wp-json\/wp\/v2\/pages\/74\/revisions"}],"predecessor-version":[{"id":9908,"href":"https:\/\/scholbach.de\/pl\/wp-json\/wp\/v2\/pages\/74\/revisions\/9908"}],"up":[{"embeddable":true,"href":"https:\/\/scholbach.de\/pl\/wp-json\/wp\/v2\/pages\/93"}],"wp:attachment":[{"href":"https:\/\/scholbach.de\/pl\/wp-json\/wp\/v2\/media?parent=74"}],"curies":[{"name":"wp","href":"https:\/\/api.w.org\/{rel}","templated":true}]}}