{"id":70,"date":"2015-12-26T18:32:18","date_gmt":"2015-12-26T18:32:18","guid":{"rendered":"http:\/\/wp12612379.server-he.de\/?page_id=70"},"modified":"2020-04-05T14:16:06","modified_gmt":"2020-04-05T14:16:06","slug":"deutsch-durchblutungsmessung-des-fotus","status":"publish","type":"page","link":"https:\/\/scholbach.de\/pl\/wissenschaft\/deutsch-ultraschalldiagnostik\/deutsch-durchblutungsmessung\/deutsch-durchblutungsmessung-des-fotus","title":{"rendered":"Pomiar przep\u0142ywu krwi p\u0142odowej"},"content":{"rendered":"<p>Dop\u0142yw krwi do nienarodzonego dziecka jest kluczowy dla jego zdrowego rozwoju. Tr\u00f3jwymiarowy pomiar przep\u0142ywu krwi mo\u017ce by\u0107 u\u017cyty podczas badania ultrasonograficznego kobiety ci\u0119\u017carnej, aby dok\u0142adnie zmierzy\u0107, ile krwi bogatej w tlen przep\u0142ywa z \u0142o\u017cyska do dziecka. Braki dziecka mog\u0105 by\u0107 wykryte, na przyk\u0142ad, zanim ulegnie ono rozrostowi.<br \/>\nPodstaw\u0105 nowego tr\u00f3jwymiarowego pomiaru perfuzji u p\u0142od\u00f3w jest tr\u00f3jwymiarowe kolorowe badanie ultrasonograficzne dopplerowskie \u017cy\u0142y p\u0119pkowej. Dzi\u0119ki technologii PixelFlux, po raz pierwszy mo\u017cna wiarygodnie zmierzy\u0107 ilo\u015b\u0107 krwi, kt\u00f3r\u0105 dziecko otrzymuje od matki.<\/p>\n<p>Procedura jest na tyle dok\u0142adna, \u017ce po raz pierwszy na \u015bwiecie byli\u015bmy w stanie wykry\u0107 i zmierzy\u0107 pulsacj\u0119 \u017cy\u0142y p\u0119pkowej w \u0142onie matki (<a href=\"http:\/\/Dop\u0142yw krwi do nienarodzonego dziecka jest kluczowy dla jego zdrowego rozwoju. Tr\u00f3jwymiarowy pomiar przep\u0142ywu krwi mo\u017ce by\u0107 u\u017cyty podczas badania ultrasonograficznego kobiety ci\u0119\u017carnej, aby dok\u0142adnie zmierzy\u0107, ile krwi bogatej w tlen przep\u0142ywa z \u0142o\u017cyska do dziecka. Braki dziecka mog\u0105 by\u0107 wykryte, na przyk\u0142ad, zanim ulegnie ono rozrostowi. Podstaw\u0105 nowego tr\u00f3jwymiarowego pomiaru perfuzji u p\u0142od\u00f3w jest tr\u00f3jwymiarowe kolorowe badanie ultrasonograficzne dopplerowskie \u017cy\u0142y p\u0119pkowej. Dzi\u0119ki technologii PixelFlux, po raz pierwszy mo\u017cna wiarygodnie zmierzy\u0107 ilo\u015b\u0107 krwi, kt\u00f3r\u0105 dziecko otrzymuje od matki. Procedura jest na tyle dok\u0142adna, \u017ce po raz pierwszy na \u015bwiecie byli\u015bmy w stanie wykry\u0107 i zmierzy\u0107 pulsacj\u0119 \u017cy\u0142y p\u0119pkowej w \u0142onie matki (prezentacja na Europejskim Kongresie Ultrasonograficznym 2015). Wierzymy, \u017ce znale\u017ali\u015bmy nowy mechanizm regulacyjny, kt\u00f3ry poprawia przep\u0142yw krwi p\u0142odowej. Na potrzeby tego odkrycia opracowali\u015bmy (Thomas Scholbach (Praktyka Pediatryczna w Lipsku\/Kameleon-Software), Claudia Heien (Uni Stavanger) i Torbjorn Eggebo (Uni Trondheim) I Europejska Nagroda Ultrasonograficzna (First E-Poster Award) 2015 zdobyta w Atenach Prosz\u0119 zwr\u00f3ci\u0107 uwag\u0119 na nasze uwagi na wyja\u015bnienia medyczne na tej stronie.\">prezentacja na Europejskim Kongresie Ultrasonograficznym 2015<\/a>). Wierzymy, \u017ce znale\u017ali\u015bmy nowy mechanizm regulacyjny, kt\u00f3ry poprawia przep\u0142yw krwi p\u0142odowej. Na potrzeby tego odkrycia opracowali\u015bmy (Thomas Scholbach (Praktyka Pediatryczna w Lipsku\/Kameleon-Software), Claudia Heien (Uni Stavanger) i Torbjorn Eggebo (Uni Trondheim)<br \/>\n<a href=\"http:\/\/www.degum.de\/nc\/aktuelles\/degum-ultraschall\/im-detail\/news\/mitglied-der-sektion-paediatrie-auf-dem-euroson-kongress-ausgezeichnet.html\">I Europejska Nagroda Ultrasonograficzna (First E-Poster Award) 2015<\/a> zdobyta w Atenach<\/p>\n<p>Prosz\u0119 zwr\u00f3ci\u0107 uwag\u0119 na nasze uwagi na wyja\u015bnienia medyczne na tej stronie.<\/p>","protected":false},"excerpt":{"rendered":"<p>Dop\u0142yw krwi do nienarodzonego dziecka jest kluczowy dla jego zdrowego rozwoju. Tr\u00f3jwymiarowy pomiar przep\u0142ywu krwi mo\u017ce by\u0107 u\u017cyty podczas badania ultrasonograficznego kobiety ci\u0119\u017carnej, aby dok\u0142adnie zmierzy\u0107, ile krwi bogatej w tlen przep\u0142ywa z \u0142o\u017cyska do dziecka. Braki dziecka mog\u0105 by\u0107 wykryte, na przyk\u0142ad, zanim ulegnie ono rozrostowi. Podstaw\u0105 nowego tr\u00f3jwymiarowego pomiaru perfuzji u p\u0142od\u00f3w jest [&hellip;]<\/p>\n","protected":false},"author":4,"featured_media":0,"parent":74,"menu_order":2,"comment_status":"closed","ping_status":"closed","template":"","meta":{"om_disable_all_campaigns":false,"footnotes":""},"class_list":["post-70","page","type-page","status-publish","hentry"],"_links":{"self":[{"href":"https:\/\/scholbach.de\/pl\/wp-json\/wp\/v2\/pages\/70","targetHints":{"allow":["GET"]}}],"collection":[{"href":"https:\/\/scholbach.de\/pl\/wp-json\/wp\/v2\/pages"}],"about":[{"href":"https:\/\/scholbach.de\/pl\/wp-json\/wp\/v2\/types\/page"}],"author":[{"embeddable":true,"href":"https:\/\/scholbach.de\/pl\/wp-json\/wp\/v2\/users\/4"}],"replies":[{"embeddable":true,"href":"https:\/\/scholbach.de\/pl\/wp-json\/wp\/v2\/comments?post=70"}],"version-history":[{"count":23,"href":"https:\/\/scholbach.de\/pl\/wp-json\/wp\/v2\/pages\/70\/revisions"}],"predecessor-version":[{"id":4432,"href":"https:\/\/scholbach.de\/pl\/wp-json\/wp\/v2\/pages\/70\/revisions\/4432"}],"up":[{"embeddable":true,"href":"https:\/\/scholbach.de\/pl\/wp-json\/wp\/v2\/pages\/74"}],"wp:attachment":[{"href":"https:\/\/scholbach.de\/pl\/wp-json\/wp\/v2\/media?parent=70"}],"curies":[{"name":"wp","href":"https:\/\/api.w.org\/{rel}","templated":true}]}}