{"id":66,"date":"2015-12-26T18:31:13","date_gmt":"2015-12-26T18:31:13","guid":{"rendered":"http:\/\/wp12612379.server-he.de\/?page_id=66"},"modified":"2022-01-26T12:29:01","modified_gmt":"2022-01-26T12:29:01","slug":"deutsch-gefaskompressionen","status":"publish","type":"page","link":"https:\/\/scholbach.de\/pl\/wissenschaft\/deutsch-ultraschalldiagnostik\/deutsch-gefaskompressionen","title":{"rendered":"Zespo\u0142y ucisku naczyniowego"},"content":{"rendered":"<p>Zespo\u0142y ucisku naczyniowego s\u0105 z jednej strony cz\u0119sto ma\u0142o znane nawet lekarzom, a z drugiej strony s\u0105 przyczyn\u0105 wielu pozornie niezwi\u0105zanych ze sob\u0105 objaw\u00f3w w r\u00f3\u017cnych regionach cia\u0142a. Zgodnie ze standardow\u0105 diagnostyk\u0105, cz\u0119sto przyjmuje si\u0119 lub zak\u0142ada psychologiczn\u0105 przyczyn\u0119 dolegliwo\u015bci somatycznych.<\/p>\n<p>Je\u017celi zespo\u0142y ucisku naczyniowego nie zosta\u0142y jeszcze wzi\u0119te pod uwag\u0119, mo\u017ce to prowadzi\u0107 do rozpaczy, utraty poczucia w\u0142asnej warto\u015bci, a w niekt\u00f3rych przypadkach do zagra\u017caj\u0105cego \u017cyciu wycie\u0144czenia pacjenta.<\/p>\n<p>Pacjenci znajd\u0105 tutaj <a href=\"https:\/\/scholbach.de\/checkliste-gefaesskompressionssyndrome\">list\u0119 kontroln\u0105<\/a> objaw\u00f3w zespo\u0142\u00f3w ucisku naczyniowego.<\/p>\n<p>Oczywi\u015bcie najpierw nale\u017cy przeprowadzi\u0107 konwencjonaln\u0105 diagnoz\u0119 skarg. Je\u015bli nie ma wyja\u015bnie\u0144 dla objaw\u00f3w, to je\u015bli objawy wymienione na li\u015bcie kontrolnej kumuluj\u0105 si\u0119, nale\u017cy szuka\u0107 zespo\u0142\u00f3w ucisku naczyniowego.<\/p>\n<p>W tym przypadku funkcjonalna sonografia kolorowa z technik\u0105 PixelFlux jest lepsza od wszystkich innych metod.<\/p>\n<p>Twoje zalety to:<\/p>\n<p>pe\u0142ne uwzgl\u0119dnienie specyficznych potrzeb pacjenta.<\/p>\n<p>Dochodzenia w dok\u0142adnych okoliczno\u015bciach, w kt\u00f3rych pojawiaj\u0105 si\u0119 skargi<\/p>\n<p>w r\u00f3\u017cnych pozycjach cia\u0142a i pozycjach.<\/p>\n<p>w r\u00f3\u017cnych fazach oddychania<\/p>\n<p>przed, w trakcie i po jedzeniu i piciu, &#8211; przed, w trakcie i po jedzeniu i piciu.<\/p>\n<p>po wyzwoleniu obci\u0105\u017cenia: d\u0142u\u017csze przebywanie w pozycji stoj\u0105cej, biegn\u0105cej, siedz\u0105cej<\/p>\n<p>najwy\u017csza rozdzielczo\u015b\u0107 przestrzenna wszystkich metod obrazowania<\/p>\n<p>a wi\u0119c najbardziej zr\u00f3\u017cnicowana reprezentacja szczeg\u00f3\u0142owa.<\/p>\n<p>najwy\u017csza rozdzielczo\u015b\u0107 czasowa wszystkich proces\u00f3w obrazowania.<\/p>\n<p>w ten spos\u00f3b najbardziej zr\u00f3\u017cnicowana reprezentacja funkcji organizmu, takich jak przep\u0142yw krwi, ruch jelit, ruch serca, transport \u017cywno\u015bci.<\/p>\n<p>Pomiar przep\u0142ywu krwi<\/p>\n<p>Natychmiastowe wy\u015bwietlanie anomalii kr\u0105\u017cenia krwi za pomoc\u0105 wysokiej klasy urz\u0105dze\u0144.<\/p>\n<p>Przes\u0142uchiwanie pacjenta podczas badania na temat zaobserwowanych nieprawid\u0142owo\u015bci &#8211; a tym samym wyra\u017ane przyporz\u0105dkowanie wynik\u00f3w do skarg.<\/p>\n<p>Jednoczesne badanie fizyczne pacjenta<\/p>\n<p>Dostosowanie procesu badania do obecnej sytuacji poprzez powt\u00f3rzenie niekt\u00f3rych cz\u0119\u015bci badania<\/p>\n<p>Wyja\u015bnienie wszystkich objaw\u00f3w w ramach jednej procedury badania<\/p>\n<p>Pomiar interakcji pomi\u0119dzy r\u00f3\u017cnymi zespo\u0142ami uciskowymi<\/p>\n<p>Odtwarzalne pomiary dzi\u0119ki standaryzowanej technologii PixelFlux (nagrodzonej Europejsk\u0105 Nagrod\u0105 Ultrad\u017awi\u0119kow\u0105).<\/p>\n<p>Precyzyjne stwierdzenia dotycz\u0105ce dzia\u0142ania lek\u00f3w i terapii chirurgicznych dzi\u0119ki technologii PixelFlux.<\/p>\n<p>Jasne ustalenia<\/p>\n<p>Jasne zalecenia dotycz\u0105ce leczenia<\/p>\n<p>po jednym badaniu (czas trwania 1-2 godziny)<\/p>\n<p>Wa\u017cnym ograniczeniem jest utrudnianie badania powietrzem w jelitach i p\u0142ucach.<\/p>\n<p>Przyk\u0142adem indywidualnej diagnostyki i terapii z wykorzystaniem pomiaru przep\u0142ywu krwi jest szeroki zakres objaw\u00f3w zwi\u0105zanych z uciskiem naczyniowym w jamie brzusznej (<a href=\"http:\/\/wp12612379.server-he.de\/wp-content\/uploads\/2015\/12\/20140731-Gef\u00e4\u00dfkompressionsph\u00e4nomene.pdf\">pobierz ilustrowany przegl\u0105d dla pacjent\u00f3w<\/a>).<\/p>\n<p>B\u00f3l brzucha cz\u0119sto ma przyczyn\u0119, kt\u00f3ra jest \u0142atwa do wyja\u015bnienia, zw\u0142aszcza je\u015bli pojawia si\u0119 nagle lub jest wyra\u017anie zwi\u0105zany z innymi objawami (np. biegunka, wymioty, gor\u0105czka). Je\u015bli jednak b\u00f3l brzucha utrzymuje si\u0119 przez d\u0142u\u017cszy czas, tygodnie lub miesi\u0105ce, cz\u0119sto konieczne jest przeprowadzenie szeroko zakrojonych bada\u0144 w celu wyja\u015bnienia jego przyczyny. Czasami nawet wtedy \u017ar\u00f3d\u0142o b\u00f3lu pozostaje tajemnicze, tak \u017ce przyczyny psychologiczne i warunki \u017cycia s\u0105 r\u00f3wnie\u017c uwa\u017cane za g\u0142\u00f3wne lub wsp\u00f3\u0142wyzwalacze.<\/p>\n<p>Niewiele wiadomo jednak o tym, \u017ce niekt\u00f3rzy pacjenci cierpi\u0105 z powodu konsekwencji ucisku naczyniowego lub z powodu naczy\u0144 w jamie brzusznej, tzw. zespo\u0142\u00f3w ucisku naczyniowego. Naczynia krwiono\u015bne s\u0105 uwi\u0119zione pomi\u0119dzy innymi naczyniami lub organami. Hamuje to normalny przep\u0142yw krwi, co mo\u017ce prowadzi\u0107 do wielu r\u00f3\u017cnych objaw\u00f3w w indywidualnych przypadkach. Poniewa\u017c te zdj\u0119cia kliniczne, opr\u00f3cz b\u00f3lu, wykazuj\u0105 r\u00f3wnie\u017c liczne inne, pozornie niezwi\u0105zane z tym symptomy, takie jak nudno\u015bci, zawroty g\u0142owy, trudno\u015bci w oddychaniu (zw\u0142aszcza wdychanie), utrata apetytu i szybkie poczucie pe\u0142ni, staj\u0105c si\u0119 czarnymi przed oczami; zaburzenia kr\u0105\u017cenia i indywidualne epizody biegunki mog\u0105 wywo\u0142a\u0107, cz\u0119sto trwa to lata przed postawieniem diagnozy.<\/p>\n<p>Z okazji Europejskiego Kongresu Ultrasonograficznego EUROSON Ljubljana, 22-24 wrze\u015bnia 2017 r., p<a href=\"https:\/\/scholbach.de\/lordogenetisches-mittellinensyndrom\">rzedstawiam now\u0105 koncepcj\u0119 ca\u0142o\u015bciowego spojrzenia<\/a> na liczne zespo\u0142y ucisku naczyniowego w jamie brzusznej, wyja\u015bnion\u0105 na nast\u0119pnej stronie.<\/p>\n<p>*** Przet\u0142umacz z T\u0142umaczem DeepL (wersja darmowa). ***<\/p>","protected":false},"excerpt":{"rendered":"<p>Zespo\u0142y ucisku naczyniowego s\u0105 z jednej strony cz\u0119sto ma\u0142o znane nawet lekarzom, a z drugiej strony s\u0105 przyczyn\u0105 wielu pozornie niezwi\u0105zanych ze sob\u0105 objaw\u00f3w w r\u00f3\u017cnych regionach cia\u0142a. Zgodnie ze standardow\u0105 diagnostyk\u0105, cz\u0119sto przyjmuje si\u0119 lub zak\u0142ada psychologiczn\u0105 przyczyn\u0119 dolegliwo\u015bci somatycznych. Je\u017celi zespo\u0142y ucisku naczyniowego nie zosta\u0142y jeszcze wzi\u0119te pod uwag\u0119, mo\u017ce to prowadzi\u0107 do [&hellip;]<\/p>\n","protected":false},"author":4,"featured_media":0,"parent":93,"menu_order":4,"comment_status":"closed","ping_status":"closed","template":"","meta":{"om_disable_all_campaigns":false,"footnotes":""},"class_list":["post-66","page","type-page","status-publish","hentry"],"_links":{"self":[{"href":"https:\/\/scholbach.de\/pl\/wp-json\/wp\/v2\/pages\/66","targetHints":{"allow":["GET"]}}],"collection":[{"href":"https:\/\/scholbach.de\/pl\/wp-json\/wp\/v2\/pages"}],"about":[{"href":"https:\/\/scholbach.de\/pl\/wp-json\/wp\/v2\/types\/page"}],"author":[{"embeddable":true,"href":"https:\/\/scholbach.de\/pl\/wp-json\/wp\/v2\/users\/4"}],"replies":[{"embeddable":true,"href":"https:\/\/scholbach.de\/pl\/wp-json\/wp\/v2\/comments?post=66"}],"version-history":[{"count":55,"href":"https:\/\/scholbach.de\/pl\/wp-json\/wp\/v2\/pages\/66\/revisions"}],"predecessor-version":[{"id":7116,"href":"https:\/\/scholbach.de\/pl\/wp-json\/wp\/v2\/pages\/66\/revisions\/7116"}],"up":[{"embeddable":true,"href":"https:\/\/scholbach.de\/pl\/wp-json\/wp\/v2\/pages\/93"}],"wp:attachment":[{"href":"https:\/\/scholbach.de\/pl\/wp-json\/wp\/v2\/media?parent=66"}],"curies":[{"name":"wp","href":"https:\/\/api.w.org\/{rel}","templated":true}]}}