{"id":62,"date":"2015-12-26T18:30:34","date_gmt":"2015-12-26T18:30:34","guid":{"rendered":"http:\/\/wp12612379.server-he.de\/?page_id=62"},"modified":"2020-04-05T14:15:44","modified_gmt":"2020-04-05T14:15:44","slug":"deutsch-chronische-krankheiten-diabetes-rheuma-malignome","status":"publish","type":"page","link":"https:\/\/scholbach.de\/pl\/wissenschaft\/deutsch-ultraschalldiagnostik\/deutsch-durchblutungsmessung\/deutsch-chronische-krankheiten-diabetes-rheuma-malignome","title":{"rendered":"Choroby przewlek\u0142e"},"content":{"rendered":"<p>Niekt\u00f3re choroby przewlek\u0142e powoduj\u0105 na d\u0142u\u017csz\u0105 met\u0119 uszkodzenia narz\u0105d\u00f3w. Prowadzi to regularnie do ograniczenia kr\u0105\u017cenia krwi. Dzi\u0119ki pomiarowi kr\u0105\u017cenia krwi mo\u017cna zatem bardzo dok\u0142adnie okre\u015bli\u0107 aktualny stan choroby. Poni\u017csze przyk\u0142ady pokazuj\u0105 mo\u017cliwo\u015bci pomiaru przep\u0142ywu krwi w tym zakresie.<\/p>\n<p><strong>Przewlek\u0142e choroby nerek<\/strong><\/p>\n<p>Poni\u017cszy rysunek przedstawia nerk\u0119 z przewlek\u0142ym upo\u015bledzeniem czynno\u015bciowym po lewej stronie. Odzwierciedla si\u0119 to w zmniejszonym przep\u0142ywie krwi, co z kolei widoczne jest w kolorowym obrazie USG Doppler, ze wzgl\u0119du na znacznie zmniejszone zabarwienie. Dla por\u00f3wnania, nerka o dobrej funkcji i odpowiednio silnym zabarwieniu jest pokazana po prawej stronie. Na podstawie warto\u015bci por\u00f3wnawczych z osobami zdrowymi mo\u017cna oceni\u0107 stopie\u0144 uszkodzenia nerek poprzez pomiar przep\u0142ywu krwi, kt\u00f3ry jest wa\u017cnym elementem leczenia.<\/p>\n<p>&nbsp;<\/p>\n<p><img decoding=\"async\" class=\"alignnone size-large wp-image-335\" src=\"http:\/\/wp12612379.server-he.de\/wp-content\/uploads\/2015\/12\/Nierenentzuendung-1024x383.jpg\" alt=\"\" width=\"100%\" height=\"auto\" srcset=\"https:\/\/scholbach.de\/wp-content\/uploads\/2015\/12\/Nierenentzuendung-1024x383.jpg 1024w, https:\/\/scholbach.de\/wp-content\/uploads\/2015\/12\/Nierenentzuendung-300x112.jpg 300w, https:\/\/scholbach.de\/wp-content\/uploads\/2015\/12\/Nierenentzuendung.jpg 1075w\" sizes=\"(max-width: 1024px) 100vw, 1024px\" \/><\/p>\n<p>DiPomiar przep\u0142ywu krwi ilustruje stopie\u0144 upo\u015bledzenia czynno\u015bci nerek na powy\u017cszym rysunku po lewej stronie:<\/p>\n<p><img decoding=\"async\" class=\"alignnone size-large wp-image-433\" src=\"http:\/\/wp12612379.server-he.de\/wp-content\/uploads\/2015\/12\/NI-Diagramm-1024x576.jpg\" alt=\"NI Diagramm\" width=\"100%\" height=\"auto\" srcset=\"https:\/\/scholbach.de\/wp-content\/uploads\/2015\/12\/NI-Diagramm-1024x576.jpg 1024w, https:\/\/scholbach.de\/wp-content\/uploads\/2015\/12\/NI-Diagramm-300x169.jpg 300w, https:\/\/scholbach.de\/wp-content\/uploads\/2015\/12\/NI-Diagramm.jpg 1280w\" sizes=\"(max-width: 1024px) 100vw, 1024px\" \/><\/p>\n<p><strong>Diagnostyka tarczycy<\/strong><\/p>\n<p>Po lewej stronie zdj\u0119cia widoczny jest w\u0119ze\u0142 tarczycy na &#8222;prostym&#8221; obrazie USG, po prawej stronie zdrowa tkanka tarczycy. Poni\u017cej przedstawiono odpowiedni kolorowy dupleksowy obraz sonograficzny: W\u0119ze\u0142 pokazuje zak\u0142\u00f3con\u0105 architektur\u0119 naczyniow\u0105 i ekstremalne kr\u0105\u017cenie krwi. Po prawej stronie obserwuje si\u0119 normalne kr\u0105\u017cenie krwi:<\/p>\n<p>&nbsp;<\/p>\n<p><img decoding=\"async\" class=\"alignnone size-full wp-image-306\" src=\"http:\/\/wp12612379.server-he.de\/wp-content\/uploads\/2016\/06\/thyr-diagn.jpg\" alt=\"Schilddr\u00fcsendiagnostik\" width=\"100%\" height=\"auto\" srcset=\"https:\/\/scholbach.de\/wp-content\/uploads\/2016\/06\/thyr-diagn.jpg 882w, https:\/\/scholbach.de\/wp-content\/uploads\/2016\/06\/thyr-diagn-300x188.jpg 300w\" sizes=\"(max-width: 882px) 100vw, 882px\" \/><\/p>\n<p><strong>Rak tarczycy<\/strong><\/p>\n<p>Rak tarczycy wykazuje 20-krotnie wi\u0119ksz\u0105 intensywno\u015b\u0107 perfuzji w por\u00f3wnaniu do normalnej tkanki tarczycy.<\/p>\n<p><strong>Perfuzja guzowa<\/strong><\/p>\n<p>Pomiar perfuzji organ\u00f3w mo\u017ce by\u0107 r\u00f3wnie\u017c wykorzystany do oceny wp\u0142ywu chemioterapii na guz i otaczaj\u0105c\u0105 go zdrow\u0105 tkank\u0119. Poni\u017cszy diagram pokazuje, jak chemioterapia wp\u0142ywa na dop\u0142yw krwi do guza w\u0105troby: Dop\u0142yw krwi do tkanki guza jest ca\u0142kowicie zmniejszony, dop\u0142yw krwi do zdrowej tkanki w\u0105troby jest tylko nieznacznie zmieniony:<\/p>\n<p><img decoding=\"async\" class=\"alignnone size-large wp-image-437\" src=\"http:\/\/wp12612379.server-he.de\/wp-content\/uploads\/2015\/12\/Folie23-1024x576.jpg\" alt=\"Durchblutungsmessung eines Lebertumors unter Chemotherapie\" width=\"100%\" height=\"auto\" srcset=\"https:\/\/scholbach.de\/wp-content\/uploads\/2015\/12\/Folie23-1024x576.jpg 1024w, https:\/\/scholbach.de\/wp-content\/uploads\/2015\/12\/Folie23-300x169.jpg 300w, https:\/\/scholbach.de\/wp-content\/uploads\/2015\/12\/Folie23.jpg 1280w\" sizes=\"(max-width: 1024px) 100vw, 1024px\" \/><\/p>\n<p><strong>Cukrzyca<\/strong><\/p>\n<p>Cukrzycy s\u0105 nara\u017ceni na post\u0119puj\u0105ce stopniowe uszkodzenie nerek. Dlatego te\u017c badania kontrolne naczy\u0144 nerkowych s\u0105 wa\u017cne w celu wczesnego wykrycia uszkodze\u0144. Poprzez pomiar przep\u0142ywu krwi, staje si\u0119 to widoczne i mierzalne podczas badania ultrasonograficznego nerek. Bez pomiaru przep\u0142ywu krwi w nerce, stan nerki mo\u017cna odczyta\u0107 przede wszystkim z zachowania filtracyjnego nerek. Jednym ze wskaza\u0144 jest wydalanie albumin bia\u0142kowych, kt\u00f3re mog\u0105 by\u0107 wykryte w moczu &#8211; je\u015bli organizm wydala zwi\u0119kszon\u0105 ilo\u015b\u0107 albumin, to jest to tzw. mikroalbuminuria. Poprzez pomiar przep\u0142ywu krwi w nerkach mo\u017cna zoptymalizowa\u0107 terapi\u0119, zanim uszkodzenie nerek ujawni si\u0119 w mikroalbuminurii.<\/p>\n<p><img decoding=\"async\" class=\"alignnone size-large wp-image-439\" src=\"http:\/\/wp12612379.server-he.de\/wp-content\/uploads\/2015\/12\/Diabetes-mellitus-Gef\u00e4\u00dfsch\u00e4digung-der-Niere-1024x576.jpg\" alt=\"Diabetes mellitus Gef\u00e4\u00dfsch\u00e4digung der Niere\" width=\"100%\" height=\"auto\" srcset=\"https:\/\/scholbach.de\/wp-content\/uploads\/2015\/12\/Diabetes-mellitus-Gef\u00e4\u00dfsch\u00e4digung-der-Niere-1024x576.jpg 1024w, https:\/\/scholbach.de\/wp-content\/uploads\/2015\/12\/Diabetes-mellitus-Gef\u00e4\u00dfsch\u00e4digung-der-Niere-300x169.jpg 300w, https:\/\/scholbach.de\/wp-content\/uploads\/2015\/12\/Diabetes-mellitus-Gef\u00e4\u00dfsch\u00e4digung-der-Niere.jpg 1280w\" sizes=\"(max-width: 1024px) 100vw, 1024px\" \/><\/p>\n<p><strong>Reumatyzm<\/strong><\/p>\n<p>Reumatycy cierpi\u0105 na nawracaj\u0105ce b\u00f3le w stawach. Aby oceni\u0107, jak powa\u017cny jest obecny stan zapalny i jak dobrze reaguje na leczenie, pomocny jest pomiar stanu zapalnego za pomoc\u0105 ultrad\u017awi\u0119k\u00f3w. W ten spos\u00f3b terapia mo\u017ce by\u0107 lepiej kontrolowana.<\/p>\n<p>Prosimy o zapoznanie si\u0119 z naszymi uwagami dotycz\u0105cymi wyja\u015bnie\u0144 medycznych na tej stronie.<\/p>\n<p>&nbsp;<\/p>","protected":false},"excerpt":{"rendered":"<p>Niekt\u00f3re choroby przewlek\u0142e powoduj\u0105 na d\u0142u\u017csz\u0105 met\u0119 uszkodzenia narz\u0105d\u00f3w. Prowadzi to regularnie do ograniczenia kr\u0105\u017cenia krwi. Dzi\u0119ki pomiarowi kr\u0105\u017cenia krwi mo\u017cna zatem bardzo dok\u0142adnie okre\u015bli\u0107 aktualny stan choroby. Poni\u017csze przyk\u0142ady pokazuj\u0105 mo\u017cliwo\u015bci pomiaru przep\u0142ywu krwi w tym zakresie. Przewlek\u0142e choroby nerek Poni\u017cszy rysunek przedstawia nerk\u0119 z przewlek\u0142ym upo\u015bledzeniem czynno\u015bciowym po lewej stronie. Odzwierciedla si\u0119 to [&hellip;]<\/p>\n","protected":false},"author":4,"featured_media":0,"parent":74,"menu_order":1,"comment_status":"closed","ping_status":"closed","template":"","meta":{"om_disable_all_campaigns":false,"footnotes":""},"class_list":["post-62","page","type-page","status-publish","hentry"],"_links":{"self":[{"href":"https:\/\/scholbach.de\/pl\/wp-json\/wp\/v2\/pages\/62","targetHints":{"allow":["GET"]}}],"collection":[{"href":"https:\/\/scholbach.de\/pl\/wp-json\/wp\/v2\/pages"}],"about":[{"href":"https:\/\/scholbach.de\/pl\/wp-json\/wp\/v2\/types\/page"}],"author":[{"embeddable":true,"href":"https:\/\/scholbach.de\/pl\/wp-json\/wp\/v2\/users\/4"}],"replies":[{"embeddable":true,"href":"https:\/\/scholbach.de\/pl\/wp-json\/wp\/v2\/comments?post=62"}],"version-history":[{"count":25,"href":"https:\/\/scholbach.de\/pl\/wp-json\/wp\/v2\/pages\/62\/revisions"}],"predecessor-version":[{"id":4431,"href":"https:\/\/scholbach.de\/pl\/wp-json\/wp\/v2\/pages\/62\/revisions\/4431"}],"up":[{"embeddable":true,"href":"https:\/\/scholbach.de\/pl\/wp-json\/wp\/v2\/pages\/74"}],"wp:attachment":[{"href":"https:\/\/scholbach.de\/pl\/wp-json\/wp\/v2\/media?parent=62"}],"curies":[{"name":"wp","href":"https:\/\/api.w.org\/{rel}","templated":true}]}}