{"id":60,"date":"2015-12-26T18:30:03","date_gmt":"2015-12-26T18:30:03","guid":{"rendered":"http:\/\/wp12612379.server-he.de\/?page_id=60"},"modified":"2020-04-05T14:14:39","modified_gmt":"2020-04-05T14:14:39","slug":"deutsch-entzundungen-darm-niere","status":"publish","type":"page","link":"https:\/\/scholbach.de\/pl\/wissenschaft\/deutsch-ultraschalldiagnostik\/deutsch-durchblutungsmessung\/deutsch-entzundungen-darm-niere","title":{"rendered":"Zapalenia"},"content":{"rendered":"<p>W przypadku zapalenia zwi\u0119ksza si\u0119 przep\u0142yw krwi do chorego organu lub tkanki. Organizm reaguje na bodziec zapalny, rozszerzaj\u0105c naczynia krwiono\u015bne tak, \u017ce wi\u0119cej krwi, a tym samym wi\u0119cej kom\u00f3rek odporno\u015bciowych dociera do miejsca zdarzenia zapalnego.<\/p>\n<p><strong>Pomiar przep\u0142ywu krwi w chorobie Le\u015bniowskiego-Crohna<\/strong><\/p>\n<p>Przewlek\u0142e choroby zapalne jelit, takie jak choroba Le\u015bniowskiego-Crohna i wrzodziej\u0105ce zapalenie jelita grubego, post\u0119puj\u0105 fazowo. W aktywnych fazach choroby, podczas zapalenia, zwi\u0119ksza si\u0119 przep\u0142yw krwi w jelicie. Gwa\u0142towna reakcja zapalna zazwyczaj prowadzi do b\u00f3lu brzucha. Je\u015bli pacjent z chorob\u0105 Le\u015bniowskiego-Crohna skar\u017cy si\u0119 na b\u00f3le brzucha, przyczyn\u0105 mo\u017ce by\u0107 ponowny rozb\u0142ysk zapalny. Ale oczywi\u015bcie b\u00f3l brzucha mo\u017ce mie\u0107 te\u017c inne przyczyny. Z tego powodu konieczne jest ustalenie dok\u0142adnej przyczyny leczenia b\u00f3lu brzucha.<br \/>\nNa pytanie, czy jest to nowy wybuch, czy te\u017c b\u00f3l brzucha jest spowodowany inn\u0105 przyczyn\u0105, mo\u017cna odpowiedzie\u0107 poprzez pomiar kr\u0105\u017cenia krwi w jelicie. Nast\u0119pnie mo\u017cna zdecydowa\u0107, czy przewlek\u0142e zapalenie powinno by\u0107 leczone, czy te\u017c nale\u017cy szuka\u0107 innej przyczyny b\u00f3lu brzucha i wybra\u0107 inn\u0105 terapi\u0119.<\/p>\n<p>Poni\u017cszy obraz ultrasonograficzny stanowi przyk\u0142ad flary zapalnej u pacjenta z chorob\u0105 Le\u015bniowskiego-Crohna. Typowe dla choroby Le\u015bniowskiego-Crohna zgrubienie \u015bcianek jelita (widoczne ju\u017c w prostych badaniach USG) nie mo\u017ce dawa\u0107 \u017cadnych wskaza\u0144 do aktualnego zaostrzenia, poniewa\u017c utrzymuje si\u0119 ono przez miesi\u0105ce po ust\u0105pieniu stanu zapalnego. Nie jest to zatem odpowiednia miara aktualnej aktywno\u015bci zapalnej. W kolorowym, dupleksowym filmie sonograficznym wyra\u017anie zauwa\u017calny jest jednak wzrost przep\u0142ywu krwi spowodowany zwi\u0119kszonym wybarwieniem. Dzi\u0119ki pomiarowi perfuzji tkankowej za pomoc\u0105 PixelFlux mo\u017cna dok\u0142adnie zmierzy\u0107 aktywno\u015b\u0107 zapaln\u0105. Jest mocno zwi\u0119kszona. Pacjentka cierpi zatem na aktualny stan zapalny.<\/p>\n<p>&nbsp;<\/p>\n<p>&nbsp;<\/p>\n<div style=\"width: 640px;\" class=\"wp-video\"><video class=\"wp-video-shortcode\" id=\"video-60-11\" width=\"640\" height=\"360\" preload=\"metadata\" controls=\"controls\"><source type=\"video\/mp4\" src=\"http:\/\/wp12612379.server-he.de\/wp-content\/uploads\/2015\/12\/Crohn-RJ-aktiv-CD.mp4?_=11\" \/><a href=\"http:\/\/wp12612379.server-he.de\/wp-content\/uploads\/2015\/12\/Crohn-RJ-aktiv-CD.mp4\">http:\/\/wp12612379.server-he.de\/wp-content\/uploads\/2015\/12\/Crohn-RJ-aktiv-CD.mp4<\/a><\/video><\/div>\n<p>&nbsp;<\/p>\n<p>Poni\u017cszy obrazek pochodzi od innego pacjenta z chorob\u0105 Le\u015bniowskiego-Crohna, kt\u00f3ry r\u00f3wnie\u017c skar\u017cy si\u0119 na b\u00f3l brzucha. W przeciwie\u0144stwie do poprzedniego obrazu, pomiar nie wykazuje zwi\u0119kszonego przep\u0142ywu krwi. Aktywno\u015b\u0107 zapalna nie jest wi\u0119c zwi\u0119kszona. B\u00f3l brzucha musi wi\u0119c mie\u0107 inn\u0105 przyczyn\u0119; leczenie choroby Le\u015bniowskiego-Crohna prawdopodobnie nie mia\u0142oby wp\u0142ywu na b\u00f3l brzucha:<\/p>\n<div style=\"width: 640px;\" class=\"wp-video\"><video class=\"wp-video-shortcode\" id=\"video-60-12\" width=\"640\" height=\"360\" preload=\"metadata\" controls=\"controls\"><source type=\"video\/mp4\" src=\"http:\/\/wp12612379.server-he.de\/wp-content\/uploads\/2015\/12\/Crohn-ruhend-RJ-CD.mp4?_=12\" \/><a href=\"http:\/\/wp12612379.server-he.de\/wp-content\/uploads\/2015\/12\/Crohn-ruhend-RJ-CD.mp4\">http:\/\/wp12612379.server-he.de\/wp-content\/uploads\/2015\/12\/Crohn-ruhend-RJ-CD.mp4<\/a><\/video><\/div>\n<p><strong>Diagnoza b\u00f3lu brzucha: Zapalenie wyrostka robaczkowego czy nie?<\/strong><\/p>\n<p>U dzieci, kt\u00f3re skar\u017c\u0105 si\u0119 na b\u00f3le brzucha, cz\u0119sto pojawia si\u0119 pytanie, czy wyst\u0119puje zapalenie wyrostka robaczkowego (zapalenie wyrostka robaczkowego, cz\u0119sto w skr\u00f3cie &#8222;zapalenie wyrostka robaczkowego&#8221;). Dzi\u0119ki kolorowej sonografii dupleksowej sytuacj\u0119 mo\u017cna oceni\u0107 w spos\u00f3b prosty i do\u015b\u0107 jasny. Pomiar wzrostu przep\u0142ywu krwi spowodowanego zapaleniem u\u0142atwia podj\u0119cie decyzji, czy wyrostek robaczkowy (wyrostek robaczkowy) musi by\u0107 usuni\u0119ty chirurgicznie, czy te\u017c leczenie lekami b\u0119dzie wystarczaj\u0105ce do usuni\u0119cia stanu zapalnego. W przypadkach, w kt\u00f3rych pomiar przep\u0142ywu krwi wskazuje, \u017ce operacja nie jest konieczna, pacjenci s\u0105 oszcz\u0119dzani dzi\u0119ki podw\u00f3jnej sonografii kolorystycznej i pomiarowi PixelFlux.<\/p>\n<p><img loading=\"lazy\" decoding=\"async\" class=\" wp-image-254 aligncenter\" src=\"http:\/\/wp12612379.server-he.de\/wp-content\/uploads\/2016\/06\/Appendicitis.jpg\" alt=\"Appendicitis\" width=\"524\" height=\"305\" srcset=\"https:\/\/scholbach.de\/wp-content\/uploads\/2016\/06\/Appendicitis.jpg 397w, https:\/\/scholbach.de\/wp-content\/uploads\/2016\/06\/Appendicitis-300x175.jpg 300w\" sizes=\"auto, (max-width: 524px) 100vw, 524px\" \/><\/p>\n<p><strong>Nefrytowe zapalenie nerek<\/strong><\/p>\n<p>Je\u015bli zapalenie nerek zostanie szybko i wyra\u017anie rozpoznane, mo\u017cna zapobiec ich przewlek\u0142emu rozwojowi. Pomiary cyrkulacji pozwalaj\u0105 na sporz\u0105dzenie precyzyjnych zestawie\u0144. Poni\u017cszy rysunek przedstawia zdrow\u0105 nerk\u0119 o niskim zabarwieniu i prawid\u0142owym wykresie perfuzji:<\/p>\n<p>&nbsp;<\/p>\n<p><img loading=\"lazy\" decoding=\"async\" class=\" wp-image-338 aligncenter\" src=\"http:\/\/wp12612379.server-he.de\/wp-content\/uploads\/2015\/12\/Nierentzuendung-gesund.jpg\" alt=\"Nierentzuendung-gesund\" width=\"562\" height=\"468\" srcset=\"https:\/\/scholbach.de\/wp-content\/uploads\/2015\/12\/Nierentzuendung-gesund.jpg 482w, https:\/\/scholbach.de\/wp-content\/uploads\/2015\/12\/Nierentzuendung-gesund-300x250.jpg 300w\" sizes=\"auto, (max-width: 562px) 100vw, 562px\" \/><\/p>\n<p>Na poni\u017cszym rysunku przedstawiono jednak masywny wzrost perfuzji w por\u00f3wnaniu &#8211; jest to przypadek zapalenia nerek:<\/p>\n<p><img loading=\"lazy\" decoding=\"async\" class=\" wp-image-339 aligncenter\" src=\"http:\/\/wp12612379.server-he.de\/wp-content\/uploads\/2015\/12\/Nierentzuendung-krank.jpg\" alt=\"Nierentzuendung-krank\" width=\"545\" height=\"371\" srcset=\"https:\/\/scholbach.de\/wp-content\/uploads\/2015\/12\/Nierentzuendung-krank.jpg 591w, https:\/\/scholbach.de\/wp-content\/uploads\/2015\/12\/Nierentzuendung-krank-300x204.jpg 300w\" sizes=\"auto, (max-width: 545px) 100vw, 545px\" \/><\/p>\n<p>&nbsp;<\/p>\n<p>Prosz\u0119 zwr\u00f3ci\u0107 uwag\u0119 na nasze uwagi na wyja\u015bnienia medyczne na tej stronie.<\/p>","protected":false},"excerpt":{"rendered":"<p>W przypadku zapalenia zwi\u0119ksza si\u0119 przep\u0142yw krwi do chorego organu lub tkanki. Organizm reaguje na bodziec zapalny, rozszerzaj\u0105c naczynia krwiono\u015bne tak, \u017ce wi\u0119cej krwi, a tym samym wi\u0119cej kom\u00f3rek odporno\u015bciowych dociera do miejsca zdarzenia zapalnego. Pomiar przep\u0142ywu krwi w chorobie Le\u015bniowskiego-Crohna Przewlek\u0142e choroby zapalne jelit, takie jak choroba Le\u015bniowskiego-Crohna i wrzodziej\u0105ce zapalenie jelita grubego, post\u0119puj\u0105 [&hellip;]<\/p>\n","protected":false},"author":4,"featured_media":0,"parent":74,"menu_order":0,"comment_status":"closed","ping_status":"closed","template":"","meta":{"om_disable_all_campaigns":false,"footnotes":""},"class_list":["post-60","page","type-page","status-publish","hentry"],"_links":{"self":[{"href":"https:\/\/scholbach.de\/pl\/wp-json\/wp\/v2\/pages\/60","targetHints":{"allow":["GET"]}}],"collection":[{"href":"https:\/\/scholbach.de\/pl\/wp-json\/wp\/v2\/pages"}],"about":[{"href":"https:\/\/scholbach.de\/pl\/wp-json\/wp\/v2\/types\/page"}],"author":[{"embeddable":true,"href":"https:\/\/scholbach.de\/pl\/wp-json\/wp\/v2\/users\/4"}],"replies":[{"embeddable":true,"href":"https:\/\/scholbach.de\/pl\/wp-json\/wp\/v2\/comments?post=60"}],"version-history":[{"count":44,"href":"https:\/\/scholbach.de\/pl\/wp-json\/wp\/v2\/pages\/60\/revisions"}],"predecessor-version":[{"id":4429,"href":"https:\/\/scholbach.de\/pl\/wp-json\/wp\/v2\/pages\/60\/revisions\/4429"}],"up":[{"embeddable":true,"href":"https:\/\/scholbach.de\/pl\/wp-json\/wp\/v2\/pages\/74"}],"wp:attachment":[{"href":"https:\/\/scholbach.de\/pl\/wp-json\/wp\/v2\/media?parent=60"}],"curies":[{"name":"wp","href":"https:\/\/api.w.org\/{rel}","templated":true}]}}