{"id":6,"date":"2015-12-26T11:58:04","date_gmt":"2015-12-26T11:58:04","guid":{"rendered":"http:\/\/wp12612379.server-he.de\/?page_id=6"},"modified":"2026-03-19T08:15:15","modified_gmt":"2026-03-19T07:15:15","slug":"praxis","status":"publish","type":"page","link":"https:\/\/scholbach.de\/pl\/","title":{"rendered":"Praktyka medyczna"},"content":{"rendered":"<p><\/p>\n<h2 style=\"text-align: center;\">Witam w mojej praktyce w zakresie diagnostyki ultrad\u017awi\u0119kowej dla dzieci i doros\u0142ych.<\/h2>\n<p>Naj\u015bwie\u017csze informacje znajdziesz na mojej angloj\u0119zycznej stronie internetowej. Kliknij flag\u0119 Wielkiej Brytanii na pasku flag. Nast\u0119pnie skorzystaj z t\u0142umacza Google, aby Ci pom\u00f3c<\/p>\n<p><a href=\"https:\/\/scholbach.de\/wp-content\/uploads\/2024\/01\/butten-translator.jpg\"><img loading=\"lazy\" decoding=\"async\" class=\"aligncenter size-medium wp-image-8477\" src=\"https:\/\/scholbach.de\/wp-content\/uploads\/2024\/01\/butten-translator-300x63.jpg\" alt=\"\" width=\"300\" height=\"63\" srcset=\"https:\/\/scholbach.de\/wp-content\/uploads\/2024\/01\/butten-translator-300x63.jpg 300w, https:\/\/scholbach.de\/wp-content\/uploads\/2024\/01\/butten-translator.jpg 338w\" sizes=\"auto, (max-width: 300px) 100vw, 300px\" \/><\/a><\/p>\n<p>kt\u00f3re znajdziesz w prawym g\u00f3rnym rogu ka\u017cdej strony, przet\u0142umacz odpowiednie strony internetowe na sw\u00f3j j\u0119zyk.<br \/>\nMo\u017cesz te\u017c u\u017cy\u0107 DeepL: Deepl: https:\/\/www.deepl.com\/de\/translator<\/p>\n<p>&nbsp;<\/p>\n<p><a href=\"https:\/\/scholbach.de\/wp-content\/uploads\/2025\/01\/Portrait-2024.jpg\"><img loading=\"lazy\" decoding=\"async\" class=\"aligncenter size-medium wp-image-9092\" src=\"https:\/\/scholbach.de\/wp-content\/uploads\/2025\/01\/Portrait-2024-238x300.jpg\" alt=\"\" width=\"238\" height=\"300\" srcset=\"https:\/\/scholbach.de\/wp-content\/uploads\/2025\/01\/Portrait-2024-238x300.jpg 238w, https:\/\/scholbach.de\/wp-content\/uploads\/2025\/01\/Portrait-2024-814x1024.jpg 814w, https:\/\/scholbach.de\/wp-content\/uploads\/2025\/01\/Portrait-2024-768x966.jpg 768w, https:\/\/scholbach.de\/wp-content\/uploads\/2025\/01\/Portrait-2024-1221x1536.jpg 1221w, https:\/\/scholbach.de\/wp-content\/uploads\/2025\/01\/Portrait-2024-1628x2048.jpg 1628w, https:\/\/scholbach.de\/wp-content\/uploads\/2025\/01\/Portrait-2024.jpg 1800w\" sizes=\"auto, (max-width: 238px) 100vw, 238px\" \/><\/a><\/p>\n<h2><\/h2>\n<hr \/>\n<p>&nbsp;<\/p>\n<p style=\"text-align: center;\"><span style=\"color: red; font-size: x-large;\"><strong>Um\u00f3w si\u0119 tutaj<\/strong><\/span><\/p>\n<h3 style=\"text-align: center;\"><span style=\"color: red; font-size: x-large;\"><strong><span style=\"color: #000000;\">W tym celu nale\u017cy klikn\u0105\u0107 na przycisk rozwijany i wybra\u0107 dla specjalnej diagnostyki naczyniowej z USG <\/span><br \/>\n<span style=\"color: #000000;\">&#8221; Special Functional Color Doppler Exam&#8221;<\/span><br \/>\n<span style=\"color: #000000;\">Aby uzyska\u0107 konsultacj\u0119 telemedyczn\u0105, kliknij <a style=\"color: #000000;\" href=\"https:\/\/scholbach.de\/praxis\/english-telemedical-consultation\">tutaj<\/a><\/span><br \/>\n<!--\nPlugin Name: Bookly - Responsive WordPress Appointment Booking and Scheduling Plugin\nPlugin URI: https:\/\/www.booking-wp-plugin.com\/?utm_source=bookly_admin&utm_medium=plugins_page&utm_campaign=plugins_page\nVersion: 27.4-->\n<style type=\"text\/css\">\n    :root {\n        --bookly-main-color: #008406 !important;\n        --bookly-color: #008406 !important;\n    }\n\n    <\/style><div class=\"bookly-css-root\">\n    <div id=\"bookly-form-container-69e5b9e74a229\" class=\"bookly-form\" data-form_id=\"\" aria-live=\"polite\">\n        <div style=\"text-align: center\"><img decoding=\"async\" src=\"https:\/\/scholbach.de\/wp-includes\/js\/tinymce\/skins\/lightgray\/img\/loader.gif\" alt=\"\u0141adowanie...\"\/><\/div>\n    <\/div>\n<\/div>\n<script type=\"text\/javascript\">\n    (function (win, fn) {\n        var done = false, top = true,\n            doc = win.document,\n            root = doc.documentElement,\n            modern = doc.addEventListener,\n            add = modern ? 'addEventListener' : 'attachEvent',\n            rem = modern ? 'removeEventListener' : 'detachEvent',\n            pre = modern ? '' : 'on',\n            init = function (e) {\n                if (e.type == 'readystatechange') if (doc.readyState != 'complete') return;\n                (e.type == 'load' ? win : doc)[rem](pre + e.type, init, false);\n                if (!done) {\n                    done = true;\n                    fn.call(win, e.type || e);\n                }\n            },\n            poll = function () {\n                try {\n                    root.doScroll('left');\n                } catch (e) {\n                    setTimeout(poll, 50);\n                    return;\n                }\n                init('poll');\n            };\n        if (doc.readyState == 'complete') fn.call(win, 'lazy');\n        else {\n            if (!modern) if (root.doScroll) {\n                try {\n                    top = !win.frameElement;\n                } catch (e) {\n                }\n                if (top) poll();\n            }\n            doc[add](pre + 'DOMContentLoaded', init, false);\n            doc[add](pre + 'readystatechange', init, false);\n            win[add](pre + 'load', init, false);\n        }\n    })(window, function () {\n        window.bookly( {\"form_id\":\"69e5b9e74a229\",\"form_data\":{\"skip_service_step\":0,\"hide_service_part1\":0,\"hide_service_part2\":1,\"defaults\":{\"service_id\":9,\"staff_id\":0,\"location_id\":0,\"category_id\":4,\"units\":0,\"date_from\":0,\"time_from\":0,\"time_to\":0}},\"status\":{\"booking\":\"new\"},\"form_token\":null,\"skip_steps\":{\"service_part1\":0,\"service_part2\":1,\"extras\":1,\"time\":0,\"repeat\":1,\"cart\":1},\"errors\":{\"session_error\":\"B\\u0142\\u0105d sesji.\",\"form_id_error\":\"B\\u0142\\u0105d ID formularza.\",\"cart_item_not_available\":\"Die von Ihnen gew\\u00fcnschte Zeit ist bereits belegt. Bitte w\\u00e4hlen Sie eine andere Zeit.\\nThe time you requested is already occupied. Please select another time.\\n\\u062a\\u0645 \\u0627\\u0633\\u062a\\u062e\\u062f\\u0627\\u0645 \\u0627\\u0644\\u0648\\u0642\\u062a \\u0627\\u0644\\u0630\\u064a \\u0637\\u0644\\u0628\\u062a\\u0647 \\u0628\\u0627\\u0644\\u0641\\u0639\\u0644. \\u064a\\u0631\\u062c\\u0649 \\u0627\\u062e\\u062a\\u064a\\u0627\\u0631 \\u0648\\u0642\\u062a \\u0622\\u062e\\u0631.\",\"pay_locally_not_available\":\"P\\u0142atno\\u015b\\u0107 lokalna jest niedost\\u0119pna.\",\"invalid_gateway\":\"Nieprawid\\u0142owa bramka p\\u0142atnicza.\",\"payment_error\":\"B\\u0142\\u0105d.\",\"incorrect_username_password\":\"B\\u0142\\u0119dna nazwa lub has\\u0142o.\"},\"form_attributes\":{\"hide_categories\":true,\"hide_services\":false,\"hide_staff_members\":true,\"show_number_of_persons\":false,\"hide_service_duration\":true,\"hide_locations\":true,\"hide_quantity\":true,\"hide_date\":true,\"hide_week_days\":true,\"hide_time_range\":true,\"const_category_id\":4},\"use_client_time_zone\":0,\"defaults\":{\"service_id\":9,\"staff_id\":0,\"location_id\":0,\"category_id\":4},\"datepicker_mode\":\"text-accent\",\"facebook\":{\"enabled\":0,\"appId\":\"\"}} );\n    });\n<\/script><br \/>\n<\/strong><\/span><\/h3>\n<p>&nbsp;<\/p>\n<hr \/>\n<p dir=\"RTL\" style=\"text-align: left;\"><span lang=\"AR-SA\">\u00a0<\/span><\/p>\n<p>Um\u00f3wienie na &#8222;Specjalistyczny funkcjonalny ultrad\u017awi\u0119k naczyniowy&#8221; wymaga uprzedniego potwierdzenia i szczeg\u00f3\u0142owej wymiany informacji. Takie wizyty staj\u0105 si\u0119 wa\u017cne dopiero po odr\u0119bnym potwierdzeniu z mojej strony.<\/p>\n<p>krok 1: wybierz rodzaj spotkania = &#8222;W\u00e4hlen Sie die Art der Sprechstunde&#8221; &#8211; wybierz za pomoc\u0105 rozwijanego przycisku<\/p>\n<p>krok 2: wybierz dat\u0119 spotkania = &#8222;Mein Terminwunsch ab&#8221; i godzin\u0119 = &#8222;von bis&#8221;.<\/p>\n<p>krok 3: wpisz swoje imi\u0119 i nazwisko, telefon i adres e-mail oraz okre\u015blone skargi.<\/p>\n<!--\nPlugin Name: Bookly - Responsive WordPress Appointment Booking and Scheduling Plugin\nPlugin URI: https:\/\/www.booking-wp-plugin.com\/?utm_source=bookly_admin&utm_medium=plugins_page&utm_campaign=plugins_page\nVersion: 27.4-->\n<style type=\"text\/css\">\n    :root {\n        --bookly-main-color: #008406 !important;\n        --bookly-color: #008406 !important;\n    }\n\n    <\/style><div class=\"bookly-css-root\">\n    <div id=\"bookly-form-container-69e5b9e74a30d\" class=\"bookly-form\" data-form_id=\"\" aria-live=\"polite\">\n        <div style=\"text-align: center\"><img decoding=\"async\" src=\"https:\/\/scholbach.de\/wp-includes\/js\/tinymce\/skins\/lightgray\/img\/loader.gif\" alt=\"\u0141adowanie...\"\/><\/div>\n    <\/div>\n<\/div>\n<script type=\"text\/javascript\">\n    (function (win, fn) {\n        var done = false, top = true,\n            doc = win.document,\n            root = doc.documentElement,\n            modern = doc.addEventListener,\n            add = modern ? 'addEventListener' : 'attachEvent',\n            rem = modern ? 'removeEventListener' : 'detachEvent',\n            pre = modern ? '' : 'on',\n            init = function (e) {\n                if (e.type == 'readystatechange') if (doc.readyState != 'complete') return;\n                (e.type == 'load' ? win : doc)[rem](pre + e.type, init, false);\n                if (!done) {\n                    done = true;\n                    fn.call(win, e.type || e);\n                }\n            },\n            poll = function () {\n                try {\n                    root.doScroll('left');\n                } catch (e) {\n                    setTimeout(poll, 50);\n                    return;\n                }\n                init('poll');\n            };\n        if (doc.readyState == 'complete') fn.call(win, 'lazy');\n        else {\n            if (!modern) if (root.doScroll) {\n                try {\n                    top = !win.frameElement;\n                } catch (e) {\n                }\n                if (top) poll();\n            }\n            doc[add](pre + 'DOMContentLoaded', init, false);\n            doc[add](pre + 'readystatechange', init, false);\n            win[add](pre + 'load', init, false);\n        }\n    })(window, function () {\n        window.bookly( {\"form_id\":\"69e5b9e74a30d\",\"form_data\":{\"skip_service_step\":0,\"hide_service_part1\":0,\"hide_service_part2\":0,\"defaults\":{\"service_id\":0,\"staff_id\":0,\"location_id\":0,\"category_id\":0,\"units\":0,\"date_from\":0,\"time_from\":0,\"time_to\":0}},\"status\":{\"booking\":\"new\"},\"form_token\":null,\"skip_steps\":{\"service_part1\":0,\"service_part2\":0,\"extras\":1,\"time\":0,\"repeat\":1,\"cart\":1},\"errors\":{\"session_error\":\"B\\u0142\\u0105d sesji.\",\"form_id_error\":\"B\\u0142\\u0105d ID formularza.\",\"cart_item_not_available\":\"Die von Ihnen gew\\u00fcnschte Zeit ist bereits belegt. Bitte w\\u00e4hlen Sie eine andere Zeit.\\nThe time you requested is already occupied. Please select another time.\\n\\u062a\\u0645 \\u0627\\u0633\\u062a\\u062e\\u062f\\u0627\\u0645 \\u0627\\u0644\\u0648\\u0642\\u062a \\u0627\\u0644\\u0630\\u064a \\u0637\\u0644\\u0628\\u062a\\u0647 \\u0628\\u0627\\u0644\\u0641\\u0639\\u0644. \\u064a\\u0631\\u062c\\u0649 \\u0627\\u062e\\u062a\\u064a\\u0627\\u0631 \\u0648\\u0642\\u062a \\u0622\\u062e\\u0631.\",\"pay_locally_not_available\":\"P\\u0142atno\\u015b\\u0107 lokalna jest niedost\\u0119pna.\",\"invalid_gateway\":\"Nieprawid\\u0142owa bramka p\\u0142atnicza.\",\"payment_error\":\"B\\u0142\\u0105d.\",\"incorrect_username_password\":\"B\\u0142\\u0119dna nazwa lub has\\u0142o.\"},\"form_attributes\":{\"hide_categories\":true,\"hide_services\":true,\"hide_staff_members\":true,\"show_number_of_persons\":false,\"hide_service_duration\":true,\"hide_locations\":true,\"hide_quantity\":true,\"hide_date\":false,\"hide_week_days\":false,\"hide_time_range\":false},\"use_client_time_zone\":0,\"defaults\":{\"service_id\":0,\"staff_id\":0,\"location_id\":0,\"category_id\":0},\"datepicker_mode\":\"text-accent\",\"facebook\":{\"enabled\":0,\"appId\":\"\"}} );\n    });\n<\/script>\n<p>Prosz\u0119 pobra\u0107 tutaj list\u0119 objaw\u00f3w i przes\u0142a\u0107 j\u0105 do mnie \u2013 poczt\u0105 elektroniczn\u0105 lub poprzez przes\u0142anie na m\u00f3j serwer.<\/p>\n<p dir=\"RTL\" style=\"text-align: left;\"><span lang=\"AR-SA\">\u00a0<\/span><\/p>\n<p dir=\"RTL\" style=\"text-align: center;\">Telefon: 0049 (0) 341 2481 4039<\/p>\n<p dir=\"RTL\" style=\"text-align: center;\"><span lang=\"AR-SA\">\u00a0 <a href=\"mailto:info.scholbach@posteo.de\">Email<\/a><\/span><\/p>\n<p><\/p>","protected":false},"excerpt":{"rendered":"<p>Witam w mojej praktyce w zakresie diagnostyki ultrad\u017awi\u0119kowej dla dzieci i doros\u0142ych. Naj\u015bwie\u017csze informacje znajdziesz na mojej angloj\u0119zycznej stronie internetowej. Kliknij flag\u0119 Wielkiej Brytanii na pasku flag. Nast\u0119pnie skorzystaj z t\u0142umacza Google, aby Ci pom\u00f3c kt\u00f3re znajdziesz w prawym g\u00f3rnym rogu ka\u017cdej strony, przet\u0142umacz odpowiednie strony internetowe na sw\u00f3j j\u0119zyk. Mo\u017cesz te\u017c u\u017cy\u0107 DeepL: Deepl: [&hellip;]<\/p>\n","protected":false},"author":4,"featured_media":0,"parent":0,"menu_order":0,"comment_status":"closed","ping_status":"closed","template":"","meta":{"om_disable_all_campaigns":false,"footnotes":""},"class_list":["post-6","page","type-page","status-publish","hentry"],"_links":{"self":[{"href":"https:\/\/scholbach.de\/pl\/wp-json\/wp\/v2\/pages\/6","targetHints":{"allow":["GET"]}}],"collection":[{"href":"https:\/\/scholbach.de\/pl\/wp-json\/wp\/v2\/pages"}],"about":[{"href":"https:\/\/scholbach.de\/pl\/wp-json\/wp\/v2\/types\/page"}],"author":[{"embeddable":true,"href":"https:\/\/scholbach.de\/pl\/wp-json\/wp\/v2\/users\/4"}],"replies":[{"embeddable":true,"href":"https:\/\/scholbach.de\/pl\/wp-json\/wp\/v2\/comments?post=6"}],"version-history":[{"count":556,"href":"https:\/\/scholbach.de\/pl\/wp-json\/wp\/v2\/pages\/6\/revisions"}],"predecessor-version":[{"id":8411,"href":"https:\/\/scholbach.de\/pl\/wp-json\/wp\/v2\/pages\/6\/revisions\/8411"}],"wp:attachment":[{"href":"https:\/\/scholbach.de\/pl\/wp-json\/wp\/v2\/media?parent=6"}],"curies":[{"name":"wp","href":"https:\/\/api.w.org\/{rel}","templated":true}]}}