{"id":58,"date":"2015-12-26T18:29:36","date_gmt":"2015-12-26T18:29:36","guid":{"rendered":"http:\/\/wp12612379.server-he.de\/?page_id=58"},"modified":"2024-11-11T21:16:25","modified_gmt":"2024-11-11T20:16:25","slug":"deutsch-bornavirusinfektion","status":"publish","type":"page","link":"https:\/\/scholbach.de\/pl\/deutsch-bornavirusinfektion","title":{"rendered":"Zaka\u017cenie wirusem Bornavirusa"},"content":{"rendered":"<p>Infekcja Bornavirus prowadzi do r\u00f3\u017cnych objaw\u00f3w chorobowych u wielu ssak\u00f3w (koni, kot\u00f3w, &#8230;), ptak\u00f3w, a tak\u017ce u ludzi. Dzi\u0119ki opracowaniu nowych metod wykrywania wirusa przez PD Dr Liv Bode w Instytucie Roberta Kocha, <a href=\"https:\/\/onlinelibrary.wiley.com\/doi\/pdf\/10.1111\/j.1600-0463.2008.00m16.x\">uda\u0142o nam si\u0119 uzyska\u0107 bardziej precyzyjne wyobra\u017cenie<\/a> o cz\u0119sto\u015bci i typowych dla wieku objawach choroby we wsp\u00f3lnych badaniach nad dzie\u0107mi i doros\u0142ymi. Podczas gdy zaburzenia jedzenia i po\u0142ykania obserwowano u dzieci oraz zaburzenia chodu i koncentracji w p\u00f3\u017aniejszym \u017cyciu, doro\u015bli pacjenci cz\u0119sto skar\u017c\u0105 si\u0119 na dolegliwo\u015bci psychiczne, g\u0142\u00f3wnie depresj\u0119. Bornawirus jest bardzo cz\u0119sto najpierw wykrywany we wczesnym dzieci\u0144stwie, a nast\u0119pnie t\u0142umiony przez normalny uk\u0142ad odporno\u015bciowy. Dlatego wi\u0119kszo\u015b\u0107 dzieci pozostaje bez objaw\u00f3w. Jednak podobnie jak wirus ospy wietrznej, wirus Borna pozostaje w kom\u00f3rkach nerwowych i mo\u017ce by\u0107 reaktywowany. Wtedy nowoczesne metody testowe mog\u0105 by\u0107 wykorzystane do wykrywania replikacji wirusa. Je\u015bli replikacja wirusa nie jest t\u0142umiona przez uk\u0142ad odporno\u015bciowy, wy\u017cej wymienione objawy mog\u0105 wyst\u0105pi\u0107 w przypadkach przewlek\u0142ych. Je\u015bli inne choroby zosta\u0142y wykluczone, a poziom cierpienia jest bardzo wysoki, terapia zatrzymuj\u0105ca replikacj\u0119 wirusa mo\u017ce by\u0107 wskazana, je\u015bli aktywno\u015b\u0107 wirusa jest kontynuowana.<\/p>\n<p>Ze wzgl\u0119du na obecne du\u017ce og\u00f3lne zainteresowanie, udost\u0119pniam na \u017cyczenie literatur\u0119 naukow\u0105 na temat zaka\u017cenia wirusem Borna. Prosz\u0119 napisa\u0107 <a href=\"mailto:praxis.scholbach@posteo.de\">e-mail<\/a> z nast\u0119puj\u0105cym tematem: &#8222;Zam\u00f3w literatur\u0119 Bornavirusow\u0105 do osobistego, niekomercyjnego u\u017cytku&#8221;.<\/p>\n<p>R\u00f3\u017cne laboratoria oferuj\u0105 testy do wykrywania wirus\u00f3w Borna. <a href=\"https:\/\/dedimed.com\/borna-virus\/\">Laboratorium to korzysta z bardzo czu\u0142ej metody wykrywania Bode\/Ludwig<\/a>, kt\u00f3ra by\u0142a podstaw\u0105 mojej w\u0142asnej publikacji: 2008 &#8211; <a href=\"https:\/\/scholbach.de\/deutsch-bornavirusinfektion\/bornavirusliteratur-zum-nichtkommerziellen-gebrauch\/2008-borna-disease-virus-infection-in-young-children-scholbach-bode-apmis\">Borna Disease Virus infection in young children &#8211; Scholbach, Bode &#8211; Apmis.<\/a><\/p>\n<p>Podsumowanie ustale\u0144 naszej grupy roboczej zosta\u0142o przedstawione w <a href=\"https:\/\/scholbach.de\/deutsch-bornavirusinfektion\/bornavirusliteratur-zum-nichtkommerziellen-gebrauch\/busan-bv-infection-2010-07-22\">moim referacie na temat I \u015awiatowego Kongresu Wirus\u00f3w i Zaka\u017ce\u0144 Pojawiaj\u0105cych si\u0119 i Zoonotycznych Zaka\u017ce\u0144<\/a><br \/>\nPusan Korea Po\u0142udniowa 1 sierpnia 2010 r. podany.<\/p>\n<p>&nbsp;<\/p>\n<p>&nbsp;<\/p>\n<p><a href=\"https:\/\/www.aerzteblatt.de\/archiv\/55693\/Bornavirus-Kontroverse-um-Humanpathogenitaet\">Po tym jak Instytut Roberta Kocha przez d\u0142ugi czas w\u0105tpi\u0142 w ludzk\u0105 patogenno\u015b\u0107 Bornavirusa<\/a>, teraz (<a href=\"http:\/\/www.spiegel.de\/gesundheit\/diagnose\/bornavirus-drei-todesfaelle-in-deutschland-a-1200035.html\">27.03.2018<\/a>) <a href=\"https:\/\/www.rki.de\/DE\/Content\/Infekt\/EpidBull\/Archiv\/2018\/10\/Art_02.html\">potwierdza trzy zgony niemieckich pacjent\u00f3w po zaka\u017ceniu Bornavirusem<\/a>. Od dawna wiadomo, \u017ce wirus Borna zara\u017ca r\u00f3wnie\u017c ludzi. Ju\u017c w 1998 roku berli\u0144scy badacze wykryli bia\u0142ka wirusowe i przeciwcia\u0142a w p\u0142ynie m\u00f3zgowym pacjent\u00f3w. W tym czasie odpowiednie badania zosta\u0142y przeprowadzone w RKI przez Dr. Bode&#8217;a, a w FU Berlin przez Prof. Hannsa Ludwiga. <a href=\"https:\/\/scholbach.de\/wp-content\/uploads\/2018\/04\/Dankesrede-Bode.pdf\">W 2007 roku dr Bode otrzyma\u0142a Nagrod\u0119 Gwizdka Zwi\u0105zku Naukowc\u00f3w Niemieckich za jej odwa\u017cne wysi\u0142ki na rzecz zachowania bada\u0144 nad Bornavirusem w RKI<\/a>. Jej grupa badawcza zosta\u0142a jednak zamkni\u0119ta.<\/p>\n<p>Teraz Stowarzyszenie Naukowc\u00f3w Niemieckich wezwa\u0142o kierownictwo Instytutu Roberta Kocha i Towarzystwo Wirusologiczne do publicznego wypowiedzenia si\u0119, poniewa\u017c kierownictwo Instytutu Roberta Kocha wiedzia\u0142o ju\u017c ponad 11 lat temu, \u017ce w przypadku pomini\u0119cia w dawstwie tkanek bada\u0144 na obecno\u015b\u0107 wirusa Borneavirusa u dawc\u00f3w istniej\u0105 znaczne zagro\u017cenia dla zdrowia ludno\u015bci.<\/p>\n<p>Zaka\u017cenie wirusem Borna mo\u017ce powodowa\u0107 <a href=\"https:\/\/www.infranken.de\/regional\/franken\/25-jaehriger-student-stirbt-in-franken-an-pferdevirus-bodv-1-erstmals-bei-menschen-nachgewiesen;art58454,3748231\">ci\u0119\u017ckie<\/a> (i \u0142agodne) <a href=\"https:\/\/www.heilpraxisnet.de\/naturheilpraxis\/bornaviren-BoDV-koennen-sogar-fuer-gesunde-menschen-zur-lebensgefahr-werden-20181006427341\">zapalenie m\u00f3zgu<\/a> u ludzi &#8211; by\u0142o znane badaczom w tej dziedzinie od dawna, ale teraz zosta\u0142o odkryte, \u017ce tak powiem, w \u015bwietle do\u015bwiadcze\u0144 z infekcjami u dawc\u00f3w organ\u00f3w. (Publikacja grupy roboczej z Erlangen w <a href=\"https:\/\/www.nejm.org\/doi\/full\/10.1056\/NEJMc1800724\">New England Journal of Medicine<\/a> &#8211; wiod\u0105cej mi\u0119dzynarodowej grupy roboczej w Instytucie Roberta Kocha zosta\u0142a przed laty zamkni\u0119ta przez kierownictwo instytutu przeciwko oporno\u015bci badaczy (PD Dr Liv Bode), po czym regularnie zaprzeczano wybuchowej naturze infekcji)<\/p>\n<p>Lokalizacje Bornavirusa<\/p>\n<p>Nazwa hipokampa ludzkiego m\u00f3zgu pochodzi od imienia konika morskiego (\u0142ac. hippocampus) z powodu jego podobie\u0144stwa. J\u0105dro migda\u0142owe, j\u0105dro migda\u0142owe, jest siedliskiem emocji i motywacji:<\/p>\n<p>&nbsp;<\/p>\n<div class=\"captionedimage\"><img decoding=\"async\" class=\"wp-image-323 size-full aligncenter\" src=\"http:\/\/wp12612379.server-he.de\/wp-content\/uploads\/2016\/06\/Hippocampus_-Seepferd.jpg\" alt=\"Hippocampus\" width=\"50%\" height=\"auto\" srcset=\"https:\/\/scholbach.de\/wp-content\/uploads\/2016\/06\/Hippocampus_-Seepferd.jpg 798w, https:\/\/scholbach.de\/wp-content\/uploads\/2016\/06\/Hippocampus_-Seepferd-300x192.jpg 300w\" sizes=\"(max-width: 798px) 100vw, 798px\" \/>Bildquelle: modifiziert nach Prof. Seress in http:\/\/en.wikipedia.org\/wiki\/Hippocampus<\/div>\n<p>Poni\u017cszy rysunek przedstawia po\u0142o\u017cenie hipokampa i migda\u0142ka w m\u00f3zgu. W tym miejscu cz\u0119sto objawia si\u0119 infekcja wirusem Borna:<\/p>\n<div class=\"captionedimage\"><img decoding=\"async\" class=\"wp-image-324 size-full aligncenter\" src=\"http:\/\/wp12612379.server-he.de\/wp-content\/uploads\/2016\/06\/Hippocampus.png\" alt=\"Hippocampus\" width=\"50%\" height=\"auto\" srcset=\"https:\/\/scholbach.de\/wp-content\/uploads\/2016\/06\/Hippocampus.png 667w, https:\/\/scholbach.de\/wp-content\/uploads\/2016\/06\/Hippocampus-300x292.png 300w\" sizes=\"(max-width: 667px) 100vw, 667px\" \/> Bildquelle: http:\/\/en.wikipedia.org\/wiki\/Hippocampus<\/div>\n<p>M\u00f3\u017cd\u017cek (czerwony), odpowiedzialny za koordynacj\u0119 ruchu i r\u00f3wnowag\u0119 cia\u0142a, jest kolejn\u0105 lokalizacj\u0105 zaka\u017cenia wirusem Borna:<\/p>\n<div class=\"captionedimage\"><img decoding=\"async\" class=\"wp-image-325 size-full aligncenter\" src=\"http:\/\/wp12612379.server-he.de\/wp-content\/uploads\/2016\/06\/Cerebellum_animation_small.gif\" alt=\"Cerebellum_animation_small\" width=\"50%\" height=\"auto\" \/> Bildquelle: http:\/\/en.wikipedia.org\/wiki\/Cerebellum<\/div>\n<p>Literatura<br \/>\nDo pobrania<br \/>\n<a href=\"http:\/\/wp12612379.server-he.de\/wp-content\/uploads\/2015\/12\/Borna-disease-virus-and-mental-health.pdf\">Zaka\u017cenie wirusem choroby Borna a zagro\u017cenie dla zdrowia psychicznego cz\u0142owieka<\/a> (Przegl\u0105d najbardziej znanych niemieckich badaczy wirus\u00f3w Borna na temat zwi\u0105zku zaka\u017cenia wirusem Borna z chorob\u0105 psychiczn\u0105 cz\u0142owieka)<br \/>\n<a href=\"http:\/\/wp12612379.server-he.de\/wp-content\/uploads\/2015\/12\/Borna-virus-infection-in-children.pdf\">Zaka\u017cenie wirusem Borna u dzieci<\/a> (w\u0142asne badanie dotycz\u0105ce cz\u0119sto\u015bci wyst\u0119powania zaka\u017cenia wirusem Borna u dzieci)<\/p>\n<p><strong>Dalsze czytanie<\/strong><br \/>\n<a href=\"http:\/\/www.ncbi.nlm.nih.gov\/pmc\/articles\/PMC4167498\/\">Zaka\u017cenie wirusem choroby wrodzonej (BDV) u pacjent\u00f3w psychiatrycznych i zdrowych ochotnik\u00f3w w Iranie (2014 r.)<\/a><\/p>\n<p><a href=\"http:\/\/journals.plos.org\/plosone\/article?id=10.1371\/journal.pone.0066623\">Ludzki, ale nie laboratoryjny wirus choroby wie\u0144cowej hamuje proliferacj\u0119 i indukuje apoptoz\u0119 w ludzkich oligodendrocytach w Vitro (2013)<\/a><\/p>\n<p><a href=\"http:\/\/www.pnas.org\/content\/110\/5\/1899.long\">Wirusowe zwyrodnienie neuron\u00f3w wywo\u0142ane chorob\u0105 wrodzon\u0105, zale\u017cne od pod\u0142o\u017ca genetycznego gospodarza i zapobiegane przez czynniki rozpuszczalne (2013 r.)<\/a><\/p>\n<p><a href=\"http:\/\/journals.plos.org\/plosone\/article?id=10.1371\/journal.pone.0041476\">Nadekspresja TNF w m\u00f3zgach myszy zaka\u017conych wirusem choroby Borna wywo\u0142uje reakcj\u0119 zapaln\u0105 i napady padaczkowe (2012)<\/a><\/p>\n<p><a href=\"http:\/\/jvi.asm.org\/content\/86\/5\/2512.long\">Wirus choroby mnogiej zara\u017ca ludzkie kom\u00f3rki progenitorowe nerw\u00f3w i upo\u015bledza neurogenez\u0119 (2012)<\/a><\/p>\n<p>&nbsp;<\/p>","protected":false},"excerpt":{"rendered":"<p>Infekcja Bornavirus prowadzi do r\u00f3\u017cnych objaw\u00f3w chorobowych u wielu ssak\u00f3w (koni, kot\u00f3w, &#8230;), ptak\u00f3w, a tak\u017ce u ludzi. Dzi\u0119ki opracowaniu nowych metod wykrywania wirusa przez PD Dr Liv Bode w Instytucie Roberta Kocha, uda\u0142o nam si\u0119 uzyska\u0107 bardziej precyzyjne wyobra\u017cenie o cz\u0119sto\u015bci i typowych dla wieku objawach choroby we wsp\u00f3lnych badaniach nad dzie\u0107mi i doros\u0142ymi. [&hellip;]<\/p>\n","protected":false},"author":4,"featured_media":0,"parent":0,"menu_order":4,"comment_status":"closed","ping_status":"closed","template":"","meta":{"om_disable_all_campaigns":false,"footnotes":""},"class_list":["post-58","page","type-page","status-publish","hentry"],"_links":{"self":[{"href":"https:\/\/scholbach.de\/pl\/wp-json\/wp\/v2\/pages\/58","targetHints":{"allow":["GET"]}}],"collection":[{"href":"https:\/\/scholbach.de\/pl\/wp-json\/wp\/v2\/pages"}],"about":[{"href":"https:\/\/scholbach.de\/pl\/wp-json\/wp\/v2\/types\/page"}],"author":[{"embeddable":true,"href":"https:\/\/scholbach.de\/pl\/wp-json\/wp\/v2\/users\/4"}],"replies":[{"embeddable":true,"href":"https:\/\/scholbach.de\/pl\/wp-json\/wp\/v2\/comments?post=58"}],"version-history":[{"count":69,"href":"https:\/\/scholbach.de\/pl\/wp-json\/wp\/v2\/pages\/58\/revisions"}],"predecessor-version":[{"id":8855,"href":"https:\/\/scholbach.de\/pl\/wp-json\/wp\/v2\/pages\/58\/revisions\/8855"}],"wp:attachment":[{"href":"https:\/\/scholbach.de\/pl\/wp-json\/wp\/v2\/media?parent=58"}],"curies":[{"name":"wp","href":"https:\/\/api.w.org\/{rel}","templated":true}]}}