{"id":5478,"date":"2020-04-17T15:01:38","date_gmt":"2020-04-17T15:01:38","guid":{"rendered":"https:\/\/scholbach.de\/?page_id=5478"},"modified":"2020-06-16T18:01:33","modified_gmt":"2020-06-16T18:01:33","slug":"behandlung-von-kompressionssyndromen","status":"publish","type":"page","link":"https:\/\/scholbach.de\/pl\/behandlung-von-kompressionssyndromen","title":{"rendered":"Leczenie zespo\u0142\u00f3w ucisku naczyniowego"},"content":{"rendered":"<p>Zespo\u0142y ucisku naczyniowego s\u0105 powodowane przez siln\u0105 lordoz\u0119 l\u0119d\u017awiow\u0105.<br \/>\nPierwsze kroki do zmniejszenia objaw\u00f3w po dok\u0142adnej diagnostyce maj\u0105 zatem na celu zmniejszenie lordozy.<br \/>\nMo\u017cna to osi\u0105gn\u0105\u0107 poprzez okre\u015blone postawy cia\u0142a, kt\u00f3re maj\u0105 na celu zmniejszenie przechylenia miednicy do przodu. Przechylenie miednicy rozwija si\u0119 w wieku oko\u0142o 12 miesi\u0119cy, kiedy dzieci zaczynaj\u0105 chodzi\u0107. M\u0142odsze dzieci nie przechylaj\u0105 miednicy do przodu, poniewa\u017c le\u017c\u0105 na plecach lub brzuchu ze zgi\u0119tymi biodrami albo pe\u0142zaj\u0105 lub pe\u0142zaj\u0105. W tych pozycjach cia\u0142a biodra pozostaj\u0105 zgi\u0119te.<br \/>\nDopiero na pocz\u0105tku wyprostowanej postawy i chodu dwuno\u017cnego zaczynaj\u0105 przeci\u0105ga\u0107 biodra, aby g\u00f3rne uda i kolana by\u0142y w jednej linii z plecami. Mo\u017cna to osi\u0105gn\u0105\u0107 tylko przez przekr\u0119cenie ca\u0142ej miednicy do przodu, co powoduje tzw. pochylenie miednicy do przodu. Rozci\u0105ganie staw\u00f3w biodrowych bez przechylenia miednicy jest niemo\u017cliwe, poniewa\u017c ciasne wi\u0105zad\u0142a w obr\u0119bie torebki stawowej stawu biodrowego uniemo\u017cliwiaj\u0105 ruch ko\u015bci udowej o wi\u0119cej ni\u017c 45\u00b0 czaszkowo lub doogonowo w stosunku do linii wahad\u0142a stawu biodrowego. Linia wahad\u0142a jest pod k\u0105tem 90\u00b0 w stosunku do kierunku kr\u0119gos\u0142upa. Tak wi\u0119c ludzie s\u0105 jedynymi zwierz\u0119tami z lordoz\u0105. Po szczeg\u00f3\u0142y patrz moje wyja\u015bnienie pod sekcj\u0105 <a href=\"https:\/\/scholbach.de\/en\/lordose-hohlkreuz\">lordoza<\/a>.<\/p>\n<p>Uzasadnieniem dla leczenia ucisku naczyniowego jest wi\u0119c zmniejszenie lordozy poprzez zgi\u0119cie bioder. To natychmiast zmniejsza b\u00f3l i dyskomfort. Takie postawy cia\u0142a nie mog\u0105 by\u0107 utrzymywane przez d\u0142u\u017cszy czas. Ale przynajmniej w ostrej sytuacji przynosi to pewn\u0105 ulg\u0119.<br \/>\nW celu osi\u0105gni\u0119cia d\u0142u\u017cszych efekt\u00f3w nale\u017cy wzmocni\u0107 mi\u0119\u015bnie wok\u00f3\u0142 kr\u0119gos\u0142upa. Ich wewn\u0119trzne napi\u0119cie zmniejsza przednie i tylne skrzywienia kr\u0119gos\u0142upa, a tym samym zmniejsza lordoz\u0119. Pomocne s\u0105 wszelkiego rodzaju \u0107wiczenia fizyczne, kt\u00f3re wzmacniaj\u0105 mi\u0119\u015bnie tu\u0142owia i po\u015bladk\u00f3w.<\/p>\n<p><a href=\"https:\/\/www.ejcrim.com\/index.php\/EJCRIM\/article\/view\/1605\/2056\">W niniejszym artykule wyja\u015bniono niekt\u00f3re \u0107wiczenia, kt\u00f3re mog\u0105 pom\u00f3c w takiej sytuacji.<\/a><\/p>\n<p>Cz\u0119sto zaleca si\u0119 stosowanie <a href=\"https:\/\/scholbach.de\/risks-of-stents-in-venous-compression-syndromes\">stent\u00f3w<\/a>, zamykanie zatkanych \u017cy\u0142 i usuwanie bolesnych organ\u00f3w. To mo\u017ce by\u0107 \u015bmiertelny b\u0142\u0105d.<\/p>\n<p>Je\u015bli fizykoterapia jest niewystarczaj\u0105ca do zmniejszenia objaw\u00f3w do zno\u015bnej kwoty, nast\u0119pnie nale\u017cy rozwa\u017cy\u0107 leczenie medyczne i chirurgii.<\/p>\n<p>Ka\u017cde leczenie wymaga dok\u0142adnej, kolorowej diagnostyki sonograficznej dopplerowskiej wszystkich ewentualnie wyst\u0119puj\u0105cych zespo\u0142\u00f3w uciskowych. R\u00f3\u017cnica polega na tym, \u017ce w gr\u0119 wchodz\u0105 \u017cy\u0142y, t\u0119tnice lub jelita. Istotne jest r\u00f3wnie\u017c, jaka kombinacja ucisk\u00f3w jest obecna u danej osoby. Zespo\u0142y uciskowe wp\u0142ywaj\u0105 na siebie nawzajem i musi to by\u0107 brane pod uwag\u0119 przy odpowiednim leczeniu.<\/p>","protected":false},"excerpt":{"rendered":"<p>Zespo\u0142y ucisku naczyniowego s\u0105 powodowane przez siln\u0105 lordoz\u0119 l\u0119d\u017awiow\u0105. Pierwsze kroki do zmniejszenia objaw\u00f3w po dok\u0142adnej diagnostyce maj\u0105 zatem na celu zmniejszenie lordozy. Mo\u017cna to osi\u0105gn\u0105\u0107 poprzez okre\u015blone postawy cia\u0142a, kt\u00f3re maj\u0105 na celu zmniejszenie przechylenia miednicy do przodu. Przechylenie miednicy rozwija si\u0119 w wieku oko\u0142o 12 miesi\u0119cy, kiedy dzieci zaczynaj\u0105 chodzi\u0107. M\u0142odsze dzieci nie [&hellip;]<\/p>\n","protected":false},"author":5,"featured_media":0,"parent":0,"menu_order":0,"comment_status":"closed","ping_status":"closed","template":"","meta":{"om_disable_all_campaigns":false,"footnotes":""},"class_list":["post-5478","page","type-page","status-publish","hentry"],"_links":{"self":[{"href":"https:\/\/scholbach.de\/pl\/wp-json\/wp\/v2\/pages\/5478","targetHints":{"allow":["GET"]}}],"collection":[{"href":"https:\/\/scholbach.de\/pl\/wp-json\/wp\/v2\/pages"}],"about":[{"href":"https:\/\/scholbach.de\/pl\/wp-json\/wp\/v2\/types\/page"}],"author":[{"embeddable":true,"href":"https:\/\/scholbach.de\/pl\/wp-json\/wp\/v2\/users\/5"}],"replies":[{"embeddable":true,"href":"https:\/\/scholbach.de\/pl\/wp-json\/wp\/v2\/comments?post=5478"}],"version-history":[{"count":17,"href":"https:\/\/scholbach.de\/pl\/wp-json\/wp\/v2\/pages\/5478\/revisions"}],"predecessor-version":[{"id":5817,"href":"https:\/\/scholbach.de\/pl\/wp-json\/wp\/v2\/pages\/5478\/revisions\/5817"}],"wp:attachment":[{"href":"https:\/\/scholbach.de\/pl\/wp-json\/wp\/v2\/media?parent=5478"}],"curies":[{"name":"wp","href":"https:\/\/api.w.org\/{rel}","templated":true}]}}