{"id":39,"date":"2015-12-26T17:01:17","date_gmt":"2015-12-26T17:01:17","guid":{"rendered":"http:\/\/wp12612379.server-he.de\/?page_id=39"},"modified":"2025-02-05T19:47:17","modified_gmt":"2025-02-05T18:47:17","slug":"anfahrt","status":"publish","type":"page","link":"https:\/\/scholbach.de\/pl\/praxis\/anfahrt","title":{"rendered":"Directions"},"content":{"rendered":"<p class=\"qtranxs-available-languages-message qtranxs-available-languages-message-pl\">Przepraszamy, ten wpis jest dost\u0119pny tylko w j\u0119zyku <a href=\"https:\/\/scholbach.de\/en\/wp-json\/wp\/v2\/pages\/39\" class=\"qtranxs-available-language-link qtranxs-available-language-link-en\" title=\"English\">English<\/a>, <a href=\"https:\/\/scholbach.de\/de\/wp-json\/wp\/v2\/pages\/39\" class=\"qtranxs-available-language-link qtranxs-available-language-link-de\" title=\"Deutsch\">Deutsch<\/a>, <a href=\"https:\/\/scholbach.de\/fr\/wp-json\/wp\/v2\/pages\/39\" class=\"qtranxs-available-language-link qtranxs-available-language-link-fr\" title=\"Fran\u00e7ais\">Fran\u00e7ais<\/a>, <a href=\"https:\/\/scholbach.de\/es\/wp-json\/wp\/v2\/pages\/39\" class=\"qtranxs-available-language-link qtranxs-available-language-link-es\" title=\"Espa\u00f1ol\">Espa\u00f1ol<\/a>, <a href=\"https:\/\/scholbach.de\/nl\/wp-json\/wp\/v2\/pages\/39\" class=\"qtranxs-available-language-link qtranxs-available-language-link-nl\" title=\"Nederlands\">Nederlands<\/a>, <a href=\"https:\/\/scholbach.de\/zh\/wp-json\/wp\/v2\/pages\/39\" class=\"qtranxs-available-language-link qtranxs-available-language-link-zh\" title=\"\u4e2d\u6587\">\u4e2d\u6587<\/a> i <a href=\"https:\/\/scholbach.de\/ru\/wp-json\/wp\/v2\/pages\/39\" class=\"qtranxs-available-language-link qtranxs-available-language-link-ru\" title=\"\u0420\u0443\u0441\u0441\u043a\u0438\u0439\">\u0420\u0443\u0441\u0441\u043a\u0438\u0439<\/a>.<\/p><p><strong>How to get to my clinic at D &#8211; 04315 Leipzig, Konradstrasse 52?<\/strong><\/p>\n<div class=\"mapouter\">\n<div class=\"gmap_canvas\">\n<p><iframe loading=\"lazy\" id=\"gmap_canvas\" src=\"https:\/\/maps.google.com\/maps?q=KOnradstrasse%2052&amp;t=&amp;z=13&amp;ie=UTF8&amp;iwloc=&amp;output=embed\" width=\"600\" height=\"500\" frameborder=\"0\" marginwidth=\"0\" marginheight=\"0\" scrolling=\"no\"><\/iframe><\/p>\n<\/div>\n<\/div>\n<p><strong>By Train<\/strong><\/p>\n<p>Arriving at Leipzig Central Station (&#8222;Leipzig Hauptbahnhof&#8221;) take the tram No. 1 (with final destination <em>Mockau<\/em> ) or No. 3 (final destination <em>Taucha<\/em>) until stop <em>Herrmann-Liebmann-Stra\u00dfe<\/em>.<\/p>\n<p><strong>By Plane<\/strong><\/p>\n<p>You arrive Leipzig <a href=\"https:\/\/www.leipzig-halle-airport.de\/en\/\" target=\"_blank\" rel=\"noopener\">Airport LEJ (Leipzig-Halle)<\/a>. Take the train to Leipzig Central Station. Arriving at Leipzig Central Station (&#8222;Leipzig Hauptbahnhof&#8221;) take the tram No. 1 (with final destination <em>Mockau<\/em> ) or No. 3 (final destination <em>Taucha<\/em>) until stop <em>Herrmann-Liebmann-Stra\u00dfe<\/em>.<\/p>","protected":false},"excerpt":{"rendered":"<p>Przepraszamy, ten wpis jest dost\u0119pny tylko w j\u0119zyku English, Deutsch, Fran\u00e7ais, Espa\u00f1ol, Nederlands, \u4e2d\u6587 i \u0420\u0443\u0441\u0441\u043a\u0438\u0439.How to get to my clinic at D &#8211; 04315 Leipzig, Konradstrasse 52? By Train Arriving at Leipzig Central Station (&#8222;Leipzig Hauptbahnhof&#8221;) take the tram No. 1 (with final destination Mockau ) or No. 3 (final destination Taucha) until stop [&hellip;]<\/p>\n","protected":false},"author":4,"featured_media":0,"parent":6,"menu_order":4,"comment_status":"closed","ping_status":"closed","template":"","meta":{"om_disable_all_campaigns":false,"footnotes":""},"class_list":["post-39","page","type-page","status-publish","hentry"],"_links":{"self":[{"href":"https:\/\/scholbach.de\/pl\/wp-json\/wp\/v2\/pages\/39","targetHints":{"allow":["GET"]}}],"collection":[{"href":"https:\/\/scholbach.de\/pl\/wp-json\/wp\/v2\/pages"}],"about":[{"href":"https:\/\/scholbach.de\/pl\/wp-json\/wp\/v2\/types\/page"}],"author":[{"embeddable":true,"href":"https:\/\/scholbach.de\/pl\/wp-json\/wp\/v2\/users\/4"}],"replies":[{"embeddable":true,"href":"https:\/\/scholbach.de\/pl\/wp-json\/wp\/v2\/comments?post=39"}],"version-history":[{"count":34,"href":"https:\/\/scholbach.de\/pl\/wp-json\/wp\/v2\/pages\/39\/revisions"}],"predecessor-version":[{"id":9115,"href":"https:\/\/scholbach.de\/pl\/wp-json\/wp\/v2\/pages\/39\/revisions\/9115"}],"up":[{"embeddable":true,"href":"https:\/\/scholbach.de\/pl\/wp-json\/wp\/v2\/pages\/6"}],"wp:attachment":[{"href":"https:\/\/scholbach.de\/pl\/wp-json\/wp\/v2\/media?parent=39"}],"curies":[{"name":"wp","href":"https:\/\/api.w.org\/{rel}","templated":true}]}}