{"id":374,"date":"2016-06-14T15:11:19","date_gmt":"2016-06-14T15:11:19","guid":{"rendered":"http:\/\/wp12612379.server-he.de\/?page_id=374"},"modified":"2020-04-05T14:12:57","modified_gmt":"2020-04-05T14:12:57","slug":"truncus-coeliacus-kompression","status":"publish","type":"page","link":"https:\/\/scholbach.de\/pl\/wissenschaft\/deutsch-ultraschalldiagnostik\/deutsch-gefaskompressionen\/truncus-coeliacus-kompression","title":{"rendered":"Truncus coeliacus compression \/ Dunbar syndrome \/ MALS \/ Ligamentum arcuatum syndrome"},"content":{"rendered":"<p>Ten zesp\u00f3\u0142 ucisku naczyniowego jest tylko cz\u0119\u015bciej spotykany przez zjawisko dziadka do orzech\u00f3w. Do tej pory zdiagnozowa\u0142em i leczy\u0142em ponad 1000 pacjent\u00f3w. Najcz\u0119stszymi dolegliwo\u015bciami przy uciskaniu tu\u0142owia i zwoju celiakii (splotu s\u0142onecznego) s\u0105: b\u00f3l brzucha, b\u00f3l serca (dok\u0142adniej: b\u00f3l w okolicy serca), b\u00f3l w klatce piersiowej, trudno\u015bci w oddychaniu, md\u0142o\u015bci, zawroty g\u0142owy, czer\u0144 przed oczami, sk\u0142onno\u015b\u0107 do zapadania si\u0119, b\u00f3l brzucha i biegunka po jedzeniu, a tak\u017ce zmniejszona odporno\u015b\u0107 podczas uprawiania sportu lub wysi\u0142ku fizycznego.<\/p>\n<p>Obraz kliniczny, znany r\u00f3wnie\u017c jako zesp\u00f3\u0142 Dunbara, MALS (Median Arcuate Ligament Syndrome), Ligamentum arcuatum syndrome, Ganglion-coeliacum compression syndrome (prawdopodobnie najbardziej trafne okre\u015blenie), celiakularny zesp\u00f3\u0142 uciskania t\u0119tnicy lub celiakularny zesp\u00f3\u0142 uciskania tu\u0142owia, jest trudny do zdiagnozowania konwencjonalnymi metodami i dlatego przez d\u0142ugi czas pozostaje nierozpoznany. Ze wzgl\u0119du na du\u017c\u0105 liczb\u0119 r\u00f3\u017cnych objaw\u00f3w i cz\u0119sto widoczne objawy wegetatywne, pacjenci przychodz\u0105 do lekarzy r\u00f3\u017cnych dyscyplin, cz\u0119sto bez wyja\u015bnienia ich skarg. Wreszcie, s\u0105 one cz\u0119sto polecane do terapii psychologicznej lub psychiatrycznej, co r\u00f3wnie\u017c cz\u0119sto nie jest zadowalaj\u0105cym rozwi\u0105zaniem. Dzi\u0119ki funkcjonalnej kolorowej sonografii dopplerowskiej mo\u017cna jednoznacznie okre\u015bli\u0107 przyczyn\u0119 i rozpocz\u0105\u0107 leczenie przyczynowe, laparoskopowe, chirurgiczne odbarczenie zwoju, kt\u00f3re regularnie prowadzi do natychmiastowego i trwa\u0142ego uwolnienia si\u0119 od objaw\u00f3w.<\/p>\n<p>Objawy zespo\u0142u ucisku pnia drzewa celiakowatego powstaj\u0105, poniewa\u017c przepona dos\u0142ownie \u015bciska splot nerwowy na pniu podczas oddychania i wypiera go wraz z naczyniem.<\/p>\n<p>Osoby, kt\u00f3rych to dotyczy, stworzy\u0142y stron\u0119 informacyjn\u0105 i forum.<\/p>\n<p>Poni\u017csza ilustracja pokazuje po lewej stronie, w jaki spos\u00f3b tu\u0142\u00f3w jest ods\u0142oni\u0119ty i rozci\u0105gni\u0119ty podczas g\u0142\u0119bokiej inspiracji. Dla por\u00f3wnania, w\u0142a\u015bciwy rysunek przedstawia przemieszczenie tu\u0142owia w kszta\u0142cie haka, zw\u0119\u017cenie i wynikaj\u0105ce z niego przyspieszenie przep\u0142ywu podczas wydechu (wydechu):<\/p>\n<p><img decoding=\"async\" class=\"alignnone size-large wp-image-392\" src=\"http:\/\/wp12612379.server-he.de\/wp-content\/uploads\/2016\/06\/Truncus-Coeliacus-Kompression-1024x469.jpg\" alt=\"Truncus-Coeliacus-Kompression\" width=\"100%\" height=\"auto\" srcset=\"https:\/\/scholbach.de\/wp-content\/uploads\/2016\/06\/Truncus-Coeliacus-Kompression-1024x469.jpg 1024w, https:\/\/scholbach.de\/wp-content\/uploads\/2016\/06\/Truncus-Coeliacus-Kompression-300x137.jpg 300w, https:\/\/scholbach.de\/wp-content\/uploads\/2016\/06\/Truncus-Coeliacus-Kompression.jpg 1073w\" sizes=\"(max-width: 1024px) 100vw, 1024px\" \/><\/p>\n<p>DZwi\u0119kszone pr\u0119dko\u015bci przep\u0142ywu w r\u00f3\u017cnych fazach oddechowych mo\u017cna zobaczy\u0107 na poni\u017cszym filmie:<\/p>\n<p><iframe loading=\"lazy\" title=\"Truncus coeliacus-Kompressionssyndrom\" frameborder=\"0\" width=\"500\" height=\"334\" src=\"https:\/\/geo.dailymotion.com\/player.html?video=x3mx9ho&#038;\" allowfullscreen allow=\"autoplay; fullscreen; picture-in-picture; web-share\"><\/iframe><\/p>\n<p>&nbsp;<\/p>\n<p>Prosz\u0119 zwr\u00f3ci\u0107 uwag\u0119 na nasze uwagi na wyja\u015bnienia medyczne na tej stronie.<\/p>","protected":false},"excerpt":{"rendered":"<p>Ten zesp\u00f3\u0142 ucisku naczyniowego jest tylko cz\u0119\u015bciej spotykany przez zjawisko dziadka do orzech\u00f3w. Do tej pory zdiagnozowa\u0142em i leczy\u0142em ponad 1000 pacjent\u00f3w. Najcz\u0119stszymi dolegliwo\u015bciami przy uciskaniu tu\u0142owia i zwoju celiakii (splotu s\u0142onecznego) s\u0105: b\u00f3l brzucha, b\u00f3l serca (dok\u0142adniej: b\u00f3l w okolicy serca), b\u00f3l w klatce piersiowej, trudno\u015bci w oddychaniu, md\u0142o\u015bci, zawroty g\u0142owy, czer\u0144 przed oczami, [&hellip;]<\/p>\n","protected":false},"author":4,"featured_media":0,"parent":66,"menu_order":5,"comment_status":"open","ping_status":"open","template":"","meta":{"om_disable_all_campaigns":false,"footnotes":""},"class_list":["post-374","page","type-page","status-publish","hentry"],"_links":{"self":[{"href":"https:\/\/scholbach.de\/pl\/wp-json\/wp\/v2\/pages\/374","targetHints":{"allow":["GET"]}}],"collection":[{"href":"https:\/\/scholbach.de\/pl\/wp-json\/wp\/v2\/pages"}],"about":[{"href":"https:\/\/scholbach.de\/pl\/wp-json\/wp\/v2\/types\/page"}],"author":[{"embeddable":true,"href":"https:\/\/scholbach.de\/pl\/wp-json\/wp\/v2\/users\/4"}],"replies":[{"embeddable":true,"href":"https:\/\/scholbach.de\/pl\/wp-json\/wp\/v2\/comments?post=374"}],"version-history":[{"count":58,"href":"https:\/\/scholbach.de\/pl\/wp-json\/wp\/v2\/pages\/374\/revisions"}],"predecessor-version":[{"id":4425,"href":"https:\/\/scholbach.de\/pl\/wp-json\/wp\/v2\/pages\/374\/revisions\/4425"}],"up":[{"embeddable":true,"href":"https:\/\/scholbach.de\/pl\/wp-json\/wp\/v2\/pages\/66"}],"wp:attachment":[{"href":"https:\/\/scholbach.de\/pl\/wp-json\/wp\/v2\/media?parent=374"}],"curies":[{"name":"wp","href":"https:\/\/api.w.org\/{rel}","templated":true}]}}