{"id":364,"date":"2016-06-14T13:54:05","date_gmt":"2016-06-14T13:54:05","guid":{"rendered":"http:\/\/wp12612379.server-he.de\/?page_id=364"},"modified":"2024-01-20T21:40:11","modified_gmt":"2024-01-20T20:40:11","slug":"arteria-mesenterica-superior-syndrom","status":"publish","type":"page","link":"https:\/\/scholbach.de\/pl\/wissenschaft\/deutsch-ultraschalldiagnostik\/deutsch-gefaskompressionen\/arteria-mesenterica-superior-syndrom","title":{"rendered":"Zesp\u00f3\u0142 Wilkiego \/ zesp\u00f3\u0142 mezentryczny (arteria mesenterica superior)"},"content":{"rendered":"<p><img decoding=\"async\" class=\"alignnone size-large wp-image-330\" src=\"http:\/\/wp12612379.server-he.de\/wp-content\/uploads\/2016\/06\/Anatomie-AMS-1024x576.jpg\" alt=\"Anatomie AMS\" width=\"100%\" height=\"auto\" srcset=\"https:\/\/scholbach.de\/wp-content\/uploads\/2016\/06\/Anatomie-AMS-1024x576.jpg 1024w, https:\/\/scholbach.de\/wp-content\/uploads\/2016\/06\/Anatomie-AMS-300x169.jpg 300w, https:\/\/scholbach.de\/wp-content\/uploads\/2016\/06\/Anatomie-AMS.jpg 1280w\" sizes=\"(max-width: 1024px) 100vw, 1024px\" \/><\/p>\n<p>W k\u0105cie pomi\u0119dzy aort\u0105 a g\u00f3rn\u0105 t\u0119tnic\u0105 jelitow\u0105 (Arteria mesenterica superior) lewa \u017cy\u0142a nerkowa ci\u0105gnie si\u0119 w prawo (patrz Zesp\u00f3\u0142 Dziadka do Orzech\u00f3w), a dwunastnica w lewo. Je\u015bli k\u0105t ten jest bardzo w\u0105ski, dwunastnica mo\u017ce zosta\u0107 \u015bci\u015bni\u0119ta przez dwie t\u0119tnice w taki spos\u00f3b, \u017ce natychmiast po opuszczeniu \u017co\u0142\u0105dka pokarm zatrzymuje si\u0119 przed zaciskiem naczyniowym i mo\u017ce by\u0107 transportowany dalej tylko z b\u00f3lem, szarpni\u0119ciem lub w okre\u015blonych pozycjach.<br \/>\nOko\u0142o kwadrans po rozpocz\u0119ciu przyjmowania pokarm\u00f3w chorzy odczuwaj\u0105 silny b\u00f3l w g\u00f3rnej cz\u0119\u015bci brzucha, kt\u00f3ry powoduje, \u017ce przechodz\u0105 na pi\u017cmowy pokarm i niewielkie ilo\u015bci pokarmu. Prawa g\u00f3rna cz\u0119\u015b\u0107 brzucha nadmuchuje pod \u0142ukiem nadbrze\u017cnym, co prowadzi do nasilenia b\u00f3lu w g\u00f3rnej cz\u0119\u015bci brzucha, bicia, a mo\u017ce nawet wymiot\u00f3w. Ulga jest cz\u0119sto odczuwalna, gdy le\u017cy si\u0119 po lewej stronie. Przy silnym ucisku awersja do jedzenia w obawie przed b\u00f3lem staje si\u0119 tak silna, \u017ce pacjenci trac\u0105 na wadze.<br \/>\nW niekt\u00f3rych przypadkach ucisk spowodowany jest os\u0142abieniem mi\u0119\u015bni jelit, w innych zw\u0119\u017cenie k\u0105ta, pod kt\u00f3rym t\u0119tnica jelitowa wychodzi z aorty, jest wystarczaj\u0105ce do wywo\u0142ania objaw\u00f3w.<\/p>\n<p>Dotkni\u0119ci pacjenci mog\u0105 wymienia\u0107 si\u0119 informacjami w grupie samopomocy.<\/p>\n<p>Diagnoz\u0119 stawiamy za pomoc\u0105 funkcjonalnej kolorowej sonografii dopplerowskiej, w kt\u00f3rej uwzgl\u0119dniamy indywidualn\u0105 konstelacj\u0119 b\u00f3lu, a na pustym \u017co\u0142\u0105dku, podczas i po jedzeniu oraz w r\u00f3\u017cnych pozycjach szczeg\u00f3\u0142owo obserwujemy transport \u017cywno\u015bci i por\u00f3wnujemy go z objawami. W ten spos\u00f3b diagnoza mo\u017ce by\u0107 postawiona bezinwazyjnie i bez prze\u015bwietlenia w jednym badaniu.<\/p>\n<p>Inne naczyniowe zespo\u0142y uciskowe cz\u0119sto towarzysz\u0105 zespo\u0142owi Wilkiego i s\u0105 r\u00f3wnie\u017c diagnozowane poprzez szczeg\u00f3\u0142owe, subtelne badanie w tej samej sesji. Ma to kluczowe znaczenie, poniewa\u017c objawy wszystkich zespo\u0142\u00f3w ucisku naczyniowego nak\u0142adaj\u0105 si\u0119 na siebie, a plan leczenia mo\u017cna opracowa\u0107 dopiero po ilo\u015bciowym badaniu perfuzji dotkni\u0119tych nimi naczy\u0144.<\/p>\n<p>Poni\u017cszy film pokazuje zator dwunastnicy u pacjenta, kt\u00f3ry nic nie jad\u0142, u kt\u00f3rego dwunastnica jest w ten spos\u00f3b pusta:<\/p>\n<div style=\"width: 640px;\" class=\"wp-video\"><video class=\"wp-video-shortcode\" id=\"video-364-28\" width=\"640\" height=\"360\" preload=\"metadata\" controls=\"controls\"><source type=\"video\/mp4\" src=\"http:\/\/wp12612379.server-he.de\/wp-content\/uploads\/2016\/06\/Videodarstellung_des_Staus_im_Duodenum.mp4?_=28\" \/><a href=\"http:\/\/wp12612379.server-he.de\/wp-content\/uploads\/2016\/06\/Videodarstellung_des_Staus_im_Duodenum.mp4\">http:\/\/wp12612379.server-he.de\/wp-content\/uploads\/2016\/06\/Videodarstellung_des_Staus_im_Duodenum.mp4<\/a><\/video><\/div>\n<p>&nbsp;<\/p>\n<p>Poni\u017cszy film ultrasonograficzny pokazuje zator pokarmowy w dwunastnicy po zjedzeniu:<\/p>\n<div style=\"width: 640px;\" class=\"wp-video\"><video class=\"wp-video-shortcode\" id=\"video-364-29\" width=\"640\" height=\"360\" preload=\"metadata\" controls=\"controls\"><source type=\"video\/mp4\" src=\"http:\/\/wp12612379.server-he.de\/wp-content\/uploads\/2016\/06\/ams_widerstandsperistaltik.mp4?_=29\" \/><a href=\"http:\/\/wp12612379.server-he.de\/wp-content\/uploads\/2016\/06\/ams_widerstandsperistaltik.mp4\">http:\/\/wp12612379.server-he.de\/wp-content\/uploads\/2016\/06\/ams_widerstandsperistaltik.mp4<\/a><\/video><\/div>\n<p>Das letzte Video schlie\u00dflich zeigt wie sich das Duodenum gegen den Widerstand entleert:<\/p>\n<div style=\"width: 640px;\" class=\"wp-video\"><video class=\"wp-video-shortcode\" id=\"video-364-30\" width=\"640\" height=\"360\" preload=\"metadata\" controls=\"controls\"><source type=\"video\/mp4\" src=\"http:\/\/wp12612379.server-he.de\/wp-content\/uploads\/2016\/06\/Unter_Schmerzlinerung_entleert_sich_das_Duodenum.mp4?_=30\" \/><a href=\"http:\/\/wp12612379.server-he.de\/wp-content\/uploads\/2016\/06\/Unter_Schmerzlinerung_entleert_sich_das_Duodenum.mp4\">http:\/\/wp12612379.server-he.de\/wp-content\/uploads\/2016\/06\/Unter_Schmerzlinerung_entleert_sich_das_Duodenum.mp4<\/a><\/video><\/div>\n<p>&nbsp;<\/p>\n<p>Prosz\u0119 zwr\u00f3ci\u0107 uwag\u0119 na nasze uwagi na wyja\u015bnienia medyczne na tej stronie.<\/p>","protected":false},"excerpt":{"rendered":"<p>W k\u0105cie pomi\u0119dzy aort\u0105 a g\u00f3rn\u0105 t\u0119tnic\u0105 jelitow\u0105 (Arteria mesenterica superior) lewa \u017cy\u0142a nerkowa ci\u0105gnie si\u0119 w prawo (patrz Zesp\u00f3\u0142 Dziadka do Orzech\u00f3w), a dwunastnica w lewo. Je\u015bli k\u0105t ten jest bardzo w\u0105ski, dwunastnica mo\u017ce zosta\u0107 \u015bci\u015bni\u0119ta przez dwie t\u0119tnice w taki spos\u00f3b, \u017ce natychmiast po opuszczeniu \u017co\u0142\u0105dka pokarm zatrzymuje si\u0119 przed zaciskiem naczyniowym i [&hellip;]<\/p>\n","protected":false},"author":4,"featured_media":0,"parent":66,"menu_order":6,"comment_status":"open","ping_status":"closed","template":"","meta":{"om_disable_all_campaigns":false,"footnotes":""},"class_list":["post-364","page","type-page","status-publish","hentry"],"_links":{"self":[{"href":"https:\/\/scholbach.de\/pl\/wp-json\/wp\/v2\/pages\/364","targetHints":{"allow":["GET"]}}],"collection":[{"href":"https:\/\/scholbach.de\/pl\/wp-json\/wp\/v2\/pages"}],"about":[{"href":"https:\/\/scholbach.de\/pl\/wp-json\/wp\/v2\/types\/page"}],"author":[{"embeddable":true,"href":"https:\/\/scholbach.de\/pl\/wp-json\/wp\/v2\/users\/4"}],"replies":[{"embeddable":true,"href":"https:\/\/scholbach.de\/pl\/wp-json\/wp\/v2\/comments?post=364"}],"version-history":[{"count":60,"href":"https:\/\/scholbach.de\/pl\/wp-json\/wp\/v2\/pages\/364\/revisions"}],"predecessor-version":[{"id":8510,"href":"https:\/\/scholbach.de\/pl\/wp-json\/wp\/v2\/pages\/364\/revisions\/8510"}],"up":[{"embeddable":true,"href":"https:\/\/scholbach.de\/pl\/wp-json\/wp\/v2\/pages\/66"}],"wp:attachment":[{"href":"https:\/\/scholbach.de\/pl\/wp-json\/wp\/v2\/media?parent=364"}],"curies":[{"name":"wp","href":"https:\/\/api.w.org\/{rel}","templated":true}]}}