{"id":3520,"date":"2019-10-06T08:36:56","date_gmt":"2019-10-06T08:36:56","guid":{"rendered":"https:\/\/scholbach.de\/?page_id=3520"},"modified":"2022-11-12T14:24:51","modified_gmt":"2022-11-12T14:24:51","slug":"funktioneller-farbdoppler-ultraschall-wie-ich-ihn-verstehe","status":"publish","type":"page","link":"https:\/\/scholbach.de\/pl\/funktioneller-farbdoppler-ultraschall-wie-ich-ihn-verstehe","title":{"rendered":"Funkcjonalne kolorowe ultrad\u017awi\u0119ki dopplerowskie : jak ja to robi\u0119"},"content":{"rendered":"<p>Oferuj\u0119 najlepsz\u0105 mo\u017cliw\u0105 technologi\u0119 ultrasonograficzn\u0105 dla dok\u0142adnie twoich objaw\u00f3w.<\/p>\n<p>Moim ostatecznym celem jest pomoc w znalezieniu sposobu na najlepsze leczenie, a nie tylko wykonanie tego czy innego zabiegu.<\/p>\n<p>Oznacza to, \u017ce wygl\u0105dam znacznie d\u0142u\u017cej i \u015bledz\u0119 dok\u0142adnie Twoje objawy, zamiast wykonywa\u0107 prac\u0119 i wysy\u0142a\u0107 Ci\u0119 do domu deklaruj\u0105c &#8222;Wszystko jest w porz\u0105dku!&#8221;, mimo \u017ce cierpisz, nie mo\u017cesz je\u015b\u0107, wymiotowa\u0107 ani mie\u0107 \u017cadnego innego rodzaju cierpienia.<\/p>\n<p>Dobre lekarstwo uwalnia ci\u0119 od cierpienia i nie daje ci spokoju.<\/p>\n<p>Oczywi\u015bcie, wiedza medyczna jest ograniczona, ale granice nie s\u0105 pewnymi specjalno\u015bciami, kt\u00f3re dziel\u0105 cz\u0142owieka na odizolowane cz\u0119\u015bci.<\/p>\n<p>Zamiast tego, moje podej\u015bcie przekracza granice organ\u00f3w i specjalno\u015bci.<\/p>\n<p>Patrz\u0119 na wszystkie organy i wszystkie wasze objawy, niech tradycyjnie nale\u017c\u0105 do gastroenterologii, nefrologii, urologii, ginekologii, neurologii, pediatrii, chirurgii, angiologii, psychiatrii, kardiologii, ortopedii, medycyny p\u0142odowej czy dermatologii.<\/p>\n<p>Ultrasonografia \u0142\u0105czy w sobie wszystkie te specjalno\u015bci.<\/p>\n<p>Funkcjonalne kolorowe badanie ultrasonograficzne Doppler wykracza daleko poza konwencjonalne badanie ultrasonograficzne.<\/p>\n<p>Ultrad\u017awi\u0119ki polegaj\u0105 na badaniu morfologii na czarno-bia\u0142ych zdj\u0119ciach.<\/p>\n<p>Ultrad\u017awi\u0119ki Colour Doppler analizuj\u0105 ruchy. Przep\u0142yw krwi, perystaltyka jelit, obkurczanie moczowod\u00f3w, obkurczanie p\u0119cherzyka moczowego lub \u017c\u00f3\u0142ciowego, dysze p\u0142ynu m\u00f3zgowo-rdzeniowego, hu\u015btawka zastawek serca, obkurczanie przedsionk\u00f3w i kom\u00f3r serca, otwieranie i zamykanie zastawek \u017cylnych, ruch \u017cy\u0142y p\u0119pkowej (kt\u00f3ry zreszt\u0105 po raz pierwszy zosta\u0142 zaobserwowany i zmierzony u p\u0142od\u00f3w przez nasz\u0105 grup\u0119 badawcz\u0105), ruchy przepony, \u015blizganie si\u0119 op\u0142ucnej &#8211; wszystkie te zjawiska mo\u017cna dok\u0142adnie opisa\u0107 za pomoc\u0105 kolorowych ultrad\u017awi\u0119k\u00f3w Dopplera.<\/p>\n<p>Ale my idziemy dalej.<\/p>\n<p>Opracowali\u015bmy pierwsz\u0105 sonograficzn\u0105 metod\u0119 kwantyfikacji tych ruch\u00f3w &#8211; technik\u0119 PixelFlux.<\/p>\n<p>W ten spos\u00f3b mo\u017cemy dok\u0142adnie zmierzy\u0107 i por\u00f3wna\u0107, ile krwi p\u0142ynie do narz\u0105du, do tkanki, a nawet do r\u00f3\u017cnych ga\u0142\u0119zi drzewa naczyniowego narz\u0105du.<\/p>\n<p>Lepiej ni\u017c w przypadku ka\u017cdej innej techniki mo\u017cemy precyzyjnie oceni\u0107 stan funkcjonalny narz\u0105du i zaburzenia wp\u0142ywaj\u0105ce na jego ukrwienie.<\/p>\n<p>Co wi\u0119cej, mo\u017cemy mierzy\u0107 stan zapalny na miejscu i mierzy\u0107 powodzenie lub niepowodzenie leczenia.<\/p>\n<p>Wszystko to odbywa si\u0119 podczas jednego badania. Wszystkie te zabiegi s\u0105 certyfikowane przez zarz\u0105d. W ten spos\u00f3b na jednym badaniu otrzymujesz odpowiedzi z wielu specjalno\u015bci medycznych.<\/p>\n<p>Ale nie poprzestajemy na tym. Powtarzamy to wszystko w zmieniaj\u0105cych si\u0119 warunkach zewn\u0119trznych.<\/p>\n<p>Kiedy twoje objawy zwi\u0105zane s\u0105 z trawieniem, zbadam ci\u0119 przed, w trakcie i po posi\u0142ku. Je\u015bli zale\u017c\u0105 one od postawy cia\u0142a, zbadam was w r\u00f3\u017cnych pozycjach poziomych, siedz\u0105c, stoj\u0105c, a nawet podczas lub po \u0107wiczeniach.<\/p>\n<p>B\u0119d\u0119 bada\u0107 ci\u0119 w r\u00f3\u017cnych pozycjach oddechowych, z pe\u0142nym i pustym p\u0119cherzem, z r\u00f3\u017cnymi pozycjami niekt\u00f3rych staw\u00f3w&#8230; i tak dalej.<\/p>\n<p>W ko\u0144cu otrzymacie wynik, kt\u00f3ry jest rzeteln\u0105 i solidn\u0105 podstaw\u0105 do podj\u0119cia decyzji o leczeniu.<\/p>\n<p>Pokazuj\u0119 panu ka\u017cdy szczeg\u00f3\u0142 badania na ekranie, gdy jest pan badany. Wyja\u015bni\u0119 wam wszystkie moje wnioski i dam wam szkic trudnych scenariuszy anatomicznych.<\/p>\n<p>Wszystkie wyniki przekazuj\u0119 Pa\u0144stwu i wszystkim lekarzom kieruj\u0105cym w szczeg\u00f3\u0142owym raporcie, zawieraj\u0105cym wszystkie pomiary i wszystkie istotne obrazy.<\/p>\n<p>Jest to funkcjonalne badanie ultrasonograficzne, tak jak ja to rozumiem &#8211;<a href=\"https:\/\/scholbach.de\/what-patients-say\"> i pacjenci z ca\u0142ego \u015bwiata to doceniaj\u0105.<\/a><\/p>\n<p>&nbsp;<\/p>","protected":false},"excerpt":{"rendered":"<p>Oferuj\u0119 najlepsz\u0105 mo\u017cliw\u0105 technologi\u0119 ultrasonograficzn\u0105 dla dok\u0142adnie twoich objaw\u00f3w. Moim ostatecznym celem jest pomoc w znalezieniu sposobu na najlepsze leczenie, a nie tylko wykonanie tego czy innego zabiegu. Oznacza to, \u017ce wygl\u0105dam znacznie d\u0142u\u017cej i \u015bledz\u0119 dok\u0142adnie Twoje objawy, zamiast wykonywa\u0107 prac\u0119 i wysy\u0142a\u0107 Ci\u0119 do domu deklaruj\u0105c &#8222;Wszystko jest w porz\u0105dku!&#8221;, mimo \u017ce cierpisz, [&hellip;]<\/p>\n","protected":false},"author":5,"featured_media":0,"parent":0,"menu_order":0,"comment_status":"closed","ping_status":"closed","template":"","meta":{"om_disable_all_campaigns":false,"footnotes":""},"class_list":["post-3520","page","type-page","status-publish","hentry"],"_links":{"self":[{"href":"https:\/\/scholbach.de\/pl\/wp-json\/wp\/v2\/pages\/3520","targetHints":{"allow":["GET"]}}],"collection":[{"href":"https:\/\/scholbach.de\/pl\/wp-json\/wp\/v2\/pages"}],"about":[{"href":"https:\/\/scholbach.de\/pl\/wp-json\/wp\/v2\/types\/page"}],"author":[{"embeddable":true,"href":"https:\/\/scholbach.de\/pl\/wp-json\/wp\/v2\/users\/5"}],"replies":[{"embeddable":true,"href":"https:\/\/scholbach.de\/pl\/wp-json\/wp\/v2\/comments?post=3520"}],"version-history":[{"count":35,"href":"https:\/\/scholbach.de\/pl\/wp-json\/wp\/v2\/pages\/3520\/revisions"}],"predecessor-version":[{"id":7664,"href":"https:\/\/scholbach.de\/pl\/wp-json\/wp\/v2\/pages\/3520\/revisions\/7664"}],"wp:attachment":[{"href":"https:\/\/scholbach.de\/pl\/wp-json\/wp\/v2\/media?parent=3520"}],"curies":[{"name":"wp","href":"https:\/\/api.w.org\/{rel}","templated":true}]}}