{"id":3477,"date":"2019-09-15T15:01:27","date_gmt":"2019-09-15T15:01:27","guid":{"rendered":"https:\/\/scholbach.de\/?page_id=3477"},"modified":"2021-07-18T20:23:43","modified_gmt":"2021-07-18T20:23:43","slug":"english-curtain-effect-of-venous-stents","status":"publish","type":"page","link":"https:\/\/scholbach.de\/pl\/english-curtain-effect-of-venous-stents","title":{"rendered":"Efekt kurtynowy stent\u00f3w \u017cylnych"},"content":{"rendered":"<p><div style=\"width: 1920px;\" class=\"wp-video\"><video class=\"wp-video-shortcode\" id=\"video-3477-11\" width=\"1920\" height=\"1080\" preload=\"metadata\" controls=\"controls\"><source type=\"video\/mp4\" src=\"https:\/\/scholbach.de\/wp-content\/uploads\/2019\/09\/curtain-effect.mp4?_=11\" \/><a href=\"https:\/\/scholbach.de\/wp-content\/uploads\/2019\/09\/curtain-effect.mp4\">https:\/\/scholbach.de\/wp-content\/uploads\/2019\/09\/curtain-effect.mp4<\/a><\/video><\/div><\/p>\n<p>&nbsp;<\/p>\n<p>Stenty \u017cylne maj\u0105 wiele szkodliwego wp\u0142ywu na \u017cy\u0142y w zespo\u0142ach ucisku naczyniowego jamy brzusznej.<\/p>\n<p>Efekt kurtyny jest tylko jednym z nich, ale najbardziej istotnym. Film pokazuje wzmocnienie efektu zas\u0142ony, kt\u00f3ry sam w sobie powoduje zmniejszenie lub prawie ca\u0142kowity brak funkcji stent\u00f3w, nawet przy stentach pozornie otwartych.<\/p>\n<p>Ruchy cia\u0142a lub oddychanie powoduj\u0105 sta\u0142e podra\u017cnienie \u017cy\u0142y poprzez d\u0142utowanie stentu w \u015bcianie \u017cy\u0142y. Stent wrzyna si\u0119 w \u015bcian\u0119 \u017cy\u0142y jak wy\u017c\u0142obienie i cz\u0119sto powoduje niezno\u015bny b\u00f3l w miejscu penetracji.<\/p>\n<p>TK i MRI nie mog\u0105 wykry\u0107 takich mechanizm\u00f3w, poniewa\u017c s\u0105 to statyczne i niefunkcjonalne techniki obrazowania.<\/p>\n<p>Tylko skrupulatna, dynamiczna i funkcjonalna sonografia z kwantyfikacj\u0105 przep\u0142ywu krwi mo\u017ce zidentyfikowa\u0107 przyczyn\u0119 b\u00f3lu u pacjent\u00f3w z takimi stentami.<\/p>\n<p>&nbsp;<\/p>","protected":false},"excerpt":{"rendered":"<p>&nbsp; Stenty \u017cylne maj\u0105 wiele szkodliwego wp\u0142ywu na \u017cy\u0142y w zespo\u0142ach ucisku naczyniowego jamy brzusznej. Efekt kurtyny jest tylko jednym z nich, ale najbardziej istotnym. Film pokazuje wzmocnienie efektu zas\u0142ony, kt\u00f3ry sam w sobie powoduje zmniejszenie lub prawie ca\u0142kowity brak funkcji stent\u00f3w, nawet przy stentach pozornie otwartych. Ruchy cia\u0142a lub oddychanie powoduj\u0105 sta\u0142e podra\u017cnienie \u017cy\u0142y [&hellip;]<\/p>\n","protected":false},"author":5,"featured_media":0,"parent":0,"menu_order":0,"comment_status":"closed","ping_status":"closed","template":"","meta":{"om_disable_all_campaigns":false,"footnotes":""},"class_list":["post-3477","page","type-page","status-publish","hentry"],"_links":{"self":[{"href":"https:\/\/scholbach.de\/pl\/wp-json\/wp\/v2\/pages\/3477","targetHints":{"allow":["GET"]}}],"collection":[{"href":"https:\/\/scholbach.de\/pl\/wp-json\/wp\/v2\/pages"}],"about":[{"href":"https:\/\/scholbach.de\/pl\/wp-json\/wp\/v2\/types\/page"}],"author":[{"embeddable":true,"href":"https:\/\/scholbach.de\/pl\/wp-json\/wp\/v2\/users\/5"}],"replies":[{"embeddable":true,"href":"https:\/\/scholbach.de\/pl\/wp-json\/wp\/v2\/comments?post=3477"}],"version-history":[{"count":20,"href":"https:\/\/scholbach.de\/pl\/wp-json\/wp\/v2\/pages\/3477\/revisions"}],"predecessor-version":[{"id":6471,"href":"https:\/\/scholbach.de\/pl\/wp-json\/wp\/v2\/pages\/3477\/revisions\/6471"}],"wp:attachment":[{"href":"https:\/\/scholbach.de\/pl\/wp-json\/wp\/v2\/media?parent=3477"}],"curies":[{"name":"wp","href":"https:\/\/api.w.org\/{rel}","templated":true}]}}