{"id":3372,"date":"2019-08-24T05:50:45","date_gmt":"2019-08-24T05:50:45","guid":{"rendered":"https:\/\/scholbach.de\/?page_id=3372"},"modified":"2024-02-25T22:02:36","modified_gmt":"2024-02-25T21:02:36","slug":"risiken-venoeser-stents","status":"publish","type":"page","link":"https:\/\/scholbach.de\/pl\/risiken-venoeser-stents","title":{"rendered":"Ryzyko zwi\u0105zane ze stentami \u017cylnymi"},"content":{"rendered":"<p><a href=\"https:\/\/scholbach.de\/wp-content\/uploads\/2020\/06\/2020-06-04-Stent-failure-in-abdominal-venous-compression-syndromes.pdf\" class=\"pdfemb-viewer\" style=\"\" data-width=\"max\" data-height=\"max\" data-mobile-width=\"500\"  data-scrollbar=\"none\" data-download=\"on\" data-tracking=\"on\" data-newwindow=\"on\" data-pagetextbox=\"off\" data-scrolltotop=\"off\" data-startzoom=\"100\" data-startfpzoom=\"100\" data-toolbar=\"both\" data-toolbar-fixed=\"off\">2020 06 04 Stent failure in abdominal venous compression syndromes<br\/><\/a><\/p>","protected":false},"excerpt":{"rendered":"<p>Przepraszamy, ten wpis jest dost\u0119pny tylko w j\u0119zyku English, Deutsch, Fran\u00e7ais, Espa\u00f1ol, Italiano, \u65e5\u672c\u8a9e, \u4e2d\u6587 i \u0420\u0443\u0441\u0441\u043a\u0438\u0439.Venous stents are mainly inserted to treat thrombosis and postthrombotic venous obstructions. Even in this field they carry specific risks. In venous compression syndromes their application is even more questionable due to the curved course of the afflicted vein. [&hellip;]<\/p>\n","protected":false},"author":5,"featured_media":0,"parent":0,"menu_order":0,"comment_status":"closed","ping_status":"closed","template":"","meta":{"om_disable_all_campaigns":false,"footnotes":""},"class_list":["post-3372","page","type-page","status-publish","hentry"],"_links":{"self":[{"href":"https:\/\/scholbach.de\/pl\/wp-json\/wp\/v2\/pages\/3372","targetHints":{"allow":["GET"]}}],"collection":[{"href":"https:\/\/scholbach.de\/pl\/wp-json\/wp\/v2\/pages"}],"about":[{"href":"https:\/\/scholbach.de\/pl\/wp-json\/wp\/v2\/types\/page"}],"author":[{"embeddable":true,"href":"https:\/\/scholbach.de\/pl\/wp-json\/wp\/v2\/users\/5"}],"replies":[{"embeddable":true,"href":"https:\/\/scholbach.de\/pl\/wp-json\/wp\/v2\/comments?post=3372"}],"version-history":[{"count":45,"href":"https:\/\/scholbach.de\/pl\/wp-json\/wp\/v2\/pages\/3372\/revisions"}],"predecessor-version":[{"id":8550,"href":"https:\/\/scholbach.de\/pl\/wp-json\/wp\/v2\/pages\/3372\/revisions\/8550"}],"wp:attachment":[{"href":"https:\/\/scholbach.de\/pl\/wp-json\/wp\/v2\/media?parent=3372"}],"curies":[{"name":"wp","href":"https:\/\/api.w.org\/{rel}","templated":true}]}}