{"id":3158,"date":"2019-06-10T17:50:36","date_gmt":"2019-06-10T17:50:36","guid":{"rendered":"https:\/\/scholbach.de\/?page_id=3158"},"modified":"2020-04-05T14:12:11","modified_gmt":"2020-04-05T14:12:11","slug":"english-musculoskeletal-pecularities-of-female-puberty","status":"publish","type":"page","link":"https:\/\/scholbach.de\/pl\/wissenschaft\/deutsch-ultraschalldiagnostik\/deutsch-gefaskompressionen\/english-musculoskeletal-pecularities-of-female-puberty","title":{"rendered":"Charakterystyka uk\u0142adu mi\u0119\u015bniowo-szkieletowego dojrzewania p\u0142ci \u017ce\u0144skiej"},"content":{"rendered":"<p>U kobiet dominuj\u0105 naczyniowe zespo\u0142y uciskowe okolicy brzucha i miednicy. W codziennej praktyce ponad 90% os\u00f3b dotkni\u0119tych chorob\u0105 to dziewcz\u0119ta lub kobiety przed- i poporodowe.<\/p>\n<p>Wynika to z przedpokwitaniowego zrywu wzrostu i specyficznych zmian w miednicy \u017ce\u0144skiej w okresie dojrzewania, kt\u00f3re powoduj\u0105, \u017ce miednica jest szersza i g\u0142\u0119bsza w por\u00f3wnaniu z m\u0119\u017cczyznami. U kobiet dochodzi do znacznie silniejszej lordozy l\u0119d\u017awiowej z powodu r\u00f3\u017cnych specyficznych zmian:<\/p>\n<p>Po pierwsze, wi\u0119ksza g\u0142\u0119boko\u015b\u0107 miednicy powoduje jej przechylenie do przodu,<\/p>\n<p>Po drugie, szersze biodra rozci\u0105gaj\u0105 podstaw\u0119 tr\u00f3jk\u0105ta pi\u0142karskiego, kt\u00f3ry sk\u0142ada si\u0119 z obu mi\u0119\u015bni pi\u0142karskich i wirtualnej linii \u0142\u0105cz\u0105cej ich mocowania do ko\u015bci udowych. Wyd\u0142u\u017cenie tej podstawy na sta\u0142ej d\u0142ugo\u015bci obu mi\u0119\u015bni wymusza zmniejszenie wysoko\u015bci tego tr\u00f3jk\u0105ta. Oba mechanizmy sk\u0142adaj\u0105 si\u0119 na og\u00f3ln\u0105 lordogenez\u0119 cz\u0142owieka, kt\u00f3ra jest wyj\u0105tkowa w ewolucji i jest zasadniczo konsekwencj\u0105 &#8222;fizjologicznego&#8221; przeci\u0105\u017cenia staw\u00f3w biodrowych.<\/p>\n<p>Ludzkie stawy biodrowe, jak wszystkie inne stawy biodrowe ssak\u00f3w, maj\u0105 zakres ruchu, kt\u00f3ry jest ograniczony przez napi\u0119te i mocne wi\u0119zad\u0142a ich kapsu\u0142y. Po\u0142o\u017cenie uda pod k\u0105tem 90\u00b0 w stosunku do kr\u0119gos\u0142upa l\u0119d\u017awiowego uwa\u017ca si\u0119 za lini\u0119 wahad\u0142ow\u0105 stawu biodrowego spoczynkowego. Oznacza to, \u017ce noworodek ludzki w pozycji le\u017c\u0105cej nigdy nie mo\u017ce dotkn\u0105\u0107 kolanami materaca, poniewa\u017c nie mo\u017ce jeszcze rozci\u0105gn\u0105\u0107 bioder. Dopiero z pocz\u0105tkiem chodzenia cz\u0142owieka na dw\u00f3ch nogach po oko\u0142o 12 miesi\u0105cach doros\u0142a pozycja staw\u00f3w biodrowych jest stopniowo osi\u0105gana &#8211; i okre\u015blana jako &#8222;normalna&#8221;. Mo\u017cna to jednak osi\u0105gn\u0105\u0107 tylko wtedy, gdy stawy biodrowe zostan\u0105 nadmiernie naci\u0105gni\u0119te pod k\u0105tem wi\u0119kszym ni\u017c 45\u00b0. Poniewa\u017c czysty ruch stawu nie mo\u017ce osi\u0105gn\u0105\u0107 takiej pozycji ze wzgl\u0119du na zwi\u0105zanie ko\u015bci udowej przez wi\u0119zad\u0142o kulszowo-udowe stawu biodrowego, jedynym sposobem na osi\u0105gni\u0119cie rozci\u0105gni\u0119tej pozycji ko\u015bci udowej jest przechylenie miednicy ludzkiej do przodu. To nachylenie obejmuje r\u00f3wnie\u017c sacrum.<\/p>\n<p>Kr\u0119gos\u0142up l\u0119d\u017awiowy, kt\u00f3ry zaczyna si\u0119 od ko\u015bci krzy\u017cowej, musi kompensowa\u0107 to przechylenie do przodu przez r\u00f3wnie siln\u0105 krzywizn\u0119 do ty\u0142u &#8211; jest to lordoza l\u0119d\u017awiowa cz\u0142owieka, kt\u00f3ra nie jest wrodzona. Tak wi\u0119c lordoza l\u0119d\u017awiowa jest unikaln\u0105 ludzk\u0105 odpowiedzi\u0105 na grawitacj\u0119. Jest on znacznie wyra\u017aniejszy u kobiet ni\u017c u m\u0119\u017cczyzn i powoduje szereg zespo\u0142\u00f3w ucisku naczyniowego (MALS, Zesp\u00f3\u0142 Dziadka do Orzech\u00f3w, Zesp\u00f3\u0142 T\u0119tnicy G\u00f3rnej Mezenterycznej, Zesp\u00f3\u0142 May-Thurner&#8217;a, Zesp\u00f3\u0142 T\u0119tnicy L\u0119d\u017awiowej i inne), g\u0142\u00f3wnie u kobiet.<br \/>\n*** Przet\u0142umacz z T\u0142umaczem DeepL (wersja darmowa). ***<\/p>","protected":false},"excerpt":{"rendered":"<p>U kobiet dominuj\u0105 naczyniowe zespo\u0142y uciskowe okolicy brzucha i miednicy. W codziennej praktyce ponad 90% os\u00f3b dotkni\u0119tych chorob\u0105 to dziewcz\u0119ta lub kobiety przed- i poporodowe. Wynika to z przedpokwitaniowego zrywu wzrostu i specyficznych zmian w miednicy \u017ce\u0144skiej w okresie dojrzewania, kt\u00f3re powoduj\u0105, \u017ce miednica jest szersza i g\u0142\u0119bsza w por\u00f3wnaniu z m\u0119\u017cczyznami. U kobiet dochodzi [&hellip;]<\/p>\n","protected":false},"author":5,"featured_media":0,"parent":66,"menu_order":2,"comment_status":"closed","ping_status":"closed","template":"","meta":{"om_disable_all_campaigns":false,"footnotes":""},"class_list":["post-3158","page","type-page","status-publish","hentry"],"_links":{"self":[{"href":"https:\/\/scholbach.de\/pl\/wp-json\/wp\/v2\/pages\/3158","targetHints":{"allow":["GET"]}}],"collection":[{"href":"https:\/\/scholbach.de\/pl\/wp-json\/wp\/v2\/pages"}],"about":[{"href":"https:\/\/scholbach.de\/pl\/wp-json\/wp\/v2\/types\/page"}],"author":[{"embeddable":true,"href":"https:\/\/scholbach.de\/pl\/wp-json\/wp\/v2\/users\/5"}],"replies":[{"embeddable":true,"href":"https:\/\/scholbach.de\/pl\/wp-json\/wp\/v2\/comments?post=3158"}],"version-history":[{"count":8,"href":"https:\/\/scholbach.de\/pl\/wp-json\/wp\/v2\/pages\/3158\/revisions"}],"predecessor-version":[{"id":4422,"href":"https:\/\/scholbach.de\/pl\/wp-json\/wp\/v2\/pages\/3158\/revisions\/4422"}],"up":[{"embeddable":true,"href":"https:\/\/scholbach.de\/pl\/wp-json\/wp\/v2\/pages\/66"}],"wp:attachment":[{"href":"https:\/\/scholbach.de\/pl\/wp-json\/wp\/v2\/media?parent=3158"}],"curies":[{"name":"wp","href":"https:\/\/api.w.org\/{rel}","templated":true}]}}