{"id":3034,"date":"2019-02-20T20:02:09","date_gmt":"2019-02-20T20:02:09","guid":{"rendered":"https:\/\/scholbach.de\/?page_id=3034"},"modified":"2019-12-19T16:37:03","modified_gmt":"2019-12-19T16:37:03","slug":"praktische-tips-fuer-meine-patienten","status":"publish","type":"page","link":"https:\/\/scholbach.de\/pl\/praxis\/praktische-tips-fuer-meine-patienten","title":{"rendered":"Praktische Tips f\u00fcr meine Patienten"},"content":{"rendered":"<p class=\"qtranxs-available-languages-message qtranxs-available-languages-message-pl\">Przepraszamy, ten wpis jest dost\u0119pny tylko w j\u0119zyku <a href=\"https:\/\/scholbach.de\/de\/wp-json\/wp\/v2\/pages\/3034\" class=\"qtranxs-available-language-link qtranxs-available-language-link-de\" title=\"Deutsch\">Deutsch<\/a>.<\/p><p>Hier finden Sie hilfreiche Information zur <a href=\"http:\/\/www.kinderaerzte-im-netz.de\/media\/53ec908733af614b73002309\/source\/20110130044925_saeuglingsgymnastik.pdf\">S\u00e4uglingsgymnastik<\/a>. Diese \u00dcbungen k\u00f6nnen Sie t\u00e4glich spielerisch zu Hause durchf\u00fchren, um Bewegungsasymmetrien und Haltungsasymmetrien im Anfangsstadium g\u00fcnstig zu beeinflussen.<\/p>\n<p>F\u00fcr Patienten mit Verdacht auf eine Fructoseresorptionsst\u00f6rung eine <a href=\"http:\/\/www.fructoseintoleranz.org\/fructose-tabelle-obst\/\">Liste des Fructosegehalts bestimmter Lebensmittel<\/a>. Beachten Sie bitte, dass bei gleichem Gehalt an Fructose, Speisen mit h\u00f6herem Glucosegehalt besser vertragen werden.<\/p>\n<p>Der <a href=\"https:\/\/scholbach.de\/praxis\/mein-kind-hustet-inhalationsbehandlung\">Inhalationsbehandlung von Atemwegserkrankungen<\/a> habe ich einen eigenen Abschnitt gewidmet.<\/p>\n<p>&nbsp;<\/p>","protected":false},"excerpt":{"rendered":"<p>Przepraszamy, ten wpis jest dost\u0119pny tylko w j\u0119zyku Deutsch.Hier finden Sie hilfreiche Information zur S\u00e4uglingsgymnastik. Diese \u00dcbungen k\u00f6nnen Sie t\u00e4glich spielerisch zu Hause durchf\u00fchren, um Bewegungsasymmetrien und Haltungsasymmetrien im Anfangsstadium g\u00fcnstig zu beeinflussen. F\u00fcr Patienten mit Verdacht auf eine Fructoseresorptionsst\u00f6rung eine Liste des Fructosegehalts bestimmter Lebensmittel. Beachten Sie bitte, dass bei gleichem Gehalt an Fructose, [&hellip;]<\/p>\n","protected":false},"author":5,"featured_media":0,"parent":6,"menu_order":8,"comment_status":"closed","ping_status":"closed","template":"","meta":{"om_disable_all_campaigns":false,"footnotes":""},"class_list":["post-3034","page","type-page","status-publish","hentry"],"_links":{"self":[{"href":"https:\/\/scholbach.de\/pl\/wp-json\/wp\/v2\/pages\/3034","targetHints":{"allow":["GET"]}}],"collection":[{"href":"https:\/\/scholbach.de\/pl\/wp-json\/wp\/v2\/pages"}],"about":[{"href":"https:\/\/scholbach.de\/pl\/wp-json\/wp\/v2\/types\/page"}],"author":[{"embeddable":true,"href":"https:\/\/scholbach.de\/pl\/wp-json\/wp\/v2\/users\/5"}],"replies":[{"embeddable":true,"href":"https:\/\/scholbach.de\/pl\/wp-json\/wp\/v2\/comments?post=3034"}],"version-history":[{"count":7,"href":"https:\/\/scholbach.de\/pl\/wp-json\/wp\/v2\/pages\/3034\/revisions"}],"predecessor-version":[{"id":3868,"href":"https:\/\/scholbach.de\/pl\/wp-json\/wp\/v2\/pages\/3034\/revisions\/3868"}],"up":[{"embeddable":true,"href":"https:\/\/scholbach.de\/pl\/wp-json\/wp\/v2\/pages\/6"}],"wp:attachment":[{"href":"https:\/\/scholbach.de\/pl\/wp-json\/wp\/v2\/media?parent=3034"}],"curies":[{"name":"wp","href":"https:\/\/api.w.org\/{rel}","templated":true}]}}