{"id":2853,"date":"2019-01-24T21:21:06","date_gmt":"2019-01-24T21:21:06","guid":{"rendered":"https:\/\/scholbach.de\/?page_id=2853"},"modified":"2024-12-01T13:57:11","modified_gmt":"2024-12-01T12:57:11","slug":"checkliste-gefaesskompressionssyndrome","status":"publish","type":"page","link":"https:\/\/scholbach.de\/pl\/gefaesskompressionsphaenomene-darstellung-fuer-patientinnen-und-patienten\/checkliste-gefaesskompressionssyndrome","title":{"rendered":"Lista kontrolna Syndromy ucisku naczyniowego"},"content":{"rendered":"<p>W przypadku nast\u0119puj\u0105cych, cz\u0119sto przewlek\u0142ych i wyra\u017anych objaw\u00f3w, nale\u017cy uzgodni\u0107 czynno\u015bciow\u0105, ilo\u015bciow\u0105 sonografi\u0119 kolorow\u0105 w celu wykrycia lub wykluczenia zespo\u0142\u00f3w ucisku naczyniowego:<\/p>\n<p>jama brzuszna, miednica, klatka piersiowa, g\u0142owa, plecy, nogi, dolegliwo\u015bci wegetatywne<\/p>\n<p>jama brzuszna<\/p>\n<p>przewlek\u0142e b\u00f3le, zw\u0142aszcza w g\u00f3rnym odcinku brzucha, pod mostkiem.<\/p>\n<p>b\u00f3l boczny &#8211; szczeg\u00f3lnie po lewej stronie.<\/p>\n<p>Wzmocnienie b\u00f3lu po posi\u0142ku<\/p>\n<p>niezdolno\u015b\u0107 do zjedzenia wystarczaj\u0105cej ilo\u015bci pokarmu<\/p>\n<p>Problemy zwi\u0105zane z konsumpcj\u0105 \u017cywno\u015bci sta\u0142ej<\/p>\n<p>Poczucie, \u017ce jedzenie utkn\u0119\u0142o.<\/p>\n<p>Wymioty, bekanie, bilious vomiting<\/p>\n<p>Zmiana symptom\u00f3w przy zmianie pozycji cia\u0142a lub postawy cia\u0142a<\/p>\n<p>Skargi na jelita dra\u017cliwe: Zaparcie na zmian\u0119 z biegunk\u0105<\/p>\n<p>os\u0142abienie perystaltyki \u017co\u0142\u0105dka i jelit<\/p>\n<p>hak \u017co\u0142\u0105dka, czasami si\u0119gaj\u0105cy daleko poni\u017cej p\u0119pka.<\/p>\n<p>uporczywe nudno\u015bci, szczeg\u00f3lnie gdy s\u0105 one spowodowane spo\u017cyciem pokarmu.<\/p>\n<p>Nieapetencja (utrata apetytu\/szybkie nasycenie przy niewystarczaj\u0105cym spo\u017cyciu pokarmu)<\/p>\n<p>powa\u017cna, niechciana utrata masy cia\u0142a<\/p>\n<p>Hemoroidy \/ krwawienie z jelit (je\u015bli nie zosta\u0142o wyja\u015bnione po kolonoskopii)<\/p>\n<p>ci\u0119\u017cki refluks \u017co\u0142\u0105dkowy (refluks \u017co\u0142\u0105dkowo-prze\u0142ykowy), je\u015bli po gastroskopii nie nast\u0105pi poprawa i odpowiednie leczenie zwyk\u0142ych przyczyn<\/p>\n<p>masywny obrz\u0119k brzucha po posi\u0142ku.<\/p>\n<p>skargi wegetatywne<\/p>\n<p>choroba<\/p>\n<p>fa\u0142szerstwo<\/p>\n<p>palpitacje<\/p>\n<p>nag\u0142e epizody biegunki.<\/p>\n<p>wahania ci\u015bnienia krwi<\/p>\n<p>zaciemnienia<\/p>\n<p>Staje si\u0119 czarny przed oczami.<\/p>\n<p>p\u0119kni\u0119cia potu, zw\u0142aszcza po ucisku na g\u00f3rny brzuch<\/p>\n<p>zaburzona perystaltyka jelitowa<\/p>\n<p>utrata apetytu<\/p>\n<p>nudno\u015bci, odbijanie si\u0119.<\/p>\n<p>utrata masy cia\u0142a<\/p>\n<p>ci\u0105g\u0142a potrzeba oddawania moczu &#8211; tylko w ci\u0105gu dnia<\/p>\n<p>migreny<\/p>\n<p>lekkomy\u015blno\u015b\u0107<\/p>\n<p>z powrotem na g\u00f3r\u0119<\/p>\n<p>cymba\u0142y<\/p>\n<p>b\u00f3le menstruacyjne<\/p>\n<p>pragnienie oddawania moczu<\/p>\n<p>pieczenie podczas oddawania moczu, cz\u0119sto powracaj\u0105ce, po wykluczeniu infekcji dr\u00f3g moczowych<\/p>\n<p>Krew w moczu (widoczna lub wykrywalna tylko w laboratorium)<\/p>\n<p>b\u00f3le<\/p>\n<p>podczas stosunku seksualnego<\/p>\n<p>z lekkim uciskiem na podbrzusze.<\/p>\n<p>genitalizacja<\/p>\n<p>w rejonie zapory<\/p>\n<p>w ruchu jelitowym.<\/p>\n<p>oddawanie moczu<\/p>\n<p>niezno\u015bny b\u00f3l pod p\u0119pkiem.<\/p>\n<p>poprawa b\u00f3lu przy zginaniu si\u0119 razem, przy zaciskaniu n\u00f3g, przy podnoszeniu n\u00f3g<\/p>\n<p>Wzrost b\u00f3lu w pozycji stoj\u0105cej, biegn\u0105cej lub pod wp\u0142ywem stresu psychicznego.<\/p>\n<p>B\u00f3l w regionie obj\u0119tym za\u0142\u0105cznikiem po wykluczeniu przyczyn wsp\u00f3lnych<\/p>\n<p>B\u00f3l endometriozy, kt\u00f3ry nie reaguje na leczenie<\/p>\n<p>z powrotem na g\u00f3r\u0119<\/p>\n<p>tu\u0142\u00f3w<\/p>\n<p>b\u00f3l w klatce piersiowej: za mostkiem, w okolicy serca<\/p>\n<p>Przeszkoda w oddychaniu: nie mo\u017ce wdycha\u0107 wystarczaj\u0105co g\u0142\u0119boko.<\/p>\n<p>astm\u0119, kt\u00f3ra nie reaguje na terapi\u0119 astm\u0105.<\/p>\n<p>Astma o niejasnej przyczynie, w szczeg\u00f3lno\u015bci powa\u017cne awaryjne ataki uk\u0142adu oddechowego, kt\u00f3re s\u0105 interpretowane jako ataki astmy.<\/p>\n<p>nag\u0142e bicie serca podczas zmiany pozycji lub po posi\u0142ku.<\/p>\n<p>zesp\u00f3\u0142 tachykardii posturalnej<\/p>\n<p>zablokowane wdychanie<\/p>\n<p>z powrotem na g\u00f3r\u0119<\/p>\n<p>g\u0142owica<\/p>\n<p>Uwaga wst\u0119pna: w przypadku powa\u017cnych i post\u0119puj\u0105cych objaw\u00f3w, dok\u0142adne rozpoznanie przez neurolog\u00f3w, laryngolog\u00f3w, okulist\u00f3w i radiolog\u00f3w powinno zawsze poprzedza\u0107 rozpoznanie.<\/p>\n<p>chroniczny b\u00f3l g\u0142owy w przewlek\u0142ym b\u00f3lu brzucha<\/p>\n<p>zablokowane oddychanie nosowe rano, kt\u00f3re znika wkr\u00f3tce po wstaniu z \u0142\u00f3\u017cka.<\/p>\n<p>Krwawienia z nosa o nieznanej przyczynie<\/p>\n<p>migrena<\/p>\n<p>B\u00f3le g\u0142owy szyi, b\u00f3l, kt\u00f3ry rozprzestrzenia si\u0119 z szyi na ca\u0142\u0105 g\u0142ow\u0119.<\/p>\n<p>Zawroty g\u0142owy z nieznanej przyczyny<\/p>\n<p>z powrotem na g\u00f3r\u0119<\/p>\n<p>wstecz<\/p>\n<p>b\u00f3l plec\u00f3w, zw\u0142aszcza po lewej stronie.<\/p>\n<p>skolioza<\/p>\n<p>ci\u0119\u017cka lordoza<\/p>\n<p>b\u00f3le pulsuj\u0105ce<\/p>\n<p>z powrotem na g\u00f3r\u0119<\/p>\n<p>nogi<\/p>\n<p>S\u0142abo\u015b\u0107 i parali\u017c n\u00f3g &#8211; diagnostyka neurologiczna i radiologiczna s\u0105 tu oczywi\u015bcie na czele.<\/p>\n<p>obrz\u0119k n\u00f3g lub st\u00f3p &#8211; szczeg\u00f3lnie po lewej, p\u00f3\u017aniej cz\u0119sto r\u00f3wnie\u017c po prawej stronie.<\/p>\n<p>\u017cylaki, zw\u0142aszcza po lewej stronie, p\u00f3\u017aniej cz\u0119sto r\u00f3wnie\u017c po prawej stronie.<\/p>\n<p>ci\u0119\u017car<\/p>\n<p>Mrowienie, dr\u0119twienie &#8211; diagnostyka neurologiczna to oczywi\u015bcie pierwszy krok w tym kierunku.<\/p>\n<p>zakrzepy<\/p>\n<p>z powrotem na g\u00f3r\u0119<\/p>\n<p>*** Przet\u0142umacz z T\u0142umaczem DeepL (wersja darmowa). ***<\/p>","protected":false},"excerpt":{"rendered":"<p>W przypadku nast\u0119puj\u0105cych, cz\u0119sto przewlek\u0142ych i wyra\u017anych objaw\u00f3w, nale\u017cy uzgodni\u0107 czynno\u015bciow\u0105, ilo\u015bciow\u0105 sonografi\u0119 kolorow\u0105 w celu wykrycia lub wykluczenia zespo\u0142\u00f3w ucisku naczyniowego: jama brzuszna, miednica, klatka piersiowa, g\u0142owa, plecy, nogi, dolegliwo\u015bci wegetatywne jama brzuszna przewlek\u0142e b\u00f3le, zw\u0142aszcza w g\u00f3rnym odcinku brzucha, pod mostkiem. b\u00f3l boczny &#8211; szczeg\u00f3lnie po lewej stronie. Wzmocnienie b\u00f3lu po posi\u0142ku niezdolno\u015b\u0107 [&hellip;]<\/p>\n","protected":false},"author":5,"featured_media":0,"parent":2962,"menu_order":1,"comment_status":"closed","ping_status":"closed","template":"","meta":{"om_disable_all_campaigns":false,"footnotes":""},"class_list":["post-2853","page","type-page","status-publish","hentry"],"_links":{"self":[{"href":"https:\/\/scholbach.de\/pl\/wp-json\/wp\/v2\/pages\/2853","targetHints":{"allow":["GET"]}}],"collection":[{"href":"https:\/\/scholbach.de\/pl\/wp-json\/wp\/v2\/pages"}],"about":[{"href":"https:\/\/scholbach.de\/pl\/wp-json\/wp\/v2\/types\/page"}],"author":[{"embeddable":true,"href":"https:\/\/scholbach.de\/pl\/wp-json\/wp\/v2\/users\/5"}],"replies":[{"embeddable":true,"href":"https:\/\/scholbach.de\/pl\/wp-json\/wp\/v2\/comments?post=2853"}],"version-history":[{"count":77,"href":"https:\/\/scholbach.de\/pl\/wp-json\/wp\/v2\/pages\/2853\/revisions"}],"predecessor-version":[{"id":8923,"href":"https:\/\/scholbach.de\/pl\/wp-json\/wp\/v2\/pages\/2853\/revisions\/8923"}],"up":[{"embeddable":true,"href":"https:\/\/scholbach.de\/pl\/wp-json\/wp\/v2\/pages\/2962"}],"wp:attachment":[{"href":"https:\/\/scholbach.de\/pl\/wp-json\/wp\/v2\/media?parent=2853"}],"curies":[{"name":"wp","href":"https:\/\/api.w.org\/{rel}","templated":true}]}}