{"id":24,"date":"2015-12-26T14:31:49","date_gmt":"2015-12-26T14:31:49","guid":{"rendered":"http:\/\/wp12612379.server-he.de\/?page_id=24"},"modified":"2024-11-18T13:19:59","modified_gmt":"2024-11-18T12:19:59","slug":"expertise","status":"publish","type":"page","link":"https:\/\/scholbach.de\/pl\/expertise","title":{"rendered":"Ekspertyza"},"content":{"rendered":"<p>Kwalifikacje akademickie<br \/>\nWykaz publikacji w\u0142asnych<\/p>\n<p>specjalista ds. pediatrii i medycyny m\u0142odzie\u017cowej<br \/>\nPraca doktorska: Wykrywanie mediator\u00f3w reakcji immunologicznych za po\u015brednictwem kom\u00f3rek przy u\u017cyciu zoptymalizowanego, ocenianego spektrofotometrycznie testu NBT.<br \/>\nHabilitacja w zakresie pracy magisterskiej Dupleksowe badania sonograficzne nerek dzieci zdrowych i dzieci z zespo\u0142em hemolityczno-mocznicowym<br \/>\nVenia legendi z Uniwersytetu w Lipsku<br \/>\nProfesor na Uniwersytecie Technicznym w Dre\u017anie<br \/>\nKierownik studi\u00f3w mi\u0119dzynarodowych<br \/>\nPonad 100 mi\u0119dzynarodowych publikacji naukowych i materia\u0142\u00f3w ksi\u0105\u017ckowych<\/p>\n<p>Wprowadzenie metody PixelFlux, pierwszego na \u015bwiecie pomiaru perfuzji tkankowej za pomoc\u0105 ultrad\u017awi\u0119k\u00f3w<br \/>\nCertyfikaty<br \/>\nDo opuszczenia DEGUM w dniu 31.12.2023 r: Instruktor Niemieckiego Towarzystwa Ultrasonograficznego w Medycynie (DEGUM) poziom III (&#8222;specjalistyczna, naukowo ukierunkowana wiedza specjalistyczna w zakresie problem\u00f3w specjalnych&#8221;)<\/p>\n<p>Wyk\u0142ady<\/p>\n<p>Wyk\u0142ady i prezentacje na<\/p>\n<p>\u015awiatowe Kongresy USG i USG w Po\u0142o\u017cnictwie (World Congresses on Ultrasound and Ultrasound in Obstetrics)<br \/>\nEuropejskie Kongresy Nerki<br \/>\nNiemieckie, europejskie i mi\u0119dzynarodowe kongresy ultrad\u017awi\u0119kowe<br \/>\nKongresy medycyny pediatrycznej<br \/>\nZaproszenia na wyk\u0142ady za granic\u0105 (Chiny, Kanada, Szwajcaria, Belgia, Norwegia, Tajwan)<br \/>\nCeny<br \/>\nZwyci\u0119zca European Ultrasound Society 2015 (EFSUMB)<br \/>\nWielokrotny laureat nagrody Niemieckiego Towarzystwa Ultrasonograficznego (DEGUM)<br \/>\nNagroda im. Artura Schlossmanna oraz nagrody na plakatach Sakso\u0144sko-Tureckiego Towarzystwa Medycyny Dzieci\u0119cej i M\u0142odzie\u017cowej oraz Chirurgii Dzieci\u0119cej<\/p>","protected":false},"excerpt":{"rendered":"<p>Kwalifikacje akademickie Wykaz publikacji w\u0142asnych specjalista ds. pediatrii i medycyny m\u0142odzie\u017cowej Praca doktorska: Wykrywanie mediator\u00f3w reakcji immunologicznych za po\u015brednictwem kom\u00f3rek przy u\u017cyciu zoptymalizowanego, ocenianego spektrofotometrycznie testu NBT. Habilitacja w zakresie pracy magisterskiej Dupleksowe badania sonograficzne nerek dzieci zdrowych i dzieci z zespo\u0142em hemolityczno-mocznicowym Venia legendi z Uniwersytetu w Lipsku Profesor na Uniwersytecie Technicznym w Dre\u017anie [&hellip;]<\/p>\n","protected":false},"author":4,"featured_media":0,"parent":0,"menu_order":6,"comment_status":"closed","ping_status":"closed","template":"","meta":{"om_disable_all_campaigns":false,"footnotes":""},"class_list":["post-24","page","type-page","status-publish","hentry"],"_links":{"self":[{"href":"https:\/\/scholbach.de\/pl\/wp-json\/wp\/v2\/pages\/24","targetHints":{"allow":["GET"]}}],"collection":[{"href":"https:\/\/scholbach.de\/pl\/wp-json\/wp\/v2\/pages"}],"about":[{"href":"https:\/\/scholbach.de\/pl\/wp-json\/wp\/v2\/types\/page"}],"author":[{"embeddable":true,"href":"https:\/\/scholbach.de\/pl\/wp-json\/wp\/v2\/users\/4"}],"replies":[{"embeddable":true,"href":"https:\/\/scholbach.de\/pl\/wp-json\/wp\/v2\/comments?post=24"}],"version-history":[{"count":52,"href":"https:\/\/scholbach.de\/pl\/wp-json\/wp\/v2\/pages\/24\/revisions"}],"predecessor-version":[{"id":8920,"href":"https:\/\/scholbach.de\/pl\/wp-json\/wp\/v2\/pages\/24\/revisions\/8920"}],"wp:attachment":[{"href":"https:\/\/scholbach.de\/pl\/wp-json\/wp\/v2\/media?parent=24"}],"curies":[{"name":"wp","href":"https:\/\/api.w.org\/{rel}","templated":true}]}}