{"id":2360,"date":"2018-09-19T17:33:39","date_gmt":"2018-09-19T17:33:39","guid":{"rendered":"http:\/\/scholbach.de\/?page_id=2360"},"modified":"2020-12-04T20:27:26","modified_gmt":"2020-12-04T20:27:26","slug":"quantifizierung-der-gefaesskompressionssyndrome-mit-der-pixelflux-technik","status":"publish","type":"page","link":"https:\/\/scholbach.de\/pl\/wissenschaft\/deutsch-ultraschalldiagnostik\/deutsch-gefaskompressionen\/nussknacker\/quantifizierung-der-gefaesskompressionssyndrome-mit-der-pixelflux-technik","title":{"rendered":"Kwantyfikacja zespo\u0142\u00f3w ucisku naczyniowego przy u\u017cyciu techniki PixelFlux"},"content":{"rendered":"<p>Poszczeg\u00f3lne uciski naczyniowe w brzuchu oddzia\u0142uj\u0105 na siebie poprzez kr\u0105\u017cenie boczne. Ogromne obci\u0105\u017cenie obj\u0119to\u015bciowe tych obwod\u00f3w spowodowane zat\u0142oczeniem lewej \u017cy\u0142y nerkowej mo\u017ce by\u0107 wiarygodnie zmierzone tylko przy u\u017cyciu techniki PixelFlux, kt\u00f3ra ma decyduj\u0105cy wp\u0142yw na ca\u0142\u0105 koncepcj\u0119 terapii.<\/p>\n<p><a href=\"https:\/\/scholbach.de\/wp-content\/uploads\/2018\/09\/PixelFlux-Measurements-for-evaluation-of-left-renal-vein-compression-aka-Nutcracker-syndrome-EUROSON-September-2018.pptx\">PixelFlux Pomiary do oceny uciskania lewej \u017cy\u0142y nerkowej aka zesp\u00f3\u0142 dziadka do orzech\u00f3w EUROSON wrzesie\u0144 2018 r.<\/a><\/p>","protected":false},"excerpt":{"rendered":"<p>Poszczeg\u00f3lne uciski naczyniowe w brzuchu oddzia\u0142uj\u0105 na siebie poprzez kr\u0105\u017cenie boczne. Ogromne obci\u0105\u017cenie obj\u0119to\u015bciowe tych obwod\u00f3w spowodowane zat\u0142oczeniem lewej \u017cy\u0142y nerkowej mo\u017ce by\u0107 wiarygodnie zmierzone tylko przy u\u017cyciu techniki PixelFlux, kt\u00f3ra ma decyduj\u0105cy wp\u0142yw na ca\u0142\u0105 koncepcj\u0119 terapii. PixelFlux Pomiary do oceny uciskania lewej \u017cy\u0142y nerkowej aka zesp\u00f3\u0142 dziadka do orzech\u00f3w EUROSON wrzesie\u0144 2018 r.<\/p>\n","protected":false},"author":5,"featured_media":0,"parent":225,"menu_order":2,"comment_status":"closed","ping_status":"closed","template":"","meta":{"om_disable_all_campaigns":false,"footnotes":""},"class_list":["post-2360","page","type-page","status-publish","hentry"],"_links":{"self":[{"href":"https:\/\/scholbach.de\/pl\/wp-json\/wp\/v2\/pages\/2360","targetHints":{"allow":["GET"]}}],"collection":[{"href":"https:\/\/scholbach.de\/pl\/wp-json\/wp\/v2\/pages"}],"about":[{"href":"https:\/\/scholbach.de\/pl\/wp-json\/wp\/v2\/types\/page"}],"author":[{"embeddable":true,"href":"https:\/\/scholbach.de\/pl\/wp-json\/wp\/v2\/users\/5"}],"replies":[{"embeddable":true,"href":"https:\/\/scholbach.de\/pl\/wp-json\/wp\/v2\/comments?post=2360"}],"version-history":[{"count":10,"href":"https:\/\/scholbach.de\/pl\/wp-json\/wp\/v2\/pages\/2360\/revisions"}],"predecessor-version":[{"id":6177,"href":"https:\/\/scholbach.de\/pl\/wp-json\/wp\/v2\/pages\/2360\/revisions\/6177"}],"up":[{"embeddable":true,"href":"https:\/\/scholbach.de\/pl\/wp-json\/wp\/v2\/pages\/225"}],"wp:attachment":[{"href":"https:\/\/scholbach.de\/pl\/wp-json\/wp\/v2\/media?parent=2360"}],"curies":[{"name":"wp","href":"https:\/\/api.w.org\/{rel}","templated":true}]}}