{"id":2345,"date":"2018-09-19T13:29:14","date_gmt":"2018-09-19T13:29:14","guid":{"rendered":"http:\/\/scholbach.de\/?page_id=2345"},"modified":"2023-05-14T21:48:22","modified_gmt":"2023-05-14T19:48:22","slug":"alle-abdominalen-kompressionssyndrome-liegen-in-der-lordose-begruendet","status":"publish","type":"page","link":"https:\/\/scholbach.de\/pl\/lordose-hohlkreuz\/alle-abdominalen-kompressionssyndrome-liegen-in-der-lordose-begruendet","title":{"rendered":"Wszystkie zespo\u0142y uciskowe jamy brzusznej s\u0105 spowodowane lordoz\u0105"},"content":{"rendered":"<p>Wyk\u0142ad na Kongresie EUROSON 06 &#8211; 08 &#8211; 09 2018 w Poznaniu\/Polska.<\/p>\n<p><a href=\"https:\/\/scholbach.de\/wp-content\/uploads\/2019\/11\/Lordogenetic-MLS-Poznan-final-korr-2019-11-21.pdf\" class=\"pdfemb-viewer\" style=\"\" data-width=\"max\" data-height=\"max\" data-mobile-width=\"500\"  data-scrollbar=\"none\" data-download=\"on\" data-tracking=\"on\" data-newwindow=\"on\" data-pagetextbox=\"off\" data-scrolltotop=\"off\" data-startzoom=\"100\" data-startfpzoom=\"100\" data-toolbar=\"both\" data-toolbar-fixed=\"off\">Lordogenetic MLS Poznan final korr 2019 11 21<br\/><\/a><\/p>","protected":false},"excerpt":{"rendered":"<p>Wyk\u0142ad na Kongresie EUROSON 06 &#8211; 08 &#8211; 09 2018 w Poznaniu\/Polska.<\/p>\n","protected":false},"author":5,"featured_media":0,"parent":1236,"menu_order":1,"comment_status":"closed","ping_status":"closed","template":"","meta":{"om_disable_all_campaigns":false,"footnotes":""},"class_list":["post-2345","page","type-page","status-publish","hentry"],"_links":{"self":[{"href":"https:\/\/scholbach.de\/pl\/wp-json\/wp\/v2\/pages\/2345","targetHints":{"allow":["GET"]}}],"collection":[{"href":"https:\/\/scholbach.de\/pl\/wp-json\/wp\/v2\/pages"}],"about":[{"href":"https:\/\/scholbach.de\/pl\/wp-json\/wp\/v2\/types\/page"}],"author":[{"embeddable":true,"href":"https:\/\/scholbach.de\/pl\/wp-json\/wp\/v2\/users\/5"}],"replies":[{"embeddable":true,"href":"https:\/\/scholbach.de\/pl\/wp-json\/wp\/v2\/comments?post=2345"}],"version-history":[{"count":12,"href":"https:\/\/scholbach.de\/pl\/wp-json\/wp\/v2\/pages\/2345\/revisions"}],"predecessor-version":[{"id":8039,"href":"https:\/\/scholbach.de\/pl\/wp-json\/wp\/v2\/pages\/2345\/revisions\/8039"}],"up":[{"embeddable":true,"href":"https:\/\/scholbach.de\/pl\/wp-json\/wp\/v2\/pages\/1236"}],"wp:attachment":[{"href":"https:\/\/scholbach.de\/pl\/wp-json\/wp\/v2\/media?parent=2345"}],"curies":[{"name":"wp","href":"https:\/\/api.w.org\/{rel}","templated":true}]}}