{"id":2335,"date":"2018-09-19T05:25:04","date_gmt":"2018-09-19T05:25:04","guid":{"rendered":"http:\/\/scholbach.de\/?page_id=2335"},"modified":"2022-01-19T17:37:24","modified_gmt":"2022-01-19T17:37:24","slug":"das-nussknacker-syndrom-ist-eine-fehlbezeichnung","status":"publish","type":"page","link":"https:\/\/scholbach.de\/pl\/wissenschaft\/deutsch-ultraschalldiagnostik\/deutsch-gefaskompressionen\/nussknacker\/das-nussknacker-syndrom-ist-eine-fehlbezeichnung","title":{"rendered":"Zesp\u00f3\u0142 &#8222;dziadka do orzech\u00f3w&#8221; jest b\u0142\u0119dn\u0105 nazw\u0105"},"content":{"rendered":"<p>Poni\u017cszy film opisuje dlaczego nie nale\u017cy m\u00f3wi\u0107 o zespole dziadka do orzech\u00f3w, ale o lordogenetycznej kompresji lewej \u017cy\u0142y nerkowej. Jest to podsumowanie mojej prezentacji na Europejskim Kongresie Ultrasonograficznym w Poznaniu w dniach 06-08-09-2018.<\/p>\n<p><a href=\"https:\/\/scholbach.de\/wp-content\/uploads\/2018\/09\/The-Nutcracker-Syndrome-is-a-misnomer-Euroson-September-2018.wmv\">Syndrom Dziadka do Orzech\u00f3w jest b\u0142\u0119dn\u0105 nazw\u0105 Euroson wrzesie\u0144 2018 r.<\/a><\/p>","protected":false},"excerpt":{"rendered":"<p>Poni\u017cszy film opisuje dlaczego nie nale\u017cy m\u00f3wi\u0107 o zespole dziadka do orzech\u00f3w, ale o lordogenetycznej kompresji lewej \u017cy\u0142y nerkowej. Jest to podsumowanie mojej prezentacji na Europejskim Kongresie Ultrasonograficznym w Poznaniu w dniach 06-08-09-2018. Syndrom Dziadka do Orzech\u00f3w jest b\u0142\u0119dn\u0105 nazw\u0105 Euroson wrzesie\u0144 2018 r.<\/p>\n","protected":false},"author":5,"featured_media":0,"parent":225,"menu_order":1,"comment_status":"closed","ping_status":"closed","template":"","meta":{"om_disable_all_campaigns":false,"footnotes":""},"class_list":["post-2335","page","type-page","status-publish","hentry"],"_links":{"self":[{"href":"https:\/\/scholbach.de\/pl\/wp-json\/wp\/v2\/pages\/2335","targetHints":{"allow":["GET"]}}],"collection":[{"href":"https:\/\/scholbach.de\/pl\/wp-json\/wp\/v2\/pages"}],"about":[{"href":"https:\/\/scholbach.de\/pl\/wp-json\/wp\/v2\/types\/page"}],"author":[{"embeddable":true,"href":"https:\/\/scholbach.de\/pl\/wp-json\/wp\/v2\/users\/5"}],"replies":[{"embeddable":true,"href":"https:\/\/scholbach.de\/pl\/wp-json\/wp\/v2\/comments?post=2335"}],"version-history":[{"count":12,"href":"https:\/\/scholbach.de\/pl\/wp-json\/wp\/v2\/pages\/2335\/revisions"}],"predecessor-version":[{"id":6987,"href":"https:\/\/scholbach.de\/pl\/wp-json\/wp\/v2\/pages\/2335\/revisions\/6987"}],"up":[{"embeddable":true,"href":"https:\/\/scholbach.de\/pl\/wp-json\/wp\/v2\/pages\/225"}],"wp:attachment":[{"href":"https:\/\/scholbach.de\/pl\/wp-json\/wp\/v2\/media?parent=2335"}],"curies":[{"name":"wp","href":"https:\/\/api.w.org\/{rel}","templated":true}]}}