{"id":2314,"date":"2018-07-07T14:19:00","date_gmt":"2018-07-07T14:19:00","guid":{"rendered":"http:\/\/scholbach.de\/?page_id=2314"},"modified":"2025-09-21T16:13:28","modified_gmt":"2025-09-21T14:13:28","slug":"ehlers-danlos-syndrom-als-beispiel-fuer-bindegewebserkrankungen-und-gefaesskompressionen","status":"publish","type":"page","link":"https:\/\/scholbach.de\/pl\/ehlers-danlos-syndrom-als-beispiel-fuer-bindegewebserkrankungen-und-gefaesskompressionen","title":{"rendered":"Zesp\u00f3\u0142 Ehlersa-Danlosa jako przyk\u0142ad chor\u00f3b tkanki \u0142\u0105cznej i ucisku naczyniowego"},"content":{"rendered":"<p>Liczne choroby tkanki \u0142\u0105cznej prowadz\u0105 do rozlu\u017anienia struktur tkanki \u0142\u0105cznej. Nale\u017c\u0105 do nich organy takie jak p\u0142uca, jelita, a tak\u017ce naczynia krwiono\u015bne, stawy i wi\u0119zad\u0142a.<br \/>\n\u017by\u0142y zawieraj\u0105 du\u017co tkanki \u0142\u0105cznej i w zwi\u0105zku z tym s\u0105 nara\u017cone na choroby tkanki \u0142\u0105cznej, jak r\u00f3wnie\u017c na zaburzenia strukturalne t\u0119tnic. Poniewa\u017c krew \u017cylna jest pod mniejszym ci\u015bnieniem ni\u017c krew t\u0119tnicza, wp\u0142yw chor\u00f3b tkanki \u0142\u0105cznej, takich jak zesp\u00f3\u0142 Ehlersa-Danlosa czy zesp\u00f3\u0142 Marfana na \u017cy\u0142y i t\u0119tnice jest r\u00f3\u017cny.<br \/>\nZjawiska ucisku naczyniowego s\u0105 zatem cz\u0119stsze w \u017cy\u0142ach ni\u017c w t\u0119tnicach, kt\u00f3re maj\u0105 tendencj\u0119 do wybrzuszania si\u0119 ze \u015bciany t\u0119tnicy, tzw. t\u0119tniaki.<br \/>\nWi\u0119ksza rozci\u0105gliwo\u015b\u0107 \u017cy\u0142 jest r\u00f3wnie\u017c wyra\u017cona w chorobach tkanki \u0142\u0105cznej , kt\u00f3re prowadz\u0105 do rozlu\u017anienia tkanki \u0142\u0105cznej , w tym \u017cy\u0142y mog\u0105 by\u0107 \u0142atwiej kompresowane przez otaczaj\u0105ce je struktury. Odcinek \u017cy\u0142y, kt\u00f3ry poprzedza punkt ucisku i w kt\u00f3rym gromadzi si\u0119 nast\u0119pnie krew \u017cylna ma tendencj\u0119 do rozszerzania si\u0119 (dylatacji) w szczeg\u00f3lnie du\u017cym stopniu. Podczas gdy w cia\u015bniejszej, zdrowej \u017cyle ci\u015bnienie krwi w zat\u0142oczonej sekcji wzrasta , \u015bciana \u017cy\u0142y daje \u0142atwiej w chorobach tkanki \u0142\u0105cznej , tak \u017ce przy tej samej kompresji istnieje tendencja do wzrostu ci\u015bnienia jest ni\u017csza i wi\u0119ksza dylatacja sekcji \u017cy\u0142y w g\u00f3r\u0119 punktu kompresji.<br \/>\nDlatego zat\u0142oczona krew ust\u0119puje miejsca obwodom bypassowym, kt\u00f3re r\u00f3wnie\u017c \u0142atwiej ulegaj\u0105 rozszerzeniu. Dotkni\u0119te tu \u017cy\u0142y maj\u0105 tendencj\u0119 do tego, \u017ce staj\u0105 si\u0119 m\u0119cz\u0105ce i \u017cylakowate.<br \/>\nKolejnym efektem rozlu\u017anienia tkanki \u0142\u0105cznej jest fakt, \u017ce pacjenci z zaburzeniami tkanki \u0142\u0105cznej maj\u0105 tendencj\u0119 do deformacji kr\u0119gos\u0142upa, poniewa\u017c wi\u0119zad\u0142a stabilizuj\u0105ce kr\u0119gos\u0142up ust\u0119puj\u0105 nieznacznie. Cz\u0119sto najpierw dochodzi do wyra\u017anej lordozy kr\u0119gos\u0142upa l\u0119d\u017awiowego i bardziej wyra\u017anej kifozy kr\u0119gos\u0142upa piersiowego. Nast\u0119pnie pojawia si\u0119 tendencja do skolioz, tj. zginanie kr\u0119gos\u0142upa na boki. Mechanizm tego procesu jest podobny do tego stosowanego w wiertarce korbowej. Krzywizna korby tworzy rami\u0119 d\u017awigni, kt\u00f3re u\u0142atwia ruch boczny korby i pozwala na obracanie wiert\u0142a.\u00a0 Lordotyczny kr\u0119gos\u0142up l\u0119d\u017awiowy zachowuje si\u0119 analogicznie do korby wiert\u0142a. Przednia krzywizna kr\u0119gos\u0142upa l\u0119d\u017awiowego (lordoza) u\u0142atwia rotacj\u0119 boczn\u0105 kr\u0119gos\u0142upa l\u0119d\u017awiowego, co prowadzi do skolioz.<br \/>\nWyra\u017ana lordoza, kt\u00f3ra mo\u017ce rozwin\u0105\u0107 si\u0119 w chorobie tkanki \u0142\u0105cznej, u\u0142atwia tym samym ucisk naczyniowy, co opisano w sekcjach dotycz\u0105cych lordozy i lordogenetycznego zespo\u0142u linii \u015brodkowej na tej stronie internetowej.<br \/>\n*** Przet\u0142umacz z T\u0142umaczem DeepL (wersja darmowa). ***<\/p>","protected":false},"excerpt":{"rendered":"<p>Liczne choroby tkanki \u0142\u0105cznej prowadz\u0105 do rozlu\u017anienia struktur tkanki \u0142\u0105cznej. Nale\u017c\u0105 do nich organy takie jak p\u0142uca, jelita, a tak\u017ce naczynia krwiono\u015bne, stawy i wi\u0119zad\u0142a. \u017by\u0142y zawieraj\u0105 du\u017co tkanki \u0142\u0105cznej i w zwi\u0105zku z tym s\u0105 nara\u017cone na choroby tkanki \u0142\u0105cznej, jak r\u00f3wnie\u017c na zaburzenia strukturalne t\u0119tnic. Poniewa\u017c krew \u017cylna jest pod mniejszym ci\u015bnieniem ni\u017c [&hellip;]<\/p>\n","protected":false},"author":5,"featured_media":0,"parent":0,"menu_order":0,"comment_status":"closed","ping_status":"closed","template":"","meta":{"om_disable_all_campaigns":false,"footnotes":""},"class_list":["post-2314","page","type-page","status-publish","hentry"],"_links":{"self":[{"href":"https:\/\/scholbach.de\/pl\/wp-json\/wp\/v2\/pages\/2314","targetHints":{"allow":["GET"]}}],"collection":[{"href":"https:\/\/scholbach.de\/pl\/wp-json\/wp\/v2\/pages"}],"about":[{"href":"https:\/\/scholbach.de\/pl\/wp-json\/wp\/v2\/types\/page"}],"author":[{"embeddable":true,"href":"https:\/\/scholbach.de\/pl\/wp-json\/wp\/v2\/users\/5"}],"replies":[{"embeddable":true,"href":"https:\/\/scholbach.de\/pl\/wp-json\/wp\/v2\/comments?post=2314"}],"version-history":[{"count":42,"href":"https:\/\/scholbach.de\/pl\/wp-json\/wp\/v2\/pages\/2314\/revisions"}],"predecessor-version":[{"id":9689,"href":"https:\/\/scholbach.de\/pl\/wp-json\/wp\/v2\/pages\/2314\/revisions\/9689"}],"wp:attachment":[{"href":"https:\/\/scholbach.de\/pl\/wp-json\/wp\/v2\/media?parent=2314"}],"curies":[{"name":"wp","href":"https:\/\/api.w.org\/{rel}","templated":true}]}}