{"id":225,"date":"2016-01-24T22:03:08","date_gmt":"2016-01-24T22:03:08","guid":{"rendered":"http:\/\/wp12612379.server-he.de\/?page_id=225"},"modified":"2021-09-11T10:29:39","modified_gmt":"2021-09-11T10:29:39","slug":"nussknacker","status":"publish","type":"page","link":"https:\/\/scholbach.de\/pl\/wissenschaft\/deutsch-ultraschalldiagnostik\/deutsch-gefaskompressionen\/nussknacker","title":{"rendered":"The so called Nutcracker Phenomenon"},"content":{"rendered":"<p>Zjawisko dziadka do orzech\u00f3w jest bardzo cz\u0119stym zjawiskiem kompresji naczyniowej. W ci\u0105gu ostatnich dwudziestu lat zdiagnozowa\u0142em i leczy\u0142em setki pacjent\u00f3w z t\u0105 chorob\u0105.<\/p>\n<p>Powstaje &#8211; widziane ewolucyjnie &#8211; z wyprostowanego chodu cz\u0142owieka i wynikaj\u0105cej z tego krzywizny (&#8222;lordosis&#8221;) kr\u0119gos\u0142upa l\u0119d\u017awiowego. B\u00f3l brzucha, b\u00f3l boksu (cz\u0119sto na lewo), lordoza lewo-wypuk\u0142a w okolicy l\u0119d\u017awiowej, b\u00f3l brzucha (u kobiet i dziewcz\u0105t g\u0142\u00f3wnie nad lewym jajnikiem), b\u00f3l plec\u00f3w, b\u00f3l g\u0142owy, hemoroidy i b\u00f3l narz\u0105d\u00f3w p\u0142ciowych (dyspareunia &#8211; b\u00f3l podczas stosunku p\u0142ciowego, b\u00f3l j\u0105der) s\u0105 najcz\u0119stszymi objawami. Rozpoznanie mo\u017cna postawi\u0107 jednoznacznie za pomoc\u0105 funkcjonalnej kolorowej sonografii dopplerowskiej.<\/p>\n<p>Zesp\u00f3\u0142 dziadka do orzech\u00f3w jest terminem stosowanym, gdy objawom tym towarzyszy hematuria, tj. wydalanie krwi w moczu.<\/p>\n<p>Poni\u017csza ilustracja przedstawia schematyczne przedstawienie \u017cy\u0142y nerkowej, kt\u00f3ra jest zablokowana pomi\u0119dzy aort\u0105 i t\u0119tnic\u0105 krezki g\u00f3rnej: wi\u0119ksze niebieskie ko\u0142o jest przekrojem aorty, mniejsze niebieskie ko\u0142o reprezentuje t\u0119tnic\u0119 krezki. Czerwony to \u017cy\u0142a nerkowa, kt\u00f3ra pochodzi z prawej strony i jest uwi\u0119ziona pomi\u0119dzy dwiema t\u0119tnicami, co powoduje zator:<\/p>\n<p>&nbsp;<\/p>\n<p><img decoding=\"async\" class=\"alignnone size-large wp-image-331\" src=\"http:\/\/wp12612379.server-he.de\/wp-content\/uploads\/2016\/06\/Folie40-1024x576.jpg\" alt=\"Folie40\" width=\"100%\" height=\"auto\" srcset=\"https:\/\/scholbach.de\/wp-content\/uploads\/2016\/06\/Folie40-1024x576.jpg 1024w, https:\/\/scholbach.de\/wp-content\/uploads\/2016\/06\/Folie40-300x169.jpg 300w, https:\/\/scholbach.de\/wp-content\/uploads\/2016\/06\/Folie40.jpg 1280w\" sizes=\"(max-width: 1024px) 100vw, 1024px\" \/><\/p>\n<p>Poni\u017cszy rysunek przedstawia t\u0119 sam\u0105 sytuacj\u0119 na obrazie ultrasonograficznym:<\/p>\n<p><img decoding=\"async\" class=\"alignnone size-large wp-image-403\" src=\"http:\/\/wp12612379.server-he.de\/wp-content\/uploads\/2016\/01\/nussknacker_01.jpg\" alt=\"nussknacker_01\" width=\"100%\" height=\"auto\" srcset=\"https:\/\/scholbach.de\/wp-content\/uploads\/2016\/01\/nussknacker_01.jpg 467w, https:\/\/scholbach.de\/wp-content\/uploads\/2016\/01\/nussknacker_01-300x279.jpg 300w\" sizes=\"(max-width: 467px) 100vw, 467px\" \/><\/p>\n<p>Obwody cyrkulacyjne i wynikaj\u0105ce z nich skargi<\/p>\n<p>Poniewa\u017c zat\u0142oczenie lewej \u017cy\u0142y nerkowej blokuje prawid\u0142owy przep\u0142yw krwi, przep\u0142yw krwi cz\u0119sto poszukuje obwod\u00f3w obej\u015bciowych. Prowadzi to cz\u0119sto do przekrwienia narz\u0105d\u00f3w miednicy, skutkuj\u0105cego dysfunkcj\u0105 i b\u00f3lem. Cz\u0119ste dysfunkcje to ch\u0119\u0107 oddawania moczu z niskim wype\u0142nieniem p\u0119cherza moczowego, skurcze menstruacyjne, bolesne defekacje hemoroid\u00f3w, dolegliwo\u015bci narz\u0105d\u00f3w p\u0142ciowych, przekrwienie lewej nogi i \u017cy\u0142 krocza oraz zakrzepica lewej nogi.<\/p>\n<p>Lewa \u017cy\u0142a jajnikowa jest cz\u0119stym obwodem obej\u015bciowym. W przeciwie\u0144stwie do normalnego stanu, lewa \u017cy\u0142a jajnikowa pobiera krew z zablokowanej lewej \u017cy\u0142y nerkowej i kieruje t\u0119 krew do ty\u0142u przez lewy jajnik do \u017cy\u0142 miednicy po lewej stronie, lub, poniewa\u017c odp\u0142yw mo\u017ce by\u0107 r\u00f3wnie\u017c utrudnione tutaj, przez macic\u0119 do prawej strony \u017cy\u0142y g\u0142\u00f3wnej dolnej. W obrazie ultrasonograficznym lewa \u017cy\u0142a jajnikowa wydaje si\u0119 rozszerzona i cz\u0119sto falista &#8211; jest to efekt zwi\u0119kszonego ci\u015bnienia spowodowanego przekrwieniem \u017cy\u0142 nerkowych. Rezultatem jest b\u00f3l w podbrzuszu po lewej stronie.<\/p>\n<p><img decoding=\"async\" class=\"alignnone size-large wp-image-402\" src=\"http:\/\/wp12612379.server-he.de\/wp-content\/uploads\/2016\/01\/nussknacker_02.jpg\" alt=\"nussknacker_02\" width=\"100%\" height=\"auto\" srcset=\"https:\/\/scholbach.de\/wp-content\/uploads\/2016\/01\/nussknacker_02.jpg 824w, https:\/\/scholbach.de\/wp-content\/uploads\/2016\/01\/nussknacker_02-300x214.jpg 300w\" sizes=\"(max-width: 824px) 100vw, 824px\" \/><\/p>\n<p>Innym zjawiskiem, kt\u00f3re wyst\u0119puje w wyniku przekierowania krwi \u017cy\u0142 nerkowych przez \u017cy\u0142\u0119 jajnikow\u0105 lew\u0105, jest \u017cylaki w macicy. Rezultatem jest b\u00f3l brzucha i pozostawiony wok\u00f3\u0142 jamy brzusznej:<\/p>\n<p><img decoding=\"async\" class=\"alignnone size-full wp-image-401\" src=\"http:\/\/wp12612379.server-he.de\/wp-content\/uploads\/2016\/01\/nussknacker_03.jpg\" alt=\"nussknacker_03\" width=\"100%\" height=\"auto\" srcset=\"https:\/\/scholbach.de\/wp-content\/uploads\/2016\/01\/nussknacker_03.jpg 323w, https:\/\/scholbach.de\/wp-content\/uploads\/2016\/01\/nussknacker_03-300x211.jpg 300w\" sizes=\"(max-width: 323px) 100vw, 323px\" \/><\/p>\n<p>Poni\u017csza animacja przedstawia przeszkody w przep\u0142ywie krwi z lewej nerki w zespole dziadka do orzech\u00f3w:<\/p>\n<div style=\"width: 640px;\" class=\"wp-video\"><video class=\"wp-video-shortcode\" id=\"video-225-11\" width=\"640\" height=\"360\" preload=\"metadata\" controls=\"controls\"><source type=\"video\/mp4\" src=\"http:\/\/wp12612379.server-he.de\/wp-content\/uploads\/2016\/01\/Nussknackerph\u00e4nomen.mp4?_=11\" \/><a href=\"http:\/\/wp12612379.server-he.de\/wp-content\/uploads\/2016\/01\/Nussknackerph\u00e4nomen.mp4\">http:\/\/wp12612379.server-he.de\/wp-content\/uploads\/2016\/01\/Nussknackerph\u00e4nomen.mp4<\/a><\/video><\/div>\n<p><strong>Mo\u017cliwo\u015bci terapeutyczne<\/strong><\/p>\n<p>Terapia rozpoczyna si\u0119 od \u0107wicze\u0144 zmniejszaj\u0105cych lordoz\u0119 i mo\u017ce by\u0107 uzupe\u0142niona zabiegami medycznymi lub chirurgi\u0105 naczyniow\u0105. Efekt wszystkich terapii mo\u017ce by\u0107 precyzyjnie zmierzony sonograficznie na podstawie przep\u0142ywu krwi do lewej nerki i lewej \u017cy\u0142y nerkowej, tak aby mo\u017cna by\u0142o wyda\u0107 dobrze uzasadnione zalecenia dotycz\u0105ce terapii.<\/p>","protected":false},"excerpt":{"rendered":"<p>Zjawisko dziadka do orzech\u00f3w jest bardzo cz\u0119stym zjawiskiem kompresji naczyniowej. W ci\u0105gu ostatnich dwudziestu lat zdiagnozowa\u0142em i leczy\u0142em setki pacjent\u00f3w z t\u0105 chorob\u0105. Powstaje &#8211; widziane ewolucyjnie &#8211; z wyprostowanego chodu cz\u0142owieka i wynikaj\u0105cej z tego krzywizny (&#8222;lordosis&#8221;) kr\u0119gos\u0142upa l\u0119d\u017awiowego. B\u00f3l brzucha, b\u00f3l boksu (cz\u0119sto na lewo), lordoza lewo-wypuk\u0142a w okolicy l\u0119d\u017awiowej, b\u00f3l brzucha (u [&hellip;]<\/p>\n","protected":false},"author":4,"featured_media":0,"parent":66,"menu_order":1,"comment_status":"closed","ping_status":"closed","template":"","meta":{"om_disable_all_campaigns":false,"footnotes":""},"class_list":["post-225","page","type-page","status-publish","hentry"],"_links":{"self":[{"href":"https:\/\/scholbach.de\/pl\/wp-json\/wp\/v2\/pages\/225","targetHints":{"allow":["GET"]}}],"collection":[{"href":"https:\/\/scholbach.de\/pl\/wp-json\/wp\/v2\/pages"}],"about":[{"href":"https:\/\/scholbach.de\/pl\/wp-json\/wp\/v2\/types\/page"}],"author":[{"embeddable":true,"href":"https:\/\/scholbach.de\/pl\/wp-json\/wp\/v2\/users\/4"}],"replies":[{"embeddable":true,"href":"https:\/\/scholbach.de\/pl\/wp-json\/wp\/v2\/comments?post=225"}],"version-history":[{"count":76,"href":"https:\/\/scholbach.de\/pl\/wp-json\/wp\/v2\/pages\/225\/revisions"}],"predecessor-version":[{"id":6544,"href":"https:\/\/scholbach.de\/pl\/wp-json\/wp\/v2\/pages\/225\/revisions\/6544"}],"up":[{"embeddable":true,"href":"https:\/\/scholbach.de\/pl\/wp-json\/wp\/v2\/pages\/66"}],"wp:attachment":[{"href":"https:\/\/scholbach.de\/pl\/wp-json\/wp\/v2\/media?parent=225"}],"curies":[{"name":"wp","href":"https:\/\/api.w.org\/{rel}","templated":true}]}}