{"id":20,"date":"2015-12-26T14:31:19","date_gmt":"2015-12-26T14:31:19","guid":{"rendered":"http:\/\/wp12612379.server-he.de\/?page_id=20"},"modified":"2022-01-19T17:39:36","modified_gmt":"2022-01-19T17:39:36","slug":"publikationen","status":"publish","type":"page","link":"https:\/\/scholbach.de\/pl\/expertise\/publikationen","title":{"rendered":"Publikacje w\u0142asne"},"content":{"rendered":"<p><\/p>\n<ul>\n<li><a href=\"https:\/\/scholbach.de\/?page_id=3887&amp;preview=true\">Lista publikacji<\/a><\/li>\n<li><a href=\"http:\/\/wp12612379.server-he.de\/wp-content\/uploads\/2015\/12\/Vascular-compression-syndromes.pdf\">Vascular Compression Syndromes<\/a><\/li>\n<li><a href=\"https:\/\/scholbach.de\/erstbeschreibung-des-mittellininesyndroms-aspirintherapie\">Inauguracja zespo\u0142u linii \u015brodkowej w nast\u0119pstwie zespo\u0142u dziadka do orzech\u00f3w<\/a><\/li>\n<li><a href=\"https:\/\/scholbach.de\/the-celiac-ganglion-artery-compression-syndrome\">Truncus coeliacus \/ Ganglion coeliacum Compression Syndrome &#8211; Przegl\u0105d j\u0119zyka angielskiego<\/a><\/li>\n<li><a href=\"https:\/\/scholbach.de\/pixelfluxmessung-der-nierengewebsperfusion\">Pomiar perfuzji tkanek nerkowych &#8211; Wst\u0119pny przegl\u0105d (j. angielski)<\/a><\/li>\n<li><a href=\"https:\/\/scholbach.de\/erstmaliger-nachweis-von-fruehveraenderungen-der-nierenperfusion-bei-diabetes-mellitus\">Pierwsze na \u015bwiecie sonograficzne wykrywanie zmian naczyniowych w nerkach u dzieci z cukrzyc\u0105<\/a><\/li>\n<li><a href=\"https:\/\/scholbach.de\/bornavirusinfektion-bei-kindern-und-jugendlichen\">Zaka\u017cenie antywirusowe u dzieci i ich rodzic\u00f3w<\/a><\/li>\n<li><a href=\"https:\/\/scholbach.de\/erstbeschreibung-der-bestimmung-des-gewebsperfusionsindexes-in-nierentranplantaten\">Wst\u0119pny opis okre\u015blania wska\u017anika perfuzji tkankowej w przeszczepach nerek<\/a><\/li>\n<li><a href=\"https:\/\/scholbach.de\/erstmalige-darmwandperfusionsmessung-bei-m-crohn\">Pierwszy pomiar perfuzji \u015bciany jelita w Mb. Crohn<\/a><\/li>\n<li><a href=\"https:\/\/scholbach.de\/erstmalige-sonografische-gewebsperfusionmessung-der-nieren\">Pierwszy sonograficzny pomiar perfuzji tkanek w nerkach<\/a><\/li>\n<li><a href=\"https:\/\/scholbach.de\/erste-sonografische-tumorperfusionmessung-und-korrelation-zur-tumoroxygenierung\">Pierwszy sonograficzny pomiar perfuzji guza i korelacja z utlenowaniem guza<\/a><\/li>\n<li><a href=\"https:\/\/scholbach.de\/erste-sonografische-gewebsperfusionsmessung-in-nierentransplantaten\">Przeszczepy nerek<\/a><\/li>\n<\/ul>\n<p>Chcesz wi\u0119cej? Nast\u0119pnie skorzystaj z bazy danych pub\u00f3w, tak jak profesjonali\u015bci na uniwersytecie lub w klinice. Wpisz s\u0142owo kluczowe lub autora i przeczytaj wszystkie streszczenia prac naukowych bezp\u0142atnie. Znajdziesz tu r\u00f3wnie\u017c pe\u0142notekstowe artyku\u0142y bez op\u0142at. Czy masz jeszcze jakie\u015b pytania? Napisz do mnie maila!<\/p>\n<p>Technika PixelFlux jest now\u0105 metod\u0105 pomiaru przep\u0142ywu krwi w narz\u0105dach za pomoc\u0105 kolorowych ultrad\u017awi\u0119k\u00f3w Doppler, kt\u00f3ra zainspirowa\u0142a naukowc\u00f3w na ca\u0142ym \u015bwiecie do napisania w\u0142asnych publikacji.<\/p>\n<p><a href=\"https:\/\/scholar.google.de\/scholar?q=PixelFlux+blood+-stars+-sun+-magnetic&amp;hl=de&amp;as_sdt=1,5&amp;as_vis=1\">Technika PixelFlux, nowa metoda pomiaru przep\u0142ywu krwi w narz\u0105dach za pomoc\u0105 kolorowych ultrad\u017awi\u0119k\u00f3w Doppler, zainspirowa\u0142a naukowc\u00f3w na ca\u0142ym \u015bwiecie do w\u0142asnych publikacji<\/a>.<\/p>","protected":false},"excerpt":{"rendered":"<p>Lista publikacji Vascular Compression Syndromes Inauguracja zespo\u0142u linii \u015brodkowej w nast\u0119pstwie zespo\u0142u dziadka do orzech\u00f3w Truncus coeliacus \/ Ganglion coeliacum Compression Syndrome &#8211; Przegl\u0105d j\u0119zyka angielskiego Pomiar perfuzji tkanek nerkowych &#8211; Wst\u0119pny przegl\u0105d (j. angielski) Pierwsze na \u015bwiecie sonograficzne wykrywanie zmian naczyniowych w nerkach u dzieci z cukrzyc\u0105 Zaka\u017cenie antywirusowe u dzieci i ich rodzic\u00f3w [&hellip;]<\/p>\n","protected":false},"author":4,"featured_media":0,"parent":24,"menu_order":2,"comment_status":"closed","ping_status":"closed","template":"","meta":{"om_disable_all_campaigns":false,"footnotes":""},"class_list":["post-20","page","type-page","status-publish","hentry"],"_links":{"self":[{"href":"https:\/\/scholbach.de\/pl\/wp-json\/wp\/v2\/pages\/20","targetHints":{"allow":["GET"]}}],"collection":[{"href":"https:\/\/scholbach.de\/pl\/wp-json\/wp\/v2\/pages"}],"about":[{"href":"https:\/\/scholbach.de\/pl\/wp-json\/wp\/v2\/types\/page"}],"author":[{"embeddable":true,"href":"https:\/\/scholbach.de\/pl\/wp-json\/wp\/v2\/users\/4"}],"replies":[{"embeddable":true,"href":"https:\/\/scholbach.de\/pl\/wp-json\/wp\/v2\/comments?post=20"}],"version-history":[{"count":70,"href":"https:\/\/scholbach.de\/pl\/wp-json\/wp\/v2\/pages\/20\/revisions"}],"predecessor-version":[{"id":6989,"href":"https:\/\/scholbach.de\/pl\/wp-json\/wp\/v2\/pages\/20\/revisions\/6989"}],"up":[{"embeddable":true,"href":"https:\/\/scholbach.de\/pl\/wp-json\/wp\/v2\/pages\/24"}],"wp:attachment":[{"href":"https:\/\/scholbach.de\/pl\/wp-json\/wp\/v2\/media?parent=20"}],"curies":[{"name":"wp","href":"https:\/\/api.w.org\/{rel}","templated":true}]}}