{"id":17,"date":"2015-12-26T12:26:58","date_gmt":"2015-12-26T12:26:58","guid":{"rendered":"http:\/\/wp12612379.server-he.de\/?page_id=17"},"modified":"2020-03-30T13:12:45","modified_gmt":"2020-03-30T13:12:45","slug":"philosophie","status":"publish","type":"page","link":"https:\/\/scholbach.de\/pl\/expertise\/philosophie","title":{"rendered":"Filozofia"},"content":{"rendered":"<p>Wsp\u00f3\u0142czesna medycyna jest medycyn\u0105 zindywidualizowan\u0105, kt\u00f3ra my\u015bli poza granicami narz\u0105d\u00f3w, podejmuje decyzje terapeutyczne na podstawie dok\u0142adnej historii choroby i zrozumia\u0142ych krok\u00f3w diagnostycznych oraz uwzgl\u0119dnia wszystkie aspekty cierpienia.<\/p>\n<p>Zaczyna si\u0119 to od osobistej uwagi w szczeg\u00f3\u0142owym dialogu na temat charakteru i rozwoju dolegliwo\u015bci i uwzgl\u0119dnia nie tylko medyczne, ale tak\u017ce spo\u0142eczne i psychologiczne aspekty choroby. Ty jako pacjent jeste\u015b w centrum wszystkich wysi\u0142k\u00f3w i kszta\u0142tuj\u0105 diagnostyk\u0119 i terapi\u0119 poprzez swoje rozwa\u017cania, po dok\u0142adnym wyja\u015bnieniu wszystkich ustale\u0144 w porozumieniu z lekarzem.<\/p>\n<p>Indywidualne traktowanie wymaga zrozumienia. Ju\u017c samo to znacznie przyczynia si\u0119 do z\u0142agodzenia objaw\u00f3w. Je\u015bli wiesz i rozumiesz, dlaczego masz pewne skargi, to \u0142atwiej ci si\u0119 nimi zaj\u0105\u0107. W wielu przypadkach poczujesz ulg\u0119, poniewa\u017c skargi maj\u0105 swoj\u0105 przyczyn\u0119, na kt\u00f3r\u0105 \u0142atwo jest wp\u0142yn\u0105\u0107.<\/p>\n<p>Zindywidualizowana diagnostyka opiera si\u0119 na wielu metodach. Techniki obrazowania, s\u0105 szczeg\u00f3lnie pomocne, poniewa\u017c pokazuj\u0105, gdzie jest problem i jak na niego wp\u0142ywa. W\u015br\u00f3d tych metod wa\u017cn\u0105 pozycj\u0119 zajmuje diagnostyka ultrasonograficzna, poniewa\u017c jest \u0142agodna dla pacjenta i pozwala na sk\u0142adanie o\u015bwiadcze\u0144 funkcjonalnych.<\/p>","protected":false},"excerpt":{"rendered":"<p>Wsp\u00f3\u0142czesna medycyna jest medycyn\u0105 zindywidualizowan\u0105, kt\u00f3ra my\u015bli poza granicami narz\u0105d\u00f3w, podejmuje decyzje terapeutyczne na podstawie dok\u0142adnej historii choroby i zrozumia\u0142ych krok\u00f3w diagnostycznych oraz uwzgl\u0119dnia wszystkie aspekty cierpienia. Zaczyna si\u0119 to od osobistej uwagi w szczeg\u00f3\u0142owym dialogu na temat charakteru i rozwoju dolegliwo\u015bci i uwzgl\u0119dnia nie tylko medyczne, ale tak\u017ce spo\u0142eczne i psychologiczne aspekty choroby. Ty [&hellip;]<\/p>\n","protected":false},"author":4,"featured_media":0,"parent":24,"menu_order":1,"comment_status":"closed","ping_status":"closed","template":"","meta":{"om_disable_all_campaigns":false,"footnotes":""},"class_list":["post-17","page","type-page","status-publish","hentry"],"_links":{"self":[{"href":"https:\/\/scholbach.de\/pl\/wp-json\/wp\/v2\/pages\/17","targetHints":{"allow":["GET"]}}],"collection":[{"href":"https:\/\/scholbach.de\/pl\/wp-json\/wp\/v2\/pages"}],"about":[{"href":"https:\/\/scholbach.de\/pl\/wp-json\/wp\/v2\/types\/page"}],"author":[{"embeddable":true,"href":"https:\/\/scholbach.de\/pl\/wp-json\/wp\/v2\/users\/4"}],"replies":[{"embeddable":true,"href":"https:\/\/scholbach.de\/pl\/wp-json\/wp\/v2\/comments?post=17"}],"version-history":[{"count":12,"href":"https:\/\/scholbach.de\/pl\/wp-json\/wp\/v2\/pages\/17\/revisions"}],"predecessor-version":[{"id":4380,"href":"https:\/\/scholbach.de\/pl\/wp-json\/wp\/v2\/pages\/17\/revisions\/4380"}],"up":[{"embeddable":true,"href":"https:\/\/scholbach.de\/pl\/wp-json\/wp\/v2\/pages\/24"}],"wp:attachment":[{"href":"https:\/\/scholbach.de\/pl\/wp-json\/wp\/v2\/media?parent=17"}],"curies":[{"name":"wp","href":"https:\/\/api.w.org\/{rel}","templated":true}]}}