{"id":1341,"date":"2017-05-09T19:33:20","date_gmt":"2017-05-09T19:33:20","guid":{"rendered":"http:\/\/scholbach.de\/?page_id=1341"},"modified":"2020-03-30T12:32:28","modified_gmt":"2020-03-30T12:32:28","slug":"vortraege-und-lehrtaetigkeit-in-aller-welt","status":"publish","type":"page","link":"https:\/\/scholbach.de\/pl\/expertise\/vortraege-und-lehrtaetigkeit-in-aller-welt","title":{"rendered":"Wyk\u0142ady i nauczanie na ca\u0142ym \u015bwiecie"},"content":{"rendered":"<p>Prowadzi\u0142em wyk\u0142ady, prezentacje i seminaria ultrad\u017awi\u0119kowe w wielu krajach, np. w Brazylii, USA, Kanadzie, Korei Po\u0142udniowej, Chinach, Tajwanie, W\u0142oszech, Grecji, Belgii, Szwajcarii, Norwegii, Danii, Hiszpanii, Austrii, Czechach, Francji, S\u0142owenii, Wielkiej Brytanii i Holandii. Niekt\u00f3re wra\u017cenia zosta\u0142y przedstawione na poni\u017cszych zdj\u0119ciach.<\/p>\n<div id=\"attachment_1353\" style=\"width: 666px\" class=\"wp-caption aligncenter\"><img loading=\"lazy\" decoding=\"async\" aria-describedby=\"caption-attachment-1353\" class=\"wp-image-1353\" src=\"https:\/\/scholbach.de\/wp-content\/uploads\/2017\/05\/China-3.jpg\" alt=\"\" width=\"656\" height=\"435\" srcset=\"https:\/\/scholbach.de\/wp-content\/uploads\/2017\/05\/China-3.jpg 693w, https:\/\/scholbach.de\/wp-content\/uploads\/2017\/05\/China-3-300x199.jpg 300w\" sizes=\"auto, (max-width: 656px) 100vw, 656px\" \/><p id=\"caption-attachment-1353\" class=\"wp-caption-text\">Przyj\u0119cie przez dyrektora szpitala Drum Tower w Nanjing, Prof. Ding (siedz\u0105cego po\u015brodku) 23.04.2000 r.<\/p><\/div>\n<div id=\"attachment_1348\" style=\"width: 676px\" class=\"wp-caption aligncenter\"><img loading=\"lazy\" decoding=\"async\" aria-describedby=\"caption-attachment-1348\" class=\"wp-image-1348 \" src=\"https:\/\/scholbach.de\/wp-content\/uploads\/2017\/05\/Scholbach-01.06.2006-mit-Podium.jpg\" alt=\"\" width=\"666\" height=\"443\" srcset=\"https:\/\/scholbach.de\/wp-content\/uploads\/2017\/05\/Scholbach-01.06.2006-mit-Podium.jpg 2048w, https:\/\/scholbach.de\/wp-content\/uploads\/2017\/05\/Scholbach-01.06.2006-mit-Podium-300x199.jpg 300w, https:\/\/scholbach.de\/wp-content\/uploads\/2017\/05\/Scholbach-01.06.2006-mit-Podium-768x510.jpg 768w, https:\/\/scholbach.de\/wp-content\/uploads\/2017\/05\/Scholbach-01.06.2006-mit-Podium-1024x680.jpg 1024w\" sizes=\"auto, (max-width: 666px) 100vw, 666px\" \/><p id=\"caption-attachment-1348\" class=\"wp-caption-text\">Vortrag (key note lecture) auf dem Ultraschall-Weltkongress der WFUMB 2006 in S\u00fcd-Korea (Seoul)<\/p><\/div>\n<p>Wyk\u0142ad na \u015awiatowym Kongresie Ultrasonograficznym WFUMB 2006 w Korei Po\u0142udniowej (Seul)<\/p>\n<div id=\"attachment_1350\" style=\"width: 681px\" class=\"wp-caption aligncenter\"><img loading=\"lazy\" decoding=\"async\" aria-describedby=\"caption-attachment-1350\" class=\"wp-image-1350\" src=\"https:\/\/scholbach.de\/wp-content\/uploads\/2017\/05\/DSC5602.jpg\" alt=\"\" width=\"671\" height=\"445\" srcset=\"https:\/\/scholbach.de\/wp-content\/uploads\/2017\/05\/DSC5602.jpg 2600w, https:\/\/scholbach.de\/wp-content\/uploads\/2017\/05\/DSC5602-300x199.jpg 300w, https:\/\/scholbach.de\/wp-content\/uploads\/2017\/05\/DSC5602-768x509.jpg 768w, https:\/\/scholbach.de\/wp-content\/uploads\/2017\/05\/DSC5602-1024x679.jpg 1024w\" sizes=\"auto, (max-width: 671px) 100vw, 671px\" \/><p id=\"caption-attachment-1350\" class=\"wp-caption-text\">Empfang der ausl\u00e4ndischen Referenten durch den Pr\u00e4sidenten der Taiwanesischen Ultraschallgesellschaft 2008<\/p><\/div>\n<p>&nbsp;<\/p>\n<div id=\"attachment_1343\" style=\"width: 667px\" class=\"wp-caption aligncenter\"><img loading=\"lazy\" decoding=\"async\" aria-describedby=\"caption-attachment-1343\" class=\"wp-image-1343 \" src=\"https:\/\/scholbach.de\/wp-content\/uploads\/2017\/05\/DSC03358.jpg\" alt=\"\" width=\"657\" height=\"493\" srcset=\"https:\/\/scholbach.de\/wp-content\/uploads\/2017\/05\/DSC03358.jpg 3072w, https:\/\/scholbach.de\/wp-content\/uploads\/2017\/05\/DSC03358-300x225.jpg 300w, https:\/\/scholbach.de\/wp-content\/uploads\/2017\/05\/DSC03358-768x576.jpg 768w, https:\/\/scholbach.de\/wp-content\/uploads\/2017\/05\/DSC03358-1024x768.jpg 1024w\" sizes=\"auto, (max-width: 657px) 100vw, 657px\" \/><p id=\"caption-attachment-1343\" class=\"wp-caption-text\">Unsere Gastgeber in Taiwan zum Taiwanesischen Ultraschallkongress 2008 &#8211; in der Mitte Daniel Lichtenstein aus dem Krankenhaus Ambroise Par\u00e9, Paris, der Erfinder der modernen Lungensonografie<\/p><\/div>\n<div id=\"attachment_1346\" style=\"width: 672px\" class=\"wp-caption aligncenter\"><img loading=\"lazy\" decoding=\"async\" aria-describedby=\"caption-attachment-1346\" class=\"wp-image-1346 \" src=\"https:\/\/scholbach.de\/wp-content\/uploads\/2017\/05\/IMG_2968.jpg\" alt=\"\" width=\"662\" height=\"441\" srcset=\"https:\/\/scholbach.de\/wp-content\/uploads\/2017\/05\/IMG_2968.jpg 4752w, https:\/\/scholbach.de\/wp-content\/uploads\/2017\/05\/IMG_2968-300x200.jpg 300w, https:\/\/scholbach.de\/wp-content\/uploads\/2017\/05\/IMG_2968-768x512.jpg 768w, https:\/\/scholbach.de\/wp-content\/uploads\/2017\/05\/IMG_2968-1024x683.jpg 1024w\" sizes=\"auto, (max-width: 662px) 100vw, 662px\" \/><p id=\"caption-attachment-1346\" class=\"wp-caption-text\">Einladungsvortrag 2012 im People&#8217;s Hospital Dongguan<\/p><\/div>\n<div id=\"attachment_1345\" style=\"width: 669px\" class=\"wp-caption aligncenter\"><img loading=\"lazy\" decoding=\"async\" aria-describedby=\"caption-attachment-1345\" class=\"wp-image-1345 \" src=\"https:\/\/scholbach.de\/wp-content\/uploads\/2017\/05\/IMG_2951.jpg\" alt=\"\" width=\"659\" height=\"439\" srcset=\"https:\/\/scholbach.de\/wp-content\/uploads\/2017\/05\/IMG_2951.jpg 4752w, https:\/\/scholbach.de\/wp-content\/uploads\/2017\/05\/IMG_2951-300x200.jpg 300w, https:\/\/scholbach.de\/wp-content\/uploads\/2017\/05\/IMG_2951-768x512.jpg 768w, https:\/\/scholbach.de\/wp-content\/uploads\/2017\/05\/IMG_2951-1024x683.jpg 1024w\" sizes=\"auto, (max-width: 659px) 100vw, 659px\" \/><p id=\"caption-attachment-1345\" class=\"wp-caption-text\">Ehrung im People&#8217;s Hospital Dongguan &#8222;Der Freund in der Fremde bringt uns die Fremde nah&#8221;<\/p><\/div>\n<div id=\"attachment_1344\" style=\"width: 666px\" class=\"wp-caption aligncenter\"><img loading=\"lazy\" decoding=\"async\" aria-describedby=\"caption-attachment-1344\" class=\"wp-image-1344 \" src=\"https:\/\/scholbach.de\/wp-content\/uploads\/2017\/05\/IMG_2915.jpg\" alt=\"\" width=\"656\" height=\"437\" srcset=\"https:\/\/scholbach.de\/wp-content\/uploads\/2017\/05\/IMG_2915.jpg 4752w, https:\/\/scholbach.de\/wp-content\/uploads\/2017\/05\/IMG_2915-300x200.jpg 300w, https:\/\/scholbach.de\/wp-content\/uploads\/2017\/05\/IMG_2915-768x512.jpg 768w, https:\/\/scholbach.de\/wp-content\/uploads\/2017\/05\/IMG_2915-1024x683.jpg 1024w\" sizes=\"auto, (max-width: 656px) 100vw, 656px\" \/><p id=\"caption-attachment-1344\" class=\"wp-caption-text\">Im Auditorium des People&#8217;s Hospital Dongguan<\/p><\/div>\n<div id=\"attachment_1347\" style=\"width: 667px\" class=\"wp-caption aligncenter\"><img loading=\"lazy\" decoding=\"async\" aria-describedby=\"caption-attachment-1347\" class=\"wp-image-1347 \" src=\"https:\/\/scholbach.de\/wp-content\/uploads\/2017\/05\/IMG_3075.jpg\" alt=\"\" width=\"657\" height=\"438\" srcset=\"https:\/\/scholbach.de\/wp-content\/uploads\/2017\/05\/IMG_3075.jpg 4752w, https:\/\/scholbach.de\/wp-content\/uploads\/2017\/05\/IMG_3075-300x200.jpg 300w, https:\/\/scholbach.de\/wp-content\/uploads\/2017\/05\/IMG_3075-768x512.jpg 768w, https:\/\/scholbach.de\/wp-content\/uploads\/2017\/05\/IMG_3075-1024x683.jpg 1024w\" sizes=\"auto, (max-width: 657px) 100vw, 657px\" \/><p id=\"caption-attachment-1347\" class=\"wp-caption-text\">Ultraschallausbildung am People&#8217;s Hospital in Dongguan, China, 2012<\/p><\/div>\n<p>&nbsp;<\/p>\n<div id=\"attachment_1355\" style=\"width: 668px\" class=\"wp-caption aligncenter\"><img loading=\"lazy\" decoding=\"async\" aria-describedby=\"caption-attachment-1355\" class=\"wp-image-1355 \" src=\"https:\/\/scholbach.de\/wp-content\/uploads\/2017\/05\/Ultrascahllausbildung.jpg\" alt=\"\" width=\"658\" height=\"575\" srcset=\"https:\/\/scholbach.de\/wp-content\/uploads\/2017\/05\/Ultrascahllausbildung.jpg 1029w, https:\/\/scholbach.de\/wp-content\/uploads\/2017\/05\/Ultrascahllausbildung-300x262.jpg 300w, https:\/\/scholbach.de\/wp-content\/uploads\/2017\/05\/Ultrascahllausbildung-768x671.jpg 768w, https:\/\/scholbach.de\/wp-content\/uploads\/2017\/05\/Ultrascahllausbildung-1024x895.jpg 1024w\" sizes=\"auto, (max-width: 658px) 100vw, 658px\" \/><p id=\"caption-attachment-1355\" class=\"wp-caption-text\">Studentenausbildung im Ultraschall in Deutschland<\/p><\/div>\n<p>Kszta\u0142cenie student\u00f3w w zakresie ultrasonografii w Niemczech<\/p>\n<div id=\"attachment_1351\" style=\"width: 663px\" class=\"wp-caption aligncenter\"><img loading=\"lazy\" decoding=\"async\" aria-describedby=\"caption-attachment-1351\" class=\"wp-image-1351 \" src=\"https:\/\/scholbach.de\/wp-content\/uploads\/2017\/05\/Sono-Seminar-16.10.2013-002.jpg\" alt=\"\" width=\"653\" height=\"490\" srcset=\"https:\/\/scholbach.de\/wp-content\/uploads\/2017\/05\/Sono-Seminar-16.10.2013-002.jpg 4000w, https:\/\/scholbach.de\/wp-content\/uploads\/2017\/05\/Sono-Seminar-16.10.2013-002-300x225.jpg 300w, https:\/\/scholbach.de\/wp-content\/uploads\/2017\/05\/Sono-Seminar-16.10.2013-002-768x576.jpg 768w, https:\/\/scholbach.de\/wp-content\/uploads\/2017\/05\/Sono-Seminar-16.10.2013-002-1024x768.jpg 1024w\" sizes=\"auto, (max-width: 653px) 100vw, 653px\" \/><p id=\"caption-attachment-1351\" class=\"wp-caption-text\">Szkolenie student\u00f3w w zakresie ultrasonografii<\/p><\/div>\n<div id=\"attachment_1704\" style=\"width: 655px\" class=\"wp-caption aligncenter\"><img loading=\"lazy\" decoding=\"async\" aria-describedby=\"caption-attachment-1704\" class=\"wp-image-1704\" src=\"https:\/\/scholbach.de\/wp-content\/uploads\/2017\/05\/IMG_20171009_125328.jpg\" alt=\"\" width=\"645\" height=\"484\" srcset=\"https:\/\/scholbach.de\/wp-content\/uploads\/2017\/05\/IMG_20171009_125328.jpg 4160w, https:\/\/scholbach.de\/wp-content\/uploads\/2017\/05\/IMG_20171009_125328-300x225.jpg 300w, https:\/\/scholbach.de\/wp-content\/uploads\/2017\/05\/IMG_20171009_125328-768x576.jpg 768w, https:\/\/scholbach.de\/wp-content\/uploads\/2017\/05\/IMG_20171009_125328-1024x768.jpg 1024w\" sizes=\"auto, (max-width: 645px) 100vw, 645px\" \/><p id=\"caption-attachment-1704\" class=\"wp-caption-text\">Nach meinen Vortr\u00e4gen an der Brookes University Oxford (2017) gemeinsam mit Prof. Wolfram M\u00fcller von der Uni Graz<\/p><\/div>\n<p>Po moich wyk\u0142adach na Brookes University Oxford (2017) wraz z prof. Wolframem M\u00fcllerem z Uniwersytetu w Grazu<\/p>\n<p>&nbsp;<\/p>\n<p>&nbsp;<\/p>","protected":false},"excerpt":{"rendered":"<p>Prowadzi\u0142em wyk\u0142ady, prezentacje i seminaria ultrad\u017awi\u0119kowe w wielu krajach, np. w Brazylii, USA, Kanadzie, Korei Po\u0142udniowej, Chinach, Tajwanie, W\u0142oszech, Grecji, Belgii, Szwajcarii, Norwegii, Danii, Hiszpanii, Austrii, Czechach, Francji, S\u0142owenii, Wielkiej Brytanii i Holandii. Niekt\u00f3re wra\u017cenia zosta\u0142y przedstawione na poni\u017cszych zdj\u0119ciach. Wyk\u0142ad na \u015awiatowym Kongresie Ultrasonograficznym WFUMB 2006 w Korei Po\u0142udniowej (Seul) &nbsp; &nbsp; Kszta\u0142cenie student\u00f3w [&hellip;]<\/p>\n","protected":false},"author":5,"featured_media":0,"parent":24,"menu_order":30,"comment_status":"closed","ping_status":"closed","template":"","meta":{"om_disable_all_campaigns":false,"footnotes":""},"class_list":["post-1341","page","type-page","status-publish","hentry"],"_links":{"self":[{"href":"https:\/\/scholbach.de\/pl\/wp-json\/wp\/v2\/pages\/1341","targetHints":{"allow":["GET"]}}],"collection":[{"href":"https:\/\/scholbach.de\/pl\/wp-json\/wp\/v2\/pages"}],"about":[{"href":"https:\/\/scholbach.de\/pl\/wp-json\/wp\/v2\/types\/page"}],"author":[{"embeddable":true,"href":"https:\/\/scholbach.de\/pl\/wp-json\/wp\/v2\/users\/5"}],"replies":[{"embeddable":true,"href":"https:\/\/scholbach.de\/pl\/wp-json\/wp\/v2\/comments?post=1341"}],"version-history":[{"count":34,"href":"https:\/\/scholbach.de\/pl\/wp-json\/wp\/v2\/pages\/1341\/revisions"}],"predecessor-version":[{"id":4372,"href":"https:\/\/scholbach.de\/pl\/wp-json\/wp\/v2\/pages\/1341\/revisions\/4372"}],"up":[{"embeddable":true,"href":"https:\/\/scholbach.de\/pl\/wp-json\/wp\/v2\/pages\/24"}],"wp:attachment":[{"href":"https:\/\/scholbach.de\/pl\/wp-json\/wp\/v2\/media?parent=1341"}],"curies":[{"name":"wp","href":"https:\/\/api.w.org\/{rel}","templated":true}]}}