{"id":62,"date":"2015-12-26T18:30:34","date_gmt":"2015-12-26T18:30:34","guid":{"rendered":"http:\/\/wp12612379.server-he.de\/?page_id=62"},"modified":"2020-04-05T14:15:44","modified_gmt":"2020-04-05T14:15:44","slug":"deutsch-chronische-krankheiten-diabetes-rheuma-malignome","status":"publish","type":"page","link":"https:\/\/scholbach.de\/nl\/wissenschaft\/deutsch-ultraschalldiagnostik\/deutsch-durchblutungsmessung\/deutsch-chronische-krankheiten-diabetes-rheuma-malignome","title":{"rendered":"Chronic diseases"},"content":{"rendered":"<p class=\"qtranxs-available-languages-message qtranxs-available-languages-message-nl\">Onze verontschuldigingen, dit bericht is alleen beschikbaar in het <a href=\"https:\/\/scholbach.de\/de\/wp-json\/wp\/v2\/pages\/62\" class=\"qtranxs-available-language-link qtranxs-available-language-link-de\" title=\"Deutsch\">Deutsch<\/a>, <a href=\"https:\/\/scholbach.de\/es\/wp-json\/wp\/v2\/pages\/62\" class=\"qtranxs-available-language-link qtranxs-available-language-link-es\" title=\"Espa\u00f1ol\">Espa\u00f1ol<\/a>, <a href=\"https:\/\/scholbach.de\/pl\/wp-json\/wp\/v2\/pages\/62\" class=\"qtranxs-available-language-link qtranxs-available-language-link-pl\" title=\"Polski\">Polski<\/a>, <a href=\"https:\/\/scholbach.de\/el\/wp-json\/wp\/v2\/pages\/62\" class=\"qtranxs-available-language-link qtranxs-available-language-link-el\" title=\"\u0395\u03bb\u03bb\u03b7\u03bd\u03b9\u03ba\u03ac\">\u0395\u03bb\u03bb\u03b7\u03bd\u03b9\u03ba\u03ac<\/a>, <a href=\"https:\/\/scholbach.de\/pt\/wp-json\/wp\/v2\/pages\/62\" class=\"qtranxs-available-language-link qtranxs-available-language-link-pt\" title=\"Portugu\u00eas\">Portugu\u00eas<\/a> en <a href=\"https:\/\/scholbach.de\/ja\/wp-json\/wp\/v2\/pages\/62\" class=\"qtranxs-available-language-link qtranxs-available-language-link-ja\" title=\"\u65e5\u672c\u8a9e\">\u65e5\u672c\u8a9e<\/a>.<\/p><p>Einige chronische Krankheiten rufen auf Dauer Organsch\u00e4digungen hervor. Dabei kommt es regelm\u00e4\u00dfig zu einer Einschr\u00e4nkung der Durchblutung. Mit der Durchblutungsmessung kann daher eine sehr genaue Aussage zum aktuellen Stand der Erkrankung gemacht werden. Die folgenden Beispiele zeigen die M\u00f6glichkeiten der Durchblutungsmessung in diesem Feld auf.<\/p>\n<h1>Chronische Nierenerkrankungen<\/h1>\n<p>Die folgende Abbildung zeigt links eine Niere mit chronischer Funktionseinschr\u00e4nkung. Diese schl\u00e4gt sich in einer geringeren Durchblutung nieder, die wiederum mittels der deutlich geringeren Kolorierung im Farbdopplerultrschallbild zu erkennen ist. Zum Vergleich ist rechts eine Niere mit guter Funktion und entsprechend starker Kolorierung zu sehen. Anhand von Vergleichswerten mit Gesunden kann das Ausma\u00df der Nierensch\u00e4digung mit der Durchblutungsmessung eingesch\u00e4tzt werden &#8211; ein wichtiger Baustein f\u00fcr die Behandlung.<\/p>\n<p><img decoding=\"async\" class=\"alignnone size-large wp-image-335\" src=\"http:\/\/wp12612379.server-he.de\/wp-content\/uploads\/2015\/12\/Nierenentzuendung-1024x383.jpg\" alt=\"\" width=\"100%\" height=\"auto\" srcset=\"https:\/\/scholbach.de\/wp-content\/uploads\/2015\/12\/Nierenentzuendung-1024x383.jpg 1024w, https:\/\/scholbach.de\/wp-content\/uploads\/2015\/12\/Nierenentzuendung-300x112.jpg 300w, https:\/\/scholbach.de\/wp-content\/uploads\/2015\/12\/Nierenentzuendung.jpg 1075w\" sizes=\"(max-width: 1024px) 100vw, 1024px\" \/><\/p>\n<p>Die Durchblutungsmessung verdeutlicht das Ausma\u00df der Funktionseinschr\u00e4nkung der Niere im linken Bild oben:<\/p>\n<p><img decoding=\"async\" class=\"alignnone size-large wp-image-433\" src=\"http:\/\/wp12612379.server-he.de\/wp-content\/uploads\/2015\/12\/NI-Diagramm-1024x576.jpg\" alt=\"NI Diagramm\" width=\"100%\" height=\"auto\" srcset=\"https:\/\/scholbach.de\/wp-content\/uploads\/2015\/12\/NI-Diagramm-1024x576.jpg 1024w, https:\/\/scholbach.de\/wp-content\/uploads\/2015\/12\/NI-Diagramm-300x169.jpg 300w, https:\/\/scholbach.de\/wp-content\/uploads\/2015\/12\/NI-Diagramm.jpg 1280w\" sizes=\"(max-width: 1024px) 100vw, 1024px\" \/><\/p>\n<h1>Schilddr\u00fcsendiagnostik<\/h1>\n<p>Links im Bild ist ein Schilddr\u00fcsenknoten im \u201eeinfachen\u201c Ultraschallbild abgebildet, rechts ist gesundes Schilddr\u00fcsengewebe dargestellt. Unten ist das dazugeh\u00f6rige farbduplexsonografische Bild zu sehen: Der Knoten zeigt eine gest\u00f6rte Gef\u00e4\u00dfarchitektur und eine extreme Durchblutung. Rechts ist eine normale Durchblutung zu beobachten:<\/p>\n<p><img decoding=\"async\" class=\"alignnone size-full wp-image-306\" src=\"http:\/\/wp12612379.server-he.de\/wp-content\/uploads\/2016\/06\/thyr-diagn.jpg\" alt=\"Schilddr\u00fcsendiagnostik\" width=\"100%\" height=\"auto\" srcset=\"https:\/\/scholbach.de\/wp-content\/uploads\/2016\/06\/thyr-diagn.jpg 882w, https:\/\/scholbach.de\/wp-content\/uploads\/2016\/06\/thyr-diagn-300x188.jpg 300w\" sizes=\"(max-width: 882px) 100vw, 882px\" \/><\/p>\n<h1>Schilddr\u00fcsenkrebs<\/h1>\n<p>Das Schilddr\u00fcsencarcinom zeigt die 20-fache Perfusionsintensit\u00e4t im Vergleich zu normalem Schilddr\u00fcsengewebe.<\/p>\n<h1>Tumordurchblutung<\/h1>\n<p>Mithilfe der Perfusionsmessung von Organen kann auch die Wirkung einer Chemotherapie auf den Tumor und das umgebende gesunde Gewebe eingesch\u00e4tzt werden. Die folgende Grafik stellt dar, wie sich eine Chemotherapie auf die Durchblutung eines Lebertumors auswirkt: Die Durchblutung des Tumorgewebes geht vollst\u00e4ndig zur\u00fcck, die Durchblutung des gesunden Lebergewebes wird nur gering beeintr\u00e4chtigt:<\/p>\n<p><img decoding=\"async\" class=\"alignnone size-large wp-image-437\" src=\"http:\/\/wp12612379.server-he.de\/wp-content\/uploads\/2015\/12\/Folie23-1024x576.jpg\" alt=\"Durchblutungsmessung eines Lebertumors unter Chemotherapie\" width=\"100%\" height=\"auto\" srcset=\"https:\/\/scholbach.de\/wp-content\/uploads\/2015\/12\/Folie23-1024x576.jpg 1024w, https:\/\/scholbach.de\/wp-content\/uploads\/2015\/12\/Folie23-300x169.jpg 300w, https:\/\/scholbach.de\/wp-content\/uploads\/2015\/12\/Folie23.jpg 1280w\" sizes=\"(max-width: 1024px) 100vw, 1024px\" \/><\/p>\n<h1>Diabetes mellitus<\/h1>\n<p>Diabetikerinnen und Diabetiker sind durch eine fortschreitende schleichende Nierensch\u00e4digung gef\u00e4hrdet. Daher sind Verlaufsuntersuchungen der Nierengef\u00e4\u00dfe wichtig, um sich Sch\u00e4digungen fr\u00fchzeitig zu erkennen. Mit der Durchblutungsmessung wird dies im Rahmen einer Ultraschalluntersuchung der Nieren sicht- und messbar. Ohne Durchblutungsmessung der Niere kann der Zustand der Niere vor Allem am Filtrationsverhalten der Niere abgelesen werden. Ein Indiz ist die Ausscheidung des Protein Albumin, das sich im Urin nachweisen l\u00e4sst &#8211; scheidet der K\u00f6rper erh\u00f6hte Mengen Albumin aus, spricht man von Microalbuminurie. Mit der Durchblutungsmessung der Nieren kann die Therapie optimiert werden, bevor sich die Sch\u00e4digung der Niere in einer Microalbuminurie zeigt.<br \/>\n<img decoding=\"async\" class=\"alignnone size-large wp-image-439\" src=\"http:\/\/wp12612379.server-he.de\/wp-content\/uploads\/2015\/12\/Diabetes-mellitus-Gef\u00e4\u00dfsch\u00e4digung-der-Niere-1024x576.jpg\" alt=\"Diabetes mellitus Gef\u00e4\u00dfsch\u00e4digung der Niere\" width=\"100%\" height=\"auto\" srcset=\"https:\/\/scholbach.de\/wp-content\/uploads\/2015\/12\/Diabetes-mellitus-Gef\u00e4\u00dfsch\u00e4digung-der-Niere-1024x576.jpg 1024w, https:\/\/scholbach.de\/wp-content\/uploads\/2015\/12\/Diabetes-mellitus-Gef\u00e4\u00dfsch\u00e4digung-der-Niere-300x169.jpg 300w, https:\/\/scholbach.de\/wp-content\/uploads\/2015\/12\/Diabetes-mellitus-Gef\u00e4\u00dfsch\u00e4digung-der-Niere.jpg 1280w\" sizes=\"(max-width: 1024px) 100vw, 1024px\" \/><\/p>\n<h1>Rheuma<\/h1>\n<p>Rheumatikerinnen und Rheumatiker leiden an immer wiederkehrenden Schmerzen in den Gelenken. Um einzusch\u00e4tzen, wie stark die momentane Entz\u00fcndung ist, und wie gut sie sie auf die Behandlung anspricht, ist die Entz\u00fcndungsmessung mittels Ultraschall hilfreich. So kann die Therapie besser gesteuert werden.<\/p>\n<p>&nbsp;<\/p>\n<p>Bitte beachten Sie unsere <a href=\"https:\/\/scholbach.de\/hinweise-zu-medizinischen-erlaeuterungen\">Hinweise zu den medizinischen Erl\u00e4uterungen<\/a> auf dieser Website.<\/p>","protected":false},"excerpt":{"rendered":"<p>Onze verontschuldigingen, dit bericht is alleen beschikbaar in het Deutsch, Espa\u00f1ol, Polski, \u0395\u03bb\u03bb\u03b7\u03bd\u03b9\u03ba\u03ac, Portugu\u00eas en \u65e5\u672c\u8a9e.Einige chronische Krankheiten rufen auf Dauer Organsch\u00e4digungen hervor. Dabei kommt es regelm\u00e4\u00dfig zu einer Einschr\u00e4nkung der Durchblutung. Mit der Durchblutungsmessung kann daher eine sehr genaue Aussage zum aktuellen Stand der Erkrankung gemacht werden. Die folgenden Beispiele zeigen die M\u00f6glichkeiten der [&hellip;]<\/p>\n","protected":false},"author":4,"featured_media":0,"parent":74,"menu_order":1,"comment_status":"closed","ping_status":"closed","template":"","meta":{"om_disable_all_campaigns":false,"footnotes":""},"class_list":["post-62","page","type-page","status-publish","hentry"],"_links":{"self":[{"href":"https:\/\/scholbach.de\/nl\/wp-json\/wp\/v2\/pages\/62","targetHints":{"allow":["GET"]}}],"collection":[{"href":"https:\/\/scholbach.de\/nl\/wp-json\/wp\/v2\/pages"}],"about":[{"href":"https:\/\/scholbach.de\/nl\/wp-json\/wp\/v2\/types\/page"}],"author":[{"embeddable":true,"href":"https:\/\/scholbach.de\/nl\/wp-json\/wp\/v2\/users\/4"}],"replies":[{"embeddable":true,"href":"https:\/\/scholbach.de\/nl\/wp-json\/wp\/v2\/comments?post=62"}],"version-history":[{"count":25,"href":"https:\/\/scholbach.de\/nl\/wp-json\/wp\/v2\/pages\/62\/revisions"}],"predecessor-version":[{"id":4431,"href":"https:\/\/scholbach.de\/nl\/wp-json\/wp\/v2\/pages\/62\/revisions\/4431"}],"up":[{"embeddable":true,"href":"https:\/\/scholbach.de\/nl\/wp-json\/wp\/v2\/pages\/74"}],"wp:attachment":[{"href":"https:\/\/scholbach.de\/nl\/wp-json\/wp\/v2\/media?parent=62"}],"curies":[{"name":"wp","href":"https:\/\/api.w.org\/{rel}","templated":true}]}}