{"id":1439,"date":"2017-06-08T19:15:22","date_gmt":"2017-06-08T19:15:22","guid":{"rendered":"http:\/\/scholbach.de\/?page_id=1439"},"modified":"2020-03-30T07:39:49","modified_gmt":"2020-03-30T07:39:49","slug":"hinweise-zu-medizinischen-erlaeuterungen","status":"publish","type":"page","link":"https:\/\/scholbach.de\/nl\/hinweise-zu-medizinischen-erlaeuterungen","title":{"rendered":"Hinweise zu medizinischen Erl\u00e4uterungen"},"content":{"rendered":"<p class=\"qtranxs-available-languages-message qtranxs-available-languages-message-nl\">Onze verontschuldigingen, dit bericht is alleen beschikbaar in het <a href=\"https:\/\/scholbach.de\/de\/wp-json\/wp\/v2\/pages\/1439\" class=\"qtranxs-available-language-link qtranxs-available-language-link-de\" title=\"Deutsch\">Deutsch<\/a> en <a href=\"https:\/\/scholbach.de\/ja\/wp-json\/wp\/v2\/pages\/1439\" class=\"qtranxs-available-language-link qtranxs-available-language-link-ja\" title=\"\u65e5\u672c\u8a9e\">\u65e5\u672c\u8a9e<\/a>.<\/p><p>Meiner Auffassung nach ist die bestm\u00f6gliche Aufkl\u00e4rung der Patientin bzw. des Patienten Grundlage f\u00fcr ein gutes Patienten-Arzt-Verh\u00e4ltnis. Deswegen versuche ich in der Praxis, Sie in die diagnostischen und therapeutischen Ma\u00dfnahmen einzubeziehen, indem ich Ihnen erkl\u00e4re, welches Bild ich mir von Ihren Beschwerden bzw. den Beschwerden Ihres Kindes mache. Denn meiner Erfahrung nach ist es f\u00fcr die Patientinnen und Patienten und auch f\u00fcr ihr Umfeld enorm entlastend, wenn sie die Ursachen ihrer Beschwerden verstehen.<\/p>\n<p>In diesem Dienst stehen auch die Erl\u00e4uterungen zu einigen Krankheitsbildern, die ich hier auf meiner Website gebe. Dabei beschr\u00e4nke ich mich auf medizinische Ph\u00e4nomene und Krankheitsbilder, zu denen ich selbst geforscht und publiziert habe.<\/p>\n<p>Bedenken Sie beim Lesen dieser popul\u00e4rwissenschaftlichen Informationen bitte stets, dass diese zum Teil vereinfacht dargestellt sind, und die medizinische Wirklichkeit in der Regel viel komplexer ist, als hier dargestellt werden k\u00f6nnte. Insbesondere k\u00f6nnen diese Texte im Zweifelsfall das Arztgespr\u00e4ch nicht ersetzen. Wenn Sie oder Ihr Kind Beschwerden haben, kann nur eine \u00c4rztin oder ein Arzt im direkten Gespr\u00e4ch einsch\u00e4tzen, welche diagnostischen und therapeutischen Schritte angeraten sind.<\/p>","protected":false},"excerpt":{"rendered":"<p>Onze verontschuldigingen, dit bericht is alleen beschikbaar in het Deutsch en \u65e5\u672c\u8a9e.Meiner Auffassung nach ist die bestm\u00f6gliche Aufkl\u00e4rung der Patientin bzw. des Patienten Grundlage f\u00fcr ein gutes Patienten-Arzt-Verh\u00e4ltnis. Deswegen versuche ich in der Praxis, Sie in die diagnostischen und therapeutischen Ma\u00dfnahmen einzubeziehen, indem ich Ihnen erkl\u00e4re, welches Bild ich mir von Ihren Beschwerden bzw. den [&hellip;]<\/p>\n","protected":false},"author":5,"featured_media":0,"parent":0,"menu_order":0,"comment_status":"closed","ping_status":"closed","template":"","meta":{"om_disable_all_campaigns":false,"footnotes":""},"class_list":["post-1439","page","type-page","status-publish","hentry"],"_links":{"self":[{"href":"https:\/\/scholbach.de\/nl\/wp-json\/wp\/v2\/pages\/1439","targetHints":{"allow":["GET"]}}],"collection":[{"href":"https:\/\/scholbach.de\/nl\/wp-json\/wp\/v2\/pages"}],"about":[{"href":"https:\/\/scholbach.de\/nl\/wp-json\/wp\/v2\/types\/page"}],"author":[{"embeddable":true,"href":"https:\/\/scholbach.de\/nl\/wp-json\/wp\/v2\/users\/5"}],"replies":[{"embeddable":true,"href":"https:\/\/scholbach.de\/nl\/wp-json\/wp\/v2\/comments?post=1439"}],"version-history":[{"count":2,"href":"https:\/\/scholbach.de\/nl\/wp-json\/wp\/v2\/pages\/1439\/revisions"}],"predecessor-version":[{"id":4337,"href":"https:\/\/scholbach.de\/nl\/wp-json\/wp\/v2\/pages\/1439\/revisions\/4337"}],"wp:attachment":[{"href":"https:\/\/scholbach.de\/nl\/wp-json\/wp\/v2\/media?parent=1439"}],"curies":[{"name":"wp","href":"https:\/\/api.w.org\/{rel}","templated":true}]}}