{"id":8294,"date":"2023-10-26T19:04:29","date_gmt":"2023-10-26T17:04:29","guid":{"rendered":"https:\/\/scholbach.de\/?page_id=8294"},"modified":"2023-10-27T08:33:10","modified_gmt":"2023-10-27T06:33:10","slug":"migraines-may-develop-in-the-wake-of-vascular-compression-syndromes","status":"publish","type":"page","link":"https:\/\/scholbach.de\/ja\/migraines-may-develop-in-the-wake-of-vascular-compression-syndromes","title":{"rendered":"Migraines may develop in the wake of vascular compression syndromes"},"content":{"rendered":"<p class=\"qtranxs-available-languages-message qtranxs-available-languages-message-ja\">\u7533\u3057\u8a33\u3042\u308a\u307e\u305b\u3093\u3001\u3053\u306e\u30b3\u30f3\u30c6\u30f3\u30c4\u306f\u305f\u3060\u4eca\u3000<a href=\"https:\/\/scholbach.de\/en\/wp-json\/wp\/v2\/pages\/8294\" class=\"qtranxs-available-language-link qtranxs-available-language-link-en\" title=\"English\">English<\/a>\u3000\u306e\u307f\u3067\u3059\u3002<\/p><p>Migraines, throbbing, sometimes one-sided severe headaches which are not infrequently accompanied by nausea, vomiting and hyper-sensitivity to light and sound <a href=\"https:\/\/www.ncbi.nlm.nih.gov\/pmc\/articles\/PMC8904749\/\">is one of the most frequent neurological diseases<\/a> (<a href=\"https:\/\/pubmed.ncbi.nlm.nih.gov\/34001771\/\">14% of the population<\/a> are affected annually) and affect <a href=\"https:\/\/pubmed.ncbi.nlm.nih.gov\/34001771\/\">female significantly more frequent<\/a> than male patients.<\/p>\n<p>In general, the mechanism causing migraines is not well understood.<\/p>\n<p>Vascular compression syndromes however give us a clue for the development of migraine, especially the left-sided one.<\/p>\n<p>Functional colour Doppler ultrasound with the PixelFlux technique is able to precisely describe the anatomical structures and the functional impact of increased intraspinal and intracranial pressure as a consequence of the collateralization of congested venous blood.<\/p>\n<p>In a group of patients with a severe left renal vein compression (often falsely referred to as <a title=\"Under false flag \u2013 the so-called nutcracker syndrome\" href=\"https:\/\/scholbach.de\/under-false-flag-the-so-called-nutcracker-syndrome-2\">nutcracker syndrome<\/a>) but also in patients with a haemodynamically relevant compression of the left common iliac vein in front of the sacral bone (so-called <a title=\"May-Thurner-constellation (May-Thurner-syndrome, Cockett\u2019s syndrome)\" href=\"https:\/\/scholbach.de\/wissenschaft\/deutsch-ultraschalldiagnostik\/deutsch-gefaskompressionen\/may-thurner-konstellation\">May Thurner syndrome<\/a>) large volumes of blood are trapped on the left side of the spine. The venous blood returning from the left hemisphere must cross the midline, the spine, to enter the vena cava which returns the blood to the heart and closes the circuit of the blood stream.<\/p>\n<p><a title=\"Researchers from the Mayo Clinic confirm my concept of the Midline Congestion Syndrome\" href=\"https:\/\/scholbach.de\/researchers-from-the-mayo-clinic-confirm-concept-of-midline-congestion-syndrome\">In some patients collateral vessels \u00a0connect the congested left renal vein or left common iliac vein with veins at the surface of the spine or within the spinal canal<\/a>. The influx of additional blood volume into the spatially contained space of the spinal canal produces increased pressure of the cerebro-spinal fluid. This increased pressure transgresses via the greater occipital foramen into the skull and is exerted on the brain. The venous influx is not a steady continuous blood stream but a pulsatile one.<\/p>\n<p>Since the left renal vein is compressed by the aorta and sometimes the right renal artery and the superior mesenteric artery their pulse is transferred onto the pressure inside the congested left renal vein. Thus, the rhythmic cardiac pressure waves are superimposed on the blood stream not only of the left renal vein but also of the <a title=\"The tronc r\u00e9no-rachidi\u00e8n\" href=\"https:\/\/scholbach.de\/the-tronc-reno-rachidien\">tronc r\u00e9no-rachidi\u00e8n<\/a> which is the connection of the left renal vein with the spine in a subgroup of the affected patients.<\/p>\n<p>These rhythmic pulsations explain the rhythmic throbbing of the <a title=\"Neurological consequences of the midline congestion syndrome\" href=\"https:\/\/scholbach.de\/neurological-consequences-of-the-midline-congestion-syndrome\">migraine headaches<\/a>.<\/p>\n<p>Since the blood enters the left side of the spine the pressure on the left side of the brain higher than on the right side is midline barriers restrict the pressure exchange between the spinal and cerebral hemispheres.<\/p>\n<p>This way pulsating migraine headaches which sometimes are restricted to the left side of the skull and spine are physically explained.<\/p>\n<p>Since the treatment of migraine is in some cases difficult it might be worthwhile to look for such \u00a0venous compression syndromes since they can be <a title=\"Surgical treatment of abdominal compression syndromes: The significance of hypermobility\u2010related disorders\" href=\"https:\/\/scholbach.de\/surgical-treatment-of-abdominal-compression-syndromes-the-significance-of-hypermobility%e2%80%90related-disorders-in-american-journal-of-medical-genetics\">effectively treated<\/a> by a <a title=\"Treatment of vascular compression syndromes\" href=\"https:\/\/scholbach.de\/behandlung-von-kompressionssyndromen\">surgical<\/a> and nonsurgical means which regularly implies relieve for migraine patients.<\/p>\n<p>&nbsp;<\/p>\n<p>This patient suffered from daily throbbing migraine headaches so extreme that no medication helped. Characeristically, the headaches of this patient are restricted to the left side of the skull accompanied by a hemianopsy (lateral vision loss) and aura. The only little relief for her is to get up and walk around. Lying down makes the headaches worse. The functional color Doppler ultrasound provides a perfect explanation:<\/p>\n<p>&nbsp;<\/p>\n<p><a href=\"https:\/\/scholbach.de\/wp-content\/uploads\/2023\/10\/Folie1-1.jpg\"><img loading=\"lazy\" decoding=\"async\" class=\"aligncenter size-medium wp-image-8307\" src=\"https:\/\/scholbach.de\/wp-content\/uploads\/2023\/10\/Folie1-1-300x169.jpg\" alt=\"\" width=\"300\" height=\"169\" srcset=\"https:\/\/scholbach.de\/wp-content\/uploads\/2023\/10\/Folie1-1-300x169.jpg 300w, https:\/\/scholbach.de\/wp-content\/uploads\/2023\/10\/Folie1-1-1024x576.jpg 1024w, https:\/\/scholbach.de\/wp-content\/uploads\/2023\/10\/Folie1-1-768x432.jpg 768w, https:\/\/scholbach.de\/wp-content\/uploads\/2023\/10\/Folie1-1-640x360.jpg 640w, https:\/\/scholbach.de\/wp-content\/uploads\/2023\/10\/Folie1-1.jpg 1280w\" sizes=\"auto, (max-width: 300px) 100vw, 300px\" \/><\/a><\/p>\n<p>The compression of her left renal vein increases the pressure in her collateral pathway, the tronc r\u00e9no-rachidi\u00e8n. While standing the tronc r\u00e9no-rachidi\u00e8n, connecting the left renal vein with the spinal canal, drains blood away from the spinal canal thus relieving the pressure and subsequently the headaches. The flow signal is <strong>below<\/strong> the zero-line. The collateral flow now runs mainly into the left ovarian vein. Pain in the genitals and deep pelvis increases.<\/p>\n<p>&nbsp;<\/p>\n<p><a href=\"https:\/\/scholbach.de\/wp-content\/uploads\/2023\/10\/Folie2-e1698338757829.jpg\"><img loading=\"lazy\" decoding=\"async\" class=\"aligncenter wp-image-8296 size-medium\" src=\"https:\/\/scholbach.de\/wp-content\/uploads\/2023\/10\/Folie2-e1698338757829-300x179.jpg\" alt=\"\" width=\"300\" height=\"179\" srcset=\"https:\/\/scholbach.de\/wp-content\/uploads\/2023\/10\/Folie2-e1698338757829-300x179.jpg 300w, https:\/\/scholbach.de\/wp-content\/uploads\/2023\/10\/Folie2-e1698338757829-1024x610.jpg 1024w, https:\/\/scholbach.de\/wp-content\/uploads\/2023\/10\/Folie2-e1698338757829-768x457.jpg 768w, https:\/\/scholbach.de\/wp-content\/uploads\/2023\/10\/Folie2-e1698338757829-640x381.jpg 640w, https:\/\/scholbach.de\/wp-content\/uploads\/2023\/10\/Folie2-e1698338757829.jpg 1209w\" sizes=\"auto, (max-width: 300px) 100vw, 300px\" \/><\/a><\/p>\n<p>While lying horizontally the bloodstream is changing its direction now pouring blood into the spinal canal. The flow signal is now <strong>above<\/strong> the zero-line. This pulsatile influx triggers the pulsating headaches and in her also thoracic spinal pain as a consequnece of the additional pressure the additional volume causes.<\/p>","protected":false},"excerpt":{"rendered":"<p>\u7533\u3057\u8a33\u3042\u308a\u307e\u305b\u3093\u3001\u3053\u306e\u30b3\u30f3\u30c6\u30f3\u30c4\u306f\u305f\u3060\u4eca\u3000English\u3000\u306e\u307f\u3067\u3059\u3002Migraines, throbbing, sometimes one-sided severe headaches which are not inf [&hellip;]<\/p>\n","protected":false},"author":5,"featured_media":0,"parent":0,"menu_order":0,"comment_status":"closed","ping_status":"closed","template":"","meta":{"om_disable_all_campaigns":false,"footnotes":""},"class_list":["post-8294","page","type-page","status-publish","hentry"],"_links":{"self":[{"href":"https:\/\/scholbach.de\/ja\/wp-json\/wp\/v2\/pages\/8294","targetHints":{"allow":["GET"]}}],"collection":[{"href":"https:\/\/scholbach.de\/ja\/wp-json\/wp\/v2\/pages"}],"about":[{"href":"https:\/\/scholbach.de\/ja\/wp-json\/wp\/v2\/types\/page"}],"author":[{"embeddable":true,"href":"https:\/\/scholbach.de\/ja\/wp-json\/wp\/v2\/users\/5"}],"replies":[{"embeddable":true,"href":"https:\/\/scholbach.de\/ja\/wp-json\/wp\/v2\/comments?post=8294"}],"version-history":[{"count":6,"href":"https:\/\/scholbach.de\/ja\/wp-json\/wp\/v2\/pages\/8294\/revisions"}],"predecessor-version":[{"id":8308,"href":"https:\/\/scholbach.de\/ja\/wp-json\/wp\/v2\/pages\/8294\/revisions\/8308"}],"wp:attachment":[{"href":"https:\/\/scholbach.de\/ja\/wp-json\/wp\/v2\/media?parent=8294"}],"curies":[{"name":"wp","href":"https:\/\/api.w.org\/{rel}","templated":true}]}}