{"id":66,"date":"2015-12-26T18:31:13","date_gmt":"2015-12-26T18:31:13","guid":{"rendered":"http:\/\/wp12612379.server-he.de\/?page_id=66"},"modified":"2022-01-26T12:29:01","modified_gmt":"2022-01-26T12:29:01","slug":"deutsch-gefaskompressionen","status":"publish","type":"page","link":"https:\/\/scholbach.de\/ja\/wissenschaft\/deutsch-ultraschalldiagnostik\/deutsch-gefaskompressionen","title":{"rendered":"\u8840\u7ba1\u5727\u8feb\u75c7\u5019\u7fa4"},"content":{"rendered":"<p>\u8aad\u8005\u306e\u7686\u3055\u3093\u3001\u65e5\u672c\u8a9e\u3078\u306e\u7ffb\u8a33\u306f\u30bd\u30d5\u30c8\u30a6\u30a7\u30a2\u3067\u884c\u308f\u308c\u307e\u3057\u305f\u3002\u305f\u3060\u3057\u3001\u5185\u5bb9\u3092\u3088\u304f\u3054\u7406\u89e3\u3044\u305f\u3060\u304d\u305f\u3044\u3002\u7ffb\u8a33\u30a8\u30e9\u30fc\u3084\u66d6\u6627\u3055\u306b\u3064\u3044\u3066\u3001\u3067\u304d\u308c\u3070\u65e5\u672c\u8a9e\u304b\u82f1\u8a9e\u3067\u6559\u3048\u3066\u304f\u3060\u3055\u3044\u3002\u8a02\u6b63\u63d0\u6848\u3084\u304a\u554f\u3044\u5408\u308f\u305b\u306f praxis.scholbach@posteo.de \u306b\u9001\u4fe1\u3057\u3066\u304f\u3060\u3055\u3044\u3002<br \/>\n\u3069\u3046\u3082\u3042\u308a\u304c\u3068\u3046\u3054\u3056\u3044\u307e\u3057\u305f\uff01\u30b7\u30e7\u30eb\u30d0\u30c3\u30cf\u6559\u6388<\/p>\n<p>&nbsp;<\/p>\n<p>\u8840\u7ba1\u5727\u8feb\u75c7\u5019\u7fa4\u306f\u3001\u4e00\u65b9\u3067\u306f\u533b\u5e2b\u306b\u3082\u3042\u307e\u308a\u77e5\u3089\u308c\u3066\u3044\u306a\u3044\u3053\u3068\u304c\u591a\u304f\u3001\u4ed6\u65b9\u3067\u306f\u3001\u4f53\u306e\u3055\u307e\u3056\u307e\u306a\u90e8\u5206\u3067\u3001\u660e\u3089\u304b\u306b\u7121\u95a2\u4fc2\u306a\u591a\u6570\u306e\u75c7\u72b6\u3092\u5f15\u304d\u8d77\u3053\u3059\u539f\u56e0\u3068\u306a\u3063\u3066\u3044\u307e\u3059\u3002\u305d\u306e\u305f\u3081\u3001\u6a19\u6e96\u7684\u306a\u8a3a\u65ad\u3067\u306f\u3001\u4f53\u6027\u306e\u4e0d\u5b9a\u6101\u8a34\u306e\u539f\u56e0\u3068\u3057\u3066\u5fc3\u7406\u7684\u306a\u539f\u56e0\u304c\u60f3\u5b9a\u3055\u308c\u305f\u308a\u3001\u7591\u308f\u308c\u305f\u308a\u3059\u308b\u3053\u3068\u304c\u591a\u3044\u3067\u3059\u3002<\/p>\n<p>\u8840\u7ba1\u5727\u8feb\u75c7\u5019\u7fa4\u304c\u307e\u3060\u8003\u616e\u3055\u308c\u3066\u3044\u306a\u3044\u5834\u5408\u3001\u7d76\u671b\u3001\u81ea\u5c0a\u5fc3\u306e\u55aa\u5931\u3001\u5834\u5408\u306b\u3088\u3063\u3066\u306f\u60a3\u8005\u306e\u751f\u547d\u3092\u8105\u304b\u3059\u3088\u3046\u306a\u3084\u305b\u7d30\u308a\u306b\u3064\u306a\u304c\u308b\u3053\u3068\u304c\u3042\u308a\u307e\u3059\u3002<\/p>\n<p><a href=\"https:\/\/scholbach.de\/checkliste-gefaesskompressionssyndrome\">\u8840\u7ba1\u5727\u8feb\u75c7\u5019\u7fa4\u306e\u75c7\u72b6\u306e\u30c1\u30a7\u30c3\u30af\u30ea\u30b9\u30c8\u306f\u3053\u3053\u306b\u3042\u308a\u307e\u3059\u3002<\/a><\/p>\n<p>&nbsp;<\/p>\n<p>\u3082\u3061\u308d\u3093\u3001\u307e\u305a\u306f\u5f93\u6765\u306e\u7169\u60a9\u8a3a\u65ad\u3092\u884c\u3046\u3079\u304d\u3067\u3042\u308b\u3002\u4e0d\u5b9a\u6101\u8a34\u306e\u8aac\u660e\u304c\u306a\u3044\u5834\u5408\u306f\u3001\u30c1\u30a7\u30c3\u30af\u30ea\u30b9\u30c8\u306b\u8a18\u8f09\u3055\u308c\u3066\u3044\u308b\u75c7\u72b6\u304c\u84c4\u7a4d\u3057\u3066\u3044\u308b\u5834\u5408\u306f\u3001\u8840\u7ba1\u5727\u8feb\u75c7\u5019\u7fa4\u3092\u6c42\u3081\u308b\u5fc5\u8981\u304c\u3042\u308a\u307e\u3059\u3002<\/p>\n<p>\u3053\u3053\u3067\u306f\u3001PixelFlux\u6280\u8853\u3092\u7528\u3044\u305f\u6a5f\u80fd\u7684\u306a\u30ab\u30e9\u30fc\u4e8c\u91cd\u30bd\u30ce\u30b0\u30e9\u30d5\u30a3\u30fc\u304c\u4ed6\u306e\u3059\u3079\u3066\u306e\u51e6\u7f6e\u3088\u308a\u3082\u512a\u308c\u3066\u3044\u307e\u3059\u3002<\/p>\n<p>\u305d\u306e\u9577\u6240\u306f<\/p>\n<p>\u60a3\u8005\u3055\u3093\u306e\u7279\u5b9a\u306e\u30cb\u30fc\u30ba\u306b\u5b8c\u5168\u306b\u6ce8\u610f\u3092\u6255\u3046<\/p>\n<p>\u82e6\u60c5\u304c\u767a\u751f\u3057\u305f\u72b6\u6cc1\u3067\u306e\u6b63\u78ba\u306a\u8abf\u67fb<\/p>\n<p>\u614b\u52e2\u3092\u5909\u3048\u3066<\/p>\n<p>\u547c\u5438\u76f8\u306e\u9055\u3044\u3067<\/p>\n<p>\u98df\u524d\u30fb\u98df\u4e2d\u30fb\u98f2\u5f8c<\/p>\n<p>\u8ca0\u8377\u3092\u8a98\u767a\u3057\u305f\u5f8c: \u9577\u6642\u9593\u306e\u7acb\u4f4d\u3001\u6b69\u884c\u3001\u5ea7\u4f4d<\/p>\n<p>\u3059\u3079\u3066\u306e\u753b\u50cf\u6280\u8853\u306e\u4e2d\u3067\u6700\u9ad8\u306e\u7a7a\u9593\u5206\u89e3\u80fd<\/p>\n<p>\u3053\u306e\u3088\u3046\u306b\u3057\u3066\u6700\u3082\u5206\u5316\u3057\u305f\u8a73\u7d30\u8868\u73fe<\/p>\n<p>\u3059\u3079\u3066\u306e\u30a4\u30e1\u30fc\u30b8\u30f3\u30b0\u624b\u6cd5\u306e\u4e2d\u3067\u6700\u9ad8\u306e\u6642\u9593\u5206\u89e3\u80fd<\/p>\n<p>\u3053\u306e\u3088\u3046\u306b\u3001\u8840\u6d41\u3001\u8178\u306e\u52d5\u304d\u3001\u5fc3\u81d3\u306e\u52d5\u304d\u3001\u98df\u7269\u306e\u8f38\u9001\u306a\u3069\u306e\u4f53\u306e\u6a5f\u80fd\u3092\u6700\u3082\u533a\u5225\u3057\u3066\u8868\u73fe\u3057\u3066\u3044\u307e\u3059\u3002<\/p>\n<p>\u8840\u6d41\u91cf\u306e\u6e2c\u5b9a<\/p>\n<p>\u30cf\u30a4\u30a8\u30f3\u30c9\u6a5f\u5668\u306b\u3088\u308b\u8840\u884c\u7570\u5e38\u306e\u5373\u6642\u8868\u793a<\/p>\n<p>\u89b3\u5bdf\u3055\u308c\u305f\u7570\u5e38\u306b\u3064\u3044\u3066\u691c\u67fb\u4e2d\u306b\u60a3\u8005\u306b\u8cea\u554f\u3059\u308b\u3053\u3068\u3067\u3001\u6240\u898b\u3092\u82e6\u60c5\u306b\u660e\u78ba\u306b\u5272\u308a\u632f\u308b\u3053\u3068\u304c\u3067\u304d\u308b\u3002<\/p>\n<p>\u60a3\u8005\u3055\u3093\u306e\u8eab\u4f53\u691c\u67fb\u3092\u540c\u6642\u306b\u884c\u3046<\/p>\n<p>\u7279\u5b9a\u306e\u8a66\u9a13\u9805\u76ee\u306e\u7e70\u308a\u8fd4\u3057\u306b\u3088\u308b\u73fe\u72b6\u3078\u306e\u9069\u5fdc<\/p>\n<p>1\u56de\u306e\u691c\u67fb\u3067\u5168\u3066\u306e\u75c7\u72b6\u3092\u660e\u78ba\u306b\u3059\u308b<\/p>\n<p>\u7570\u306a\u308b\u5727\u8feb\u75c7\u5019\u7fa4\u306e\u76f8\u4e92\u4f5c\u7528\u306e\u6e2c\u5b9a<\/p>\n<p>\u6a19\u6e96\u5316\u3055\u308c\u305fPixelFlux\u6280\u8853\u306b\u3088\u308b\u518d\u73fe\u6027\u306e\u9ad8\u3044\u6e2c\u5b9a\uff08\u6b27\u5dde\u8d85\u97f3\u6ce2\u8cde\u53d7\u8cde<\/p>\n<p>PixelFlux\u6280\u8853\u306b\u3088\u308a\u3001\u533b\u7642\u30fb\u624b\u8853\u7642\u6cd5\u306e\u52b9\u679c\u3092\u6b63\u78ba\u306b\u8868\u73fe\u3059\u308b\u3053\u3068\u304c\u3067\u304d\u307e\u3059\u3002<\/p>\n<p>&nbsp;<\/p>\n<p>\u66d6\u6627\u306a\u767a\u898b<\/p>\n<p>\u660e\u78ba\u306a\u6cbb\u7642\u306e\u3059\u3059\u3081<\/p>\n<p>\u4e00\u56de\u306e\u8a3a\u5bdf\u5f8c<\/p>\n<p>\u91cd\u8981\u306a\u5236\u9650\u306f\u3001\u8178\u3084\u80ba\u306e\u4e2d\u306e\u7a7a\u6c17\u304c\u691c\u67fb\u306e\u59a8\u3052\u306b\u306a\u308b\u3053\u3068\u3067\u3059\u3002<\/p>\n<p>\u8840\u6d41\u6e2c\u5b9a\u3092\u7528\u3044\u305f\u30aa\u30fc\u30c0\u30fc\u30e1\u30a4\u30c9\u8a3a\u65ad\u30fb\u6cbb\u7642\u306e\u4f8b\u3068\u3057\u3066\u306f\u3001\u8179\u8154\u5185\u306e\u8840\u7ba1\u5727\u8feb\u306b\u4f34\u3046\u5e45\u5e83\u3044\u75c7\u72b6\u304c\u6319\u3052\u3089\u308c\u307e\u3059\uff08<a href=\"http:\/\/wp12612379.server-he.de\/wp-content\/uploads\/2015\/12\/20140731-Gef\u00e4\u00dfkompressionsph\u00e4nomene.pdf\">\u60a3\u8005\u3055\u3093\u306b\u306f\u56f3\u89e3\u306e\u6982\u8981\u3092\u30c0\u30a6\u30f3\u30ed\u30fc\u30c9\u3057\u3066\u3044\u305f\u3060\u304d\u307e\u3059<\/a>\uff09\u3002<\/p>\n<p>&nbsp;<\/p>\n<p>\u591a\u304f\u306e\u5834\u5408\u3001\u8179\u75db\u306f\u539f\u56e0\u304c\u660e\u78ba\u306b\u306a\u308a\u3084\u3059\u304f\u3001\u7279\u306b\u7a81\u7136\u767a\u751f\u3057\u305f\u308a\u3001\u4ed6\u306e\u75c7\u72b6\uff08\u4f8b\uff1a\u4e0b\u75e2\u3001\u5614\u5410\u3001\u767a\u71b1\uff09\u3068\u306e\u95a2\u9023\u6027\u304c\u306f\u3063\u304d\u308a\u3068\u8a8d\u8b58\u3067\u304d\u308b\u5834\u5408\u306b\u306f\u3001\u305d\u306e\u539f\u56e0\u3092\u660e\u3089\u304b\u306b\u3059\u308b\u3053\u3068\u304c\u3067\u304d\u307e\u3059\u3002\u3057\u304b\u3057\u3001\u8179\u75db\u304c\u6570\u9031\u9593\u304b\u3089\u6570\u30f6\u6708\u306b\u6e21\u3063\u3066\u9577\u671f\u9593\u7d9a\u304f\u5834\u5408\u306f\u3001\u539f\u56e0\u3092\u660e\u3089\u304b\u306b\u3059\u308b\u305f\u3081\u306b\u5e83\u7bc4\u56f2\u306e\u691c\u67fb\u304c\u5fc5\u8981\u306b\u306a\u308b\u3053\u3068\u304c\u591a\u3044\u3067\u3059\u3002\u305d\u306e\u5834\u5408\u3067\u3082\u3001\u75db\u307f\u306e\u539f\u56e0\u304c\u8b0e\u306e\u307e\u307e\u306b\u306a\u3063\u3066\u3044\u308b\u3053\u3068\u3082\u3042\u308a\u3001\u5fc3\u7406\u7684\u306a\u539f\u56e0\u3084\u751f\u6d3b\u72b6\u6cc1\u306a\u3069\u3082\u4e3b\u8a34\u3084\u5171\u8a34\u3068\u3057\u3066\u8003\u616e\u3055\u308c\u308b\u3053\u3068\u3082\u3042\u308a\u307e\u3059\u3002<\/p>\n<p>\u3057\u304b\u3057\u3001\u307b\u3068\u3093\u3069\u77e5\u3089\u308c\u3066\u3044\u306a\u3044\u306e\u306f\u3001\u8840\u7ba1\u304c\u5727\u8feb\u3055\u308c\u305f\u308a\u3001\u8179\u8154\u5185\u306e\u8840\u7ba1\u3092\u4ecb\u3057\u3066\u5727\u8feb\u3055\u308c\u305f\u308a\u3057\u305f\u7d50\u679c\u3001\u3044\u308f\u3086\u308b\u8840\u7ba1\u5727\u8feb\u75c7\u5019\u7fa4\u306b\u82e6\u3057\u3080\u60a3\u8005\u304c\u3044\u308b\u3068\u3044\u3046\u3053\u3068\u3067\u3059\u3002\u3053\u306e\u75c7\u5019\u7fa4\u3067\u306f\u3001\u8840\u7ba1\u304c\u4ed6\u306e\u8840\u7ba1\u3084\u81d3\u5668\u306b\u631f\u307e\u308c\u3066\u5727\u8feb\u3055\u308c\u3066\u3044\u307e\u3059\u3002\u3053\u306e\u3088\u3046\u306b\u8840\u6db2\u306e\u6b63\u5e38\u306a\u6d41\u308c\u304c\u963b\u5bb3\u3055\u308c\u308b\u3053\u3068\u3067\u3001\u500b\u3005\u306e\u30b1\u30fc\u30b9\u3067\u6700\u3082\u69d8\u3005\u306a\u75c7\u72b6\u304c\u51fa\u3066\u304d\u307e\u3059\u3002\u3053\u308c\u3089\u306e\u81e8\u5e8a\u50cf\u306f\u75db\u307f\u306e\u5f15\u304d\u91d1\u3068\u306a\u308b\u3060\u3051\u3067\u306a\u304f\u3001\u5410\u304d\u6c17\u3001\u3081\u307e\u3044\u3001\u547c\u5438\u56f0\u96e3\uff08\u7279\u306b\u5438\u5165\uff09\u3001\u98df\u6b32\u4e0d\u632f\u3001\u6025\u901f\u306a\u6e80\u8179\u611f\u3001\u76ee\u306e\u9ed2\u305a\u307f\u3001\u5faa\u74b0\u969c\u5bb3\u3001\u4e0b\u75e2\u306e\u500b\u3005\u306e\u30a8\u30d4\u30bd\u30fc\u30c9\u306a\u3069\u3001\u4ed6\u306e\u660e\u3089\u304b\u306b\u7121\u95a2\u4fc2\u306a\u591a\u6570\u306e\u75c7\u72b6\u3092\u5f15\u304d\u8d77\u3053\u3059\u3053\u3068\u304c\u3042\u308b\u305f\u3081\u3001\u8a3a\u65ad\u304c\u4e0b\u3055\u308c\u308b\u307e\u3067\u306b\u591a\u304f\u306e\u5834\u5408\u3001\u4f55\u5e74\u3082\u304b\u304b\u308b\u3053\u3068\u304c\u3042\u308b\u3002<\/p>\n<p>&nbsp;<\/p>\n<p><a href=\"https:\/\/scholbach.de\/lordogenetisches-mittellinensyndrom\">2017\u5e749\u670822\u65e5\uff5e24\u65e5\u306b\u958b\u50ac\u3055\u308c\u308b\u6b27\u5dde\u8d85\u97f3\u6ce2\u5b66\u4f1aEUROSON Ljubljana\u3092\u6a5f\u306b\u3001\u591a\u6570\u306e\u8179\u90e8\u8840\u7ba1\u5727\u8feb\u75c7\u5019\u7fa4\u306e\u5168\u4eba\u7684\u306a\u898b\u65b9\u3068\u3044\u3046\u65b0\u3057\u3044\u30b3\u30f3\u30bb\u30d7\u30c8\u3092\u7d39\u4ecb\u3057\u307e\u3059\u3002<\/a><\/p>","protected":false},"excerpt":{"rendered":"<p>\u8aad\u8005\u306e\u7686\u3055\u3093\u3001\u65e5\u672c\u8a9e\u3078\u306e\u7ffb\u8a33\u306f\u30bd\u30d5\u30c8\u30a6\u30a7\u30a2\u3067\u884c\u308f\u308c\u307e\u3057\u305f\u3002\u305f\u3060\u3057\u3001\u5185\u5bb9\u3092\u3088\u304f\u3054\u7406\u89e3\u3044\u305f\u3060\u304d\u305f\u3044\u3002\u7ffb\u8a33\u30a8\u30e9\u30fc\u3084\u66d6\u6627\u3055\u306b\u3064\u3044\u3066\u3001\u3067\u304d\u308c\u3070\u65e5\u672c\u8a9e\u304b\u82f1\u8a9e\u3067\u6559\u3048\u3066\u304f\u3060\u3055\u3044\u3002\u8a02\u6b63\u63d0\u6848\u3084\u304a\u554f\u3044\u5408\u308f\u305b\u306f praxis.scholbach [&hellip;]<\/p>\n","protected":false},"author":4,"featured_media":0,"parent":93,"menu_order":4,"comment_status":"closed","ping_status":"closed","template":"","meta":{"om_disable_all_campaigns":false,"footnotes":""},"class_list":["post-66","page","type-page","status-publish","hentry"],"_links":{"self":[{"href":"https:\/\/scholbach.de\/ja\/wp-json\/wp\/v2\/pages\/66","targetHints":{"allow":["GET"]}}],"collection":[{"href":"https:\/\/scholbach.de\/ja\/wp-json\/wp\/v2\/pages"}],"about":[{"href":"https:\/\/scholbach.de\/ja\/wp-json\/wp\/v2\/types\/page"}],"author":[{"embeddable":true,"href":"https:\/\/scholbach.de\/ja\/wp-json\/wp\/v2\/users\/4"}],"replies":[{"embeddable":true,"href":"https:\/\/scholbach.de\/ja\/wp-json\/wp\/v2\/comments?post=66"}],"version-history":[{"count":55,"href":"https:\/\/scholbach.de\/ja\/wp-json\/wp\/v2\/pages\/66\/revisions"}],"predecessor-version":[{"id":7116,"href":"https:\/\/scholbach.de\/ja\/wp-json\/wp\/v2\/pages\/66\/revisions\/7116"}],"up":[{"embeddable":true,"href":"https:\/\/scholbach.de\/ja\/wp-json\/wp\/v2\/pages\/93"}],"wp:attachment":[{"href":"https:\/\/scholbach.de\/ja\/wp-json\/wp\/v2\/media?parent=66"}],"curies":[{"name":"wp","href":"https:\/\/api.w.org\/{rel}","templated":true}]}}