{"id":2994,"date":"2019-02-10T21:36:01","date_gmt":"2019-02-10T21:36:01","guid":{"rendered":"https:\/\/scholbach.de\/?page_id=2994"},"modified":"2019-02-10T21:36:01","modified_gmt":"2019-02-10T21:36:01","slug":"erstmaliger-nachweis-von-fruehveraenderungen-der-nierenperfusion-bei-diabetes-mellitus","status":"publish","type":"page","link":"https:\/\/scholbach.de\/ja\/erstmaliger-nachweis-von-fruehveraenderungen-der-nierenperfusion-bei-diabetes-mellitus","title":{"rendered":"First sonographic measurement of renal perfusion loss in diabetes mellitus"},"content":{"rendered":"<p class=\"qtranxs-available-languages-message qtranxs-available-languages-message-ja\">\u7533\u3057\u8a33\u3042\u308a\u307e\u305b\u3093\u3001\u3053\u306e\u30b3\u30f3\u30c6\u30f3\u30c4\u306f\u305f\u3060\u4eca\u3000<a href=\"https:\/\/scholbach.de\/en\/wp-json\/wp\/v2\/pages\/2994\" class=\"qtranxs-available-language-link qtranxs-available-language-link-en\" title=\"English\">English<\/a>\u3068 <a href=\"https:\/\/scholbach.de\/de\/wp-json\/wp\/v2\/pages\/2994\" class=\"qtranxs-available-language-link qtranxs-available-language-link-de\" title=\"Deutsch\">Deutsch<\/a>\u3000\u306e\u307f\u3067\u3059\u3002<\/p><p><a href=\"https:\/\/scholbach.de\/wp-content\/uploads\/2015\/12\/Scholbach-et-al-2014-Diabetes-bei-Kindern-Nachweis-von-Gef\u00e4\u00dfver\u00e4nderungen.pdf\">Download Erstmaliger Nachweis von Fr\u00fchver\u00e4nderungen der Nierenperfusion bei Diabetes mellitus<\/a><\/p>\n<p><a href=\"https:\/\/scholbach.de\/wp-content\/uploads\/2015\/12\/Scholbach-et-al-2014-Diabetes-bei-Kindern-Nachweis-von-Gef\u00e4\u00dfver\u00e4nderungen.pdf\" class=\"pdfemb-viewer\" style=\"\" data-width=\"max\" data-height=\"max\" data-mobile-width=\"500\"  data-scrollbar=\"none\" data-download=\"on\" data-tracking=\"on\" data-newwindow=\"on\" data-pagetextbox=\"off\" data-scrolltotop=\"off\" data-startzoom=\"100\" data-startfpzoom=\"100\" data-toolbar=\"both\" data-toolbar-fixed=\"off\">Scholbach et al 2014 Diabetes bei Kindern \u2013 Nachweis von Gef\u00e4\u00dfver\u00e4nderungen<br\/><\/a><\/p>","protected":false},"excerpt":{"rendered":"<p>\u7533\u3057\u8a33\u3042\u308a\u307e\u305b\u3093\u3001\u3053\u306e\u30b3\u30f3\u30c6\u30f3\u30c4\u306f\u305f\u3060\u4eca\u3000English\u3068 Deutsch\u3000\u306e\u307f\u3067\u3059\u3002Download Erstmaliger Nachweis von Fr\u00fchver\u00e4nderungen der Nierenperfu [&hellip;]<\/p>\n","protected":false},"author":5,"featured_media":0,"parent":0,"menu_order":0,"comment_status":"closed","ping_status":"closed","template":"","meta":{"om_disable_all_campaigns":false,"footnotes":""},"class_list":["post-2994","page","type-page","status-publish","hentry"],"_links":{"self":[{"href":"https:\/\/scholbach.de\/ja\/wp-json\/wp\/v2\/pages\/2994","targetHints":{"allow":["GET"]}}],"collection":[{"href":"https:\/\/scholbach.de\/ja\/wp-json\/wp\/v2\/pages"}],"about":[{"href":"https:\/\/scholbach.de\/ja\/wp-json\/wp\/v2\/types\/page"}],"author":[{"embeddable":true,"href":"https:\/\/scholbach.de\/ja\/wp-json\/wp\/v2\/users\/5"}],"replies":[{"embeddable":true,"href":"https:\/\/scholbach.de\/ja\/wp-json\/wp\/v2\/comments?post=2994"}],"version-history":[{"count":2,"href":"https:\/\/scholbach.de\/ja\/wp-json\/wp\/v2\/pages\/2994\/revisions"}],"predecessor-version":[{"id":2996,"href":"https:\/\/scholbach.de\/ja\/wp-json\/wp\/v2\/pages\/2994\/revisions\/2996"}],"wp:attachment":[{"href":"https:\/\/scholbach.de\/ja\/wp-json\/wp\/v2\/media?parent=2994"}],"curies":[{"name":"wp","href":"https:\/\/api.w.org\/{rel}","templated":true}]}}