{"id":951,"date":"2016-12-28T11:13:44","date_gmt":"2016-12-28T11:13:44","guid":{"rendered":"http:\/\/scholbach.de\/?page_id=951"},"modified":"2020-04-05T14:12:42","modified_gmt":"2020-04-05T14:12:42","slug":"may-thurner-konstellation","status":"publish","type":"page","link":"https:\/\/scholbach.de\/it\/wissenschaft\/deutsch-ultraschalldiagnostik\/deutsch-gefaskompressionen\/may-thurner-konstellation","title":{"rendered":"Sindrome di May-Thurner \/May-Thurner-Syndrome\/Cockett&#8217;s syndrome\/Sindrome da compressione della vena iliaca"},"content":{"rendered":"<p><strong>Sintomi comuni:<\/strong><\/p>\n<p>Dolore addominale (spesso lato sinistro)<br \/>\nche pu\u00f2 irradiarsi nella coscia sinistra<br \/>\ndolore al fianco sinistro<br \/>\ngonfiore della gamba sinistra<br \/>\nTendenza alla trombosi e vene varicose nella gamba sinistra<\/p>\n<p>Nella sindrome di May-Thurner, il sangue dal lato pelvico sinistro non pu\u00f2 fluire sufficientemente bene attraverso la vena cava inferiore della vena cava sinistra. La vena pelvica comune sinistra (Vena iliaca communis sinistra) \u00e8 pi\u00f9 o meno gravemente schiacciata tra il promontorio e l&#8217;arteria pelvica comune destra (Arteria iliaca communis dextra).<\/p>\n<p>&nbsp;<\/p>\n<p><img loading=\"lazy\" decoding=\"async\" class=\"size-full wp-image-974 aligncenter\" src=\"https:\/\/scholbach.de\/wp-content\/uploads\/2016\/12\/MTS-de.png\" alt=\"\" width=\"734\" height=\"318\" srcset=\"https:\/\/scholbach.de\/wp-content\/uploads\/2016\/12\/MTS-de.png 734w, https:\/\/scholbach.de\/wp-content\/uploads\/2016\/12\/MTS-de-300x130.png 300w\" sizes=\"auto, (max-width: 734px) 100vw, 734px\" \/><\/p>\n<p>In molti pazienti, per superare l&#8217;ostacolo, si sviluppa un circuito di bypass pronunciato, che provoca un&#8217;inversione del flusso nella vena pelvica interna sinistra, portando il sangue in profondit\u00e0 della pelvi a forti plessi venoso intorno agli organi della pelvi (utero, ovaie, retto, vescica). Da l\u00ec pu\u00f2 passare attraverso la vena pelvica interna destra verso la grande vena pelvica comune destra e quindi verso la vena cava inferiore, la vena cava inferiore. Questi bypass circolatori causano un notevole disagio in molti pazienti, poich\u00e9 la congestione venosa cronica degli organi colpiti spesso non \u00e8 ben tollerata da loro. Questi organi sono principalmente quelli che si trovano nel centro del corpo, l&#8217;asse principale del corpo, poich\u00e9 questi organi possono assorbire il sangue sul lato sinistro e, dopo che \u00e8 sfuggito a destra attraverso gli organi stessi e l&#8217;alta pressione sul lato sinistro, pu\u00f2 poi raggiungere la zona di drenaggio della vena cava inferiore attraverso le vene destra dei cosiddetti organi della linea mediana. La situazione ricorrente \u00e8 che gli organi al centro del corpo, i cosiddetti organi della linea mediana, prelevano il sangue a sinistra. Questo sangue viene poi premuto sul letto vascolare di questi organi, per lo pi\u00f9 sottosviluppato, e fluisce verso il cuore a destra.<\/p>\n<p>L&#8217;aumento cronico della pressione venosa negli organi della linea mediana porta alla dilatazione delle vene dell&#8217;organo, alla loro tortuosit\u00e0, cio\u00e8 alle cosiddette vene varicose o varici, e ad una reazione infiammatoria nella parete venosa di questi vasi. Questa situazione si chiama sindrome della linea mediana.<\/p>\n<p>&nbsp;<\/p>\n<p>&nbsp;<\/p>","protected":false},"excerpt":{"rendered":"<p>Sintomi comuni: Dolore addominale (spesso lato sinistro) che pu\u00f2 irradiarsi nella coscia sinistra dolore al fianco sinistro gonfiore della gamba sinistra Tendenza alla trombosi e vene varicose nella gamba sinistra Nella sindrome di May-Thurner, il sangue dal lato pelvico sinistro non pu\u00f2 fluire sufficientemente bene attraverso la vena cava inferiore della vena cava sinistra. La [&hellip;]<\/p>\n","protected":false},"author":5,"featured_media":0,"parent":66,"menu_order":4,"comment_status":"closed","ping_status":"closed","template":"","meta":{"om_disable_all_campaigns":false,"footnotes":""},"class_list":["post-951","page","type-page","status-publish","hentry"],"_links":{"self":[{"href":"https:\/\/scholbach.de\/it\/wp-json\/wp\/v2\/pages\/951","targetHints":{"allow":["GET"]}}],"collection":[{"href":"https:\/\/scholbach.de\/it\/wp-json\/wp\/v2\/pages"}],"about":[{"href":"https:\/\/scholbach.de\/it\/wp-json\/wp\/v2\/types\/page"}],"author":[{"embeddable":true,"href":"https:\/\/scholbach.de\/it\/wp-json\/wp\/v2\/users\/5"}],"replies":[{"embeddable":true,"href":"https:\/\/scholbach.de\/it\/wp-json\/wp\/v2\/comments?post=951"}],"version-history":[{"count":44,"href":"https:\/\/scholbach.de\/it\/wp-json\/wp\/v2\/pages\/951\/revisions"}],"predecessor-version":[{"id":4424,"href":"https:\/\/scholbach.de\/it\/wp-json\/wp\/v2\/pages\/951\/revisions\/4424"}],"up":[{"embeddable":true,"href":"https:\/\/scholbach.de\/it\/wp-json\/wp\/v2\/pages\/66"}],"wp:attachment":[{"href":"https:\/\/scholbach.de\/it\/wp-json\/wp\/v2\/media?parent=951"}],"curies":[{"name":"wp","href":"https:\/\/api.w.org\/{rel}","templated":true}]}}