{"id":947,"date":"2016-12-28T11:13:32","date_gmt":"2016-12-28T11:13:32","guid":{"rendered":"http:\/\/scholbach.de\/?page_id=947"},"modified":"2025-04-15T20:52:26","modified_gmt":"2025-04-15T18:52:26","slug":"pelvines-kongestionssyndrom-stauung-der-beckenorgane","status":"publish","type":"page","link":"https:\/\/scholbach.de\/it\/wissenschaft\/deutsch-ultraschalldiagnostik\/deutsch-gefaskompressionen\/pelvines-kongestionssyndrom-stauung-der-beckenorgane","title":{"rendered":"Sindrome da congestione pelvica (congestione degli organi pelvici)"},"content":{"rendered":"<p>La sindrome da congestione pelvica \u00e8 causata dalla congestione di sangue venoso nella pelvi, soprattutto nella cosiddetta piccola pelvi. Questo pu\u00f2 avvenire in due modi.<\/p>\n<p>Nel caso pi\u00f9 semplice, le vene che deviano il sangue dalla pelvi nella vena cava inferiore inferiore sono troppo strette, compresse o chiuse.<br \/>\nIl sangue della vena renale sinistra pu\u00f2 anche essere deviato verso gli organi pelvici (vedi sindrome dello schiaccianoci) e quindi contribuire a sovraccaricare le vene pelviche.<\/p>\n<p>Spesso entrambe le possibilit\u00e0 sono da trovare insieme e portano a sintomi particolarmente forti.<\/p>\n<p>&nbsp;<\/p>\n<p><strong>Si osservano i seguenti sintomi:<\/strong><\/p>\n<ol>\n<li>dolore addominale (spesso sul lato sinistro)<\/li>\n<li>forte dolore nella zona pelvica (tra la sinfisi e l&#8217;ombelico)<\/li>\n<li>aumento dei crampi mestruali<\/li>\n<li>forte o pi\u00f9 forte sanguinamento mestruale<\/li>\n<li>dolore durante il rapporto sessuale (dispareunia)<\/li>\n<li><a href=\"https:\/\/scholbach.de\/pudendal-neuralgia-in-vascular-compression-syndromes\">dolore ai genitali esterni<\/a> &#8211; a volte indistinguibile dall&#8217;intrappolamento del nervo pudendo (nevralgia pudendo)<\/li>\n<li>eccitazione sessuale permanente e spiacevole<\/li>\n<li>congestione nell&#8217;area genitale (soprattutto nelle donne che hanno avuto parti multipli)<\/li>\n<li>gonfiore della vulva &#8211; tensione permanente all&#8217;interno della vulva<\/li>\n<li>dolore durante i movimenti intestinali<\/li>\n<li>urgenza e minzione dolorosa<\/li>\n<li>urina insanguinata (per lo pi\u00f9 come tracce invisibili, detectbale solo al microscopio o con una striscia per il test delle urine &#8211; microematuria)<\/li>\n<li>emorroidi &#8211; sanguinamento durante la defecazione<\/li>\n<li>dolore anale profondo<\/li>\n<li>vene varicose nell&#8217;inguine e sui genitali esterni<\/li>\n<li>pienezza una debolezza della sinistra, poi anche della gamba destra<\/li>\n<li>gambe gonfie<\/li>\n<li>trombosi &#8211; spesso prevalentemente della gamba sinistra<\/li>\n<li>disfunzione erettile &#8211; a volte priapismo (spiacevole erezione peniena di lunga durata)<\/li>\n<li>varicocele (riempimento del sacco scrotale con vasi venosi simili a vermi &#8211; a volte doloroso, spesso scomodo, a volte interferente con la spermiogenesi)<\/li>\n<\/ol>\n<p>Poich\u00e9 la fuoriuscita dalle vene di sinistra \u00e8 generalmente particolarmente ostacolata dalla lordosi della colonna lombare e dal sacro sporgente in avanti, il dolore al basso addome sinistro o al testicolo sinistro \u00e8 una conseguenza particolarmente frequente. Le quantit\u00e0 di sangue della vena renale sinistra, che vengono condotte nella pelvi attraverso la vena ascendente lombare e la vena ovarica, cercano di collegarsi alla vena cava inferiore, che corre a destra della colonna vertebrale. Per arrivarci si preferisce che il sangue passi dagli organi pelvici nella vena pelvica profonda sinistra, da dove sfocia nella grande vena pelvica sinistra (Vena iliaca communis sinistra) e da l\u00ec raggiunge la vena cava inferiore attraverso il cosiddetto promontorio. \u00a0Il promontorio \u00e8 la suddetta collina formata dal collegamento tra il sacro e la colonna lombare e sporge in avanti, soprattutto nelle donne. Il sangue del bacino sinistro e della gamba sinistra deve ora da un lato superare questa collina, ma \u00e8 l\u00ec premuto contro le strutture ossee dalle arterie che giacciono sulle vene, che sono principalmente l&#8217;arteria pelvica destra. Secondo le prime descrizioni di due medici svizzeri, questa situazione viene chiamata costellazione di maggio-turner (vedi qui).<\/p>\n<p>&nbsp;<\/p>\n<div id=\"attachment_967\" style=\"width: 645px\" class=\"wp-caption aligncenter\"><img loading=\"lazy\" decoding=\"async\" aria-describedby=\"caption-attachment-967\" class=\"wp-image-967\" src=\"https:\/\/scholbach.de\/wp-content\/uploads\/2016\/12\/Variz-V-Ov.jpg\" width=\"635\" height=\"476\" srcset=\"https:\/\/scholbach.de\/wp-content\/uploads\/2016\/12\/Variz-V-Ov.jpg 960w, https:\/\/scholbach.de\/wp-content\/uploads\/2016\/12\/Variz-V-Ov-300x225.jpg 300w, https:\/\/scholbach.de\/wp-content\/uploads\/2016\/12\/Variz-V-Ov-768x576.jpg 768w\" sizes=\"auto, (max-width: 635px) 100vw, 635px\" \/><p id=\"caption-attachment-967\" class=\"wp-caption-text\">Le vene cronicamente tese si avvolgono come le cosiddette vene varicose e causano dolore che si sviluppa nella parete venosa stessa e negli organi congestionati. Le donne di solito lamentano dolori nella zona del basso addome sinistro (zona dell&#8217;ovaio sinistro) e gli uomini nel testicolo sinistro.<\/p><\/div>\n<div id=\"attachment_970\" style=\"width: 538px\" class=\"wp-caption aligncenter\"><img loading=\"lazy\" decoding=\"async\" aria-describedby=\"caption-attachment-970\" class=\"wp-image-970 size-full\" src=\"https:\/\/scholbach.de\/wp-content\/uploads\/2016\/12\/MRI-PCS-de.png\" width=\"528\" height=\"684\" srcset=\"https:\/\/scholbach.de\/wp-content\/uploads\/2016\/12\/MRI-PCS-de.png 528w, https:\/\/scholbach.de\/wp-content\/uploads\/2016\/12\/MRI-PCS-de-232x300.png 232w\" sizes=\"auto, (max-width: 528px) 100vw, 528px\" \/><p id=\"caption-attachment-970\" class=\"wp-caption-text\">Schema dei tipici circuiti di bypass quando il sangue del rene sinistro \u00e8 impedito di passare attraverso lo schiaccianoci arterioso e drena nella pelvi tramite collaterals. (Illustrazione in angiografia MR)<\/p><\/div>\n<div id=\"attachment_971\" style=\"width: 563px\" class=\"wp-caption aligncenter\"><img loading=\"lazy\" decoding=\"async\" aria-describedby=\"caption-attachment-971\" class=\"wp-image-971\" src=\"https:\/\/scholbach.de\/wp-content\/uploads\/2016\/12\/MRA-CD-de.png\" width=\"553\" height=\"266\" srcset=\"https:\/\/scholbach.de\/wp-content\/uploads\/2016\/12\/MRA-CD-de.png 704w, https:\/\/scholbach.de\/wp-content\/uploads\/2016\/12\/MRA-CD-de-300x144.png 300w\" sizes=\"auto, (max-width: 553px) 100vw, 553px\" \/><p id=\"caption-attachment-971\" class=\"wp-caption-text\">Sezione trasversale dell&#8217;addome superiore &#8211; vista dal basso Nell&#8217;angiografia MR e nell&#8217;ecografia, \u00e8 possibile visualizzare la congestione della vena renale sinistra con la sua dilatazione e il percorso del sangue attraverso un tronc r\u00e9no-rachidia alle vene della colonna vertebrale.<\/p><\/div>\n<p>&nbsp;<\/p>\n<div id=\"attachment_969\" style=\"width: 393px\" class=\"wp-caption aligncenter\"><img loading=\"lazy\" decoding=\"async\" aria-describedby=\"caption-attachment-969\" class=\"wp-image-969\" src=\"https:\/\/scholbach.de\/wp-content\/uploads\/2016\/12\/MRA-PCS-de.png\" width=\"383\" height=\"454\" srcset=\"https:\/\/scholbach.de\/wp-content\/uploads\/2016\/12\/MRA-PCS-de.png 393w, https:\/\/scholbach.de\/wp-content\/uploads\/2016\/12\/MRA-PCS-de-253x300.png 253w\" sizes=\"auto, (max-width: 383px) 100vw, 383px\" \/><p id=\"caption-attachment-969\" class=\"wp-caption-text\">Rappresentazione delle vene collaterali sinistra lungo la colonna vertebrale in angiografia MR<\/p><\/div>\n<p>Questo provoca dolore al basso addome sinistro o al testicolo sinistro. La quantit\u00e0 di sangue che viene fatta passare attraverso la vena ascendente lumbalis e la vena ovarica nella pelviale ora cerca una connessione con la vena cava inferiore, che corre a destra della colonna vertebrale. Per arrivarci si preferisce che il sangue passi dagli organi pelvici nella vena pelvica profonda sinistra, da dove sfocia nella grande vena pelvica sinistra (Vena iliaca communis sinistra) e da l\u00ec raggiunge la vena cava inferiore attraverso il cosiddetto promontorio.\u00a0 Il promontorio \u00e8 la suddetta collina formata dal collegamento tra il sacro e la colonna lombare e sporge in avanti, soprattutto nelle donne. Il sangue del bacino sinistro e della gamba sinistra deve ora da un lato superare questa collina, ma \u00e8 l\u00ec premuto contro le strutture ossee dalle arterie che giacciono sulle vene, che sono principalmente l&#8217;arteria pelvica destra. Secondo le prime descrizioni, due medici svizzeri, questa situazione viene chiamata <a href=\"https:\/\/scholbach.de\/wissenschaft\/deutsch-ultraschalldiagnostik\/deutsch-gefaskompressionen\/may-thurner-konstellation\">costellazione di May-Thurner<\/a>.<\/p>\n<p>&nbsp;<\/p>","protected":false},"excerpt":{"rendered":"<p>La sindrome da congestione pelvica \u00e8 causata dalla congestione di sangue venoso nella pelvi, soprattutto nella cosiddetta piccola pelvi. Questo pu\u00f2 avvenire in due modi. Nel caso pi\u00f9 semplice, le vene che deviano il sangue dalla pelvi nella vena cava inferiore inferiore sono troppo strette, compresse o chiuse. Il sangue della vena renale sinistra pu\u00f2 [&hellip;]<\/p>\n","protected":false},"author":5,"featured_media":0,"parent":66,"menu_order":3,"comment_status":"closed","ping_status":"closed","template":"","meta":{"om_disable_all_campaigns":false,"footnotes":""},"class_list":["post-947","page","type-page","status-publish","hentry"],"_links":{"self":[{"href":"https:\/\/scholbach.de\/it\/wp-json\/wp\/v2\/pages\/947","targetHints":{"allow":["GET"]}}],"collection":[{"href":"https:\/\/scholbach.de\/it\/wp-json\/wp\/v2\/pages"}],"about":[{"href":"https:\/\/scholbach.de\/it\/wp-json\/wp\/v2\/types\/page"}],"author":[{"embeddable":true,"href":"https:\/\/scholbach.de\/it\/wp-json\/wp\/v2\/users\/5"}],"replies":[{"embeddable":true,"href":"https:\/\/scholbach.de\/it\/wp-json\/wp\/v2\/comments?post=947"}],"version-history":[{"count":56,"href":"https:\/\/scholbach.de\/it\/wp-json\/wp\/v2\/pages\/947\/revisions"}],"predecessor-version":[{"id":9429,"href":"https:\/\/scholbach.de\/it\/wp-json\/wp\/v2\/pages\/947\/revisions\/9429"}],"up":[{"embeddable":true,"href":"https:\/\/scholbach.de\/it\/wp-json\/wp\/v2\/pages\/66"}],"wp:attachment":[{"href":"https:\/\/scholbach.de\/it\/wp-json\/wp\/v2\/media?parent=947"}],"curies":[{"name":"wp","href":"https:\/\/api.w.org\/{rel}","templated":true}]}}