{"id":931,"date":"2016-12-26T15:36:51","date_gmt":"2016-12-26T15:36:51","guid":{"rendered":"http:\/\/scholbach.de\/?page_id=931"},"modified":"2020-04-05T14:11:57","modified_gmt":"2020-04-05T14:11:57","slug":"mittelliniensyndrom-mittellinien-stauungs-syndrom","status":"publish","type":"page","link":"https:\/\/scholbach.de\/it\/wissenschaft\/deutsch-ultraschalldiagnostik\/deutsch-gefaskompressionen\/mittelliniensyndrom-mittellinien-stauungs-syndrom","title":{"rendered":"Sindrome della linea mediana (Sindrome di congestione della linea mediana)"},"content":{"rendered":"<p>La sindrome della linea mediana \u00e8 un quadro clinico causato dall&#8217;accumulo di sangue nella met\u00e0 sinistra del corpo alla colonna vertebrale. L&#8217;andatura verticale di una persona provoca un rigonfiamento della colonna lombare in avanti in direzione della parete addominale. Il sangue proveniente dalla met\u00e0 sinistra del corpo, ad esempio dalla met\u00e0 sinistra del bacino, dalla gamba sinistra o dal rene sinistro, deve confluire nella vena cava inferiore per tornare al cuore. La vena cava inferiore si trova sul lato destro della colonna vertebrale. \u00a0Le vene sul lato sinistro del corpo devono attraversare la spina dorsale per tornare al cuore. La lordosi, la curvatura in avanti (schiena cava) della colonna vertebrale nella regione lombare, provoca una congestione del sangue, soprattutto nelle donne, perch\u00e9 la colonna vertebrale comprime i vasi sanguigni che la attraversano da sinistra a destra. Questo porta ad una considerevole congestione del sangue nelle vene del rene sinistro, del bacino sinistro e della gamba sinistra.<\/p>\n<p><strong>Sintomi comuni:<\/strong><br \/>\nDolore addominale (spesso sopra l&#8217;ombelico)<br \/>\nDolore alla colonna vertebrale<br \/>\nDolore addominale (nella zona della vescica e dell&#8217;utero)<br \/>\ndolore al testicolo sinistro (con varicocele)\/nelle labbra sinistra con vene varicose della vulva<br \/>\nDolore all&#8217;interno della coscia sul lato sinistro<br \/>\nCefalea (spesso al collo)<br \/>\nRespirazione nasale mattutina per disabili<br \/>\nemorroidi &#8211; sanguinamento durante il movimento intestinale<br \/>\nstimolo a urinare e minzione dolorosa<\/p>\n<p>&nbsp;<\/p>\n<div style=\"width: 491px\" class=\"wp-caption aligncenter\"><img loading=\"lazy\" decoding=\"async\" class=\"wp-image-932 \" src=\"https:\/\/scholbach.de\/wp-content\/uploads\/2016\/12\/HB-stau.jpg\" width=\"481\" height=\"372\" srcset=\"https:\/\/scholbach.de\/wp-content\/uploads\/2016\/12\/HB-stau.jpg 425w, https:\/\/scholbach.de\/wp-content\/uploads\/2016\/12\/HB-stau-300x232.jpg 300w\" sizes=\"auto, (max-width: 481px) 100vw, 481px\" \/><p class=\"wp-caption-text\">Congestione venosa massiccia della parete vescicale urinaria: giallo-verde: dilatazione vascolare nella parete vescicale urinaria.<\/p><\/div>\n<div id=\"attachment_933\" style=\"width: 494px\" class=\"wp-caption aligncenter\"><img loading=\"lazy\" decoding=\"async\" aria-describedby=\"caption-attachment-933\" class=\"wp-image-933 size-full\" src=\"https:\/\/scholbach.de\/wp-content\/uploads\/2016\/12\/REctum-MLS.jpg\" width=\"484\" height=\"407\" srcset=\"https:\/\/scholbach.de\/wp-content\/uploads\/2016\/12\/REctum-MLS.jpg 484w, https:\/\/scholbach.de\/wp-content\/uploads\/2016\/12\/REctum-MLS-300x252.jpg 300w\" sizes=\"auto, (max-width: 484px) 100vw, 484px\" \/><p id=\"caption-attachment-933\" class=\"wp-caption-text\">Grave congestione venosa del retto: blu-rosso-verde: vasodilatazione nella parete intestinale.<\/p><\/div>\n<p>Ci\u00f2 significa che il calibro gi\u00e0 piccolo viene ulteriormente ridotto drasticamente dal gonfiore della parete e il flusso di sangue attraverso gli organi collaterali \u00e8 ulteriormente limitato.\u00a0 Questa situazione porta ad un ulteriore aumento della pressione nell&#8217;area di flusso della vena renale sinistra e dei suoi collaterali. Infine, c&#8217;\u00e8 un equilibrio tra l&#8217;aumento della pressione venosa e le possibilit\u00e0 di drenaggio, che \u00e8 in grado di ridurre il drenaggio del sangue venoso renale sotto alta pressione attraverso le vie vascolari infiammate degli organi collaterali. Tuttavia, questo significa anche che i pazienti spesso lamentano dolori cronici in questi organi che dipendono dallo stress fisico o mentale. La connessione con lo stress fisico e mentale \u00e8 che in entrambi i casi un aumento della frequenza cardiaca e una maggiore prestazione di espulsione del cuore porta ad un aumento della quantit\u00e0 di sangue pompato nel rene sinistro, che poi, non potendo defluire correttamente, porta ad un aumento della pressione nei collaterali e quindi ad un dolore maggiore.<\/p>\n<p><img loading=\"lazy\" decoding=\"async\" class=\"wp-image-937 aligncenter\" src=\"https:\/\/scholbach.de\/wp-content\/uploads\/2016\/12\/Midlicne-congestion.jpg\" alt=\"\" width=\"579\" height=\"434\" srcset=\"https:\/\/scholbach.de\/wp-content\/uploads\/2016\/12\/Midlicne-congestion.jpg 1435w, https:\/\/scholbach.de\/wp-content\/uploads\/2016\/12\/Midlicne-congestion-300x225.jpg 300w, https:\/\/scholbach.de\/wp-content\/uploads\/2016\/12\/Midlicne-congestion-768x576.jpg 768w, https:\/\/scholbach.de\/wp-content\/uploads\/2016\/12\/Midlicne-congestion-1024x769.jpg 1024w\" sizes=\"auto, (max-width: 579px) 100vw, 579px\" \/><\/p>\n<p>Gli organi della linea mediana menzionati sono in dettaglio la colonna vertebrale, in senso lato anche il cranio e il cervello con gli organi associati racchiusi da strutture ossee, il retto, la vagina, il pene, l&#8217;ovaio sinistro, il testicolo sinistro, la vescica, l&#8217;uretra, l&#8217;utero e la ghiandola prostatica.\u00a0 Tutti questi organi possono essere dolorosamente malati e la loro funzione disturbata. Questo spiega che i sintomi descritti dai pazienti sono molto variegati. D&#8217;altra parte, questa \u00e8 anche la fonte frequente di malintesi se i collegamenti che portano ai reclami non sono compresi.<\/p>\n<p>Poich\u00e9 i disturbi possono manifestarsi dalla testa ai piedi, \u00e8 evidente l&#8217;assunzione di una genesi non organica dei disturbi e quindi di un quadro clinico psicosomatico. Al fine di ottenere un trattamento causale e l&#8217;eliminazione dei disturbi, tuttavia, la prova dei cambiamenti descritti, ad esempio mediante esami doppler a ultrasuoni a colori con misurazione della pressione, \u00e8 necessaria per poter avviare una terapia farmacologica mirata, temporanea ma permanentemente efficace.<\/p>\n<p>Abbiamo esperienza con pi\u00f9 di 1000 pazienti con fenomeni di schiaccianoci e sindrome di schiaccianoci e con speciali procedure di esame e trattamento con cui praticamente tutti i pazienti diventano privi di sintomi o privi di sintomi. Poich\u00e9 il quadro clinico \u00e8 generalmente poco conosciuto, speriamo di rivolgerci direttamente ai pazienti con questa presentazione generalmente comprensibile per dare loro l&#8217;opportunit\u00e0 di affrontare l&#8217;argomento al loro medico di fiducia. Siamo lieti di aiutarvi a livello diagnostico e terapeutico &#8211; bambini e pazienti adulti. Spesso soffrono per anni di un fenomeno\/sindrome dello schiaccianoci sconosciuto in precedenza, senza essere in grado di interpretare correttamente i loro sintomi.<\/p>","protected":false},"excerpt":{"rendered":"<p>La sindrome della linea mediana \u00e8 un quadro clinico causato dall&#8217;accumulo di sangue nella met\u00e0 sinistra del corpo alla colonna vertebrale. L&#8217;andatura verticale di una persona provoca un rigonfiamento della colonna lombare in avanti in direzione della parete addominale. Il sangue proveniente dalla met\u00e0 sinistra del corpo, ad esempio dalla met\u00e0 sinistra del bacino, dalla [&hellip;]<\/p>\n","protected":false},"author":5,"featured_media":0,"parent":66,"menu_order":2,"comment_status":"closed","ping_status":"closed","template":"","meta":{"om_disable_all_campaigns":false,"footnotes":""},"class_list":["post-931","page","type-page","status-publish","hentry"],"_links":{"self":[{"href":"https:\/\/scholbach.de\/it\/wp-json\/wp\/v2\/pages\/931","targetHints":{"allow":["GET"]}}],"collection":[{"href":"https:\/\/scholbach.de\/it\/wp-json\/wp\/v2\/pages"}],"about":[{"href":"https:\/\/scholbach.de\/it\/wp-json\/wp\/v2\/types\/page"}],"author":[{"embeddable":true,"href":"https:\/\/scholbach.de\/it\/wp-json\/wp\/v2\/users\/5"}],"replies":[{"embeddable":true,"href":"https:\/\/scholbach.de\/it\/wp-json\/wp\/v2\/comments?post=931"}],"version-history":[{"count":34,"href":"https:\/\/scholbach.de\/it\/wp-json\/wp\/v2\/pages\/931\/revisions"}],"predecessor-version":[{"id":4421,"href":"https:\/\/scholbach.de\/it\/wp-json\/wp\/v2\/pages\/931\/revisions\/4421"}],"up":[{"embeddable":true,"href":"https:\/\/scholbach.de\/it\/wp-json\/wp\/v2\/pages\/66"}],"wp:attachment":[{"href":"https:\/\/scholbach.de\/it\/wp-json\/wp\/v2\/media?parent=931"}],"curies":[{"name":"wp","href":"https:\/\/api.w.org\/{rel}","templated":true}]}}