{"id":7503,"date":"2022-09-11T16:18:07","date_gmt":"2022-09-11T16:18:07","guid":{"rendered":"https:\/\/scholbach.de\/?page_id=7503"},"modified":"2022-09-11T18:28:41","modified_gmt":"2022-09-11T18:28:41","slug":"detection-of-a-new-compression-syndrome-bilateral-compression-of-the-internal-iliac-vein-between-the-psoas-muscle-and-the-internal-iliac-artery-in-a-patient-with-penile-pain","status":"publish","type":"page","link":"https:\/\/scholbach.de\/it\/detection-of-a-new-compression-syndrome-bilateral-compression-of-the-internal-iliac-vein-between-the-psoas-muscle-and-the-internal-iliac-artery-in-a-patient-with-penile-pain","title":{"rendered":"Individuazione di una nuova sindrome compressiva: compressione bilaterale della vena iliaca interna tra il muscolo psoas e l&#8217;arteria iliaca interna in un paziente con dolore penieno cronico"},"content":{"rendered":"<p>Il dolore penieno cronico pu\u00f2 avere diverse cause, la pi\u00f9 comune delle quali \u00e8 l&#8217;irritazione del nervo pudendo.<\/p>\n<p>Riporto qui per la prima volta il riscontro di una compressione bilaterale della vena iliaca interna tra il muscolo psoas e l&#8217;arteria iliaca interna.<\/p>\n<p>Una ricerca dettagliata di questa condizione in<\/p>\n<p>google scholar<\/p>\n<p>(https:\/\/scholar.google.de\/scholar?hl=de&amp;as_sdt=0%2C5&amp;q=%2B%22compression+della+vena+iliaca+interna+%22&amp;btnG=)<\/p>\n<p>e pubmed<\/p>\n<p>(https:\/\/pubmed.ncbi.nlm.nih.gov\/?term=(compressione%20della%20vena%20iliaca%20interna%5BTitle%2FAbstract%5D&amp;sort=)<\/p>\n<p>non ha prodotto alcun risultato.<\/p>\n<p>Il paziente ha riferito un dolore gradualmente crescente negli ultimi 15 anni, che iniziava ai poli inferiori di entrambi i testicoli e al glande del pene e si estendeva gradualmente a tutti i genitali esterni. Il dolore era pi\u00f9 di natura congestizia ed \u00e8 stato quindi descritto come sordo, con qualit\u00e0 neuropatiche solo meno pronunciate, descritte come bruciore e trafittura.<\/p>\n<p>Il dolore aumentava quando il paziente era in posizione eretta e poteva essere alleviato da una posizione sdraiata.<\/p>\n<p>Si ritiene che il meccanismo che causa il dolore ai genitali esterni sia la congestione della vena pudenda interna con dilatazione dolorosa delle vene genitali e l&#8217;irritazione meccanica del nervo pudendo nel canale di Alcock da parte della vena pudenda interna congestionata.<\/p>\n<p><a href=\"https:\/\/scholbach.de\/wp-content\/uploads\/2022\/09\/Folie1.jpg\"><img loading=\"lazy\" decoding=\"async\" class=\"aligncenter wp-image-7509 size-medium\" src=\"https:\/\/scholbach.de\/wp-content\/uploads\/2022\/09\/Folie1-300x169.jpg\" alt=\"\" width=\"300\" height=\"169\" srcset=\"https:\/\/scholbach.de\/wp-content\/uploads\/2022\/09\/Folie1-300x169.jpg 300w, https:\/\/scholbach.de\/wp-content\/uploads\/2022\/09\/Folie1-1024x576.jpg 1024w, https:\/\/scholbach.de\/wp-content\/uploads\/2022\/09\/Folie1-768x432.jpg 768w, https:\/\/scholbach.de\/wp-content\/uploads\/2022\/09\/Folie1-640x360.jpg 640w, https:\/\/scholbach.de\/wp-content\/uploads\/2022\/09\/Folie1.jpg 1280w\" sizes=\"auto, (max-width: 300px) 100vw, 300px\" \/><\/a><\/p>\n<p><a href=\"https:\/\/scholbach.de\/wp-content\/uploads\/2022\/09\/Folie3.jpg\"><img loading=\"lazy\" decoding=\"async\" class=\"aligncenter wp-image-7508 size-medium\" src=\"https:\/\/scholbach.de\/wp-content\/uploads\/2022\/09\/Folie3-e1662915688482-290x300.jpg\" alt=\"\" width=\"290\" height=\"300\" srcset=\"https:\/\/scholbach.de\/wp-content\/uploads\/2022\/09\/Folie3-e1662915688482-290x300.jpg 290w, https:\/\/scholbach.de\/wp-content\/uploads\/2022\/09\/Folie3-e1662915688482-640x663.jpg 640w, https:\/\/scholbach.de\/wp-content\/uploads\/2022\/09\/Folie3-e1662915688482.jpg 691w\" sizes=\"auto, (max-width: 290px) 100vw, 290px\" \/><\/a><\/p>\n<p><div id=\"attachment_7510\" style=\"width: 310px\" class=\"wp-caption aligncenter\"><a href=\"https:\/\/scholbach.de\/wp-content\/uploads\/2022\/09\/Images-bilateral-psoatic-vein-compression.jpg\"><img loading=\"lazy\" decoding=\"async\" aria-describedby=\"caption-attachment-7510\" class=\"wp-image-7510 size-medium\" src=\"https:\/\/scholbach.de\/wp-content\/uploads\/2022\/09\/Images-bilateral-psoatic-vein-compression-300x169.jpg\" alt=\"\" width=\"300\" height=\"169\" srcset=\"https:\/\/scholbach.de\/wp-content\/uploads\/2022\/09\/Images-bilateral-psoatic-vein-compression-300x169.jpg 300w, https:\/\/scholbach.de\/wp-content\/uploads\/2022\/09\/Images-bilateral-psoatic-vein-compression-1024x576.jpg 1024w, https:\/\/scholbach.de\/wp-content\/uploads\/2022\/09\/Images-bilateral-psoatic-vein-compression-768x432.jpg 768w, https:\/\/scholbach.de\/wp-content\/uploads\/2022\/09\/Images-bilateral-psoatic-vein-compression-640x360.jpg 640w, https:\/\/scholbach.de\/wp-content\/uploads\/2022\/09\/Images-bilateral-psoatic-vein-compression.jpg 1280w\" sizes=\"auto, (max-width: 300px) 100vw, 300px\" \/><\/a><p id=\"caption-attachment-7510\" class=\"wp-caption-text\">Similar pulsatile venous flow patterns are found in the left renal vein and the left common iliac vein at the May-Thurner-point<\/p><\/div><\/p>","protected":false},"excerpt":{"rendered":"<p>Il dolore penieno cronico pu\u00f2 avere diverse cause, la pi\u00f9 comune delle quali \u00e8 l&#8217;irritazione del nervo pudendo. Riporto qui per la prima volta il riscontro di una compressione bilaterale della vena iliaca interna tra il muscolo psoas e l&#8217;arteria iliaca interna. Una ricerca dettagliata di questa condizione in google scholar (https:\/\/scholar.google.de\/scholar?hl=de&amp;as_sdt=0%2C5&amp;q=%2B%22compression+della+vena+iliaca+interna+%22&amp;btnG=) e pubmed (https:\/\/pubmed.ncbi.nlm.nih.gov\/?term=(compressione%20della%20vena%20iliaca%20interna%5BTitle%2FAbstract%5D&amp;sort=) [&hellip;]<\/p>\n","protected":false},"author":5,"featured_media":0,"parent":0,"menu_order":0,"comment_status":"closed","ping_status":"closed","template":"","meta":{"om_disable_all_campaigns":false,"footnotes":""},"class_list":["post-7503","page","type-page","status-publish","hentry"],"_links":{"self":[{"href":"https:\/\/scholbach.de\/it\/wp-json\/wp\/v2\/pages\/7503","targetHints":{"allow":["GET"]}}],"collection":[{"href":"https:\/\/scholbach.de\/it\/wp-json\/wp\/v2\/pages"}],"about":[{"href":"https:\/\/scholbach.de\/it\/wp-json\/wp\/v2\/types\/page"}],"author":[{"embeddable":true,"href":"https:\/\/scholbach.de\/it\/wp-json\/wp\/v2\/users\/5"}],"replies":[{"embeddable":true,"href":"https:\/\/scholbach.de\/it\/wp-json\/wp\/v2\/comments?post=7503"}],"version-history":[{"count":5,"href":"https:\/\/scholbach.de\/it\/wp-json\/wp\/v2\/pages\/7503\/revisions"}],"predecessor-version":[{"id":7520,"href":"https:\/\/scholbach.de\/it\/wp-json\/wp\/v2\/pages\/7503\/revisions\/7520"}],"wp:attachment":[{"href":"https:\/\/scholbach.de\/it\/wp-json\/wp\/v2\/media?parent=7503"}],"curies":[{"name":"wp","href":"https:\/\/api.w.org\/{rel}","templated":true}]}}