{"id":7380,"date":"2022-05-05T05:30:59","date_gmt":"2022-05-05T05:30:59","guid":{"rendered":"https:\/\/scholbach.de\/?page_id=7380"},"modified":"2022-05-23T19:15:20","modified_gmt":"2022-05-23T19:15:20","slug":"project-international-scholarship-for-quantitative-functional-color-doppler-ultrasound-training","status":"publish","type":"page","link":"https:\/\/scholbach.de\/it\/project-international-scholarship-for-quantitative-functional-color-doppler-ultrasound-training","title":{"rendered":"Progetto &#8220;Borsa di studio internazionale per la formazione in ecografia color doppler funzionale quantitativa&#8221;."},"content":{"rendered":"<p>Il mio lavoro quotidiano con pazienti di tutto il mondo rende evidente l&#8217;urgente necessit\u00e0 di formazione in ecografia Doppler funzionale quantitativa a colori.<\/p>\n<p>La diagnostica a ultrasuoni ha fatto passi da gigante, soprattutto nel campo della misurazione della perfusione.<\/p>\n<p>Lo offriamo a tutti i pazienti in tutto il mondo. Ma molti pi\u00f9 pazienti hanno bisogno di un esame ecografico pi\u00f9 dettagliato e funzionale per poterli esaminare nei loro paesi d&#8217;origine, soprattutto nei paesi in via di sviluppo.<\/p>\n<p>Questo \u00e8 il primo passo per stabilire una solida base per l&#8217;ulteriore sviluppo delle modalit\u00e0 di trattamento.<\/p>\n<p>Stiamo quindi cercando di ottenere un sostegno per istituire una struttura di formazione per insegnare a medici ed ecografisti non medici di tutto il mondo le tecniche di misurazione quantitativa della perfusione, compresa la pluripremiata tecnica PixelFlux.<\/p>\n<p>Il nostro appello \u00e8 rivolto alle societ\u00e0 mediche, agli sponsor, ai filantropi e alle organizzazioni di pazienti affinch\u00e9 uniscano le loro attivit\u00e0 con l&#8217;obiettivo di ottenere un miglioramento significativo per tutti i pazienti che soffrono di dolori insopportabili e limitazioni funzionali a causa di sindromi da compressione vascolare precedentemente non diagnosticate.<\/p>\n<p>&nbsp;<\/p>\n<p>Se potete e volete sostenere questo progetto, spargete la voce e <a href=\"mailto:praxis.scholbach@posteo.de\">fatemelo sapere<\/a>.<\/p>","protected":false},"excerpt":{"rendered":"<p>Il mio lavoro quotidiano con pazienti di tutto il mondo rende evidente l&#8217;urgente necessit\u00e0 di formazione in ecografia Doppler funzionale quantitativa a colori. La diagnostica a ultrasuoni ha fatto passi da gigante, soprattutto nel campo della misurazione della perfusione. Lo offriamo a tutti i pazienti in tutto il mondo. Ma molti pi\u00f9 pazienti hanno bisogno [&hellip;]<\/p>\n","protected":false},"author":5,"featured_media":0,"parent":0,"menu_order":0,"comment_status":"closed","ping_status":"closed","template":"","meta":{"om_disable_all_campaigns":false,"footnotes":""},"class_list":["post-7380","page","type-page","status-publish","hentry"],"_links":{"self":[{"href":"https:\/\/scholbach.de\/it\/wp-json\/wp\/v2\/pages\/7380","targetHints":{"allow":["GET"]}}],"collection":[{"href":"https:\/\/scholbach.de\/it\/wp-json\/wp\/v2\/pages"}],"about":[{"href":"https:\/\/scholbach.de\/it\/wp-json\/wp\/v2\/types\/page"}],"author":[{"embeddable":true,"href":"https:\/\/scholbach.de\/it\/wp-json\/wp\/v2\/users\/5"}],"replies":[{"embeddable":true,"href":"https:\/\/scholbach.de\/it\/wp-json\/wp\/v2\/comments?post=7380"}],"version-history":[{"count":10,"href":"https:\/\/scholbach.de\/it\/wp-json\/wp\/v2\/pages\/7380\/revisions"}],"predecessor-version":[{"id":7444,"href":"https:\/\/scholbach.de\/it\/wp-json\/wp\/v2\/pages\/7380\/revisions\/7444"}],"wp:attachment":[{"href":"https:\/\/scholbach.de\/it\/wp-json\/wp\/v2\/media?parent=7380"}],"curies":[{"name":"wp","href":"https:\/\/api.w.org\/{rel}","templated":true}]}}